{"id":38014,"date":"2025-09-08T13:04:16","date_gmt":"2025-09-08T13:04:16","guid":{"rendered":"https:\/\/ledsteplight.com\/import-placeholder-for-37124\/"},"modified":"2026-01-19T02:15:17","modified_gmt":"2026-01-19T02:15:17","slug":"cree-bridgelux-chip-ip65-led-fixture-for-garden-facade-lighting","status":"publish","type":"product","link":"https:\/\/ledsteplight.com\/es\/cree-bridgelux-chip-ip65-led-fixture-for-garden-facade-lighting\/","title":{"rendered":"CREE\/Chip Bridgelux luminaria LED IP65 para iluminaci\u00f3n de jard\u00edn y fachada"},"content":{"rendered":"<table data-path-to-node=\"10\">\n<thead>\n<tr>\n<td><strong>Par\u00e1metro<\/strong><\/td>\n<td><strong>Especificaci\u00f3n<\/strong><\/td>\n<td><strong>Notas<\/strong><\/td>\n<\/tr>\n<\/thead>\n<tbody>\n<tr>\n<td><span data-path-to-node=\"10,1,0,0\"><b>Modelo del producto<\/b><\/span><\/td>\n<td><span data-path-to-node=\"10,1,1,0\"><b>MG-MZ100<\/b><\/span><\/td>\n<td><span data-path-to-node=\"10,1,2,0\">SKU profesional de alta reconocimiento.<\/span><\/td>\n<\/tr>\n<tr>\n<td><span data-path-to-node=\"10,2,0,0\"><b>Instalaci\u00f3n<\/b><\/span><\/td>\n<td><span data-path-to-node=\"10,2,1,0\"><b>Montaje en superficie<\/b><\/span><\/td>\n<td><span data-path-to-node=\"10,2,2,0\">F\u00e1cil instalaci\u00f3n en paredes, escaleras o suelo.<\/span><\/td>\n<\/tr>\n<tr>\n<td><span data-path-to-node=\"10,3,0,0\"><b>Tama\u00f1o del producto<\/b><\/span><\/td>\n<td><span data-path-to-node=\"10,3,1,0\"><span class=\"math-inline\" data-math=\"phi 100 times H 35text{mm}\">$phi 100 veces H 35mm{mm}$<\/span><\/span><\/td>\n<td><span data-path-to-node=\"10,3,2,0\">Dise\u00f1o compacto y de perfil bajo.<\/span><\/td>\n<\/tr>\n<tr>\n<td><span data-path-to-node=\"10,4,0,0\"><b>Fuente de Luz<\/b><\/span><\/td>\n<td><span data-path-to-node=\"10,4,1,0\">Bridgelux \/ CREE<\/span><\/td>\n<td><span data-path-to-node=\"10,4,2,0\">Chips LED de marca internacional para alto rendimiento.<\/span><\/td>\n<\/tr>\n<tr>\n<td><span data-path-to-node=\"10,5,0,0\"><b>Vatios<\/b><\/span><\/td>\n<td><span data-path-to-node=\"10,5,1,0\"><span class=\"math-inline\" data-math=\"text{3W (300mA)}\">$texto{3W (300mA)}$<\/span><\/span><\/td>\n<td><span data-path-to-node=\"10,5,2,0\">LED de alta potencia y eficiente en consumo energ\u00e9tico.<\/span><\/td>\n<\/tr>\n<tr>\n<td><span data-path-to-node=\"10,6,0,0\"><b>Entrada de CA<\/b><\/span><\/td>\n<td><span data-path-to-node=\"10,6,1,0\"><span class=\"math-inline\" data-math=\"text{100-240V, 50\/60HZ}\">$texto{100-240V, 50\/60HZ}$<\/span> \/ <span class=\"math-inline\" data-math=\"text{DC12\/24V}\">$texto{DC12\/24V}$<\/span><\/span><\/td>\n<td><span data-path-to-node=\"10,6,2,0\">Opciones de entrada de voltaje dual para diversos proyectos.<\/span><\/td>\n<\/tr>\n<tr>\n<td><span data-path-to-node=\"10,7,0,0\"><b>Driver<\/b><\/span><\/td>\n<td><span data-path-to-node=\"10,7,1,0\">CAIJIE<\/span><\/td>\n<td><span data-path-to-node=\"10,7,2,0\">Fuente de alimentaci\u00f3n confiable para corriente estable.<\/span><\/td>\n<\/tr>\n<tr>\n<td><span data-path-to-node=\"10,8,0,0\"><b>\u00c1ngulo del Reflector<\/b><\/span><\/td>\n<td><span data-path-to-node=\"10,8,1,0\"><i>Fijo (Directo <strong><a href=\"https:\/\/ledsteplight.com\/es\/las-principales-ventajas-de-la-luz-de-pasos-con-sensor-pir-para-la-seguridad\/\" class=\"waam-auto-link\" title=\"Iluminaci\u00f3n\">Iluminaci\u00f3n<\/a><\/strong>)<\/i><\/span><\/td>\n<td><span data-path-to-node=\"10,8,2,0\">\u00d3ptimo para iluminaci\u00f3n de acento y rasante.<\/span><\/td>\n<\/tr>\n<tr>\n<td><span data-path-to-node=\"10,9,0,0\"><b><strong><a href=\"https:\/\/ledsteplight.com\/es\/dm36b-pro-honeycomb-anti-glare-led-in-ground-light-ip67-24v-dc\/\" class=\"waam-auto-link\" title=\"Temperatura de Color\">Temperatura de Color<\/a><\/strong><\/b><\/span><\/td>\n<td><span data-path-to-node=\"10,9,1,0\"><span class=\"math-inline\" data-math=\"text{3000K}\">$texto{3000K}$<\/span> (Blanco c\u00e1lido), <span class=\"math-inline\" data-math=\"text{4000K}\">$texto{4000K}$<\/span> (Blanco Natural), <span class=\"math-inline\" data-math=\"text{5700K}\">$texto{5700K}$<\/span> (Blanco Fr\u00edo)<\/span><\/td>\n<td><span data-path-to-node=\"10,9,2,0\">Opciones vers\u00e1tiles de CCT.<\/span><\/td>\n<\/tr>\n<tr>\n<td><span data-path-to-node=\"10,10,0,0\"><b>Material<\/b><\/span><\/td>\n<td><span data-path-to-node=\"10,10,1,0\">Aluminio<\/span><\/td>\n<td><span data-path-to-node=\"10,10,2,0\">Disipaci\u00f3n de calor superior y resistencia a la corrosi\u00f3n.<\/span><\/td>\n<\/tr>\n<tr>\n<td><span data-path-to-node=\"10,11,0,0\"><b>Color del accesorio<\/b><\/span><\/td>\n<td><span data-path-to-node=\"10,11,1,0\">Blanco, Negro<\/span><\/td>\n<td><span data-path-to-node=\"10,11,2,0\">Colores neutros para combinar con arquitectura moderna.<\/span><\/td>\n<\/tr>\n<tr>\n<td><span data-path-to-node=\"10,12,0,0\"><b>Clasificaci\u00f3n IP<\/b><\/span><\/td>\n<td><span data-path-to-node=\"10,12,1,0\"><b>IP65<\/b><\/span><\/td>\n<td><span data-path-to-node=\"10,12,2,0\">Protecci\u00f3n de alto nivel contra polvo y chorros de agua.<\/span><\/td>\n<\/tr>\n<tr>\n<td><span data-path-to-node=\"10,13,0,0\"><b>Peso<\/b><\/span><\/td>\n<td><span data-path-to-node=\"10,13,1,0\"><span class=\"math-inline\" data-math=\"text{0.65kg}\">$texto{0.65kg}$<\/span><\/span><\/td>\n<td><span data-path-to-node=\"10,13,2,0\">Construcci\u00f3n s\u00f3lida y duradera.<\/span><\/td>\n<\/tr>\n<tr>\n<td><span data-path-to-node=\"10,14,0,0\"><b>Control<\/b><\/span><\/td>\n<td><span data-path-to-node=\"10,14,1,0\">Control de interruptor<\/span><\/td>\n<td><span data-path-to-node=\"10,14,2,0\">Funci\u00f3n simple y confiable.<\/span><\/p>\n<p>&nbsp;<\/td>\n<\/tr>\n<\/tbody>\n<\/table>\n<ul>\n<li>\n<p data-path-to-node=\"16,0,0\"><b>Durabilidad excepcional (Clasificaci\u00f3n IP65):<\/b> Construido con aluminio de alta calidad, el MG-MZ100 est\u00e1 dise\u00f1ado con un <b>clasificaci\u00f3n de impermeabilidad IP65<\/b>, garantizando la m\u00e1xima protecci\u00f3n contra lluvias intensas, polvo y elementos exteriores adversos.<\/p>\n<\/li>\n<li>\n<p data-path-to-node=\"16,1,0\"><b>Fuente LED de marca:<\/b> Utilizando chips premium <b>CREE o Bridgelux<\/b> chips, esto <strong><a href=\"https:\/\/ledsteplight.com\/es\/furniture\/\" class=\"waam-auto-link\" title=\"luminaria\">luminaria<\/a><\/strong> ofrece una iluminaci\u00f3n estable y de alta salida con una eficiencia muy alta <span class=\"math-inline\" data-math=\"text{3W}\">$texto{3W}$<\/span> consumo, asegurando un rendimiento a largo plazo y costos de mantenimiento reducidos.<\/p>\n<\/li>\n<li>\n<p data-path-to-node=\"16,2,0\"><b>Entrada de energ\u00eda flexible:<\/b> Con ambos <b><span class=\"math-inline\" data-math=\"text{100-240V AC}\">$texto{100-240V AC}$<\/span><\/b> y opciones de bajo voltaje <b><span class=\"math-inline\" data-math=\"text{DC12\/24V}\">$texto{DC12\/24V}$<\/span><\/b> el MG-MZ100 se integra perfectamente en diversos esquemas de iluminaci\u00f3n, desde jardines residenciales hasta grandes complejos comerciales.<\/p>\n<\/li>\n<li>\n<p data-path-to-node=\"16,3,0\"><b>Selecci\u00f3n vers\u00e1til de CCT:<\/b> Disponible en <span class=\"math-inline\" data-math=\"text{3000K}\">$texto{3000K}$<\/span>, <span class=\"math-inline\" data-math=\"text{4000K}\">$texto{4000K}$<\/span>, y <span class=\"math-inline\" data-math=\"text{5700K}\">$texto{5700K}$<\/span>, puedes adaptar perfectamente el ambiente de iluminaci\u00f3n\u2014desde un brillo c\u00e1lido y acogedor hasta una luz blanca moderna y n\u00edtida.<\/p>\n<\/li>\n<li>\n<p data-path-to-node=\"16,4,0\"><b>Dise\u00f1o minimalista:<\/b> El cuerpo de perfil bajo <span class=\"math-inline\" data-math=\"phi 100 times H 35text{mm}\">$phi 100 veces H 35mm{mm}$<\/span> redondo est\u00e1 disponible en acabados est\u00e1ndar en Blanco y Negro, integr\u00e1ndose est\u00e9ticamente con cualquier material de construcci\u00f3n contempor\u00e1neo.<\/p>\n<\/li>\n<\/ul>\n<p>&nbsp;<\/p>","protected":false},"excerpt":{"rendered":"<p><b>MG-MZ100<\/b> MG-MZ100 es una luminaria LED de 3W, altamente vers\u00e1til y robusta, dise\u00f1ada para proyectos de iluminaci\u00f3n exterior e interior de alta gama. Como unidad de montaje en superficie, elimina la necesidad de recortes complejos, ofreciendo una flexibilidad excepcional para la instalaci\u00f3n en terrazas, patios, escaleras, fachadas y caminos.<\/p>","protected":false},"featured_media":37214,"comment_status":"open","ping_status":"closed","template":"","meta":[],"product_brand":[],"product_cat":[100,426,427,428,439,429,440,430,441,431,442,443,432,433,444,112,464,445,446,106,434,435,128,436,437],"product_tag":[103,76,77,113,78,108,129],"class_list":{"0":"post-38014","1":"product","2":"type-product","3":"status-publish","4":"has-post-thumbnail","6":"product_cat-aluminum-ground-light","7":"product_cat-ceiling-recessed","8":"product_cat-ceiling-surface","9":"product_cat-ceiling-suspended","10":"product_cat-commercial","11":"product_cat-drivers","12":"product_cat-education","13":"product_cat-freestanding-light","14":"product_cat-hospitality","15":"product_cat-industrial","16":"product_cat-infrastructure","17":"product_cat-landscape","18":"product_cat-landscaping","19":"product_cat-linear","20":"product_cat-office","21":"product_cat-outdoor-ground-light","22":"product_cat-c-outdoor-lighting","23":"product_cat-residential","24":"product_cat-retail","25":"product_cat-round-ground-light","26":"product_cat-table-lamp","27":"product_cat-track","28":"product_cat-wall-light-series","29":"product_cat-wall-recessed","30":"product_cat-wall-surface","31":"product_tag-aluminum-ground-light","32":"product_tag-aluminum-housing","33":"product_tag-ground-light","34":"product_tag-outdoor-ground-light","35":"product_tag-outdoor-lighting","36":"product_tag-round-ground-light","37":"product_tag-wall-light-series","39":"first","40":"instock","41":"featured","42":"downloadable","43":"shipping-taxable","44":"product-type-simple"},"_links":{"self":[{"href":"https:\/\/ledsteplight.com\/es\/wp-json\/wp\/v2\/product\/38014","targetHints":{"allow":["GET"]}}],"collection":[{"href":"https:\/\/ledsteplight.com\/es\/wp-json\/wp\/v2\/product"}],"about":[{"href":"https:\/\/ledsteplight.com\/es\/wp-json\/wp\/v2\/types\/product"}],"replies":[{"embeddable":true,"href":"https:\/\/ledsteplight.com\/es\/wp-json\/wp\/v2\/comments?post=38014"}],"version-history":[{"count":3,"href":"https:\/\/ledsteplight.com\/es\/wp-json\/wp\/v2\/product\/38014\/revisions"}],"predecessor-version":[{"id":38644,"href":"https:\/\/ledsteplight.com\/es\/wp-json\/wp\/v2\/product\/38014\/revisions\/38644"}],"wp:featuredmedia":[{"embeddable":true,"href":"https:\/\/ledsteplight.com\/es\/wp-json\/wp\/v2\/media\/37214"}],"wp:attachment":[{"href":"https:\/\/ledsteplight.com\/es\/wp-json\/wp\/v2\/media?parent=38014"}],"wp:term":[{"taxonomy":"product_brand","embeddable":true,"href":"https:\/\/ledsteplight.com\/es\/wp-json\/wp\/v2\/product_brand?post=38014"},{"taxonomy":"product_cat","embeddable":true,"href":"https:\/\/ledsteplight.com\/es\/wp-json\/wp\/v2\/product_cat?post=38014"},{"taxonomy":"product_tag","embeddable":true,"href":"https:\/\/ledsteplight.com\/es\/wp-json\/wp\/v2\/product_tag?post=38014"}],"curies":[{"name":"wp","href":"https:\/\/api.w.org\/{rel}","templated":true}]}}