{"id":38015,"date":"2025-09-08T13:04:16","date_gmt":"2025-09-08T13:04:16","guid":{"rendered":"https:\/\/ledsteplight.com\/import-placeholder-for-37125\/"},"modified":"2026-01-19T02:15:17","modified_gmt":"2026-01-19T02:15:17","slug":"30w-linear-in-ground-light-narrow-frame-outdoor-led-floor-lamp","status":"publish","type":"product","link":"https:\/\/ledsteplight.com\/es\/30w-linear-in-ground-light-narrow-frame-outdoor-led-floor-lamp\/","title":{"rendered":"Luminaria lineal empotrable de 30W \u2013 L\u00e1mpara LED de suelo para exteriores con marco estrecho"},"content":{"rendered":"<table data-start=\"66\" data-end=\"1379\">\n<thead data-start=\"66\" data-end=\"135\">\n<tr data-start=\"66\" data-end=\"135\">\n<th data-start=\"66\" data-end=\"89\">Especificaci\u00f3n<\/th>\n<th data-start=\"89\" data-end=\"135\">Detalles<\/th>\n<\/tr>\n<\/thead>\n<tbody data-start=\"203\" data-end=\"1379\">\n<tr data-start=\"203\" data-end=\"268\">\n<td><strong data-start=\"205\" data-end=\"214\">Modelo<\/strong><\/td>\n<td>MG-MH7030<\/td>\n<\/tr>\n<tr data-start=\"269\" data-end=\"334\">\n<td><strong data-start=\"271\" data-end=\"280\">Potencia<\/strong><\/td>\n<td>30W<\/td>\n<\/tr>\n<tr data-start=\"335\" data-end=\"400\">\n<td><strong data-start=\"337\" data-end=\"349\">Material<\/strong><\/td>\n<td>Aleaci\u00f3n de aluminio<\/td>\n<\/tr>\n<tr data-start=\"401\" data-end=\"466\">\n<td><strong data-start=\"403\" data-end=\"420\">Voltaje de entrada<\/strong><\/td>\n<td>AC85-265V<\/td>\n<\/tr>\n<tr data-start=\"467\" data-end=\"532\">\n<td><strong data-start=\"469\" data-end=\"481\">Tipo de LED<\/strong><\/td>\n<td>LED COB<\/td>\n<\/tr>\n<tr data-start=\"533\" data-end=\"598\">\n<td><strong data-start=\"535\" data-end=\"552\">Fluxo luminoso<\/strong><\/td>\n<td>90-110LM\/W<\/td>\n<\/tr>\n<tr data-start=\"599\" data-end=\"664\">\n<td><strong data-start=\"601\" data-end=\"622\"><strong><a href=\"https:\/\/ledsteplight.com\/es\/dm36b-pro-honeycomb-anti-glare-led-in-ground-light-ip67-24v-dc\/\" class=\"waam-auto-link\" title=\"Temperatura de Color\">Temperatura de Color<\/a><\/strong><\/strong><\/td>\n<td>3000K \/ 6000K (Opcional)<\/td>\n<\/tr>\n<tr data-start=\"665\" data-end=\"730\">\n<td><strong data-start=\"667\" data-end=\"681\">\u00c1ngulo de Haz<\/strong><\/td>\n<td>120\u00b0<\/td>\n<\/tr>\n<tr data-start=\"731\" data-end=\"795\">\n<td><strong data-start=\"733\" data-end=\"753\">Nivel de protecci\u00f3n<\/strong><\/td>\n<td>IP65 (A prueba de agua y polvo)<\/td>\n<\/tr>\n<tr data-start=\"796\" data-end=\"860\">\n<td><strong data-start=\"798\" data-end=\"810\">Vida \u00fatil<\/strong><\/td>\n<td>40.000 Horas<\/td>\n<\/tr>\n<tr data-start=\"861\" data-end=\"925\">\n<td><strong data-start=\"863\" data-end=\"886\">M\u00e9todo de Instalaci\u00f3n<\/strong><\/td>\n<td>Instalaci\u00f3n Empotrada<\/td>\n<\/tr>\n<tr data-start=\"926\" data-end=\"990\">\n<td><strong data-start=\"928\" data-end=\"942\">Color del cuerpo<\/strong><\/td>\n<td>Plata \/ Negro (Personalizable)<\/td>\n<\/tr>\n<tr data-start=\"991\" data-end=\"1056\">\n<td><strong data-start=\"993\" data-end=\"1018\">Temperatura de Funcionamiento<\/strong><\/td>\n<td>-20\u00b0C a 45\u00b0C<\/td>\n<\/tr>\n<tr data-start=\"1057\" data-end=\"1121\">\n<td><strong data-start=\"1059\" data-end=\"1073\">Dimensiones<\/strong><\/td>\n<td>Personalizable (Consultar)<\/td>\n<\/tr>\n<tr data-start=\"1122\" data-end=\"1186\">\n<td><strong data-start=\"1124\" data-end=\"1134\">Peso<\/strong><\/td>\n<td>Aprox. [Insertar peso] (Si est\u00e1 disponible)<\/td>\n<\/tr>\n<tr data-start=\"1187\" data-end=\"1313\">\n<td><strong data-start=\"1189\" data-end=\"1204\">Aplicaci\u00f3n<\/strong><\/td>\n<td><strong><a href=\"https:\/\/ledsteplight.com\/es\/luces-led-impermeables-ip67-para-suelo-soluciones-faciles-de-iluminacion-de-jardin\/\" class=\"waam-auto-link\" title=\"Iluminaci\u00f3n de paisaje exterior\">Iluminaci\u00f3n de paisaje exterior<\/a><\/strong>, iluminaci\u00f3n de caminos, iluminaci\u00f3n de patios, iluminaci\u00f3n arquitect\u00f3nica <strong><a href=\"https:\/\/ledsteplight.com\/es\/cree-bridgelux-chip-ip65-led-fixture-for-garden-facade-lighting\/\" class=\"waam-auto-link\" title=\"iluminaci\u00f3n de fachadas\">iluminaci\u00f3n de fachadas<\/a><\/strong><\/td>\n<\/tr>\n<tr data-start=\"1314\" data-end=\"1379\">\n<td><strong data-start=\"1316\" data-end=\"1328\">Garant\u00eda<\/strong><\/td>\n<td>3 a\u00f1os<\/td>\n<\/tr>\n<\/tbody>\n<\/table>\n<p data-path-to-node=\"13\"><b>Dise\u00f1o lineal elegante para arquitectura moderna<\/b> El MG-MH7030 presenta un perfil sofisticado de \"Marco Estrecho\", lo que lo convierte en una opci\u00f3n premium para productos de alta gama <b>faroles de suelo para exteriores<\/b>. Su cuerpo minimalista de aleaci\u00f3n de aluminio permite una integraci\u00f3n perfecta en adoquines o hormig\u00f3n, creando una l\u00ednea de luz continua y limpia. Ideal para <b>iluminaci\u00f3n de fachadas arquitect\u00f3nicas<\/b> y para definir patios comerciales, esta <b>luminaria lineal empotrable<\/b> ofrece un amplio \u00e1ngulo de haz de 120\u00b0, proporcionando efectos uniformes de ba\u00f1o de pared y <b><strong><a href=\"https:\/\/ledsteplight.com\/es\/the-ultimate-guide-to-led-landscape-lighting-design-installation-and-costs\/\" class=\"waam-auto-link\" title=\"iluminaci\u00f3n de paisaje\">iluminaci\u00f3n de paisaje<\/a><\/strong><\/b> est\u00e9tica moderna.<\/p>\n<p data-path-to-node=\"14\"><b>Alto Rendimiento y Durabilidad<\/b> Dise\u00f1ado para proyectos profesionales, este dispositivo de 30W <b>iluminaci\u00f3n subterr\u00e1nea<\/b> utiliza tecnolog\u00eda LED COB avanzada (90-110LM\/W) para un brillo superior. Compatible con sistemas de voltaje globales, <b>AC85-265V<\/b> asegura un funcionamiento estable para los mercados de exportaci\u00f3n. Con una clasificaci\u00f3n de impermeabilidad IP65 y una vida \u00fatil de 40,000 horas, estos <b>luces para el suelo<\/b> est\u00e1n construidos para resistir climas severos, sirviendo como elementos confiables <b><strong><a href=\"https:\/\/ledsteplight.com\/es\/mistakes-to-avoid-when-installing-in-ground-driveway-lights\/\" class=\"waam-auto-link\" title=\"luces en la entrada de la v\u00eda de acceso en el suelo\">luces en la entrada de la v\u00eda de acceso en el suelo<\/a><\/strong><\/b> o de seguridad <b>iluminaci\u00f3n de caminos<\/b> para espacios p\u00fablicos.<\/p>","protected":false},"excerpt":{"rendered":"<p data-start=\"41\" data-end=\"392\">Luces LED en tierra de marco estrecho de 30W al por mayor. Luces de suelo lineales exteriores de alta potencia IP65 COB para fachadas arquitect\u00f3nicas. Iluminaci\u00f3n empotrada de camino de 85-265V AC.<\/p>","protected":false},"featured_media":37216,"comment_status":"open","ping_status":"closed","template":"","meta":[],"product_brand":[],"product_cat":[100,426,427,428,439,429,440,430,73,441,431,442,443,432,433,444,464,445,446,434,435,436,437],"product_tag":[103,76,77,109,114,115],"class_list":{"0":"post-38015","1":"product","2":"type-product","3":"status-publish","4":"has-post-thumbnail","6":"product_cat-aluminum-ground-light","7":"product_cat-ceiling-recessed","8":"product_cat-ceiling-surface","9":"product_cat-ceiling-suspended","10":"product_cat-commercial","11":"product_cat-drivers","12":"product_cat-education","13":"product_cat-freestanding-light","14":"product_cat-ground-light","15":"product_cat-hospitality","16":"product_cat-industrial","17":"product_cat-infrastructure","18":"product_cat-landscape","19":"product_cat-landscaping","20":"product_cat-linear","21":"product_cat-office","22":"product_cat-c-outdoor-lighting","23":"product_cat-residential","24":"product_cat-retail","25":"product_cat-table-lamp","26":"product_cat-track","27":"product_cat-wall-recessed","28":"product_cat-wall-surface","29":"product_tag-aluminum-ground-light","30":"product_tag-aluminum-housing","31":"product_tag-ground-light","32":"product_tag-led-fixture","33":"product_tag-pathway-light","34":"product_tag-recessed-light","36":"first","37":"instock","38":"shipping-taxable","39":"product-type-simple"},"_links":{"self":[{"href":"https:\/\/ledsteplight.com\/es\/wp-json\/wp\/v2\/product\/38015","targetHints":{"allow":["GET"]}}],"collection":[{"href":"https:\/\/ledsteplight.com\/es\/wp-json\/wp\/v2\/product"}],"about":[{"href":"https:\/\/ledsteplight.com\/es\/wp-json\/wp\/v2\/types\/product"}],"replies":[{"embeddable":true,"href":"https:\/\/ledsteplight.com\/es\/wp-json\/wp\/v2\/comments?post=38015"}],"version-history":[{"count":3,"href":"https:\/\/ledsteplight.com\/es\/wp-json\/wp\/v2\/product\/38015\/revisions"}],"predecessor-version":[{"id":38645,"href":"https:\/\/ledsteplight.com\/es\/wp-json\/wp\/v2\/product\/38015\/revisions\/38645"}],"wp:featuredmedia":[{"embeddable":true,"href":"https:\/\/ledsteplight.com\/es\/wp-json\/wp\/v2\/media\/37216"}],"wp:attachment":[{"href":"https:\/\/ledsteplight.com\/es\/wp-json\/wp\/v2\/media?parent=38015"}],"wp:term":[{"taxonomy":"product_brand","embeddable":true,"href":"https:\/\/ledsteplight.com\/es\/wp-json\/wp\/v2\/product_brand?post=38015"},{"taxonomy":"product_cat","embeddable":true,"href":"https:\/\/ledsteplight.com\/es\/wp-json\/wp\/v2\/product_cat?post=38015"},{"taxonomy":"product_tag","embeddable":true,"href":"https:\/\/ledsteplight.com\/es\/wp-json\/wp\/v2\/product_tag?post=38015"}],"curies":[{"name":"wp","href":"https:\/\/api.w.org\/{rel}","templated":true}]}}