{"id":38016,"date":"2025-09-08T13:04:16","date_gmt":"2025-09-08T13:04:16","guid":{"rendered":"https:\/\/ledsteplight.com\/import-placeholder-for-37126\/"},"modified":"2026-01-19T02:15:16","modified_gmt":"2026-01-19T02:15:16","slug":"3w-led-in-ground-lights-ac100-240v-recessed-outdoor-lighting","status":"publish","type":"product","link":"https:\/\/ledsteplight.com\/es\/3w-led-in-ground-lights-ac100-240v-recessed-outdoor-lighting\/","title":{"rendered":"Luces LED de suelo de 3W AC100-240V \u2013 Iluminaci\u00f3n exterior empotrada"},"content":{"rendered":"<table data-start=\"123\" data-end=\"1400\">\n<thead data-start=\"123\" data-end=\"198\">\n<tr data-start=\"123\" data-end=\"198\">\n<th data-start=\"123\" data-end=\"148\">Especificaci\u00f3n<\/th>\n<th data-start=\"148\" data-end=\"198\">Detalles<\/th>\n<\/tr>\n<\/thead>\n<tbody data-start=\"274\" data-end=\"1400\">\n<tr data-start=\"274\" data-end=\"348\">\n<td><strong data-start=\"276\" data-end=\"293\">Modelo del producto<\/strong><\/td>\n<td>MG-SN015-60T<\/td>\n<\/tr>\n<tr data-start=\"349\" data-end=\"432\">\n<td><strong data-start=\"351\" data-end=\"367\">Tama\u00f1o del producto<\/strong><\/td>\n<td>\u00d860mm \u00d7 H35mm (Circular) \/ L60 \u00d7 W60 \u00d7 H35mm (Cuadrado)<\/td>\n<\/tr>\n<tr data-start=\"433\" data-end=\"507\">\n<td><strong data-start=\"435\" data-end=\"447\">Tama\u00f1o de Corte<\/strong><\/td>\n<td>\u00d850mm \u00d7 H75mm (Circular)<\/td>\n<\/tr>\n<tr data-start=\"508\" data-end=\"582\">\n<td><strong data-start=\"510\" data-end=\"526\">Fuente de Luz<\/strong><\/td>\n<td>OSRAM \/ CREE<\/td>\n<\/tr>\n<tr data-start=\"583\" data-end=\"657\">\n<td><strong data-start=\"585\" data-end=\"606\"><strong><a href=\"https:\/\/ledsteplight.com\/es\/dm36b-pro-honeycomb-anti-glare-led-in-ground-light-ip67-24v-dc\/\" class=\"waam-auto-link\" title=\"Consumo de energ\u00eda\">Consumo de energ\u00eda<\/a><\/strong><\/strong><\/td>\n<td>3W (700mA)<\/td>\n<\/tr>\n<tr data-start=\"658\" data-end=\"731\">\n<td><strong data-start=\"660\" data-end=\"670\">Peso<\/strong><\/td>\n<td>0.45kg<\/td>\n<\/tr>\n<tr data-start=\"732\" data-end=\"806\">\n<td><strong data-start=\"734\" data-end=\"754\">Voltaje de Entrada de Corriente Alterna<\/strong><\/td>\n<td>100-240V, 50~60Hz<\/td>\n<\/tr>\n<tr data-start=\"807\" data-end=\"880\">\n<td><strong data-start=\"809\" data-end=\"819\">Driver<\/strong><\/td>\n<td>Eagerise<\/td>\n<\/tr>\n<tr data-start=\"881\" data-end=\"954\">\n<td><strong data-start=\"883\" data-end=\"902\">\u00c1ngulo del Reflector<\/strong><\/td>\n<td>N\/A<\/td>\n<\/tr>\n<tr data-start=\"955\" data-end=\"1029\">\n<td><strong data-start=\"957\" data-end=\"978\">Temperatura de Color<\/strong><\/td>\n<td>3000K, 4000K, 5700K<\/td>\n<\/tr>\n<tr data-start=\"1030\" data-end=\"1103\">\n<td><strong data-start=\"1032\" data-end=\"1051\">Tipo de Conexi\u00f3n<\/strong><\/td>\n<td>N\/A<\/td>\n<\/tr>\n<tr data-start=\"1104\" data-end=\"1176\">\n<td><strong data-start=\"1106\" data-end=\"1118\">Material<\/strong><\/td>\n<td>Aluminio<\/td>\n<\/tr>\n<tr data-start=\"1177\" data-end=\"1251\">\n<td><strong data-start=\"1179\" data-end=\"1199\">Colores Disponibles<\/strong><\/td>\n<td>Blanco, Negro, Plata<\/td>\n<\/tr>\n<tr data-start=\"1252\" data-end=\"1326\">\n<td><strong data-start=\"1254\" data-end=\"1267\">Clasificaci\u00f3n IP<\/strong><\/td>\n<td>IP54 \/ IP65 (Resistente al agua y al polvo)<\/td>\n<\/tr>\n<tr data-start=\"1327\" data-end=\"1400\">\n<td><strong data-start=\"1329\" data-end=\"1352\">M\u00e9todo de Instalaci\u00f3n<\/strong><\/td>\n<td>Empotrado (con componentes embebidos)<\/td>\n<\/tr>\n<\/tbody>\n<\/table>\n<p data-path-to-node=\"16\"><b>Dise\u00f1o arquitect\u00f3nico moderno y construcci\u00f3n premium<\/b> La MG-SN015-60T es una luz de <b>suelo para exteriores<\/b> de alta gama dise\u00f1ada para aplicaciones arquitect\u00f3nicas sofisticadas. Fabricada en aluminio de aviaci\u00f3n s\u00f3lido con un perfil compacto de \u00d860mm, esta creativa luminaria ofrece un aspecto minimalista y perfecto para plazas modernas, terrazas de madera y patios de lujo. Disponible en blanco, negro o plateado, sirve como una elegante <b>in <strong><a href=\"https:\/\/ledsteplight.com\/es\/cree-bridgelux-chip-ip65-led-fixture-for-garden-facade-lighting\/\" class=\"waam-auto-link\" title=\"luz de suelo\">luz de suelo<\/a><\/strong><\/b> soluci\u00f3n que se integra perfectamente con paisajes duros de alta calidad, mejorando el atractivo visual de cualquier <b><strong><a href=\"https:\/\/ledsteplight.com\/es\/mistakes-to-avoid-when-installing-in-ground-driveway-lights\/\" class=\"waam-auto-link\" title=\"iluminaci\u00f3n de paisaje\">iluminaci\u00f3n de paisaje<\/a><\/strong><\/b> proyecto sin ser intrusiva.<\/p>\n<p data-path-to-node=\"17\"><b>Rendimiento profesional para proyectos globales<\/b> Dise\u00f1ada para la durabilidad y la facilidad de instalaci\u00f3n, esta <b>iluminaci\u00f3n subterr\u00e1nea<\/b> luminaria de 3W cuenta con <b>LED OSRAM\/CREE<\/b> de primer nivel y admite <b>entrada directa de AC 100-240V<\/b> eliminando la necesidad de transformadores externos. Con una robusta clasificaci\u00f3n de impermeabilidad IP65 y una estructura resistente a la presi\u00f3n, funciona de manera confiable como <b><strong><a href=\"https:\/\/ledsteplight.com\/es\/30w-linear-in-ground-light-narrow-frame-outdoor-led-floor-lamp\/\" class=\"waam-auto-link\" title=\"luces en la entrada de la v\u00eda de acceso en el suelo\">luces en la entrada de la v\u00eda de acceso en el suelo<\/a><\/strong><\/b> o indicadores de paso peatonal. Ya sea para mercados de exportaci\u00f3n comerciales o residenciales, esto <b>empotrado <strong><a href=\"https:\/\/ledsteplight.com\/es\/5w-led-in-ground-lights-ip65-waterproof-outdoor-driveway-garden-floor-lighting\/\" class=\"waam-auto-link\" title=\"iluminaci\u00f3n exterior de suelo\">iluminaci\u00f3n exterior de suelo<\/a><\/strong><\/b> garantiza una consistencia, alto \u00edndice de reproducci\u00f3n crom\u00e1tica <strong><a href=\"https:\/\/ledsteplight.com\/es\/las-principales-ventajas-de-la-luz-de-pasos-con-sensor-pir-para-la-seguridad\/\" class=\"waam-auto-link\" title=\"iluminaci\u00f3n\">iluminaci\u00f3n<\/a><\/strong> en entornos exteriores dif\u00edciles.<\/p>","protected":false},"excerpt":{"rendered":"<p data-start=\"3621\" data-end=\"3987\"><b>Iluminaci\u00f3n en tierra LED 3W de alta calidad al por mayor. Foco de aluminio IP65 con corriente alterna de 100-240V y chips OSRAM. Iluminaci\u00f3n moderna empotrada para exteriores en proyectos arquitect\u00f3nicos.<\/b><\/p>","protected":false},"featured_media":37218,"comment_status":"open","ping_status":"closed","template":"","meta":[],"product_brand":[],"product_cat":[105,100,426,427,428,439,429,440,430,441,431,442,443,432,433,444,112,464,445,446,106,434,435,436,437],"product_tag":[107,103,76,77,113,78,108],"class_list":{"0":"post-38016","1":"product","2":"type-product","3":"status-publish","4":"has-post-thumbnail","6":"product_cat-015-series","7":"product_cat-aluminum-ground-light","8":"product_cat-ceiling-recessed","9":"product_cat-ceiling-surface","10":"product_cat-ceiling-suspended","11":"product_cat-commercial","12":"product_cat-drivers","13":"product_cat-education","14":"product_cat-freestanding-light","15":"product_cat-hospitality","16":"product_cat-industrial","17":"product_cat-infrastructure","18":"product_cat-landscape","19":"product_cat-landscaping","20":"product_cat-linear","21":"product_cat-office","22":"product_cat-outdoor-ground-light","23":"product_cat-c-outdoor-lighting","24":"product_cat-residential","25":"product_cat-retail","26":"product_cat-round-ground-light","27":"product_cat-table-lamp","28":"product_cat-track","29":"product_cat-wall-recessed","30":"product_cat-wall-surface","31":"product_tag-015-series","32":"product_tag-aluminum-ground-light","33":"product_tag-aluminum-housing","34":"product_tag-ground-light","35":"product_tag-outdoor-ground-light","36":"product_tag-outdoor-lighting","37":"product_tag-round-ground-light","39":"first","40":"instock","41":"featured","42":"downloadable","43":"shipping-taxable","44":"product-type-simple"},"_links":{"self":[{"href":"https:\/\/ledsteplight.com\/es\/wp-json\/wp\/v2\/product\/38016","targetHints":{"allow":["GET"]}}],"collection":[{"href":"https:\/\/ledsteplight.com\/es\/wp-json\/wp\/v2\/product"}],"about":[{"href":"https:\/\/ledsteplight.com\/es\/wp-json\/wp\/v2\/types\/product"}],"replies":[{"embeddable":true,"href":"https:\/\/ledsteplight.com\/es\/wp-json\/wp\/v2\/comments?post=38016"}],"version-history":[{"count":3,"href":"https:\/\/ledsteplight.com\/es\/wp-json\/wp\/v2\/product\/38016\/revisions"}],"predecessor-version":[{"id":38646,"href":"https:\/\/ledsteplight.com\/es\/wp-json\/wp\/v2\/product\/38016\/revisions\/38646"}],"wp:featuredmedia":[{"embeddable":true,"href":"https:\/\/ledsteplight.com\/es\/wp-json\/wp\/v2\/media\/37218"}],"wp:attachment":[{"href":"https:\/\/ledsteplight.com\/es\/wp-json\/wp\/v2\/media?parent=38016"}],"wp:term":[{"taxonomy":"product_brand","embeddable":true,"href":"https:\/\/ledsteplight.com\/es\/wp-json\/wp\/v2\/product_brand?post=38016"},{"taxonomy":"product_cat","embeddable":true,"href":"https:\/\/ledsteplight.com\/es\/wp-json\/wp\/v2\/product_cat?post=38016"},{"taxonomy":"product_tag","embeddable":true,"href":"https:\/\/ledsteplight.com\/es\/wp-json\/wp\/v2\/product_tag?post=38016"}],"curies":[{"name":"wp","href":"https:\/\/api.w.org\/{rel}","templated":true}]}}