{"id":38018,"date":"2025-09-08T13:04:17","date_gmt":"2025-09-08T13:04:17","guid":{"rendered":"https:\/\/ledsteplight.com\/import-placeholder-for-37141\/"},"modified":"2026-01-19T02:15:15","modified_gmt":"2026-01-19T02:15:15","slug":"dm36b-pro-honeycomb-anti-glare-led-in-ground-light-ip67-24v-dc","status":"publish","type":"product","link":"https:\/\/ledsteplight.com\/es\/dm36b-pro-honeycomb-anti-glare-led-in-ground-light-ip67-24v-dc\/","title":{"rendered":"Luz empotrada LED antirreflejos de panal DM36B PRO | IP67, 24V DC"},"content":{"rendered":"<table data-path-to-node=\"0\">\n<thead>\n<tr>\n<td><strong>Especificaci\u00f3n de Par\u00e1metros<\/strong><\/td>\n<td><strong>Descripci\u00f3n<\/strong><\/td>\n<td><strong>Beneficio clave<\/strong><\/td>\n<\/tr>\n<\/thead>\n<tbody>\n<tr>\n<td><span data-path-to-node=\"0,1,0,0\">Modelo del producto<\/span><\/td>\n<td><span data-path-to-node=\"0,1,1,0\"><b>MG-DM36B PRO<\/b><\/span><\/td>\n<td><span data-path-to-node=\"0,1,2,0\">Identificador de modelo profesional y distintivo.<\/span><\/td>\n<\/tr>\n<tr>\n<td><span data-path-to-node=\"0,2,0,0\">Categor\u00eda de Producto<\/span><\/td>\n<td><span data-path-to-node=\"0,2,1,0\">LED In-<strong><a href=\"https:\/\/ledsteplight.com\/es\/guia-definitiva-de-soluciones-de-iluminacion-de-paisaje-empotrada\/\" class=\"waam-auto-link\" title=\"Iluminaci\u00f3n del suelo\">Iluminaci\u00f3n del suelo<\/a><\/strong> Sistema<\/span><\/td>\n<td><span data-path-to-node=\"0,2,2,0\">Accesorio arquitect\u00f3nico altamente especializado.<\/span><\/td>\n<\/tr>\n<tr>\n<td><span data-path-to-node=\"0,3,0,0\">Voltaje de funcionamiento<\/span><\/td>\n<td><span data-path-to-node=\"0,3,1,0\"><b>24V DC<\/b><\/span><\/td>\n<td><span data-path-to-node=\"0,3,2,0\">Operaci\u00f3n segura a baja tensi\u00f3n para instalaciones complejas.<\/span><\/td>\n<\/tr>\n<tr>\n<td><span data-path-to-node=\"0,4,0,0\">Consumo de energ\u00eda<\/span><\/td>\n<td><span data-path-to-node=\"0,4,1,0\">&lt; <b>40W<\/b> (M\u00e1ximo)<\/span><\/td>\n<td><span data-path-to-node=\"0,4,2,0\">Alta potencia para una brillo superior.<\/span><\/td>\n<\/tr>\n<tr>\n<td><span data-path-to-node=\"0,5,0,0\">Salida de l\u00famenes<\/span><\/td>\n<td><span data-path-to-node=\"0,5,1,0\"><b>3200 lm<\/b><\/span><\/td>\n<td><span data-path-to-node=\"0,5,2,0\">Brillo excepcional para un impacto <strong><a href=\"https:\/\/ledsteplight.com\/es\/las-principales-ventajas-de-la-luz-de-pasos-con-sensor-pir-para-la-seguridad\/\" class=\"waam-auto-link\" title=\"iluminaci\u00f3n\">iluminaci\u00f3n<\/a><\/strong>.<\/span><\/td>\n<\/tr>\n<tr>\n<td><span data-path-to-node=\"0,6,0,0\">Temperatura de Color<\/span><\/td>\n<td><span data-path-to-node=\"0,6,1,0\"><b>4000K<\/b> (Blanco neutro)<\/span><\/td>\n<td><span data-path-to-node=\"0,6,2,0\">CCT ideal para una reproducci\u00f3n precisa del color y est\u00e9tica moderna.<\/span><\/td>\n<\/tr>\n<tr>\n<td><span data-path-to-node=\"0,7,0,0\">Clasificaci\u00f3n IP<\/span><\/td>\n<td><span data-path-to-node=\"0,7,1,0\"><b>IP67<\/b><\/span><\/td>\n<td><span data-path-to-node=\"0,7,2,0\">Protecci\u00f3n sumergible contra ingreso total de polvo y inmersi\u00f3n temporal en agua.<\/span><\/td>\n<\/tr>\n<tr>\n<td><span data-path-to-node=\"0,8,0,0\">Temperatura de Funcionamiento<\/span><\/td>\n<td><span data-path-to-node=\"0,8,1,0\">-20\u00b0C a +60\u00b0C<\/span><\/td>\n<td><span data-path-to-node=\"0,8,2,0\">Operaci\u00f3n confiable en ambientes extremos.<\/span><\/td>\n<\/tr>\n<tr>\n<td><span data-path-to-node=\"0,9,0,0\">Vida \u00fatil<\/span><\/td>\n<td><span data-path-to-node=\"0,9,1,0\">Hasta <b>50.000 horas<\/b><\/span><\/td>\n<td><span data-path-to-node=\"0,9,2,0\">Fiabilidad a largo plazo y ciclos de mantenimiento reducidos.<\/span><\/td>\n<\/tr>\n<tr>\n<td><span data-path-to-node=\"0,10,0,0\">Caracter\u00edsticas principales<\/span><\/td>\n<td><span data-path-to-node=\"0,10,1,0\">Difusor Antideslumbrante tipo Panal, Control Inteligente, Dise\u00f1o Modular<\/span><\/td>\n<td><span data-path-to-node=\"0,10,2,0\">Enfoque en la experiencia del usuario y flexibilidad en la instalaci\u00f3n.<\/span><\/td>\n<\/tr>\n<\/tbody>\n<\/table>","protected":false},"excerpt":{"rendered":"<p data-start=\"3981\" data-end=\"4429\"><b>MG-DM36B PRO<\/b> MG-DM36B PRO representa la pr\u00f3xima generaci\u00f3n de iluminaci\u00f3n de suelo arquitect\u00f3nica. Dise\u00f1ado para proyectos comerciales exigentes, c\u00edvicos y residenciales de alta gama, este accesorio ofrece una iluminaci\u00f3n potente y precisa, eliminando molestias visuales.<\/p>","protected":false},"featured_media":37229,"comment_status":"open","ping_status":"closed","template":"","meta":[],"product_brand":[],"product_cat":[100,426,427,428,439,429,440,430,441,126,431,442,443,432,433,444,112,464,445,446,106,434,435,436,437],"product_tag":[103,76,77,127,113,78,108],"class_list":{"0":"post-38018","1":"product","2":"type-product","3":"status-publish","4":"has-post-thumbnail","6":"product_cat-aluminum-ground-light","7":"product_cat-ceiling-recessed","8":"product_cat-ceiling-surface","9":"product_cat-ceiling-suspended","10":"product_cat-commercial","11":"product_cat-drivers","12":"product_cat-education","13":"product_cat-freestanding-light","14":"product_cat-hospitality","15":"product_cat-in-ground-light","16":"product_cat-industrial","17":"product_cat-infrastructure","18":"product_cat-landscape","19":"product_cat-landscaping","20":"product_cat-linear","21":"product_cat-office","22":"product_cat-outdoor-ground-light","23":"product_cat-c-outdoor-lighting","24":"product_cat-residential","25":"product_cat-retail","26":"product_cat-round-ground-light","27":"product_cat-table-lamp","28":"product_cat-track","29":"product_cat-wall-recessed","30":"product_cat-wall-surface","31":"product_tag-aluminum-ground-light","32":"product_tag-aluminum-housing","33":"product_tag-ground-light","34":"product_tag-in-ground-light","35":"product_tag-outdoor-ground-light","36":"product_tag-outdoor-lighting","37":"product_tag-round-ground-light","39":"first","40":"instock","41":"shipping-taxable","42":"product-type-simple"},"_links":{"self":[{"href":"https:\/\/ledsteplight.com\/es\/wp-json\/wp\/v2\/product\/38018","targetHints":{"allow":["GET"]}}],"collection":[{"href":"https:\/\/ledsteplight.com\/es\/wp-json\/wp\/v2\/product"}],"about":[{"href":"https:\/\/ledsteplight.com\/es\/wp-json\/wp\/v2\/types\/product"}],"replies":[{"embeddable":true,"href":"https:\/\/ledsteplight.com\/es\/wp-json\/wp\/v2\/comments?post=38018"}],"version-history":[{"count":4,"href":"https:\/\/ledsteplight.com\/es\/wp-json\/wp\/v2\/product\/38018\/revisions"}],"predecessor-version":[{"id":38636,"href":"https:\/\/ledsteplight.com\/es\/wp-json\/wp\/v2\/product\/38018\/revisions\/38636"}],"wp:featuredmedia":[{"embeddable":true,"href":"https:\/\/ledsteplight.com\/es\/wp-json\/wp\/v2\/media\/37229"}],"wp:attachment":[{"href":"https:\/\/ledsteplight.com\/es\/wp-json\/wp\/v2\/media?parent=38018"}],"wp:term":[{"taxonomy":"product_brand","embeddable":true,"href":"https:\/\/ledsteplight.com\/es\/wp-json\/wp\/v2\/product_brand?post=38018"},{"taxonomy":"product_cat","embeddable":true,"href":"https:\/\/ledsteplight.com\/es\/wp-json\/wp\/v2\/product_cat?post=38018"},{"taxonomy":"product_tag","embeddable":true,"href":"https:\/\/ledsteplight.com\/es\/wp-json\/wp\/v2\/product_tag?post=38018"}],"curies":[{"name":"wp","href":"https:\/\/api.w.org\/{rel}","templated":true}]}}