{"id":38019,"date":"2025-09-08T13:04:17","date_gmt":"2025-09-08T13:04:17","guid":{"rendered":"https:\/\/ledsteplight.com\/import-placeholder-for-37142\/"},"modified":"2026-01-19T02:15:15","modified_gmt":"2026-01-19T02:15:15","slug":"commercial-grade-36w-underground-lighting-multi-voltage-led-landscape-path-lighting","status":"publish","type":"product","link":"https:\/\/ledsteplight.com\/es\/commercial-grade-36w-underground-lighting-multi-voltage-led-landscape-path-lighting\/","title":{"rendered":"Iluminaci\u00f3n subterr\u00e1nea de grado comercial de 36W | Iluminaci\u00f3n de senderos de paisaje LED de m\u00faltiples voltajes"},"content":{"rendered":"<table data-start=\"43\" data-end=\"911\">\n<thead data-start=\"43\" data-end=\"114\">\n<tr data-start=\"43\" data-end=\"114\">\n<th data-start=\"43\" data-end=\"68\"><strong data-start=\"45\" data-end=\"58\">Par\u00e1metro<\/strong><\/th>\n<th data-start=\"68\" data-end=\"114\"><strong data-start=\"70\" data-end=\"81\">Detalles<\/strong><\/th>\n<\/tr>\n<\/thead>\n<tbody data-start=\"181\" data-end=\"911\">\n<tr data-start=\"181\" data-end=\"247\">\n<td><strong data-start=\"183\" data-end=\"192\">Potencia<\/strong><\/td>\n<td>36W<\/td>\n<\/tr>\n<tr data-start=\"248\" data-end=\"313\">\n<td><strong data-start=\"250\" data-end=\"266\">Fuente de Luz<\/strong><\/td>\n<td>LED COB<\/td>\n<\/tr>\n<tr data-start=\"314\" data-end=\"378\">\n<td><strong data-start=\"316\" data-end=\"333\">Voltaje de entrada<\/strong><\/td>\n<td>AC85-265V \/ 12V \/ 24V<\/td>\n<\/tr>\n<tr data-start=\"379\" data-end=\"448\">\n<td><strong data-start=\"381\" data-end=\"402\"><strong><a href=\"https:\/\/ledsteplight.com\/es\/dm36b-pro-honeycomb-anti-glare-led-in-ground-light-ip67-24v-dc\/\" class=\"waam-auto-link\" title=\"Temperatura de Color\">Temperatura de Color<\/a><\/strong><\/strong><\/td>\n<td>3000K (Blanco c\u00e1lido) \/ 6000K (Blanco fr\u00edo)<\/td>\n<\/tr>\n<tr data-start=\"449\" data-end=\"514\">\n<td><strong data-start=\"451\" data-end=\"468\">Fluxo luminoso<\/strong><\/td>\n<td>100-120LM\/W<\/td>\n<\/tr>\n<tr data-start=\"515\" data-end=\"580\">\n<td><strong data-start=\"517\" data-end=\"531\">\u00c1ngulo de Haz<\/strong><\/td>\n<td>120\u00b0<\/td>\n<\/tr>\n<tr data-start=\"581\" data-end=\"646\">\n<td><strong data-start=\"583\" data-end=\"595\">Material<\/strong><\/td>\n<td>Aluminio fundido a presi\u00f3n<\/td>\n<\/tr>\n<tr data-start=\"647\" data-end=\"711\">\n<td><strong data-start=\"649\" data-end=\"662\">Clasificaci\u00f3n IP<\/strong><\/td>\n<td>IP65 (A prueba de agua y polvo)<\/td>\n<\/tr>\n<tr data-start=\"712\" data-end=\"776\">\n<td><strong data-start=\"714\" data-end=\"726\">Vida \u00fatil<\/strong><\/td>\n<td>40.000 horas<\/td>\n<\/tr>\n<tr data-start=\"777\" data-end=\"845\">\n<td><strong data-start=\"779\" data-end=\"802\">M\u00e9todo de Instalaci\u00f3n<\/strong><\/td>\n<td>Montaje empotrado<\/td>\n<\/tr>\n<tr data-start=\"846\" data-end=\"911\">\n<td><strong data-start=\"848\" data-end=\"860\">Garant\u00eda<\/strong><\/td>\n<td>3 a\u00f1os<\/td>\n<\/tr>\n<\/tbody>\n<\/table>\n<p data-path-to-node=\"15\">DM36 PRO es de grado profesional, de alta potencia <b>luz empotrada<\/b> dise\u00f1ado para ofrecer potencia y ajuste <strong><a href=\"https:\/\/ledsteplight.com\/es\/las-principales-ventajas-de-la-luz-de-pasos-con-sensor-pir-para-la-seguridad\/\" class=\"waam-auto-link\" title=\"iluminaci\u00f3n\">iluminaci\u00f3n<\/a><\/strong> para proyectos comerciales y residenciales a gran escala. Con un avanzado LED COB Semi-Glare, este accesorio de 36W emite luz de 3000K o 6000K con un amplio <span class=\"math-inline\" data-math=\"120^circ\">$120^circ$<\/span> \u00e1ngulo de haz, haci\u00e9ndolo perfecto para efectos dram\u00e1ticos <b>luces de orientaci\u00f3n hacia arriba<\/b> y una cobertura de rutas extensa.<\/p>\n<p data-path-to-node=\"16\">\n<h4><b>Caracter\u00edsticas clave y versatilidad:<\/b><\/h4>\n<p>&nbsp;<\/p>\n<ul data-path-to-node=\"17\">\n<li>\n<p data-path-to-node=\"17,0,0\"><b>Iluminaci\u00f3n de Alta Potencia:<\/b> A 36W, esta luminaria ofrece una eficiencia luminosa de 100-120 LM\/W, asegurando que tus espacios exteriores, \u00e1rboles y fachadas est\u00e9n brillantemente iluminados, sirviendo como una soluci\u00f3n efectiva <b>Iluminaci\u00f3n de \u00e1rboles en paisaje<\/b>.<\/p>\n<\/li>\n<li>\n<p data-path-to-node=\"17,1,0\"><b>Voltaje m\u00faltiple flexible:<\/b> Dise\u00f1ado para uso global, el DM36 PRO soporta <b>AC85-265V<\/b> conexi\u00f3n directa, as\u00ed como <b>12V \/ 24V DC bajo voltaje <strong><a href=\"https:\/\/ledsteplight.com\/es\/the-ultimate-guide-to-led-landscape-lighting-design-installation-and-costs\/\" class=\"waam-auto-link\" title=\"Iluminaci\u00f3n de paisaje LED\">Iluminaci\u00f3n de paisaje LED<\/a><\/strong><\/b> sistemas, que ofrecen una flexibilidad de instalaci\u00f3n inigualable.<\/p>\n<\/li>\n<li>\n<p data-path-to-node=\"17,2,0\"><b>\u00d3ptica semi-mate<\/b> Dise\u00f1ado para ofrecer una luz fuerte manteniendo la comodidad, el dise\u00f1o semi-antirreflejo minimiza la incomodidad visual directa para los peatones en <b>iluminaci\u00f3n de senderos de jard\u00edn<\/b>.<\/p>\n<\/li>\n<li>\n<p data-path-to-node=\"17,3,0\"><b>Durabilidad extrema:<\/b> Construido con aluminio fundido resistente y certificado <b>IP65 a prueba de agua y polvo<\/b>. Esto lo convierte en una opci\u00f3n ideal para confiabilidad <b><strong><a href=\"https:\/\/ledsteplight.com\/es\/5w-led-in-ground-lights-ip65-waterproof-outdoor-driveway-garden-floor-lighting\/\" class=\"waam-auto-link\" title=\"iluminaci\u00f3n exterior de suelo\">iluminaci\u00f3n exterior de suelo<\/a><\/strong><\/b> en todas las condiciones clim\u00e1ticas.<\/p>\n<\/li>\n<\/ul>","protected":false},"excerpt":{"rendered":"<p><b>DM36 PRO<\/b> 36W de alta potencia <b>Luz empotrada<\/b> con <b>Anti-reflejo<\/b> \u00f3pticas. Caracter\u00edsticas de soporte multi-tensi\u00f3n (<b>12V\/24V<\/b> &amp; AC85-265V) y <b>clasificaci\u00f3n impermeable IP65<\/b> Construcci\u00f3n de aluminio fundido. Ideal <b>luces de orientaci\u00f3n hacia arriba<\/b> y comercial <b>iluminaci\u00f3n subterr\u00e1nea<\/b>.<\/p>","protected":false},"featured_media":37233,"comment_status":"open","ping_status":"closed","template":"","meta":[],"product_brand":[],"product_cat":[100,426,427,428,439,429,440,430,441,126,431,442,443,432,433,444,112,464,445,446,106,434,435,436,437],"product_tag":[103,76,77,127,113,78,108],"class_list":{"0":"post-38019","1":"product","2":"type-product","3":"status-publish","4":"has-post-thumbnail","6":"product_cat-aluminum-ground-light","7":"product_cat-ceiling-recessed","8":"product_cat-ceiling-surface","9":"product_cat-ceiling-suspended","10":"product_cat-commercial","11":"product_cat-drivers","12":"product_cat-education","13":"product_cat-freestanding-light","14":"product_cat-hospitality","15":"product_cat-in-ground-light","16":"product_cat-industrial","17":"product_cat-infrastructure","18":"product_cat-landscape","19":"product_cat-landscaping","20":"product_cat-linear","21":"product_cat-office","22":"product_cat-outdoor-ground-light","23":"product_cat-c-outdoor-lighting","24":"product_cat-residential","25":"product_cat-retail","26":"product_cat-round-ground-light","27":"product_cat-table-lamp","28":"product_cat-track","29":"product_cat-wall-recessed","30":"product_cat-wall-surface","31":"product_tag-aluminum-ground-light","32":"product_tag-aluminum-housing","33":"product_tag-ground-light","34":"product_tag-in-ground-light","35":"product_tag-outdoor-ground-light","36":"product_tag-outdoor-lighting","37":"product_tag-round-ground-light","39":"first","40":"instock","41":"shipping-taxable","42":"product-type-simple"},"_links":{"self":[{"href":"https:\/\/ledsteplight.com\/es\/wp-json\/wp\/v2\/product\/38019","targetHints":{"allow":["GET"]}}],"collection":[{"href":"https:\/\/ledsteplight.com\/es\/wp-json\/wp\/v2\/product"}],"about":[{"href":"https:\/\/ledsteplight.com\/es\/wp-json\/wp\/v2\/types\/product"}],"replies":[{"embeddable":true,"href":"https:\/\/ledsteplight.com\/es\/wp-json\/wp\/v2\/comments?post=38019"}],"version-history":[{"count":3,"href":"https:\/\/ledsteplight.com\/es\/wp-json\/wp\/v2\/product\/38019\/revisions"}],"predecessor-version":[{"id":38637,"href":"https:\/\/ledsteplight.com\/es\/wp-json\/wp\/v2\/product\/38019\/revisions\/38637"}],"wp:featuredmedia":[{"embeddable":true,"href":"https:\/\/ledsteplight.com\/es\/wp-json\/wp\/v2\/media\/37233"}],"wp:attachment":[{"href":"https:\/\/ledsteplight.com\/es\/wp-json\/wp\/v2\/media?parent=38019"}],"wp:term":[{"taxonomy":"product_brand","embeddable":true,"href":"https:\/\/ledsteplight.com\/es\/wp-json\/wp\/v2\/product_brand?post=38019"},{"taxonomy":"product_cat","embeddable":true,"href":"https:\/\/ledsteplight.com\/es\/wp-json\/wp\/v2\/product_cat?post=38019"},{"taxonomy":"product_tag","embeddable":true,"href":"https:\/\/ledsteplight.com\/es\/wp-json\/wp\/v2\/product_tag?post=38019"}],"curies":[{"name":"wp","href":"https:\/\/api.w.org\/{rel}","templated":true}]}}