{"id":38020,"date":"2025-09-08T13:04:17","date_gmt":"2025-09-08T13:04:17","guid":{"rendered":"https:\/\/ledsteplight.com\/import-placeholder-for-37143\/"},"modified":"2026-01-19T02:15:15","modified_gmt":"2026-01-19T02:15:15","slug":"mg-dm36a-pro-smart-led-in-ground-lights-24v-landscape-system","status":"publish","type":"product","link":"https:\/\/ledsteplight.com\/es\/mg-dm36a-pro-smart-led-in-ground-lights-24v-landscape-system\/","title":{"rendered":"Luces LED empotradas inteligentes MG-DM36A PRO | Sistema de paisaje de 24V"},"content":{"rendered":"<h3 data-start=\"100\" data-end=\"126\">Todos los par\u00e1metros del producto<\/h3>\n<table data-start=\"128\" data-end=\"1347\">\n<thead data-start=\"128\" data-end=\"208\">\n<tr data-start=\"128\" data-end=\"208\">\n<th data-start=\"128\" data-end=\"157\"><strong data-start=\"130\" data-end=\"143\">Par\u00e1metro<\/strong><\/th>\n<th data-start=\"157\" data-end=\"208\"><strong data-start=\"159\" data-end=\"188\">Especificaci\u00f3n\/Descripci\u00f3n<\/strong><\/th>\n<\/tr>\n<\/thead>\n<tbody data-start=\"290\" data-end=\"1347\">\n<tr data-start=\"290\" data-end=\"370\">\n<td><strong data-start=\"292\" data-end=\"309\">Modelo del producto<\/strong><\/td>\n<td>MG-DM36A PRO<\/td>\n<\/tr>\n<tr data-start=\"371\" data-end=\"451\">\n<td><strong data-start=\"373\" data-end=\"393\">Categor\u00eda de Producto<\/strong><\/td>\n<td><strong><a href=\"https:\/\/ledsteplight.com\/es\/dm36b-pro-honeycomb-anti-glare-led-in-ground-light-ip67-24v-dc\/\" class=\"waam-auto-link\" title=\"Sistema de Iluminaci\u00f3n Empotrada LED\">Sistema de Iluminaci\u00f3n Empotrada LED<\/a><\/strong><\/td>\n<\/tr>\n<tr data-start=\"452\" data-end=\"532\">\n<td><strong data-start=\"454\" data-end=\"475\">Voltaje de funcionamiento<\/strong><\/td>\n<td>24V DC <em data-start=\"490\" data-end=\"507\">(valor de ejemplo)<\/em><\/td>\n<\/tr>\n<tr data-start=\"533\" data-end=\"613\">\n<td><strong data-start=\"535\" data-end=\"556\">Corriente de funcionamiento<\/strong><\/td>\n<td>\u2014 (No especificado)<\/td>\n<\/tr>\n<tr data-start=\"614\" data-end=\"694\">\n<td><strong data-start=\"616\" data-end=\"637\">Consumo de energ\u00eda<\/strong><\/td>\n<td>&lt; 40W <em data-start=\"651\" data-end=\"668\">(valor de ejemplo)<\/em><\/td>\n<\/tr>\n<tr data-start=\"695\" data-end=\"775\">\n<td><strong data-start=\"697\" data-end=\"713\">Salida de l\u00famenes<\/strong><\/td>\n<td>3000 lm <em data-start=\"734\" data-end=\"751\">(valor de ejemplo)<\/em><\/td>\n<\/tr>\n<tr data-start=\"776\" data-end=\"856\">\n<td><strong data-start=\"778\" data-end=\"799\">Temperatura de Color<\/strong><\/td>\n<td>4000K<\/td>\n<\/tr>\n<tr data-start=\"857\" data-end=\"937\">\n<td><strong data-start=\"859\" data-end=\"872\">Clasificaci\u00f3n IP<\/strong><\/td>\n<td>IP67 (Resistente al agua y al polvo)<\/td>\n<\/tr>\n<tr data-start=\"938\" data-end=\"1018\">\n<td><strong data-start=\"940\" data-end=\"965\">Temperatura de Funcionamiento<\/strong><\/td>\n<td>-20\u00b0C a +60\u00b0C<\/td>\n<\/tr>\n<tr data-start=\"1019\" data-end=\"1099\">\n<td><strong data-start=\"1021\" data-end=\"1035\">Dimensiones<\/strong><\/td>\n<td>\u2014 (No especificado)<\/td>\n<\/tr>\n<tr data-start=\"1100\" data-end=\"1180\">\n<td><strong data-start=\"1102\" data-end=\"1112\">Peso<\/strong><\/td>\n<td>\u2014 (No especificado)<\/td>\n<\/tr>\n<tr data-start=\"1181\" data-end=\"1261\">\n<td><strong data-start=\"1183\" data-end=\"1195\">Vida \u00fatil<\/strong><\/td>\n<td>Hasta 50,000 horas <em data-start=\"1231\" data-end=\"1248\">(valor de ejemplo)<\/em><\/td>\n<\/tr>\n<tr data-start=\"1262\" data-end=\"1347\">\n<td><strong data-start=\"1264\" data-end=\"1287\">Caracter\u00edsticas adicionales<\/strong><\/td>\n<td>Control inteligente, brillo ajustable, dise\u00f1o modular<\/td>\n<\/tr>\n<\/tbody>\n<\/table>\n<ul>\n<li>\n<p data-path-to-node=\"18,0,0\"><b>Rendimiento de grado profesional:<\/b> Ofrece un impresionante <b>3000lm<\/b> de brillo con una <b>4000K<\/b> temperatura de blanco neutro, garantizando una visibilidad y seguridad superiores para <b><strong><a href=\"https:\/\/ledsteplight.com\/es\/5w-led-in-ground-lights-ip65-waterproof-outdoor-driveway-garden-floor-lighting\/\" class=\"waam-auto-link\" title=\"iluminaci\u00f3n exterior de suelo\">iluminaci\u00f3n exterior de suelo<\/a><\/strong><\/b> .<\/p>\n<\/li>\n<li>\n<p data-path-to-node=\"18,1,0\"><b>Dise\u00f1o inteligente y modular:<\/b> A diferencia de las luminarias tradicionales, el MG-DM36A PRO presenta un <b>dise\u00f1o modular<\/b> para un mantenimiento f\u00e1cil y soporta <b>control inteligente<\/b>, permitiendo ajuste de brillo y integraci\u00f3n con iluminaci\u00f3n moderna <strong><a href=\"https:\/\/ledsteplight.com\/es\/guia-definitiva-de-soluciones-de-iluminacion-de-paisaje-empotrada\/\" class=\"waam-auto-link\" title=\"sistemas\">sistemas<\/a><\/strong>.<\/p>\n<\/li>\n<li>\n<p data-path-to-node=\"18,2,0\"><b>Durabilidad robusta (IP67):<\/b> Construido para resistir las inclemencias del tiempo, este <b>protecci\u00f3n impermeable <strong><a href=\"https:\/\/ledsteplight.com\/es\/mistakes-to-avoid-when-installing-in-ground-driveway-lights\/\" class=\"waam-auto-link\" title=\"iluminaci\u00f3n de paisaje\">iluminaci\u00f3n de paisaje<\/a><\/strong><\/b> sistema funciona perfectamente entre -20\u00b0C y +60\u00b0C. Est\u00e1 completamente sellado contra polvo e inmersi\u00f3n en agua.<\/p>\n<\/li>\n<li>\n<p data-path-to-node=\"18,3,0\"><b>La seguridad primero:<\/b> Funciona con un sistema seguro, <b>24V DC<\/b> lo que lo convierte en una opci\u00f3n ideal para <b>bajo voltaje <strong><a href=\"https:\/\/ledsteplight.com\/es\/the-ultimate-guide-to-led-landscape-lighting-design-installation-and-costs\/\" class=\"waam-auto-link\" title=\"de iluminaci\u00f3n de paisaje LED\">de iluminaci\u00f3n de paisaje LED<\/a><\/strong><\/b> donde la seguridad es primordial.<\/p>\n<\/li>\n<\/ul>","protected":false},"excerpt":{"rendered":"<p data-start=\"3357\" data-end=\"4242\" data-is-last-node=\"\" data-is-only-node=\"\"><b>Descubra el MG-DM36A PRO: un sistema de iluminaci\u00f3n LED empotrada de alta eficiencia. Con una salida de 3000 l\u00famenes, control inteligente y protecci\u00f3n impermeable IP67 para proyectos exteriores.<\/b><\/p>","protected":false},"featured_media":37234,"comment_status":"open","ping_status":"closed","template":"","meta":[],"product_brand":[],"product_cat":[100,426,427,428,439,429,440,430,73,441,126,431,442,443,432,433,444,112,464,445,446,106,434,435,436,437],"product_tag":[103,76,77,127,113,78,108],"class_list":{"0":"post-38020","1":"product","2":"type-product","3":"status-publish","4":"has-post-thumbnail","6":"product_cat-aluminum-ground-light","7":"product_cat-ceiling-recessed","8":"product_cat-ceiling-surface","9":"product_cat-ceiling-suspended","10":"product_cat-commercial","11":"product_cat-drivers","12":"product_cat-education","13":"product_cat-freestanding-light","14":"product_cat-ground-light","15":"product_cat-hospitality","16":"product_cat-in-ground-light","17":"product_cat-industrial","18":"product_cat-infrastructure","19":"product_cat-landscape","20":"product_cat-landscaping","21":"product_cat-linear","22":"product_cat-office","23":"product_cat-outdoor-ground-light","24":"product_cat-c-outdoor-lighting","25":"product_cat-residential","26":"product_cat-retail","27":"product_cat-round-ground-light","28":"product_cat-table-lamp","29":"product_cat-track","30":"product_cat-wall-recessed","31":"product_cat-wall-surface","32":"product_tag-aluminum-ground-light","33":"product_tag-aluminum-housing","34":"product_tag-ground-light","35":"product_tag-in-ground-light","36":"product_tag-outdoor-ground-light","37":"product_tag-outdoor-lighting","38":"product_tag-round-ground-light","40":"first","41":"instock","42":"shipping-taxable","43":"product-type-simple"},"_links":{"self":[{"href":"https:\/\/ledsteplight.com\/es\/wp-json\/wp\/v2\/product\/38020","targetHints":{"allow":["GET"]}}],"collection":[{"href":"https:\/\/ledsteplight.com\/es\/wp-json\/wp\/v2\/product"}],"about":[{"href":"https:\/\/ledsteplight.com\/es\/wp-json\/wp\/v2\/types\/product"}],"replies":[{"embeddable":true,"href":"https:\/\/ledsteplight.com\/es\/wp-json\/wp\/v2\/comments?post=38020"}],"version-history":[{"count":3,"href":"https:\/\/ledsteplight.com\/es\/wp-json\/wp\/v2\/product\/38020\/revisions"}],"predecessor-version":[{"id":38638,"href":"https:\/\/ledsteplight.com\/es\/wp-json\/wp\/v2\/product\/38020\/revisions\/38638"}],"wp:featuredmedia":[{"embeddable":true,"href":"https:\/\/ledsteplight.com\/es\/wp-json\/wp\/v2\/media\/37234"}],"wp:attachment":[{"href":"https:\/\/ledsteplight.com\/es\/wp-json\/wp\/v2\/media?parent=38020"}],"wp:term":[{"taxonomy":"product_brand","embeddable":true,"href":"https:\/\/ledsteplight.com\/es\/wp-json\/wp\/v2\/product_brand?post=38020"},{"taxonomy":"product_cat","embeddable":true,"href":"https:\/\/ledsteplight.com\/es\/wp-json\/wp\/v2\/product_cat?post=38020"},{"taxonomy":"product_tag","embeddable":true,"href":"https:\/\/ledsteplight.com\/es\/wp-json\/wp\/v2\/product_tag?post=38020"}],"curies":[{"name":"wp","href":"https:\/\/api.w.org\/{rel}","templated":true}]}}