{"id":38022,"date":"2025-09-08T13:04:17","date_gmt":"2025-09-08T13:04:17","guid":{"rendered":"https:\/\/ledsteplight.com\/import-placeholder-for-37156\/"},"modified":"2026-01-19T02:15:14","modified_gmt":"2026-01-19T02:15:14","slug":"low-voltage-led-landscape-lighting-motion-sensor-ground-light","status":"publish","type":"product","link":"https:\/\/ledsteplight.com\/es\/low-voltage-led-landscape-lighting-motion-sensor-ground-light\/","title":{"rendered":"Iluminaci\u00f3n de paisaje con LED de bajo voltaje | Luz de suelo con sensor de movimiento"},"content":{"rendered":"<table data-start=\"123\" data-end=\"992\">\n<thead data-start=\"123\" data-end=\"182\">\n<tr data-start=\"123\" data-end=\"182\">\n<th data-start=\"123\" data-end=\"144\">Especificaci\u00f3n<\/th>\n<th data-start=\"144\" data-end=\"182\">Detalles<\/th>\n<\/tr>\n<\/thead>\n<tbody data-start=\"240\" data-end=\"992\">\n<tr data-start=\"240\" data-end=\"297\">\n<td><strong data-start=\"242\" data-end=\"251\">Potencia<\/strong><\/td>\n<td>3W \/ 5W<\/td>\n<\/tr>\n<tr data-start=\"298\" data-end=\"355\">\n<td><strong data-start=\"300\" data-end=\"316\">Fuente de Luz<\/strong><\/td>\n<td><strong><a href=\"https:\/\/ledsteplight.com\/es\/cree-bridgelux-chip-ip65-led-fixture-for-garden-facade-lighting\/\" class=\"waam-auto-link\" title=\"LED CREE\">LED CREE<\/a><\/strong><\/td>\n<\/tr>\n<tr data-start=\"356\" data-end=\"413\">\n<td><strong data-start=\"358\" data-end=\"375\">Voltaje de entrada<\/strong><\/td>\n<td>AC85-265V \/ DC12V \/ DC24V<\/td>\n<\/tr>\n<tr data-start=\"414\" data-end=\"471\">\n<td><strong data-start=\"416\" data-end=\"437\"><strong><a href=\"https:\/\/ledsteplight.com\/es\/dm36b-pro-honeycomb-anti-glare-led-in-ground-light-ip67-24v-dc\/\" class=\"waam-auto-link\" title=\"Temperatura de Color\">Temperatura de Color<\/a><\/strong><\/strong><\/td>\n<td>3000K \/ 4000K \/ 6000K<\/td>\n<\/tr>\n<tr data-start=\"472\" data-end=\"527\">\n<td><strong data-start=\"474\" data-end=\"497\">Eficiencia Luminosa<\/strong><\/td>\n<td>90-110LM\/W<\/td>\n<\/tr>\n<tr data-start=\"528\" data-end=\"585\">\n<td><strong data-start=\"530\" data-end=\"544\">\u00c1ngulo de Haz<\/strong><\/td>\n<td>30\u00b0 \/ 45\u00b0<\/td>\n<\/tr>\n<tr data-start=\"586\" data-end=\"645\">\n<td><strong data-start=\"588\" data-end=\"600\">Material<\/strong><\/td>\n<td>Aluminio fundido + Vidrio templado<\/td>\n<\/tr>\n<tr data-start=\"646\" data-end=\"703\">\n<td><strong data-start=\"648\" data-end=\"661\">Clasificaci\u00f3n IP<\/strong><\/td>\n<td>IP67 (Resistente al agua y al polvo)<\/td>\n<\/tr>\n<tr data-start=\"704\" data-end=\"761\">\n<td><strong data-start=\"706\" data-end=\"729\">M\u00e9todo de Instalaci\u00f3n<\/strong><\/td>\n<td>Empotrado \/ Receso<\/td>\n<\/tr>\n<tr data-start=\"762\" data-end=\"819\">\n<td><strong data-start=\"764\" data-end=\"776\">Vida \u00fatil<\/strong><\/td>\n<td>40.000 Horas<\/td>\n<\/tr>\n<tr data-start=\"820\" data-end=\"877\">\n<td><strong data-start=\"822\" data-end=\"830\">Tama\u00f1o<\/strong><\/td>\n<td>Di\u00e1metro 70mm<\/td>\n<\/tr>\n<tr data-start=\"878\" data-end=\"934\">\n<td><strong data-start=\"880\" data-end=\"898\">Certificaciones<\/strong><\/td>\n<td>CE, RoHS<\/td>\n<\/tr>\n<tr data-start=\"935\" data-end=\"992\">\n<td><strong data-start=\"937\" data-end=\"949\">Garant\u00eda<\/strong><\/td>\n<td>3 a\u00f1os<\/td>\n<\/tr>\n<\/tbody>\n<\/table>\n<p data-path-to-node=\"14\">\n<ul data-path-to-node=\"16\">\n<li>\n<p data-path-to-node=\"16,0,0\"><b>Tecnolog\u00eda de Movimiento Inteligente:<\/b> Dise\u00f1ado como una <b>iluminaci\u00f3n subterr\u00e1nea<\/b> soluci\u00f3n sensible, el sensor activa la luz solo cuando es necesario. Esto es perfecto para iluminar caminos oscuros o actuar como <b><strong><a href=\"https:\/\/ledsteplight.com\/es\/30w-linear-in-ground-light-narrow-frame-outdoor-led-floor-lamp\/\" class=\"waam-auto-link\" title=\"luces en la entrada de la v\u00eda de acceso en el suelo\">luces en la entrada de la v\u00eda de acceso en el suelo<\/a><\/strong><\/b> para guiar su veh\u00edculo de manera segura por la noche.<\/p>\n<\/li>\n<li>\n<p data-path-to-node=\"16,1,0\"><b>Resistente al agua IP67 y duradero:<\/b> Construido con aluminio fundido de alta resistencia y vidrio templado, estos <b>faroles de suelo para exteriores<\/b> est\u00e1n completamente sellados contra lluvia, nieve y polvo. Cumplen con altos est\u00e1ndares de <b>protecci\u00f3n impermeable <strong><a href=\"https:\/\/ledsteplight.com\/es\/mistakes-to-avoid-when-installing-in-ground-driveway-lights\/\" class=\"waam-auto-link\" title=\"iluminaci\u00f3n de paisaje\">iluminaci\u00f3n de paisaje<\/a><\/strong><\/b>, asegurando longevidad incluso en entornos adversos.<\/p>\n<\/li>\n<li>\n<p data-path-to-node=\"16,2,0\"><b>Opciones de voltaje vers\u00e1tiles:<\/b> Ya sea que est\u00e9 actualizando un sistema existente o comenzando uno nuevo, ofrecemos entradas para AC85-265V o <b>bajo voltaje <strong><a href=\"https:\/\/ledsteplight.com\/es\/the-ultimate-guide-to-led-landscape-lighting-design-installation-and-costs\/\" class=\"waam-auto-link\" title=\"de iluminaci\u00f3n de paisaje LED\">de iluminaci\u00f3n de paisaje LED<\/a><\/strong><\/b> (DC12V\/24V). Esta flexibilidad los convierte en una alternativa m\u00e1s segura a los sistemas de alto voltaje y m\u00e1s confiables que las <b>luces solares de suelo b\u00e1sicas<\/b>.<\/p>\n<\/li>\n<li>\n<p data-path-to-node=\"16,3,0\"><b>LED CREE Premium:<\/b> Equipado con una fuente de luz CREE de 3W\/5W, que ofrece una eficiencia de 90-110LM\/W. Elija entre 3000K, 4000K o 6000K para que coincida con su <b>contempor\u00e1neo <strong><a href=\"https:\/\/ledsteplight.com\/es\/soluciones-efectivas-de-iluminacion-de-paisaje-de-bajo-voltaje-para-exteriores\/\" class=\"waam-auto-link\" title=\"iluminaci\u00f3n de paisaje\">iluminaci\u00f3n de paisaje<\/a><\/strong><\/b> .<\/p>\n<\/li>\n<\/ul>\n<p data-path-to-node=\"18\">Estos <b>luces en el suelo<\/b> son lo suficientemente vers\u00e1tiles para diversas aplicaciones:<\/p>\n<ul data-path-to-node=\"19\">\n<li>\n<p data-path-to-node=\"19,0,0\"><b>Seguridad en senderos:<\/b> Instalar como <b>iluminaci\u00f3n de caminos<\/b> a lo largo de los senderos del jard\u00edn.<\/p>\n<\/li>\n<li>\n<p data-path-to-node=\"19,1,0\"><b>Cubierta y escal\u00f3n:<\/b> Usar como empotradas <b>luces de suelo para escalones<\/b> para evitar tropiezos.<\/p>\n<\/li>\n<li>\n<p data-path-to-node=\"19,2,0\"><b>Entradas de veh\u00edculos:<\/b> Su robusta construcci\u00f3n les permite servir como <b>luces de entrada en el suelo<\/b>.<\/p>\n<\/li>\n<li>\n<p data-path-to-node=\"19,3,0\"><b><strong><a href=\"https:\/\/ledsteplight.com\/es\/decoration\/\" class=\"waam-auto-link\" title=\"Iluminaci\u00f3n de acento\">Iluminaci\u00f3n de acento<\/a><\/strong>:<\/b> Perfecto como <b>luces de orientaci\u00f3n hacia arriba<\/b> para resaltar paredes arquitect\u00f3nicas o \u00e1rboles.<\/p>\n<\/li>\n<\/ul>","protected":false},"excerpt":{"rendered":"<p>Compra luces de suelo con sensor de movimiento impermeables IP67. Luces de suelo exteriores de alta calidad con LED CREE de 3W\/5W para escalones, entradas y alumbrado de caminos en el paisaje. Opciones de 12V\/24V disponibles.<\/p>","protected":false},"featured_media":37243,"comment_status":"open","ping_status":"closed","template":"","meta":[],"product_brand":[],"product_cat":[100,426,427,428,439,429,440,430,441,431,442,443,432,433,444,464,445,446,101,434,435,436,437],"product_tag":[103,76,111,77,110,109,104],"class_list":{"0":"post-38022","1":"product","2":"type-product","3":"status-publish","4":"has-post-thumbnail","6":"product_cat-aluminum-ground-light","7":"product_cat-ceiling-recessed","8":"product_cat-ceiling-surface","9":"product_cat-ceiling-suspended","10":"product_cat-commercial","11":"product_cat-drivers","12":"product_cat-education","13":"product_cat-freestanding-light","14":"product_cat-hospitality","15":"product_cat-industrial","16":"product_cat-infrastructure","17":"product_cat-landscape","18":"product_cat-landscaping","19":"product_cat-linear","20":"product_cat-office","21":"product_cat-c-outdoor-lighting","22":"product_cat-residential","23":"product_cat-retail","24":"product_cat-sensor-ground-light","25":"product_cat-table-lamp","26":"product_cat-track","27":"product_cat-wall-recessed","28":"product_cat-wall-surface","29":"product_tag-aluminum-ground-light","30":"product_tag-aluminum-housing","31":"product_tag-garden-lighting","32":"product_tag-ground-light","33":"product_tag-landscape-light","34":"product_tag-led-fixture","35":"product_tag-sensor-ground-light","37":"first","38":"instock","39":"shipping-taxable","40":"product-type-simple"},"_links":{"self":[{"href":"https:\/\/ledsteplight.com\/es\/wp-json\/wp\/v2\/product\/38022","targetHints":{"allow":["GET"]}}],"collection":[{"href":"https:\/\/ledsteplight.com\/es\/wp-json\/wp\/v2\/product"}],"about":[{"href":"https:\/\/ledsteplight.com\/es\/wp-json\/wp\/v2\/types\/product"}],"replies":[{"embeddable":true,"href":"https:\/\/ledsteplight.com\/es\/wp-json\/wp\/v2\/comments?post=38022"}],"version-history":[{"count":3,"href":"https:\/\/ledsteplight.com\/es\/wp-json\/wp\/v2\/product\/38022\/revisions"}],"predecessor-version":[{"id":38640,"href":"https:\/\/ledsteplight.com\/es\/wp-json\/wp\/v2\/product\/38022\/revisions\/38640"}],"wp:featuredmedia":[{"embeddable":true,"href":"https:\/\/ledsteplight.com\/es\/wp-json\/wp\/v2\/media\/37243"}],"wp:attachment":[{"href":"https:\/\/ledsteplight.com\/es\/wp-json\/wp\/v2\/media?parent=38022"}],"wp:term":[{"taxonomy":"product_brand","embeddable":true,"href":"https:\/\/ledsteplight.com\/es\/wp-json\/wp\/v2\/product_brand?post=38022"},{"taxonomy":"product_cat","embeddable":true,"href":"https:\/\/ledsteplight.com\/es\/wp-json\/wp\/v2\/product_cat?post=38022"},{"taxonomy":"product_tag","embeddable":true,"href":"https:\/\/ledsteplight.com\/es\/wp-json\/wp\/v2\/product_tag?post=38022"}],"curies":[{"name":"wp","href":"https:\/\/api.w.org\/{rel}","templated":true}]}}