{"id":38027,"date":"2025-09-08T13:04:17","date_gmt":"2025-09-08T13:04:17","guid":{"rendered":"https:\/\/ledsteplight.com\/import-placeholder-for-37173\/"},"modified":"2026-01-19T02:15:12","modified_gmt":"2026-01-19T02:15:12","slug":"013-45b-45w-led-in-ground-light-ip65-outdoor-ground-lighting","status":"publish","type":"product","link":"https:\/\/ledsteplight.com\/es\/013-45b-45w-led-in-ground-light-ip65-outdoor-ground-lighting\/","title":{"rendered":"Luz empotrada LED 013-45B 45W | Iluminaci\u00f3n exterior IP65 para suelo"},"content":{"rendered":"<table data-start=\"46\" data-end=\"981\">\n<thead data-start=\"46\" data-end=\"117\">\n<tr data-start=\"46\" data-end=\"117\">\n<th data-start=\"46\" data-end=\"71\"><strong data-start=\"48\" data-end=\"61\">Par\u00e1metro<\/strong><\/th>\n<th data-start=\"71\" data-end=\"117\"><strong data-start=\"73\" data-end=\"84\">Detalles<\/strong><\/th>\n<\/tr>\n<\/thead>\n<tbody data-start=\"190\" data-end=\"981\">\n<tr data-start=\"190\" data-end=\"261\">\n<td><strong data-start=\"192\" data-end=\"201\">Potencia<\/strong><\/td>\n<td>45W<\/td>\n<\/tr>\n<tr data-start=\"262\" data-end=\"333\">\n<td><strong data-start=\"264\" data-end=\"280\">Fuente de Luz<\/strong><\/td>\n<td>LED<\/td>\n<\/tr>\n<tr data-start=\"334\" data-end=\"405\">\n<td><strong data-start=\"336\" data-end=\"353\">Voltaje de entrada<\/strong><\/td>\n<td>AC85-265V<\/td>\n<\/tr>\n<tr data-start=\"406\" data-end=\"477\">\n<td><strong data-start=\"408\" data-end=\"429\">Temperatura de Color<\/strong><\/td>\n<td>3000K (Blanco c\u00e1lido) \/ 6000K (Blanco fr\u00edo)<\/td>\n<\/tr>\n<tr data-start=\"478\" data-end=\"549\">\n<td><strong data-start=\"480\" data-end=\"497\">Fluxo luminoso<\/strong><\/td>\n<td>120-130LM\/W<\/td>\n<\/tr>\n<tr data-start=\"550\" data-end=\"621\">\n<td><strong data-start=\"552\" data-end=\"566\">\u00c1ngulo de Haz<\/strong><\/td>\n<td>120\u00b0<\/td>\n<\/tr>\n<tr data-start=\"622\" data-end=\"693\">\n<td><strong data-start=\"624\" data-end=\"636\">Material<\/strong><\/td>\n<td>Aluminio fundido a presi\u00f3n<\/td>\n<\/tr>\n<tr data-start=\"694\" data-end=\"765\">\n<td><strong data-start=\"696\" data-end=\"709\">Clasificaci\u00f3n IP<\/strong><\/td>\n<td><strong><a href=\"https:\/\/ledsteplight.com\/es\/cree-bridgelux-chip-ip65-led-fixture-for-garden-facade-lighting\/\" class=\"waam-auto-link\" title=\"IP65\">IP65<\/a><\/strong> (Impermeable y a prueba de polvo)<\/td>\n<\/tr>\n<tr data-start=\"766\" data-end=\"837\">\n<td><strong data-start=\"768\" data-end=\"780\">Vida \u00fatil<\/strong><\/td>\n<td>40.000 horas<\/td>\n<\/tr>\n<tr data-start=\"838\" data-end=\"909\">\n<td><strong data-start=\"840\" data-end=\"863\">M\u00e9todo de Instalaci\u00f3n<\/strong><\/td>\n<td>Montaje en superficie<\/td>\n<\/tr>\n<tr data-start=\"910\" data-end=\"981\">\n<td><strong data-start=\"912\" data-end=\"924\">Garant\u00eda<\/strong><\/td>\n<td>3 a\u00f1os<\/td>\n<\/tr>\n<\/tbody>\n<\/table>\n<p data-start=\"454\" data-end=\"795\">013-45B es un compacto de 45W <strong><a href=\"https:\/\/ledsteplight.com\/es\/dm36b-pro-honeycomb-anti-glare-led-in-ground-light-ip67-24v-dc\/\" class=\"waam-auto-link\" title=\"Luz LED empotrada en el suelo\">Luz LED empotrada en el suelo<\/a><\/strong> dise\u00f1ado para caminos exteriores, entradas de veh\u00edculos, jardines, y <strong><a href=\"https:\/\/ledsteplight.com\/es\/mistakes-to-avoid-when-installing-in-ground-driveway-lights\/\" class=\"waam-auto-link\" title=\"iluminaci\u00f3n de paisaje\">iluminaci\u00f3n de paisaje<\/a><\/strong>. Ofrece un rendimiento estable con un \u00e1ngulo de haz de 120\u00b0, temperatura de color 3000K\/<strong><a href=\"https:\/\/ledsteplight.com\/es\/5w-led-in-ground-lights-ip65-waterproof-outdoor-driveway-garden-floor-lighting\/\" class=\"waam-auto-link\" title=\"6000K\">6000K<\/a><\/strong>, y un cuerpo de aluminio fundido a presi\u00f3n resistente. La clasificaci\u00f3n de impermeabilidad IP65 garantiza un funcionamiento confiable en lluvia, polvo y entornos exteriores adversos.<\/p>\n<p data-start=\"797\" data-end=\"1098\" data-is-last-node=\"\" data-is-only-node=\"\">Como fabricante profesional, ofrecemos calidad constante, compatibilidad con voltajes amplios AC85-265V, una vida \u00fatil larga de 40,000 horas y una f\u00e1cil instalaci\u00f3n en superficie. Este modelo es adecuado para proyectos de ingenier\u00eda, iluminaci\u00f3n comercial y aplicaciones exteriores a largo plazo, respaldado por una garant\u00eda de 3 a\u00f1os.<\/p>","protected":false},"excerpt":{"rendered":"<p data-start=\"4584\" data-end=\"5027\">Luz LED empotrada de alta calidad de 45W con dise\u00f1o impermeable IP65, opciones de 3000K\/6000K y carcasa duradera de aluminio fundido a presi\u00f3n. Ideal para caminos exteriores, entradas y proyectos de paisajismo. Suministro directo de f\u00e1brica.<\/p>","protected":false},"featured_media":37250,"comment_status":"closed","ping_status":"closed","template":"","meta":[],"product_brand":[],"product_cat":[105,100,426,427,428,439,429,440,430,441,431,442,443,432,433,444,112,464,445,446,106,101,434,435,436,437],"product_tag":[107,103,76,77,113,78,108,104],"class_list":{"0":"post-38027","1":"product","2":"type-product","3":"status-publish","4":"has-post-thumbnail","6":"product_cat-015-series","7":"product_cat-aluminum-ground-light","8":"product_cat-ceiling-recessed","9":"product_cat-ceiling-surface","10":"product_cat-ceiling-suspended","11":"product_cat-commercial","12":"product_cat-drivers","13":"product_cat-education","14":"product_cat-freestanding-light","15":"product_cat-hospitality","16":"product_cat-industrial","17":"product_cat-infrastructure","18":"product_cat-landscape","19":"product_cat-landscaping","20":"product_cat-linear","21":"product_cat-office","22":"product_cat-outdoor-ground-light","23":"product_cat-c-outdoor-lighting","24":"product_cat-residential","25":"product_cat-retail","26":"product_cat-round-ground-light","27":"product_cat-sensor-ground-light","28":"product_cat-table-lamp","29":"product_cat-track","30":"product_cat-wall-recessed","31":"product_cat-wall-surface","32":"product_tag-015-series","33":"product_tag-aluminum-ground-light","34":"product_tag-aluminum-housing","35":"product_tag-ground-light","36":"product_tag-outdoor-ground-light","37":"product_tag-outdoor-lighting","38":"product_tag-round-ground-light","39":"product_tag-sensor-ground-light","41":"first","42":"instock","43":"featured","44":"shipping-taxable","45":"product-type-simple"},"_links":{"self":[{"href":"https:\/\/ledsteplight.com\/es\/wp-json\/wp\/v2\/product\/38027","targetHints":{"allow":["GET"]}}],"collection":[{"href":"https:\/\/ledsteplight.com\/es\/wp-json\/wp\/v2\/product"}],"about":[{"href":"https:\/\/ledsteplight.com\/es\/wp-json\/wp\/v2\/types\/product"}],"replies":[{"embeddable":true,"href":"https:\/\/ledsteplight.com\/es\/wp-json\/wp\/v2\/comments?post=38027"}],"version-history":[{"count":3,"href":"https:\/\/ledsteplight.com\/es\/wp-json\/wp\/v2\/product\/38027\/revisions"}],"predecessor-version":[{"id":38629,"href":"https:\/\/ledsteplight.com\/es\/wp-json\/wp\/v2\/product\/38027\/revisions\/38629"}],"wp:featuredmedia":[{"embeddable":true,"href":"https:\/\/ledsteplight.com\/es\/wp-json\/wp\/v2\/media\/37250"}],"wp:attachment":[{"href":"https:\/\/ledsteplight.com\/es\/wp-json\/wp\/v2\/media?parent=38027"}],"wp:term":[{"taxonomy":"product_brand","embeddable":true,"href":"https:\/\/ledsteplight.com\/es\/wp-json\/wp\/v2\/product_brand?post=38027"},{"taxonomy":"product_cat","embeddable":true,"href":"https:\/\/ledsteplight.com\/es\/wp-json\/wp\/v2\/product_cat?post=38027"},{"taxonomy":"product_tag","embeddable":true,"href":"https:\/\/ledsteplight.com\/es\/wp-json\/wp\/v2\/product_tag?post=38027"}],"curies":[{"name":"wp","href":"https:\/\/api.w.org\/{rel}","templated":true}]}}