{"id":38030,"date":"2025-09-08T13:04:17","date_gmt":"2025-09-08T13:04:17","guid":{"rendered":"https:\/\/ledsteplight.com\/import-placeholder-for-37176\/"},"modified":"2026-01-19T02:15:10","modified_gmt":"2026-01-19T02:15:10","slug":"6w-anti-glare-in-ground-light-dm60-ip65-outdoor-driveway-patio-lighting","status":"publish","type":"product","link":"https:\/\/ledsteplight.com\/es\/6w-anti-glare-in-ground-light-dm60-ip65-outdoor-driveway-patio-lighting\/","title":{"rendered":"Luz empotrada antirreflejos 6W (DM60) | Iluminaci\u00f3n exterior para entrada y patio con clasificaci\u00f3n IP65"},"content":{"rendered":"<h3 data-start=\"84\" data-end=\"116\"><\/h3>\n<table data-start=\"118\" data-end=\"902\">\n<thead data-start=\"118\" data-end=\"174\">\n<tr data-start=\"118\" data-end=\"174\">\n<th data-start=\"118\" data-end=\"137\">Especificaci\u00f3n<\/th>\n<th data-start=\"137\" data-end=\"174\">Detalles<\/th>\n<\/tr>\n<\/thead>\n<tbody data-start=\"230\" data-end=\"902\">\n<tr data-start=\"230\" data-end=\"285\">\n<td><strong data-start=\"232\" data-end=\"241\">Potencia<\/strong><\/td>\n<td>6W<\/td>\n<\/tr>\n<tr data-start=\"286\" data-end=\"342\">\n<td><strong data-start=\"288\" data-end=\"304\">Fuente de Luz<\/strong><\/td>\n<td>COB<\/td>\n<\/tr>\n<tr data-start=\"343\" data-end=\"399\">\n<td><strong data-start=\"345\" data-end=\"362\">Voltaje de entrada<\/strong><\/td>\n<td>AC85<\/td>\n<\/tr>\n<tr data-start=\"400\" data-end=\"455\">\n<td><strong data-start=\"402\" data-end=\"423\"><strong><a href=\"https:\/\/ledsteplight.com\/es\/dm36b-pro-honeycomb-anti-glare-led-in-ground-light-ip67-24v-dc\/\" class=\"waam-auto-link\" title=\"Temperatura de Color\">Temperatura de Color<\/a><\/strong><\/strong><\/td>\n<td>3000<\/td>\n<\/tr>\n<tr data-start=\"456\" data-end=\"510\">\n<td><strong data-start=\"458\" data-end=\"481\">Eficiencia Luminosa<\/strong><\/td>\n<td>9<\/td>\n<\/tr>\n<tr data-start=\"511\" data-end=\"566\">\n<td><strong data-start=\"513\" data-end=\"525\">Material<\/strong><\/td>\n<td>Aleaci\u00f3n de aluminio<\/td>\n<\/tr>\n<tr data-start=\"567\" data-end=\"622\">\n<td><strong data-start=\"569\" data-end=\"582\">Clasificaci\u00f3n IP<\/strong><\/td>\n<td>IP65 (A prueba de agua y polvo)<\/td>\n<\/tr>\n<tr data-start=\"623\" data-end=\"678\">\n<td><strong data-start=\"625\" data-end=\"648\">M\u00e9todo de Instalaci\u00f3n<\/strong><\/td>\n<td>Montaje empotrado<\/td>\n<\/tr>\n<tr data-start=\"679\" data-end=\"734\">\n<td><strong data-start=\"681\" data-end=\"693\">Vida \u00fatil<\/strong><\/td>\n<td>40.000 Horas<\/td>\n<\/tr>\n<tr data-start=\"735\" data-end=\"790\">\n<td><strong data-start=\"737\" data-end=\"745\">Tama\u00f1o<\/strong><\/td>\n<td>Di\u00e1metro 60mm<\/td>\n<\/tr>\n<tr data-start=\"791\" data-end=\"846\">\n<td><strong data-start=\"793\" data-end=\"811\">Certificaciones<\/strong><\/td>\n<td>CE, RoHS<\/td>\n<\/tr>\n<tr data-start=\"847\" data-end=\"902\">\n<td><strong data-start=\"849\" data-end=\"861\">Garant\u00eda<\/strong><\/td>\n<td>3 a\u00f1os<\/td>\n<\/tr>\n<\/tbody>\n<\/table>\n<p data-path-to-node=\"15\">Realce su espacio exterior con el DM60 6W Antideslumbrante <b>En-<strong><a href=\"https:\/\/ledsteplight.com\/es\/cree-bridgelux-chip-ip65-led-fixture-for-garden-facade-lighting\/\" class=\"waam-auto-link\" title=\"Luz de suelo\">Luz de suelo<\/a><\/strong><\/b>, espec\u00edficamente dise\u00f1ado para la seguridad, durabilidad y est\u00e9tica superior. Perfecto para \u00e1reas de alto tr\u00e1fico, este accesorio empotrado COB proporciona potente y enfocado <strong><a href=\"https:\/\/ledsteplight.com\/es\/las-principales-ventajas-de-la-luz-de-pasos-con-sensor-pir-para-la-seguridad\/\" class=\"waam-auto-link\" title=\"iluminaci\u00f3n\">iluminaci\u00f3n<\/a><\/strong> sin el deslumbramiento fuerte que puede distraer de su paisaje.<\/p>\n<p data-path-to-node=\"16\">\n<h4><b>Caracter\u00edsticas y Beneficios Clave:<\/b><\/h4>\n<p>&nbsp;<\/p>\n<ul data-path-to-node=\"17\">\n<li>\n<p data-path-to-node=\"17,0,0\"><b>Dise\u00f1o Antideslumbrante:<\/b> Cuenta con una fuente de luz COB profundamente empotrada para minimizar la fatiga visual y la contaminaci\u00f3n lum\u00ednica, lo que lo hace ideal para patios, pasillos y \u00e1reas de descanso.<\/p>\n<\/li>\n<li>\n<p data-path-to-node=\"17,1,0\"><b>Construido para los Elementos:<\/b> Con una alta <b>IP65<\/b> clasificaci\u00f3n, la carcasa de aleaci\u00f3n de aluminio est\u00e1 completamente protegida contra el polvo y el agua a chorro, lo que garantiza un rendimiento fiable y a largo plazo como <b><strong><a href=\"https:\/\/ledsteplight.com\/es\/5w-led-in-ground-lights-ip65-waterproof-outdoor-driveway-garden-floor-lighting\/\" class=\"waam-auto-link\" title=\"iluminaci\u00f3n exterior de suelo\">iluminaci\u00f3n exterior de suelo<\/a><\/strong><\/b>.<\/p>\n<\/li>\n<li>\n<p data-path-to-node=\"17,2,0\"><b>Instalaci\u00f3n Directa:<\/b> Funciona perfectamente con <b>AC85V<\/b> voltaje de entrada, eliminando la necesidad de un transformador separado o un sistema de cableado de bajo voltaje, simplificando la instalaci\u00f3n.<\/p>\n<\/li>\n<li>\n<p data-path-to-node=\"17,3,0\"><b>Luz C\u00e1lida y Vibrante:<\/b> La fuente COB de 6W ofrece una luz blanca c\u00e1lida de 3000K, creando un ambiente acogedor y sofisticado para su <b>iluminaci\u00f3n de senderos de jard\u00edn<\/b>.<\/p>\n<\/li>\n<li>\n<p data-path-to-node=\"17,4,0\"><b>Calidad Duradera:<\/b> Con una vida \u00fatil certificada de 40,000 horas y una garant\u00eda de 3 a\u00f1os, el DM60 proporciona un mantenimiento sin problemas <b>iluminaci\u00f3n subterr\u00e1nea<\/b> puedes confiar.<\/p>\n<\/li>\n<\/ul>","protected":false},"excerpt":{"rendered":"<p><b>Luz LED antirreflejo empotrada DM60 6W<\/b> ofrece superioridad <b>iluminaci\u00f3n exterior de suelo<\/b> con una clasificaci\u00f3n IP65 <b>protecci\u00f3n impermeable<\/b> cuerpo de aluminio. Perfecto para <b>luces en la entrada de la v\u00eda de acceso en el suelo<\/b> e iluminaci\u00f3n de caminos y senderos. Entrada AC85V para una instalaci\u00f3n sencilla. Compra luminarias duraderas <b>luz empotrada<\/b> focos con garant\u00eda de 3 a\u00f1os<\/p>","protected":false},"featured_media":37268,"comment_status":"open","ping_status":"closed","template":"","meta":[],"product_brand":[],"product_cat":[100,426,427,428,439,429,440,430,441,126,431,442,443,432,433,444,112,464,445,446,106,434,435,436,437],"product_tag":[103,76,77,127,113,78,108],"class_list":{"0":"post-38030","1":"product","2":"type-product","3":"status-publish","4":"has-post-thumbnail","6":"product_cat-aluminum-ground-light","7":"product_cat-ceiling-recessed","8":"product_cat-ceiling-surface","9":"product_cat-ceiling-suspended","10":"product_cat-commercial","11":"product_cat-drivers","12":"product_cat-education","13":"product_cat-freestanding-light","14":"product_cat-hospitality","15":"product_cat-in-ground-light","16":"product_cat-industrial","17":"product_cat-infrastructure","18":"product_cat-landscape","19":"product_cat-landscaping","20":"product_cat-linear","21":"product_cat-office","22":"product_cat-outdoor-ground-light","23":"product_cat-c-outdoor-lighting","24":"product_cat-residential","25":"product_cat-retail","26":"product_cat-round-ground-light","27":"product_cat-table-lamp","28":"product_cat-track","29":"product_cat-wall-recessed","30":"product_cat-wall-surface","31":"product_tag-aluminum-ground-light","32":"product_tag-aluminum-housing","33":"product_tag-ground-light","34":"product_tag-in-ground-light","35":"product_tag-outdoor-ground-light","36":"product_tag-outdoor-lighting","37":"product_tag-round-ground-light","39":"first","40":"instock","41":"shipping-taxable","42":"product-type-simple"},"_links":{"self":[{"href":"https:\/\/ledsteplight.com\/es\/wp-json\/wp\/v2\/product\/38030","targetHints":{"allow":["GET"]}}],"collection":[{"href":"https:\/\/ledsteplight.com\/es\/wp-json\/wp\/v2\/product"}],"about":[{"href":"https:\/\/ledsteplight.com\/es\/wp-json\/wp\/v2\/types\/product"}],"replies":[{"embeddable":true,"href":"https:\/\/ledsteplight.com\/es\/wp-json\/wp\/v2\/comments?post=38030"}],"version-history":[{"count":3,"href":"https:\/\/ledsteplight.com\/es\/wp-json\/wp\/v2\/product\/38030\/revisions"}],"predecessor-version":[{"id":38632,"href":"https:\/\/ledsteplight.com\/es\/wp-json\/wp\/v2\/product\/38030\/revisions\/38632"}],"wp:featuredmedia":[{"embeddable":true,"href":"https:\/\/ledsteplight.com\/es\/wp-json\/wp\/v2\/media\/37268"}],"wp:attachment":[{"href":"https:\/\/ledsteplight.com\/es\/wp-json\/wp\/v2\/media?parent=38030"}],"wp:term":[{"taxonomy":"product_brand","embeddable":true,"href":"https:\/\/ledsteplight.com\/es\/wp-json\/wp\/v2\/product_brand?post=38030"},{"taxonomy":"product_cat","embeddable":true,"href":"https:\/\/ledsteplight.com\/es\/wp-json\/wp\/v2\/product_cat?post=38030"},{"taxonomy":"product_tag","embeddable":true,"href":"https:\/\/ledsteplight.com\/es\/wp-json\/wp\/v2\/product_tag?post=38030"}],"curies":[{"name":"wp","href":"https:\/\/api.w.org\/{rel}","templated":true}]}}