{"id":38031,"date":"2025-09-08T13:04:17","date_gmt":"2025-09-08T13:04:17","guid":{"rendered":"https:\/\/ledsteplight.com\/import-placeholder-for-37177\/"},"modified":"2026-01-19T02:15:10","modified_gmt":"2026-01-19T02:15:10","slug":"00cx-series-smart-motion-sensor-led-stair-hallway-light-recessed-indoor-step-lighting","status":"publish","type":"product","link":"https:\/\/ledsteplight.com\/es\/00cx-series-smart-motion-sensor-led-stair-hallway-light-recessed-indoor-step-lighting\/","title":{"rendered":"L\u00e1mpara LED inteligente de sensor de movimiento de la serie 00CX para escaleras y pasillos | Iluminaci\u00f3n empotrada para pasos en interiores"},"content":{"rendered":"<table data-start=\"123\" data-end=\"1504\">\n<thead data-start=\"123\" data-end=\"198\">\n<tr data-start=\"123\" data-end=\"198\">\n<th data-start=\"123\" data-end=\"148\">Especificaci\u00f3n<\/th>\n<th data-start=\"148\" data-end=\"198\">Detalles<\/th>\n<\/tr>\n<\/thead>\n<tbody data-start=\"274\" data-end=\"1504\">\n<tr data-start=\"274\" data-end=\"348\">\n<td><strong data-start=\"276\" data-end=\"293\">Modelo del producto<\/strong><\/td>\n<td>Serie MG-CX<\/td>\n<\/tr>\n<tr data-start=\"349\" data-end=\"423\">\n<td><strong data-start=\"351\" data-end=\"367\">Tama\u00f1o del producto<\/strong><\/td>\n<td>L87 \u00d7 Ancho87 \u00d7 Alto30mm<\/td>\n<\/tr>\n<tr data-start=\"424\" data-end=\"498\">\n<td><strong data-start=\"426\" data-end=\"438\">Tama\u00f1o de Corte<\/strong><\/td>\n<td>Caja Embebida 86<\/td>\n<\/tr>\n<tr data-start=\"499\" data-end=\"572\">\n<td><strong data-start=\"501\" data-end=\"521\">Control de Funciones<\/strong><\/td>\n<td><strong><a href=\"https:\/\/ledsteplight.com\/es\/las-principales-ventajas-de-la-luz-de-pasos-con-sensor-pir-para-la-seguridad\/\" class=\"waam-auto-link\" title=\"Sensor de movimiento\">Sensor de movimiento<\/a><\/strong> \/ Sensor de Movimiento + Luz<\/td>\n<\/tr>\n<tr data-start=\"573\" data-end=\"647\">\n<td><strong data-start=\"575\" data-end=\"591\">Fuente de Luz<\/strong><\/td>\n<td>LED OSRAM (RA &gt;90)<\/td>\n<\/tr>\n<tr data-start=\"648\" data-end=\"722\">\n<td><strong data-start=\"650\" data-end=\"671\"><strong><a href=\"https:\/\/ledsteplight.com\/es\/dm36b-pro-honeycomb-anti-glare-led-in-ground-light-ip67-24v-dc\/\" class=\"waam-auto-link\" title=\"Consumo de energ\u00eda\">Consumo de energ\u00eda<\/a><\/strong><\/strong><\/td>\n<td>2W (600mA)<\/td>\n<\/tr>\n<tr data-start=\"723\" data-end=\"796\">\n<td><strong data-start=\"725\" data-end=\"735\">Peso<\/strong><\/td>\n<td>0.5kg<\/td>\n<\/tr>\n<tr data-start=\"797\" data-end=\"871\">\n<td><strong data-start=\"799\" data-end=\"819\">Voltaje de Entrada de Corriente Alterna<\/strong><\/td>\n<td>100-240V, 50~60Hz<\/td>\n<\/tr>\n<tr data-start=\"872\" data-end=\"945\">\n<td><strong data-start=\"874\" data-end=\"884\">Driver<\/strong><\/td>\n<td>Integrado<\/td>\n<\/tr>\n<tr data-start=\"946\" data-end=\"1019\">\n<td><strong data-start=\"948\" data-end=\"967\">\u00c1ngulo del Reflector<\/strong><\/td>\n<td>N\/A<\/td>\n<\/tr>\n<tr data-start=\"1020\" data-end=\"1094\">\n<td><strong data-start=\"1022\" data-end=\"1043\">Temperatura de Color<\/strong><\/td>\n<td>3000K, 4000K, 5700K<\/td>\n<\/tr>\n<tr data-start=\"1095\" data-end=\"1168\">\n<td><strong data-start=\"1097\" data-end=\"1116\">Tipo de Conexi\u00f3n<\/strong><\/td>\n<td>N\/A<\/td>\n<\/tr>\n<tr data-start=\"1169\" data-end=\"1241\">\n<td><strong data-start=\"1171\" data-end=\"1183\">Material<\/strong><\/td>\n<td>Aluminio<\/td>\n<\/tr>\n<tr data-start=\"1242\" data-end=\"1357\">\n<td><strong data-start=\"1244\" data-end=\"1264\">Colores Disponibles<\/strong><\/td>\n<td>Blanco Mate, Negro Cepillado, Plata Cepillada <em data-start=\"1311\" data-end=\"1353\">(Oro Cepillado\/Gris Cepillado personalizable)<\/em><\/td>\n<\/tr>\n<tr data-start=\"1358\" data-end=\"1431\">\n<td><strong data-start=\"1360\" data-end=\"1373\">Clasificaci\u00f3n IP<\/strong><\/td>\n<td>IP20 (Uso en Interiores)<\/td>\n<\/tr>\n<tr data-start=\"1432\" data-end=\"1504\">\n<td><strong data-start=\"1434\" data-end=\"1457\">M\u00e9todo de Instalaci\u00f3n<\/strong><\/td>\n<td>Instalaci\u00f3n Empotrada<\/td>\n<\/tr>\n<\/tbody>\n<\/table>\n<p>&nbsp;<\/p>\n<p data-start=\"606\" data-end=\"1028\">El Sensor de Movimiento LED Inteligente de la Serie 00CX <strong><a href=\"https:\/\/ledsteplight.com\/es\/cree-bridgelux-chip-ip65-led-fixture-for-garden-facade-lighting\/\" class=\"waam-auto-link\" title=\"Luz de suelo\">Luz de suelo<\/a><\/strong> est\u00e1 dise\u00f1ado para proporcionar una iluminaci\u00f3n de camino segura y sutil en espacios interiores. Cuenta con un sensor de movimiento integrado con modo de detecci\u00f3n de luz opcional, que se enciende autom\u00e1ticamente cuando se detecta movimiento. La fuente LED OSRAM ofrece una iluminaci\u00f3n suave y c\u00f3moda con una alta calificaci\u00f3n CRI (RA&gt;90), haciendo que la luz parezca natural y agradable a la vista en entornos con poca luz.<\/p>\n<p data-start=\"1030\" data-end=\"1437\">Con un dise\u00f1o compacto empotrado que encaja en una caja est\u00e1ndar 86, se instala de manera limpia en pelda\u00f1os de escaleras, paredes de pasillos o z\u00f3calos. La carcasa de aluminio ofrece un acabado premium y moderno, disponible en blanco mate, negro cepillado, plata cepillada y opciones personalizables. Ideal para pasillos residenciales, pasillos de hoteles, teatros, escaleras de edificios de apartamentos y otras aplicaciones de iluminaci\u00f3n de gu\u00eda de bajo nivel.<\/p>","protected":false},"excerpt":{"rendered":"<p data-start=\"4009\" data-end=\"4283\">Luz de escalera con sensor de movimiento interior, LED, para pasillos y escaleras. Dise\u00f1o empotrado, iluminaci\u00f3n suave de orientaci\u00f3n, LED OSRAM de alto CRI y acabado moderno en aluminio.<\/p>","protected":false},"featured_media":37272,"comment_status":"open","ping_status":"closed","template":"","meta":[],"product_brand":[],"product_cat":[116,99,100,426,427,428,439,429,440,430,441,431,442,443,432,433,444,464,445,446,101,434,435,436,437],"product_tag":[117,102,103,76,77,110,109,104],"class_list":{"0":"post-38031","1":"product","2":"type-product","3":"status-publish","4":"has-post-thumbnail","6":"product_cat-038-series","7":"product_cat-039-series","8":"product_cat-aluminum-ground-light","9":"product_cat-ceiling-recessed","10":"product_cat-ceiling-surface","11":"product_cat-ceiling-suspended","12":"product_cat-commercial","13":"product_cat-drivers","14":"product_cat-education","15":"product_cat-freestanding-light","16":"product_cat-hospitality","17":"product_cat-industrial","18":"product_cat-infrastructure","19":"product_cat-landscape","20":"product_cat-landscaping","21":"product_cat-linear","22":"product_cat-office","23":"product_cat-c-outdoor-lighting","24":"product_cat-residential","25":"product_cat-retail","26":"product_cat-sensor-ground-light","27":"product_cat-table-lamp","28":"product_cat-track","29":"product_cat-wall-recessed","30":"product_cat-wall-surface","31":"product_tag-038-series","32":"product_tag-039-series","33":"product_tag-aluminum-ground-light","34":"product_tag-aluminum-housing","35":"product_tag-ground-light","36":"product_tag-landscape-light","37":"product_tag-led-fixture","38":"product_tag-sensor-ground-light","40":"first","41":"instock","42":"shipping-taxable","43":"product-type-simple"},"_links":{"self":[{"href":"https:\/\/ledsteplight.com\/es\/wp-json\/wp\/v2\/product\/38031","targetHints":{"allow":["GET"]}}],"collection":[{"href":"https:\/\/ledsteplight.com\/es\/wp-json\/wp\/v2\/product"}],"about":[{"href":"https:\/\/ledsteplight.com\/es\/wp-json\/wp\/v2\/types\/product"}],"replies":[{"embeddable":true,"href":"https:\/\/ledsteplight.com\/es\/wp-json\/wp\/v2\/comments?post=38031"}],"version-history":[{"count":3,"href":"https:\/\/ledsteplight.com\/es\/wp-json\/wp\/v2\/product\/38031\/revisions"}],"predecessor-version":[{"id":38633,"href":"https:\/\/ledsteplight.com\/es\/wp-json\/wp\/v2\/product\/38031\/revisions\/38633"}],"wp:featuredmedia":[{"embeddable":true,"href":"https:\/\/ledsteplight.com\/es\/wp-json\/wp\/v2\/media\/37272"}],"wp:attachment":[{"href":"https:\/\/ledsteplight.com\/es\/wp-json\/wp\/v2\/media?parent=38031"}],"wp:term":[{"taxonomy":"product_brand","embeddable":true,"href":"https:\/\/ledsteplight.com\/es\/wp-json\/wp\/v2\/product_brand?post=38031"},{"taxonomy":"product_cat","embeddable":true,"href":"https:\/\/ledsteplight.com\/es\/wp-json\/wp\/v2\/product_cat?post=38031"},{"taxonomy":"product_tag","embeddable":true,"href":"https:\/\/ledsteplight.com\/es\/wp-json\/wp\/v2\/product_tag?post=38031"}],"curies":[{"name":"wp","href":"https:\/\/api.w.org\/{rel}","templated":true}]}}