{"id":38034,"date":"2025-09-08T13:04:18","date_gmt":"2025-09-08T13:04:18","guid":{"rendered":"https:\/\/ledsteplight.com\/import-placeholder-for-37192\/"},"modified":"2026-01-19T02:14:23","modified_gmt":"2026-01-19T02:14:23","slug":"mg-dm80c-8w-recessed-ground-light-indoor-led-in-ground-lighting-fixture","status":"publish","type":"product","link":"https:\/\/ledsteplight.com\/es\/mg-dm80c-8w-recessed-ground-light-indoor-led-in-ground-lighting-fixture\/","title":{"rendered":"Luz empotrada en suelo MG-DM80c de 8W \u2013 luminaria LED empotrada para interior"},"content":{"rendered":"<blockquote>\n<table data-start=\"114\" data-end=\"1000\">\n<thead data-start=\"114\" data-end=\"184\">\n<tr data-start=\"114\" data-end=\"184\">\n<th data-start=\"114\" data-end=\"138\"><strong data-start=\"116\" data-end=\"129\">Par\u00e1metro<\/strong><\/th>\n<th data-start=\"138\" data-end=\"184\"><strong data-start=\"140\" data-end=\"157\">Especificaci\u00f3n<\/strong><\/th>\n<\/tr>\n<\/thead>\n<tbody data-start=\"253\" data-end=\"1000\">\n<tr data-start=\"253\" data-end=\"320\">\n<td><strong data-start=\"255\" data-end=\"272\">Modelo del producto<\/strong><\/td>\n<td>MG-DM80c<\/td>\n<\/tr>\n<tr data-start=\"321\" data-end=\"388\">\n<td><strong data-start=\"323\" data-end=\"339\">Tama\u00f1o del producto<\/strong><\/td>\n<td>\u03c680mm x 30mm<\/td>\n<\/tr>\n<tr data-start=\"389\" data-end=\"456\">\n<td><strong data-start=\"391\" data-end=\"407\">Tama\u00f1o de corte<\/strong><\/td>\n<td>\u03c670mm<\/td>\n<\/tr>\n<tr data-start=\"457\" data-end=\"524\">\n<td><strong data-start=\"459\" data-end=\"475\">Fuente de Luz<\/strong><\/td>\n<td>LED COB de Alta Eficiencia<\/td>\n<\/tr>\n<tr data-start=\"525\" data-end=\"592\">\n<td><strong data-start=\"527\" data-end=\"538\">Potencia<\/strong><\/td>\n<td>8W<\/td>\n<\/tr>\n<tr data-start=\"593\" data-end=\"660\">\n<td><strong data-start=\"595\" data-end=\"616\">Temperatura de Color<\/strong><\/td>\n<td>4000K \/ 6000K (Blanco Fr\u00edo)<\/td>\n<\/tr>\n<tr data-start=\"661\" data-end=\"728\">\n<td><strong data-start=\"663\" data-end=\"680\">Voltaje de entrada<\/strong><\/td>\n<td>AC100-240V \/ DC12\/24V<\/td>\n<\/tr>\n<tr data-start=\"729\" data-end=\"796\">\n<td><strong data-start=\"731\" data-end=\"741\">Driver<\/strong><\/td>\n<td>Driver Integrado DC24V<\/td>\n<\/tr>\n<tr data-start=\"797\" data-end=\"864\">\n<td><strong data-start=\"799\" data-end=\"811\">Material<\/strong><\/td>\n<td>Aluminio<\/td>\n<\/tr>\n<tr data-start=\"865\" data-end=\"932\">\n<td><strong data-start=\"867\" data-end=\"880\">Clasificaci\u00f3n IP<\/strong><\/td>\n<td>IP20 (Uso en Interiores)<\/td>\n<\/tr>\n<tr data-start=\"933\" data-end=\"1000\">\n<td><strong data-start=\"935\" data-end=\"951\">Instalaci\u00f3n<\/strong><\/td>\n<td>Montaje en Techo Empotrado<\/td>\n<\/tr>\n<\/tbody>\n<\/table>\n<p data-start=\"343\" data-end=\"792\"><strong data-start=\"347\" data-end=\"385\">LED empotrado MG-DM80c <strong><a href=\"https:\/\/ledsteplight.com\/es\/5w-led-in-ground-lights-ip65-waterproof-outdoor-driveway-garden-floor-lighting\/\" class=\"waam-auto-link\" title=\"luz de suelo\">luz de suelo<\/a><\/strong><\/strong> est\u00e1 dise\u00f1ado para ambientes modernos <strong data-start=\"409\" data-end=\"435\">interior <strong><a href=\"https:\/\/ledsteplight.com\/es\/guia-definitiva-de-soluciones-de-iluminacion-de-paisaje-empotrada\/\" class=\"waam-auto-link\" title=\"iluminaci\u00f3n del suelo\">iluminaci\u00f3n del suelo<\/a><\/strong><\/strong> y <strong data-start=\"440\" data-end=\"468\">instalaciones en techo<\/strong>. Con una <strong data-start=\"482\" data-end=\"509\">LED COB de alta eficiencia<\/strong> y duradero <strong data-start=\"522\" data-end=\"542\">de aluminio duradera<\/strong>, ofrece luz brillante y uniforme <strong><a href=\"https:\/\/ledsteplight.com\/es\/las-principales-ventajas-de-la-luz-de-pasos-con-sensor-pir-para-la-seguridad\/\" class=\"waam-auto-link\" title=\"iluminaci\u00f3n\">iluminaci\u00f3n<\/a><\/strong> ideal para <strong data-start=\"598\" data-end=\"669\">pasillos, galer\u00edas, salas de exposici\u00f3n y <strong><a href=\"https:\/\/ledsteplight.com\/es\/cree-bridgelux-chip-ip65-led-fixture-for-garden-facade-lighting\/\" class=\"waam-auto-link\" title=\"iluminaci\u00f3n arquitect\u00f3nica\">iluminaci\u00f3n arquitect\u00f3nica<\/a><\/strong> proyectos<\/strong>. Con su <strong data-start=\"680\" data-end=\"702\">tama\u00f1o compacto \u03c680mm<\/strong>, este <strong data-start=\"709\" data-end=\"734\">fijo de LED empotrado<\/strong> ofrece tanto atractivo est\u00e9tico como rendimiento pr\u00e1ctico.<\/p>\n<hr data-start=\"794\" data-end=\"797\" \/>\n<h2 data-start=\"799\" data-end=\"821\"><strong data-start=\"802\" data-end=\"819\">Caracter\u00edsticas clave:<\/strong><\/h2>\n<ul data-start=\"822\" data-end=\"1664\">\n<li data-start=\"822\" data-end=\"910\">\n<p data-start=\"824\" data-end=\"910\"><strong data-start=\"824\" data-end=\"851\">LED COB de Alta Eficiencia<\/strong> \u2013 Proporciona brillo estable con baja <strong><a href=\"https:\/\/ledsteplight.com\/es\/dm36b-pro-honeycomb-anti-glare-led-in-ground-light-ip67-24v-dc\/\" class=\"waam-auto-link\" title=\"de energ\u00eda\">de energ\u00eda<\/a><\/strong>.<\/p>\n<\/li>\n<li data-start=\"911\" data-end=\"1007\">\n<p data-start=\"913\" data-end=\"1007\"><strong data-start=\"913\" data-end=\"932\">Potencia de 8W<\/strong> \u2013 Ofrece una alta eficacia luminosa, ideal para iluminaci\u00f3n de acento o caminos.<\/p>\n<\/li>\n<li data-start=\"1008\" data-end=\"1119\">\n<p data-start=\"1010\" data-end=\"1119\"><strong data-start=\"1010\" data-end=\"1042\">Dise\u00f1o de instalaci\u00f3n empotrada<\/strong> \u2013 Se integra perfectamente en techos o suelos para un aspecto limpio y minimalista.<\/p>\n<\/li>\n<li data-start=\"1120\" data-end=\"1217\">\n<p data-start=\"1122\" data-end=\"1217\"><strong data-start=\"1122\" data-end=\"1155\">Construcci\u00f3n de aluminio de alta calidad<\/strong> \u2013 Garantiza una excelente disipaci\u00f3n de calor y una larga vida \u00fatil.<\/p>\n<\/li>\n<li data-start=\"1218\" data-end=\"1339\">\n<p data-start=\"1220\" data-end=\"1339\"><strong data-start=\"1220\" data-end=\"1267\">M\u00faltiples temperaturas de color (4000K \/ 6000K)<\/strong> \u2013 Elige entre blanco neutro o fr\u00edo para combinar con tu dise\u00f1o interior.<\/p>\n<\/li>\n<li data-start=\"1340\" data-end=\"1458\">\n<p data-start=\"1342\" data-end=\"1458\"><strong data-start=\"1342\" data-end=\"1401\">Compatibilidad con voltajes amplios (AC100-240V \/ DC12V \/ DC24V)<\/strong> \u2013 Adecuado para instalaciones residenciales y comerciales.<\/p>\n<\/li>\n<li data-start=\"1459\" data-end=\"1544\">\n<p data-start=\"1461\" data-end=\"1544\"><strong data-start=\"1461\" data-end=\"1488\">Driver Integrado DC24V<\/strong> \u2013 Fuente de alimentaci\u00f3n estable para un rendimiento de iluminaci\u00f3n constante.<\/p>\n<\/li>\n<li data-start=\"1545\" data-end=\"1664\">\n<p data-start=\"1547\" data-end=\"1664\"><strong data-start=\"1547\" data-end=\"1573\">Clasificaci\u00f3n de protecci\u00f3n IP20<\/strong> \u2013 Adecuado para entornos interiores como pasillos, vest\u00edbulos, oficinas y \u00e1reas de exhibici\u00f3n.<\/p>\n<\/li>\n<\/ul>\n<\/blockquote>","protected":false},"excerpt":{"rendered":"<p>Compra la luz empotrada en suelo MG-DM80c de 8W, dise\u00f1ada para iluminaci\u00f3n moderna en interiores. Con un LED COB, carcasa de aluminio y compatibilidad con voltajes amplios, este accesorio LED empotrado en suelo ofrece una iluminaci\u00f3n eficiente, brillante y duradera para techos, caminos y dise\u00f1os interiores.<\/p>","protected":false},"featured_media":37288,"comment_status":"open","ping_status":"closed","template":"","meta":[],"product_brand":[],"product_cat":[99,100,426,427,428,439,429,440,430,441,431,442,443,432,433,444,464,445,446,434,435,436,437],"product_tag":[102,103,76,111,109,114,115],"class_list":{"0":"post-38034","1":"product","2":"type-product","3":"status-publish","4":"has-post-thumbnail","6":"product_cat-039-series","7":"product_cat-aluminum-ground-light","8":"product_cat-ceiling-recessed","9":"product_cat-ceiling-surface","10":"product_cat-ceiling-suspended","11":"product_cat-commercial","12":"product_cat-drivers","13":"product_cat-education","14":"product_cat-freestanding-light","15":"product_cat-hospitality","16":"product_cat-industrial","17":"product_cat-infrastructure","18":"product_cat-landscape","19":"product_cat-landscaping","20":"product_cat-linear","21":"product_cat-office","22":"product_cat-c-outdoor-lighting","23":"product_cat-residential","24":"product_cat-retail","25":"product_cat-table-lamp","26":"product_cat-track","27":"product_cat-wall-recessed","28":"product_cat-wall-surface","29":"product_tag-039-series","30":"product_tag-aluminum-ground-light","31":"product_tag-aluminum-housing","32":"product_tag-garden-lighting","33":"product_tag-led-fixture","34":"product_tag-pathway-light","35":"product_tag-recessed-light","37":"first","38":"instock","39":"shipping-taxable","40":"product-type-simple"},"_links":{"self":[{"href":"https:\/\/ledsteplight.com\/es\/wp-json\/wp\/v2\/product\/38034","targetHints":{"allow":["GET"]}}],"collection":[{"href":"https:\/\/ledsteplight.com\/es\/wp-json\/wp\/v2\/product"}],"about":[{"href":"https:\/\/ledsteplight.com\/es\/wp-json\/wp\/v2\/types\/product"}],"replies":[{"embeddable":true,"href":"https:\/\/ledsteplight.com\/es\/wp-json\/wp\/v2\/comments?post=38034"}],"version-history":[{"count":3,"href":"https:\/\/ledsteplight.com\/es\/wp-json\/wp\/v2\/product\/38034\/revisions"}],"predecessor-version":[{"id":38620,"href":"https:\/\/ledsteplight.com\/es\/wp-json\/wp\/v2\/product\/38034\/revisions\/38620"}],"wp:featuredmedia":[{"embeddable":true,"href":"https:\/\/ledsteplight.com\/es\/wp-json\/wp\/v2\/media\/37288"}],"wp:attachment":[{"href":"https:\/\/ledsteplight.com\/es\/wp-json\/wp\/v2\/media?parent=38034"}],"wp:term":[{"taxonomy":"product_brand","embeddable":true,"href":"https:\/\/ledsteplight.com\/es\/wp-json\/wp\/v2\/product_brand?post=38034"},{"taxonomy":"product_cat","embeddable":true,"href":"https:\/\/ledsteplight.com\/es\/wp-json\/wp\/v2\/product_cat?post=38034"},{"taxonomy":"product_tag","embeddable":true,"href":"https:\/\/ledsteplight.com\/es\/wp-json\/wp\/v2\/product_tag?post=38034"}],"curies":[{"name":"wp","href":"https:\/\/api.w.org\/{rel}","templated":true}]}}