{"id":38035,"date":"2025-09-08T13:04:18","date_gmt":"2025-09-08T13:04:18","guid":{"rendered":"https:\/\/ledsteplight.com\/import-placeholder-for-37193\/"},"modified":"2026-01-19T02:14:23","modified_gmt":"2026-01-19T02:14:23","slug":"gyd038pc-premium-indoor-led-ground-light-recessed-floor-lighting","status":"publish","type":"product","link":"https:\/\/ledsteplight.com\/es\/gyd038pc-premium-indoor-led-ground-light-recessed-floor-lighting\/","title":{"rendered":"GYD038PC Luz LED de suelo de interior premium | Iluminaci\u00f3n empotrada en el suelo"},"content":{"rendered":"<table class=\"OxEWNITQ\">\n<thead>\n<tr>\n<th><strong>Par\u00e1metro<\/strong><\/th>\n<th><strong>Especificaci\u00f3n<\/strong><\/th>\n<\/tr>\n<\/thead>\n<tbody>\n<tr>\n<td><strong>Modelo del producto<\/strong><\/td>\n<td>Serie MG-GYD038PC<\/td>\n<\/tr>\n<tr>\n<td><strong>Dimensiones del producto<\/strong><\/td>\n<td>L86<em>Ancho86<\/em>H28mm<\/td>\n<\/tr>\n<tr>\n<td><strong>Tama\u00f1o de corte<\/strong><\/td>\n<td>Caja preenterrada de 86 (Caja est\u00e1ndar de 86)<\/td>\n<\/tr>\n<tr>\n<td><strong>Control de Funciones<\/strong><\/td>\n<td>Humano <strong><a href=\"https:\/\/ledsteplight.com\/es\/las-principales-ventajas-de-la-luz-de-pasos-con-sensor-pir-para-la-seguridad\/\" class=\"waam-auto-link\" title=\"Sensor de movimiento\">Sensor de movimiento<\/a><\/strong> Sensor de movimiento y luz<\/td>\n<\/tr>\n<tr>\n<td><strong>Fuente de Luz<\/strong><\/td>\n<td>SMD (Dispositivo de montaje superficial)<\/td>\n<\/tr>\n<tr>\n<td><strong>Potencia<\/strong><\/td>\n<td>0.6W<\/td>\n<\/tr>\n<tr>\n<td><strong>Peso del Producto<\/strong><\/td>\n<td>0.25kg<\/td>\n<\/tr>\n<tr>\n<td><strong>Voltaje de entrada<\/strong><\/td>\n<td>100-240V, 50~60HZ<\/td>\n<\/tr>\n<tr>\n<td><strong>Driver<\/strong><\/td>\n<td>Integrado<\/td>\n<\/tr>\n<tr>\n<td><strong>\u00c1ngulo del Reflector<\/strong><\/td>\n<td>No especificado<\/td>\n<\/tr>\n<tr>\n<td><strong><strong><a href=\"https:\/\/ledsteplight.com\/es\/dm36b-pro-honeycomb-anti-glare-led-in-ground-light-ip67-24v-dc\/\" class=\"waam-auto-link\" title=\"Temperatura de Color\">Temperatura de Color<\/a><\/strong><\/strong><\/td>\n<td>3000K (Blanco c\u00e1lido)<\/td>\n<\/tr>\n<tr>\n<td><strong>Cableado\/Longitud\/Conector<\/strong><\/td>\n<td>No especificado (Cableado suficiente proporcionado)<\/td>\n<\/tr>\n<tr>\n<td><strong>Material<\/strong><\/td>\n<td>PC (Policarbonato)<\/td>\n<\/tr>\n<tr>\n<td><strong>Color\/Acabado<\/strong><\/td>\n<td>Blanco mate, Negro cristal, Gris m\u00edstico<\/td>\n<\/tr>\n<tr>\n<td><strong>Clasificaci\u00f3n IP<\/strong><\/td>\n<td>IP20 (Resistente al polvo)<\/td>\n<\/tr>\n<tr>\n<td><strong>M\u00e9todo de Instalaci\u00f3n<\/strong><\/td>\n<td>Empotrado embebido (Para techo o pared)<\/td>\n<\/tr>\n<\/tbody>\n<\/table>\n<p id=\"\">","protected":false},"excerpt":{"rendered":"<p>Actualiza tu interior con la luz de suelo LED premium GYD038PC. Dise\u00f1o empotrado elegante, construcci\u00f3n duradera y iluminaci\u00f3n eficiente para pasillos, vest\u00edbulos y espacios arquitect\u00f3nicos.<\/p>","protected":false},"featured_media":37289,"comment_status":"open","ping_status":"closed","template":"","meta":[],"product_brand":[],"product_cat":[116,99,100,426,427,428,439,429,440,430,441,431,442,443,432,433,444,464,445,446,434,435,436,437],"product_tag":[117,102,103,76,77,110,114,115],"class_list":{"0":"post-38035","1":"product","2":"type-product","3":"status-publish","4":"has-post-thumbnail","6":"product_cat-038-series","7":"product_cat-039-series","8":"product_cat-aluminum-ground-light","9":"product_cat-ceiling-recessed","10":"product_cat-ceiling-surface","11":"product_cat-ceiling-suspended","12":"product_cat-commercial","13":"product_cat-drivers","14":"product_cat-education","15":"product_cat-freestanding-light","16":"product_cat-hospitality","17":"product_cat-industrial","18":"product_cat-infrastructure","19":"product_cat-landscape","20":"product_cat-landscaping","21":"product_cat-linear","22":"product_cat-office","23":"product_cat-c-outdoor-lighting","24":"product_cat-residential","25":"product_cat-retail","26":"product_cat-table-lamp","27":"product_cat-track","28":"product_cat-wall-recessed","29":"product_cat-wall-surface","30":"product_tag-038-series","31":"product_tag-039-series","32":"product_tag-aluminum-ground-light","33":"product_tag-aluminum-housing","34":"product_tag-ground-light","35":"product_tag-landscape-light","36":"product_tag-pathway-light","37":"product_tag-recessed-light","39":"first","40":"instock","41":"shipping-taxable","42":"product-type-simple"},"_links":{"self":[{"href":"https:\/\/ledsteplight.com\/es\/wp-json\/wp\/v2\/product\/38035","targetHints":{"allow":["GET"]}}],"collection":[{"href":"https:\/\/ledsteplight.com\/es\/wp-json\/wp\/v2\/product"}],"about":[{"href":"https:\/\/ledsteplight.com\/es\/wp-json\/wp\/v2\/types\/product"}],"replies":[{"embeddable":true,"href":"https:\/\/ledsteplight.com\/es\/wp-json\/wp\/v2\/comments?post=38035"}],"version-history":[{"count":3,"href":"https:\/\/ledsteplight.com\/es\/wp-json\/wp\/v2\/product\/38035\/revisions"}],"predecessor-version":[{"id":38621,"href":"https:\/\/ledsteplight.com\/es\/wp-json\/wp\/v2\/product\/38035\/revisions\/38621"}],"wp:featuredmedia":[{"embeddable":true,"href":"https:\/\/ledsteplight.com\/es\/wp-json\/wp\/v2\/media\/37289"}],"wp:attachment":[{"href":"https:\/\/ledsteplight.com\/es\/wp-json\/wp\/v2\/media?parent=38035"}],"wp:term":[{"taxonomy":"product_brand","embeddable":true,"href":"https:\/\/ledsteplight.com\/es\/wp-json\/wp\/v2\/product_brand?post=38035"},{"taxonomy":"product_cat","embeddable":true,"href":"https:\/\/ledsteplight.com\/es\/wp-json\/wp\/v2\/product_cat?post=38035"},{"taxonomy":"product_tag","embeddable":true,"href":"https:\/\/ledsteplight.com\/es\/wp-json\/wp\/v2\/product_tag?post=38035"}],"curies":[{"name":"wp","href":"https:\/\/api.w.org\/{rel}","templated":true}]}}