{"id":38036,"date":"2025-09-08T13:04:18","date_gmt":"2025-09-08T13:04:18","guid":{"rendered":"https:\/\/ledsteplight.com\/import-placeholder-for-37194\/"},"modified":"2026-01-19T02:14:22","modified_gmt":"2026-01-19T02:14:22","slug":"1w-mini-led-inground-light-dc24v-ip65-outdoor-path-uplight","status":"publish","type":"product","link":"https:\/\/ledsteplight.com\/es\/1w-mini-led-inground-light-dc24v-ip65-outdoor-path-uplight\/","title":{"rendered":"Luz empotrada LED mini de 1W DC24V IP65 para exteriores, luz de camino y de subida"},"content":{"rendered":"<div class=\"flex max-w-full flex-col flex-grow\">\n<div class=\"min-h-8 text-message relative flex w-full flex-col items-end gap-2 whitespace-normal break-words text-start [.text-message+&amp;]:mt-5\" dir=\"auto\" data-message-author-role=\"assistant\" data-message-id=\"e3ab099c-e5cb-4f5f-bf42-b4820ed3f3de\" data-message-model-slug=\"o3-mini\">\n<div class=\"flex w-full flex-col gap-1 empty:hidden first:pt-[3px]\">\n<div class=\"markdown prose w-full break-words dark:prose-invert light\">\n<table data-start=\"69\" data-end=\"1691\" data-is-last-node=\"\" data-is-only-node=\"\">\n<thead data-start=\"69\" data-end=\"158\">\n<tr data-start=\"69\" data-end=\"158\">\n<th data-start=\"69\" data-end=\"96\"><strong data-start=\"71\" data-end=\"84\">Par\u00e1metro<\/strong><\/th>\n<th data-start=\"96\" data-end=\"158\"><strong data-start=\"98\" data-end=\"115\">Especificaci\u00f3n<\/strong><\/th>\n<\/tr>\n<\/thead>\n<tbody data-start=\"249\" data-end=\"1691\" data-is-last-node=\"\">\n<tr data-start=\"249\" data-end=\"338\">\n<td><strong data-start=\"251\" data-end=\"268\">Modelo del producto<\/strong><\/td>\n<td>MG-BD035-50C<\/td>\n<\/tr>\n<tr data-start=\"339\" data-end=\"428\">\n<td><strong data-start=\"341\" data-end=\"357\">Tama\u00f1o del producto<\/strong><\/td>\n<td>\u03c650 * H35mm<\/td>\n<\/tr>\n<tr data-start=\"429\" data-end=\"518\">\n<td><strong data-start=\"431\" data-end=\"443\">Tama\u00f1o de Corte<\/strong><\/td>\n<td>\u03c646 * H75mm (incluidas las dimensiones de la caja empotrada)<\/td>\n<\/tr>\n<tr data-start=\"519\" data-end=\"608\">\n<td><strong data-start=\"521\" data-end=\"541\">Control de Funciones<\/strong><\/td>\n<td>N\/A<\/td>\n<\/tr>\n<tr data-start=\"609\" data-end=\"698\">\n<td><strong data-start=\"611\" data-end=\"627\">Fuente de Luz<\/strong><\/td>\n<td>OSRAM \/ CREE \/ 3014 SMD<\/td>\n<\/tr>\n<tr data-start=\"699\" data-end=\"788\">\n<td><strong data-start=\"701\" data-end=\"710\">Vatios<\/strong><\/td>\n<td>1W (350mA)<\/td>\n<\/tr>\n<tr data-start=\"789\" data-end=\"878\">\n<td><strong data-start=\"791\" data-end=\"801\">Peso<\/strong><\/td>\n<td>0.45kg<\/td>\n<\/tr>\n<tr data-start=\"879\" data-end=\"970\">\n<td><strong data-start=\"881\" data-end=\"893\">Entrada de CA<\/strong><\/td>\n<td>100-240V, 50-60Hz \/ DC12\/24V<\/td>\n<\/tr>\n<tr data-start=\"971\" data-end=\"1060\">\n<td><strong data-start=\"973\" data-end=\"983\">Driver<\/strong><\/td>\n<td>DC24V<\/td>\n<\/tr>\n<tr data-start=\"1061\" data-end=\"1150\">\n<td><strong data-start=\"1063\" data-end=\"1082\">\u00c1ngulo del Reflector<\/strong><\/td>\n<td>N\/A<\/td>\n<\/tr>\n<tr data-start=\"1151\" data-end=\"1241\">\n<td><strong data-start=\"1153\" data-end=\"1174\">Temperatura de Color<\/strong><\/td>\n<td>3000K, 4000K, 5700K<\/td>\n<\/tr>\n<tr data-start=\"1242\" data-end=\"1331\">\n<td><strong data-start=\"1244\" data-end=\"1258\">Conexi\u00f3n<\/strong><\/td>\n<td>N\/A<\/td>\n<\/tr>\n<tr data-start=\"1332\" data-end=\"1421\">\n<td><strong data-start=\"1334\" data-end=\"1346\">Material<\/strong><\/td>\n<td>Aluminio<\/td>\n<\/tr>\n<tr data-start=\"1422\" data-end=\"1511\">\n<td><strong data-start=\"1424\" data-end=\"1433\">Color<\/strong><\/td>\n<td>Blanco, Negro<\/td>\n<\/tr>\n<tr data-start=\"1512\" data-end=\"1601\">\n<td><strong data-start=\"1514\" data-end=\"1520\">IP<\/strong><\/td>\n<td>IP65<\/td>\n<\/tr>\n<tr data-start=\"1602\" data-end=\"1691\" data-is-last-node=\"\">\n<td><strong data-start=\"1604\" data-end=\"1620\">Instalaci\u00f3n<\/strong><\/td>\n<td>Empotrado (con componentes embebidos)<\/td>\n<\/tr>\n<\/tbody>\n<\/table>\n<p data-path-to-node=\"14\"><b>MG-BD035-50C<\/b>, un producto premium <b>Mini Luz LED Empotrable de 1W<\/b> dise\u00f1ada para la arquitectura moderna. Como una soluci\u00f3n vers\u00e1til para <b><strong><a href=\"https:\/\/ledsteplight.com\/es\/5w-led-in-ground-lights-ip65-waterproof-outdoor-driveway-garden-floor-lighting\/\" class=\"waam-auto-link\" title=\"iluminaci\u00f3n exterior de suelo\">iluminaci\u00f3n exterior de suelo<\/a><\/strong><\/b>, esta luminaria ofrece una est\u00e9tica refinada para pasarelas, jardines y terrazas. Ya sea que necesite <b>iluminaci\u00f3n de senderos de jard\u00edn<\/b> o sutil <b>iluminaci\u00f3n ascendente de jardines<\/b> para \u00e1rboles y paredes, esta unidad compacta garantiza un alto rendimiento.<\/p>\n<p data-path-to-node=\"15\"><b>Caracter\u00edsticas y Beneficios Clave<\/b><\/p>\n<ul data-path-to-node=\"16\">\n<li>\n<p data-path-to-node=\"16,0,0\"><b>Seguridad de Bajo Voltaje:<\/b> Operando con <b>DC12V\/24V<\/b>, esta luminaria se encuentra bajo <b>bajo voltaje <strong><a href=\"https:\/\/ledsteplight.com\/es\/the-ultimate-guide-to-led-landscape-lighting-design-installation-and-costs\/\" class=\"waam-auto-link\" title=\"de iluminaci\u00f3n de paisaje LED\">de iluminaci\u00f3n de paisaje LED<\/a><\/strong><\/b>, lo que garantiza la seguridad de ni\u00f1os y mascotas al tiempo que reduce los costos de energ\u00eda. Es compatible con <b>iluminaci\u00f3n de jardines de 12v est\u00e1ndar<\/b> sistemas.<\/p>\n<\/li>\n<li>\n<p data-path-to-node=\"16,1,0\"><b>Durabilidad y protecci\u00f3n:<\/b> Fabricado con aluminio de alta calidad con una <b>clasificaci\u00f3n impermeable IP65<\/b> clasificaci\u00f3n, estas <b><strong><a href=\"https:\/\/ledsteplight.com\/es\/mistakes-to-avoid-when-installing-in-ground-driveway-lights\/\" class=\"waam-auto-link\" title=\"luces de suelo para exteriores\">luces de suelo para exteriores<\/a><\/strong><\/b> est\u00e1n construidas para resistir la lluvia, el polvo y las duras condiciones clim\u00e1ticas. Ideal para <b>proyectos de iluminaci\u00f3n de paisaje a prueba de agua<\/b> .<\/p>\n<\/li>\n<li>\n<p data-path-to-node=\"16,2,0\"><b>Fuente de luz premium:<\/b> Equipado con <b>OSRAM \/ CREE \/ 3014 SMD<\/b> chips de primer nivel, que proporcionan una salida estable en 3000K (Blanco c\u00e1lido), 4000K (Blanco natural) o 5700K (Blanco fr\u00edo) para que coincida con su <b>dise\u00f1o de iluminaci\u00f3n de paisaje contempor\u00e1neo<\/b> .<\/p>\n<\/li>\n<li>\n<p data-path-to-node=\"16,3,0\"><b>F\u00e1cil instalaci\u00f3n:<\/b> Dise\u00f1ado como <b>luces empotradas en el suelo<\/b>, la unidad viene con una caja integrada (Tama\u00f1o de corte: \u03c646 * H75mm) para una instalaci\u00f3n segura en hormig\u00f3n, adoquines o terrazas de madera.<\/p>\n<\/li>\n<\/ul>\n<\/div>\n<\/div>\n<\/div>\n<\/div>\n<p>&nbsp;<\/p>","protected":false},"excerpt":{"rendered":"<p>Tienda MG-BD035-50C Luz LED empotrada mini de 1W. Resistente al agua IP65, bajo voltaje DC12V\/24V seguridad. Perfectas luces de suelo de aluminio para exteriores para caminos, jardines y terrazas<\/p>","protected":false},"featured_media":37297,"comment_status":"open","ping_status":"closed","template":"","meta":[],"product_brand":[],"product_cat":[100,426,427,428,439,429,440,430,441,431,442,443,432,433,444,112,464,445,446,106,434,435,128,436,437],"product_tag":[103,76,77,113,78,108,129],"class_list":{"0":"post-38036","1":"product","2":"type-product","3":"status-publish","4":"has-post-thumbnail","6":"product_cat-aluminum-ground-light","7":"product_cat-ceiling-recessed","8":"product_cat-ceiling-surface","9":"product_cat-ceiling-suspended","10":"product_cat-commercial","11":"product_cat-drivers","12":"product_cat-education","13":"product_cat-freestanding-light","14":"product_cat-hospitality","15":"product_cat-industrial","16":"product_cat-infrastructure","17":"product_cat-landscape","18":"product_cat-landscaping","19":"product_cat-linear","20":"product_cat-office","21":"product_cat-outdoor-ground-light","22":"product_cat-c-outdoor-lighting","23":"product_cat-residential","24":"product_cat-retail","25":"product_cat-round-ground-light","26":"product_cat-table-lamp","27":"product_cat-track","28":"product_cat-wall-light-series","29":"product_cat-wall-recessed","30":"product_cat-wall-surface","31":"product_tag-aluminum-ground-light","32":"product_tag-aluminum-housing","33":"product_tag-ground-light","34":"product_tag-outdoor-ground-light","35":"product_tag-outdoor-lighting","36":"product_tag-round-ground-light","37":"product_tag-wall-light-series","39":"first","40":"instock","41":"featured","42":"downloadable","43":"shipping-taxable","44":"product-type-simple"},"_links":{"self":[{"href":"https:\/\/ledsteplight.com\/es\/wp-json\/wp\/v2\/product\/38036","targetHints":{"allow":["GET"]}}],"collection":[{"href":"https:\/\/ledsteplight.com\/es\/wp-json\/wp\/v2\/product"}],"about":[{"href":"https:\/\/ledsteplight.com\/es\/wp-json\/wp\/v2\/types\/product"}],"replies":[{"embeddable":true,"href":"https:\/\/ledsteplight.com\/es\/wp-json\/wp\/v2\/comments?post=38036"}],"version-history":[{"count":3,"href":"https:\/\/ledsteplight.com\/es\/wp-json\/wp\/v2\/product\/38036\/revisions"}],"predecessor-version":[{"id":38622,"href":"https:\/\/ledsteplight.com\/es\/wp-json\/wp\/v2\/product\/38036\/revisions\/38622"}],"wp:featuredmedia":[{"embeddable":true,"href":"https:\/\/ledsteplight.com\/es\/wp-json\/wp\/v2\/media\/37297"}],"wp:attachment":[{"href":"https:\/\/ledsteplight.com\/es\/wp-json\/wp\/v2\/media?parent=38036"}],"wp:term":[{"taxonomy":"product_brand","embeddable":true,"href":"https:\/\/ledsteplight.com\/es\/wp-json\/wp\/v2\/product_brand?post=38036"},{"taxonomy":"product_cat","embeddable":true,"href":"https:\/\/ledsteplight.com\/es\/wp-json\/wp\/v2\/product_cat?post=38036"},{"taxonomy":"product_tag","embeddable":true,"href":"https:\/\/ledsteplight.com\/es\/wp-json\/wp\/v2\/product_tag?post=38036"}],"curies":[{"name":"wp","href":"https:\/\/api.w.org\/{rel}","templated":true}]}}