{"id":38039,"date":"2025-09-08T13:04:18","date_gmt":"2025-09-08T13:04:18","guid":{"rendered":"https:\/\/ledsteplight.com\/import-placeholder-for-37209\/"},"modified":"2026-01-19T02:14:21","modified_gmt":"2026-01-19T02:14:21","slug":"sn039-18525-luz-de-suelo-led-exterior-fabricante-de-iluminacion-de-paisajes-y-caminos","status":"publish","type":"product","link":"https:\/\/ledsteplight.com\/es\/sn039-18525-luz-de-suelo-led-exterior-fabricante-de-iluminacion-de-paisajes-y-caminos\/","title":{"rendered":"SN039-18525 Luz de suelo LED exterior | Fabricante de iluminaci\u00f3n de paisajes y caminos"},"content":{"rendered":"<table data-start=\"98\" data-end=\"1501\">\n<thead data-start=\"98\" data-end=\"185\">\n<tr data-start=\"98\" data-end=\"185\">\n<th data-start=\"98\" data-end=\"126\"><strong data-start=\"100\" data-end=\"113\">Par\u00e1metro<\/strong><\/th>\n<th data-start=\"126\" data-end=\"185\"><strong data-start=\"128\" data-end=\"145\">Especificaci\u00f3n<\/strong><\/th>\n<\/tr>\n<\/thead>\n<tbody data-start=\"274\" data-end=\"1501\">\n<tr data-start=\"274\" data-end=\"361\">\n<td><strong data-start=\"276\" data-end=\"293\">Modelo del producto<\/strong><\/td>\n<td>MG-SN039-18525<\/td>\n<\/tr>\n<tr data-start=\"362\" data-end=\"449\">\n<td><strong data-start=\"364\" data-end=\"380\">Tama\u00f1o del producto<\/strong><\/td>\n<td>\u00d839mm x H185mm<\/td>\n<\/tr>\n<tr data-start=\"450\" data-end=\"537\">\n<td><strong data-start=\"452\" data-end=\"468\">Tama\u00f1o de corte<\/strong><\/td>\n<td>\u00d835mm (aprox.)<\/td>\n<\/tr>\n<tr data-start=\"538\" data-end=\"625\">\n<td><strong data-start=\"540\" data-end=\"560\">Control de Funciones<\/strong><\/td>\n<td>Encendido\/Apagado; opci\u00f3n de atenuaci\u00f3n disponible<\/td>\n<\/tr>\n<tr data-start=\"626\" data-end=\"713\">\n<td><strong data-start=\"628\" data-end=\"644\">Fuente de Luz<\/strong><\/td>\n<td>LED CREE de alta eficiencia<\/td>\n<\/tr>\n<tr data-start=\"714\" data-end=\"799\">\n<td><strong data-start=\"716\" data-end=\"727\">Potencia<\/strong><\/td>\n<td>6W<\/td>\n<\/tr>\n<tr data-start=\"800\" data-end=\"887\">\n<td><strong data-start=\"802\" data-end=\"812\">Peso<\/strong><\/td>\n<td>0,45kg (aprox.)<\/td>\n<\/tr>\n<tr data-start=\"888\" data-end=\"975\">\n<td><strong data-start=\"890\" data-end=\"902\">Entrada de CA<\/strong><\/td>\n<td>100-240V, 50-60Hz<\/td>\n<\/tr>\n<tr data-start=\"976\" data-end=\"1063\">\n<td><strong data-start=\"978\" data-end=\"988\">Driver<\/strong><\/td>\n<td>Driver integrado<\/td>\n<\/tr>\n<tr data-start=\"1064\" data-end=\"1151\">\n<td><strong data-start=\"1066\" data-end=\"1087\"><strong><a href=\"https:\/\/ledsteplight.com\/es\/dm36b-pro-honeycomb-anti-glare-led-in-ground-light-ip67-24v-dc\/\" class=\"waam-auto-link\" title=\"Temperatura de Color\">Temperatura de Color<\/a><\/strong><\/strong><\/td>\n<td>3000K, 4000K, 5700K<\/td>\n<\/tr>\n<tr data-start=\"1152\" data-end=\"1239\">\n<td><strong data-start=\"1154\" data-end=\"1166\">Material<\/strong><\/td>\n<td>Aleaci\u00f3n de aluminio<\/td>\n<\/tr>\n<tr data-start=\"1240\" data-end=\"1327\">\n<td><strong data-start=\"1242\" data-end=\"1259\">Opciones de color<\/strong><\/td>\n<td>Blanco \/ Negro<\/td>\n<\/tr>\n<tr data-start=\"1328\" data-end=\"1413\">\n<td><strong data-start=\"1330\" data-end=\"1343\">Clasificaci\u00f3n IP<\/strong><\/td>\n<td>IP65<\/td>\n<\/tr>\n<tr data-start=\"1414\" data-end=\"1501\">\n<td><strong data-start=\"1416\" data-end=\"1432\">Instalaci\u00f3n<\/strong><\/td>\n<td>Montaje empotrado en el suelo<\/td>\n<\/tr>\n<\/tbody>\n<\/table>\n<p data-start=\"876\" data-end=\"1288\"><strong data-start=\"880\" data-end=\"920\">SN039-18525 LED Exterior <strong><a href=\"https:\/\/ledsteplight.com\/es\/5w-led-in-ground-lights-ip65-waterproof-outdoor-driveway-garden-floor-lighting\/\" class=\"waam-auto-link\" title=\"Luz de suelo\">Luz de suelo<\/a><\/strong><\/strong> est\u00e1 dise\u00f1ada para <strong data-start=\"937\" data-end=\"996\">paisaje, sendero, y <strong><a href=\"https:\/\/ledsteplight.com\/es\/cree-bridgelux-chip-ip65-led-fixture-for-garden-facade-lighting\/\" class=\"waam-auto-link\" title=\"iluminaci\u00f3n arquitect\u00f3nica\">iluminaci\u00f3n arquitect\u00f3nica<\/a><\/strong> proyectos<\/strong> que requieren durabilidad y elegancia. Con un <strong data-start=\"1039\" data-end=\"1065\">LED de 6W de alta eficiencia<\/strong> y <strong data-start=\"1070\" data-end=\"1100\">protecci\u00f3n impermeable IP67<\/strong>, ofrece luz brillante y uniforme <strong><a href=\"https:\/\/ledsteplight.com\/es\/las-principales-ventajas-de-la-luz-de-pasos-con-sensor-pir-para-la-seguridad\/\" class=\"waam-auto-link\" title=\"iluminaci\u00f3n\">iluminaci\u00f3n<\/a><\/strong> para <strong data-start=\"1144\" data-end=\"1196\">jardines, entradas de veh\u00edculos, patios y caminos exteriores<\/strong>. Su estructura robusta garantiza un rendimiento estable y resistencia a las condiciones clim\u00e1ticas y la corrosi\u00f3n.<\/p>\n<p data-start=\"1290\" data-end=\"1661\">Como fabricante profesional <strong data-start=\"1308\" data-end=\"1350\">Fabricante de luces de suelo LED en China<\/strong>, nos especializamos en <strong data-start=\"1369\" data-end=\"1420\">OEM, ODM, y soluciones personalizadas <strong><a href=\"https:\/\/ledsteplight.com\/es\/soluciones-efectivas-de-iluminacion-de-paisaje-de-bajo-voltaje-para-exteriores\/\" class=\"waam-auto-link\" title=\"iluminaci\u00f3n exterior\">iluminaci\u00f3n exterior<\/a><\/strong> soluciones<\/strong> para importadores, contratistas y dise\u00f1adores. El SN039-18525 ofrece una larga vida \u00fatil, dise\u00f1o de ahorro de energ\u00eda y acabado empotrado elegante\u2014ideal para <strong data-start=\"1564\" data-end=\"1624\">paisajes comerciales, hoteles y fachadas arquitect\u00f3nicas<\/strong> que buscan una iluminaci\u00f3n de alta calidad.<\/p>","protected":false},"excerpt":{"rendered":"<p>SN039-18525 Luz LED de suelo para exteriores de 6W para iluminaci\u00f3n de paisajes y caminos. Resistente al agua IP67, fabricante OEM\/ODM en China para proyectos arquitect\u00f3nicos exteriores.<\/p>","protected":false},"featured_media":37309,"comment_status":"open","ping_status":"closed","template":"","meta":[],"product_brand":[],"product_cat":[99,100,426,427,428,439,429,440,430,441,431,442,443,432,433,444,464,445,446,434,435,436,437],"product_tag":[102,103,76,77,78],"class_list":{"0":"post-38039","1":"product","2":"type-product","3":"status-publish","4":"has-post-thumbnail","6":"product_cat-039-series","7":"product_cat-aluminum-ground-light","8":"product_cat-ceiling-recessed","9":"product_cat-ceiling-surface","10":"product_cat-ceiling-suspended","11":"product_cat-commercial","12":"product_cat-drivers","13":"product_cat-education","14":"product_cat-freestanding-light","15":"product_cat-hospitality","16":"product_cat-industrial","17":"product_cat-infrastructure","18":"product_cat-landscape","19":"product_cat-landscaping","20":"product_cat-linear","21":"product_cat-office","22":"product_cat-c-outdoor-lighting","23":"product_cat-residential","24":"product_cat-retail","25":"product_cat-table-lamp","26":"product_cat-track","27":"product_cat-wall-recessed","28":"product_cat-wall-surface","29":"product_tag-039-series","30":"product_tag-aluminum-ground-light","31":"product_tag-aluminum-housing","32":"product_tag-ground-light","33":"product_tag-outdoor-lighting","35":"first","36":"instock","37":"shipping-taxable","38":"product-type-simple"},"_links":{"self":[{"href":"https:\/\/ledsteplight.com\/es\/wp-json\/wp\/v2\/product\/38039","targetHints":{"allow":["GET"]}}],"collection":[{"href":"https:\/\/ledsteplight.com\/es\/wp-json\/wp\/v2\/product"}],"about":[{"href":"https:\/\/ledsteplight.com\/es\/wp-json\/wp\/v2\/types\/product"}],"replies":[{"embeddable":true,"href":"https:\/\/ledsteplight.com\/es\/wp-json\/wp\/v2\/comments?post=38039"}],"version-history":[{"count":3,"href":"https:\/\/ledsteplight.com\/es\/wp-json\/wp\/v2\/product\/38039\/revisions"}],"predecessor-version":[{"id":38625,"href":"https:\/\/ledsteplight.com\/es\/wp-json\/wp\/v2\/product\/38039\/revisions\/38625"}],"wp:featuredmedia":[{"embeddable":true,"href":"https:\/\/ledsteplight.com\/es\/wp-json\/wp\/v2\/media\/37309"}],"wp:attachment":[{"href":"https:\/\/ledsteplight.com\/es\/wp-json\/wp\/v2\/media?parent=38039"}],"wp:term":[{"taxonomy":"product_brand","embeddable":true,"href":"https:\/\/ledsteplight.com\/es\/wp-json\/wp\/v2\/product_brand?post=38039"},{"taxonomy":"product_cat","embeddable":true,"href":"https:\/\/ledsteplight.com\/es\/wp-json\/wp\/v2\/product_cat?post=38039"},{"taxonomy":"product_tag","embeddable":true,"href":"https:\/\/ledsteplight.com\/es\/wp-json\/wp\/v2\/product_tag?post=38039"}],"curies":[{"name":"wp","href":"https:\/\/api.w.org\/{rel}","templated":true}]}}