{"id":38070,"date":"2025-09-08T13:04:26","date_gmt":"2025-09-08T13:04:26","guid":{"rendered":"https:\/\/ledsteplight.com\/import-placeholder-for-37210\/"},"modified":"2026-01-19T02:14:21","modified_gmt":"2026-01-19T02:14:21","slug":"mg-wb65130-led-wall-light-building-facade-hotel-lighting-manufacturer","status":"publish","type":"product","link":"https:\/\/ledsteplight.com\/es\/mg-wb65130-led-wall-light-building-facade-hotel-lighting-manufacturer\/","title":{"rendered":"L\u00e1mpara de pared LED MG-WB65130 | Fachada de edificio y fabricante de iluminaci\u00f3n hotelera"},"content":{"rendered":"<table data-start=\"123\" data-end=\"1444\">\n<thead data-start=\"123\" data-end=\"210\">\n<tr data-start=\"123\" data-end=\"210\">\n<th data-start=\"123\" data-end=\"152\"><strong data-start=\"125\" data-end=\"138\">Par\u00e1metro<\/strong><\/th>\n<th data-start=\"152\" data-end=\"210\"><strong data-start=\"154\" data-end=\"183\">Especificaci\u00f3n\/Descripci\u00f3n<\/strong><\/th>\n<\/tr>\n<\/thead>\n<tbody data-start=\"299\" data-end=\"1444\">\n<tr data-start=\"299\" data-end=\"386\">\n<td><strong data-start=\"301\" data-end=\"318\">Modelo del producto<\/strong><\/td>\n<td>MG-WB65130<\/td>\n<\/tr>\n<tr data-start=\"387\" data-end=\"474\">\n<td><strong data-start=\"389\" data-end=\"409\">Categor\u00eda de Producto<\/strong><\/td>\n<td>Sistema de Iluminaci\u00f3n de Pared LED<\/td>\n<\/tr>\n<tr data-start=\"475\" data-end=\"562\">\n<td><strong data-start=\"477\" data-end=\"498\"><strong><a href=\"https:\/\/ledsteplight.com\/es\/dm36b-pro-honeycomb-anti-glare-led-in-ground-light-ip67-24v-dc\/\" class=\"waam-auto-link\" title=\"Voltaje de funcionamiento\">Voltaje de funcionamiento<\/a><\/strong><\/strong><\/td>\n<td>220-240V CA <em data-start=\"518\" data-end=\"535\">(valor de ejemplo)<\/em><\/td>\n<\/tr>\n<tr data-start=\"563\" data-end=\"650\">\n<td><strong data-start=\"565\" data-end=\"586\">Corriente de funcionamiento<\/strong><\/td>\n<td>\u2014 (No especificado)<\/td>\n<\/tr>\n<tr data-start=\"651\" data-end=\"738\">\n<td><strong data-start=\"653\" data-end=\"674\">Consumo de energ\u00eda<\/strong><\/td>\n<td>&lt; 65W <em data-start=\"688\" data-end=\"705\">(valor de ejemplo)<\/em><\/td>\n<\/tr>\n<tr data-start=\"739\" data-end=\"826\">\n<td><strong data-start=\"741\" data-end=\"757\">Salida de l\u00famenes<\/strong><\/td>\n<td>6500 lm <em data-start=\"778\" data-end=\"795\">(valor de ejemplo)<\/em><\/td>\n<\/tr>\n<tr data-start=\"827\" data-end=\"914\">\n<td><strong data-start=\"829\" data-end=\"850\">Temperatura de Color<\/strong><\/td>\n<td>4000K (Blanco neutro)<\/td>\n<\/tr>\n<tr data-start=\"915\" data-end=\"1002\">\n<td><strong data-start=\"917\" data-end=\"930\">Clasificaci\u00f3n IP<\/strong><\/td>\n<td>IP65 (Apto para aplicaciones interiores\/exteriores)<\/td>\n<\/tr>\n<tr data-start=\"1003\" data-end=\"1090\">\n<td><strong data-start=\"1005\" data-end=\"1030\">Temperatura de Funcionamiento<\/strong><\/td>\n<td>-10\u00b0C a +50\u00b0C<\/td>\n<\/tr>\n<tr data-start=\"1091\" data-end=\"1178\">\n<td><strong data-start=\"1093\" data-end=\"1107\">Dimensiones<\/strong><\/td>\n<td>\u2014 (No especificado)<\/td>\n<\/tr>\n<tr data-start=\"1179\" data-end=\"1266\">\n<td><strong data-start=\"1181\" data-end=\"1191\">Peso<\/strong><\/td>\n<td>\u2014 (No especificado)<\/td>\n<\/tr>\n<tr data-start=\"1267\" data-end=\"1354\">\n<td><strong data-start=\"1269\" data-end=\"1281\">Vida \u00fatil<\/strong><\/td>\n<td>Hasta 40.000 horas <em data-start=\"1317\" data-end=\"1334\">(valor de ejemplo)<\/em><\/td>\n<\/tr>\n<tr data-start=\"1355\" data-end=\"1444\">\n<td><strong data-start=\"1357\" data-end=\"1380\">Caracter\u00edsticas adicionales<\/strong><\/td>\n<td>Control inteligente, regulable, eficiente en energ\u00eda, dise\u00f1o robusto<\/td>\n<\/tr>\n<\/tbody>\n<\/table>\n<p data-start=\"723\" data-end=\"1139\"><strong data-start=\"727\" data-end=\"766\">Sistema de Iluminaci\u00f3n de Pared LED MG-WB65130<\/strong> est\u00e1 dise\u00f1ado para <strong data-start=\"785\" data-end=\"818\">moderno <strong><a href=\"https:\/\/ledsteplight.com\/es\/cree-bridgelux-chip-ip65-led-fixture-for-garden-facade-lighting\/\" class=\"waam-auto-link\" title=\"iluminaci\u00f3n arquitect\u00f3nica\">iluminaci\u00f3n arquitect\u00f3nica<\/a><\/strong><\/strong> en edificios comerciales, hoteles y espacios p\u00fablicos. Con una <strong data-start=\"883\" data-end=\"910\">LED de alta eficiencia de 65W<\/strong> con <strong data-start=\"916\" data-end=\"951\">salida de luz blanca neutra suave de 4000K<\/strong>, proporciona una limpieza uniforme de las paredes <strong><a href=\"https:\/\/ledsteplight.com\/es\/las-principales-ventajas-de-la-luz-de-pasos-con-sensor-pir-para-la-seguridad\/\" class=\"waam-auto-link\" title=\"iluminaci\u00f3n\">iluminaci\u00f3n<\/a><\/strong> que realza las texturas del edificio y la est\u00e9tica del dise\u00f1o. La <strong data-start=\"1058\" data-end=\"1073\">clasificaci\u00f3n IP65<\/strong> garantiza un uso confiable tanto en entornos interiores como exteriores.<\/p>\n<p data-start=\"1141\" data-end=\"1583\">Como fabricante profesional <strong data-start=\"1159\" data-end=\"1193\">Fabricante de iluminaci\u00f3n de pared LED<\/strong>, ofrecemos <strong data-start=\"1206\" data-end=\"1256\">Soluciones de iluminaci\u00f3n de fachada OEM, ODM y personalizadas<\/strong> para distribuidores de iluminaci\u00f3n, contratistas de ingenier\u00eda y dise\u00f1adores arquitect\u00f3nicos. El MG-WB65130 soporta <strong data-start=\"1362\" data-end=\"1391\">control inteligente y regulaci\u00f3n de intensidad<\/strong>, ofrece una vida \u00fatil de hasta 40,000 horas, y es ideal para <strong data-start=\"1451\" data-end=\"1535\">fachadas de edificios, exteriores de hoteles, pasillos, plazas y entornos paisaj\u00edsticos<\/strong> que requieren una iluminaci\u00f3n de pared de alto rendimiento.<\/p>","protected":false},"excerpt":{"rendered":"<p data-start=\"4282\" data-end=\"4724\">Luz de pared LED MG-WB65130 para fachadas de edificios y hoteles. 65W, IP65, iluminaci\u00f3n arquitect\u00f3nica moderna. Fabricante OEM\/ODM de sistemas de iluminaci\u00f3n exterior de paredes.<\/p>","protected":false},"featured_media":37312,"comment_status":"open","ping_status":"closed","template":"","meta":[],"product_brand":[],"product_cat":[100,426,427,428,439,429,440,118,430,441,431,442,443,432,433,444,464,445,446,434,435,436,437],"product_tag":[103,76,119,111,110,109,115],"class_list":{"0":"post-38070","1":"product","2":"type-product","3":"status-publish","4":"has-post-thumbnail","6":"product_cat-aluminum-ground-light","7":"product_cat-ceiling-recessed","8":"product_cat-ceiling-surface","9":"product_cat-ceiling-suspended","10":"product_cat-commercial","11":"product_cat-drivers","12":"product_cat-education","13":"product_cat-frameless-ground-light","14":"product_cat-freestanding-light","15":"product_cat-hospitality","16":"product_cat-industrial","17":"product_cat-infrastructure","18":"product_cat-landscape","19":"product_cat-landscaping","20":"product_cat-linear","21":"product_cat-office","22":"product_cat-c-outdoor-lighting","23":"product_cat-residential","24":"product_cat-retail","25":"product_cat-table-lamp","26":"product_cat-track","27":"product_cat-wall-recessed","28":"product_cat-wall-surface","29":"product_tag-aluminum-ground-light","30":"product_tag-aluminum-housing","31":"product_tag-frameless-ground-light","32":"product_tag-garden-lighting","33":"product_tag-landscape-light","34":"product_tag-led-fixture","35":"product_tag-recessed-light","37":"first","38":"instock","39":"shipping-taxable","40":"product-type-simple"},"_links":{"self":[{"href":"https:\/\/ledsteplight.com\/es\/wp-json\/wp\/v2\/product\/38070","targetHints":{"allow":["GET"]}}],"collection":[{"href":"https:\/\/ledsteplight.com\/es\/wp-json\/wp\/v2\/product"}],"about":[{"href":"https:\/\/ledsteplight.com\/es\/wp-json\/wp\/v2\/types\/product"}],"replies":[{"embeddable":true,"href":"https:\/\/ledsteplight.com\/es\/wp-json\/wp\/v2\/comments?post=38070"}],"version-history":[{"count":3,"href":"https:\/\/ledsteplight.com\/es\/wp-json\/wp\/v2\/product\/38070\/revisions"}],"predecessor-version":[{"id":38613,"href":"https:\/\/ledsteplight.com\/es\/wp-json\/wp\/v2\/product\/38070\/revisions\/38613"}],"wp:featuredmedia":[{"embeddable":true,"href":"https:\/\/ledsteplight.com\/es\/wp-json\/wp\/v2\/media\/37312"}],"wp:attachment":[{"href":"https:\/\/ledsteplight.com\/es\/wp-json\/wp\/v2\/media?parent=38070"}],"wp:term":[{"taxonomy":"product_brand","embeddable":true,"href":"https:\/\/ledsteplight.com\/es\/wp-json\/wp\/v2\/product_brand?post=38070"},{"taxonomy":"product_cat","embeddable":true,"href":"https:\/\/ledsteplight.com\/es\/wp-json\/wp\/v2\/product_cat?post=38070"},{"taxonomy":"product_tag","embeddable":true,"href":"https:\/\/ledsteplight.com\/es\/wp-json\/wp\/v2\/product_tag?post=38070"}],"curies":[{"name":"wp","href":"https:\/\/api.w.org\/{rel}","templated":true}]}}