{"id":38072,"date":"2025-09-08T13:04:26","date_gmt":"2025-09-08T13:04:26","guid":{"rendered":"https:\/\/ledsteplight.com\/import-placeholder-for-37212\/"},"modified":"2026-01-19T02:14:20","modified_gmt":"2026-01-19T02:14:20","slug":"sensor-de-luz-ambiental-inteligente-para-suelo-ip67-resistente-al-agua-fabricacion-personalizada-venta-al-por-mayor","status":"publish","type":"product","link":"https:\/\/ledsteplight.com\/es\/sensor-de-luz-ambiental-inteligente-para-suelo-ip67-resistente-al-agua-fabricacion-personalizada-venta-al-por-mayor\/","title":{"rendered":"Sensor de Luz Ambiental Inteligente para Suelo | Resistente al Agua IP67 | Fabricaci\u00f3n Personalizada y Venta al por Mayor"},"content":{"rendered":"<table data-start=\"129\" data-end=\"1382\">\n<thead data-start=\"129\" data-end=\"211\">\n<tr data-start=\"129\" data-end=\"211\">\n<th data-start=\"129\" data-end=\"158\"><strong data-start=\"131\" data-end=\"144\">Par\u00e1metro<\/strong><\/th>\n<th data-start=\"158\" data-end=\"211\"><strong data-start=\"160\" data-end=\"189\">Especificaci\u00f3n\/Descripci\u00f3n<\/strong><\/th>\n<\/tr>\n<\/thead>\n<tbody data-start=\"295\" data-end=\"1382\">\n<tr data-start=\"295\" data-end=\"377\">\n<td><strong data-start=\"297\" data-end=\"314\">Modelo del producto<\/strong><\/td>\n<td>MG-SN026<\/td>\n<\/tr>\n<tr data-start=\"378\" data-end=\"460\">\n<td><strong data-start=\"380\" data-end=\"400\">Categor\u00eda de Producto<\/strong><\/td>\n<td>Sensor de Luz Ambiental Inteligente<\/td>\n<\/tr>\n<tr data-start=\"461\" data-end=\"543\">\n<td><strong data-start=\"463\" data-end=\"484\"><strong><a href=\"https:\/\/ledsteplight.com\/es\/dm36b-pro-honeycomb-anti-glare-led-in-ground-light-ip67-24v-dc\/\" class=\"waam-auto-link\" title=\"Voltaje de funcionamiento\">Voltaje de funcionamiento<\/a><\/strong><\/strong><\/td>\n<td>12V DC <em data-start=\"499\" data-end=\"516\">(valor de ejemplo)<\/em><\/td>\n<\/tr>\n<tr data-start=\"544\" data-end=\"626\">\n<td><strong data-start=\"546\" data-end=\"567\">Corriente de funcionamiento<\/strong><\/td>\n<td>\u2014 (No especificado)<\/td>\n<\/tr>\n<tr data-start=\"627\" data-end=\"709\">\n<td><strong data-start=\"629\" data-end=\"650\">Consumo de energ\u00eda<\/strong><\/td>\n<td>&lt; 0.4W <em data-start=\"665\" data-end=\"682\">(valor de ejemplo)<\/em><\/td>\n<\/tr>\n<tr data-start=\"710\" data-end=\"792\">\n<td><strong data-start=\"712\" data-end=\"737\">Sensibilidad de Detecci\u00f3n<\/strong><\/td>\n<td>Alta sensibilidad con umbral ajustable<\/td>\n<\/tr>\n<tr data-start=\"793\" data-end=\"875\">\n<td><strong data-start=\"795\" data-end=\"812\">Tiempo de Respuesta<\/strong><\/td>\n<td>&lt; 0.15 seg <em data-start=\"835\" data-end=\"852\">(valor de ejemplo)<\/em><\/td>\n<\/tr>\n<tr data-start=\"876\" data-end=\"958\">\n<td><strong data-start=\"878\" data-end=\"891\">Clasificaci\u00f3n IP<\/strong><\/td>\n<td>IP67 (Resistente al agua y al polvo)<\/td>\n<\/tr>\n<tr data-start=\"959\" data-end=\"1041\">\n<td><strong data-start=\"961\" data-end=\"986\">Temperatura de Funcionamiento<\/strong><\/td>\n<td>-20\u00b0C a +60\u00b0C<\/td>\n<\/tr>\n<tr data-start=\"1042\" data-end=\"1124\">\n<td><strong data-start=\"1044\" data-end=\"1058\">Dimensiones<\/strong><\/td>\n<td>\u2014 (No especificado)<\/td>\n<\/tr>\n<tr data-start=\"1125\" data-end=\"1207\">\n<td><strong data-start=\"1127\" data-end=\"1137\">Peso<\/strong><\/td>\n<td>\u2014 (No especificado)<\/td>\n<\/tr>\n<tr data-start=\"1208\" data-end=\"1290\">\n<td><strong data-start=\"1210\" data-end=\"1222\">Vida \u00fatil<\/strong><\/td>\n<td>Hasta 50,000 horas <em data-start=\"1258\" data-end=\"1275\">(valor de ejemplo)<\/em><\/td>\n<\/tr>\n<tr data-start=\"1291\" data-end=\"1382\">\n<td><strong data-start=\"1293\" data-end=\"1316\">Caracter\u00edsticas adicionales<\/strong><\/td>\n<td>Integraci\u00f3n de control inteligente, eficiente en energ\u00eda, dise\u00f1o robusto<\/td>\n<\/tr>\n<\/tbody>\n<\/table>\n<p data-start=\"651\" data-end=\"1139\"><strong data-start=\"655\" data-end=\"707\">MG-SN026 Ambient Inteligente <strong><a href=\"https:\/\/ledsteplight.com\/es\/5w-led-in-ground-lights-ip65-waterproof-outdoor-driveway-garden-floor-lighting\/\" class=\"waam-auto-link\" title=\"Luz de suelo\">Luz de suelo<\/a><\/strong> Sensor<\/strong> est\u00e1 dise\u00f1ado para sistemas avanzados de <strong data-start=\"733\" data-end=\"767\">inteligente <strong><a href=\"https:\/\/ledsteplight.com\/es\/soluciones-efectivas-de-iluminacion-de-paisaje-de-bajo-voltaje-para-exteriores\/\" class=\"waam-auto-link\" title=\"iluminaci\u00f3n exterior\">iluminaci\u00f3n exterior<\/a><\/strong> <strong><a href=\"https:\/\/ledsteplight.com\/es\/guia-definitiva-de-soluciones-de-iluminacion-de-paisaje-empotrada\/\" class=\"waam-auto-link\" title=\"sistemas\">sistemas<\/a><\/strong><\/strong>, ofreciendo detecci\u00f3n de luz precisa y operaci\u00f3n eficiente en energ\u00eda. Con su <strong data-start=\"843\" data-end=\"863\">alta sensibilidad<\/strong> y tiempo de respuesta r\u00e1pido (&lt;0,15 seg), se ajusta autom\u00e1ticamente <strong><a href=\"https:\/\/ledsteplight.com\/es\/las-principales-ventajas-de-la-luz-de-pasos-con-sensor-pir-para-la-seguridad\/\" class=\"waam-auto-link\" title=\"iluminaci\u00f3n\">iluminaci\u00f3n<\/a><\/strong> seg\u00fan el brillo ambiental. El <strong data-start=\"971\" data-end=\"997\">clasificaci\u00f3n impermeable IP67<\/strong> garantiza un rendimiento fiable en entornos exteriores adversos, lo que lo hace ideal para jardines, caminos y <strong><a href=\"https:\/\/ledsteplight.com\/es\/cree-bridgelux-chip-ip65-led-fixture-for-garden-facade-lighting\/\" class=\"waam-auto-link\" title=\"iluminaci\u00f3n arquitect\u00f3nica\">iluminaci\u00f3n arquitect\u00f3nica<\/a><\/strong> arquitectura.<\/p>\n<p data-start=\"1141\" data-end=\"1511\">Como fabricante profesional <strong data-start=\"1159\" data-end=\"1192\">de luces LED de suelo<\/strong>, ofrecemos <strong data-start=\"1205\" data-end=\"1252\">Soluciones de iluminaci\u00f3n inteligente OEM y personalizadas<\/strong> para satisfacer diferentes necesidades de instalaci\u00f3n y dise\u00f1o. El MG-SN026 presenta bajo consumo de energ\u00eda (&lt;0.4W), larga vida \u00fatil de hasta <strong data-start=\"1375\" data-end=\"1391\">50.000 horas<\/strong>, e integraci\u00f3n perfecta con sistemas de control de iluminaci\u00f3n inteligentes\u2014perfecto para proyectos exteriores modernos y sostenibles.<\/p>","protected":false},"excerpt":{"rendered":"<p data-start=\"3636\" data-end=\"4116\">Sensor de luz ambiental inteligente MG-SN026. Resistente al agua IP67, alta sensibilidad, eficiente en energ\u00eda, fabricante OEM y personalizado de iluminaci\u00f3n para aplicaciones exteriores.<\/p>","protected":false},"featured_media":37320,"comment_status":"open","ping_status":"closed","template":"","meta":[],"product_brand":[],"product_cat":[100,426,427,428,439,429,440,430,441,431,442,443,432,433,444,112,464,445,446,434,435,436,437],"product_tag":[103,76,77,113,78],"class_list":{"0":"post-38072","1":"product","2":"type-product","3":"status-publish","4":"has-post-thumbnail","6":"product_cat-aluminum-ground-light","7":"product_cat-ceiling-recessed","8":"product_cat-ceiling-surface","9":"product_cat-ceiling-suspended","10":"product_cat-commercial","11":"product_cat-drivers","12":"product_cat-education","13":"product_cat-freestanding-light","14":"product_cat-hospitality","15":"product_cat-industrial","16":"product_cat-infrastructure","17":"product_cat-landscape","18":"product_cat-landscaping","19":"product_cat-linear","20":"product_cat-office","21":"product_cat-outdoor-ground-light","22":"product_cat-c-outdoor-lighting","23":"product_cat-residential","24":"product_cat-retail","25":"product_cat-table-lamp","26":"product_cat-track","27":"product_cat-wall-recessed","28":"product_cat-wall-surface","29":"product_tag-aluminum-ground-light","30":"product_tag-aluminum-housing","31":"product_tag-ground-light","32":"product_tag-outdoor-ground-light","33":"product_tag-outdoor-lighting","35":"first","36":"instock","37":"shipping-taxable","38":"product-type-simple"},"_links":{"self":[{"href":"https:\/\/ledsteplight.com\/es\/wp-json\/wp\/v2\/product\/38072","targetHints":{"allow":["GET"]}}],"collection":[{"href":"https:\/\/ledsteplight.com\/es\/wp-json\/wp\/v2\/product"}],"about":[{"href":"https:\/\/ledsteplight.com\/es\/wp-json\/wp\/v2\/types\/product"}],"replies":[{"embeddable":true,"href":"https:\/\/ledsteplight.com\/es\/wp-json\/wp\/v2\/comments?post=38072"}],"version-history":[{"count":3,"href":"https:\/\/ledsteplight.com\/es\/wp-json\/wp\/v2\/product\/38072\/revisions"}],"predecessor-version":[{"id":38615,"href":"https:\/\/ledsteplight.com\/es\/wp-json\/wp\/v2\/product\/38072\/revisions\/38615"}],"wp:featuredmedia":[{"embeddable":true,"href":"https:\/\/ledsteplight.com\/es\/wp-json\/wp\/v2\/media\/37320"}],"wp:attachment":[{"href":"https:\/\/ledsteplight.com\/es\/wp-json\/wp\/v2\/media?parent=38072"}],"wp:term":[{"taxonomy":"product_brand","embeddable":true,"href":"https:\/\/ledsteplight.com\/es\/wp-json\/wp\/v2\/product_brand?post=38072"},{"taxonomy":"product_cat","embeddable":true,"href":"https:\/\/ledsteplight.com\/es\/wp-json\/wp\/v2\/product_cat?post=38072"},{"taxonomy":"product_tag","embeddable":true,"href":"https:\/\/ledsteplight.com\/es\/wp-json\/wp\/v2\/product_tag?post=38072"}],"curies":[{"name":"wp","href":"https:\/\/api.w.org\/{rel}","templated":true}]}}