{"id":38073,"date":"2025-09-08T13:04:26","date_gmt":"2025-09-08T13:04:26","guid":{"rendered":"https:\/\/ledsteplight.com\/import-placeholder-for-37213\/"},"modified":"2026-01-19T02:14:20","modified_gmt":"2026-01-19T02:14:20","slug":"luces-de-suelo-inteligentes-personalizadas-con-sensor-de-modo-dual-fabricante-mayorista-ip67","status":"publish","type":"product","link":"https:\/\/ledsteplight.com\/es\/luces-de-suelo-inteligentes-personalizadas-con-sensor-de-modo-dual-fabricante-mayorista-ip67\/","title":{"rendered":"Luces de suelo inteligentes personalizadas con sensor de doble modo | Fabricante mayorista | IP67"},"content":{"rendered":"<table data-start=\"122\" data-end=\"1475\">\n<thead data-start=\"122\" data-end=\"210\">\n<tr data-start=\"122\" data-end=\"210\">\n<th data-start=\"122\" data-end=\"151\"><strong data-start=\"124\" data-end=\"137\">Par\u00e1metro<\/strong><\/th>\n<th data-start=\"151\" data-end=\"210\"><strong data-start=\"153\" data-end=\"182\">Especificaci\u00f3n\/Descripci\u00f3n<\/strong><\/th>\n<\/tr>\n<\/thead>\n<tbody data-start=\"300\" data-end=\"1475\">\n<tr data-start=\"300\" data-end=\"387\">\n<td><strong data-start=\"302\" data-end=\"319\">Modelo del producto<\/strong><\/td>\n<td>MG-SN027<\/td>\n<\/tr>\n<tr data-start=\"388\" data-end=\"476\">\n<td><strong data-start=\"390\" data-end=\"410\">Categor\u00eda de Producto<\/strong><\/td>\n<td>Sensor inteligente de doble modo<\/td>\n<\/tr>\n<tr data-start=\"477\" data-end=\"565\">\n<td><strong data-start=\"479\" data-end=\"500\"><strong><a href=\"https:\/\/ledsteplight.com\/es\/dm36b-pro-honeycomb-anti-glare-led-in-ground-light-ip67-24v-dc\/\" class=\"waam-auto-link\" title=\"Voltaje de funcionamiento\">Voltaje de funcionamiento<\/a><\/strong><\/strong><\/td>\n<td>12V DC <em data-start=\"515\" data-end=\"532\">(valor de ejemplo)<\/em><\/td>\n<\/tr>\n<tr data-start=\"566\" data-end=\"654\">\n<td><strong data-start=\"568\" data-end=\"589\">Corriente de funcionamiento<\/strong><\/td>\n<td>\u2014 (No especificado)<\/td>\n<\/tr>\n<tr data-start=\"655\" data-end=\"743\">\n<td><strong data-start=\"657\" data-end=\"678\">Consumo de energ\u00eda<\/strong><\/td>\n<td>&lt; 0.45W <em data-start=\"694\" data-end=\"711\">(valor de ejemplo)<\/em><\/td>\n<\/tr>\n<tr data-start=\"744\" data-end=\"832\">\n<td><strong data-start=\"746\" data-end=\"771\">Sensibilidad de Detecci\u00f3n<\/strong><\/td>\n<td>Detecci\u00f3n de modo dual (Ambiente y ocupaci\u00f3n)<\/td>\n<\/tr>\n<tr data-start=\"833\" data-end=\"921\">\n<td><strong data-start=\"835\" data-end=\"852\">Tiempo de Respuesta<\/strong><\/td>\n<td>&lt; 0.2 segundos <em data-start=\"878\" data-end=\"895\">(valor de ejemplo)<\/em><\/td>\n<\/tr>\n<tr data-start=\"922\" data-end=\"1010\">\n<td><strong data-start=\"924\" data-end=\"937\">Clasificaci\u00f3n IP<\/strong><\/td>\n<td>IP67 (Resistente al agua y al polvo)<\/td>\n<\/tr>\n<tr data-start=\"1011\" data-end=\"1099\">\n<td><strong data-start=\"1013\" data-end=\"1038\">Temperatura de Funcionamiento<\/strong><\/td>\n<td>-20\u00b0C a +60\u00b0C<\/td>\n<\/tr>\n<tr data-start=\"1100\" data-end=\"1188\">\n<td><strong data-start=\"1102\" data-end=\"1116\">Dimensiones<\/strong><\/td>\n<td>\u2014 (No especificado)<\/td>\n<\/tr>\n<tr data-start=\"1189\" data-end=\"1277\">\n<td><strong data-start=\"1191\" data-end=\"1201\">Peso<\/strong><\/td>\n<td>\u2014 (No especificado)<\/td>\n<\/tr>\n<tr data-start=\"1278\" data-end=\"1366\">\n<td><strong data-start=\"1280\" data-end=\"1292\">Vida \u00fatil<\/strong><\/td>\n<td>Hasta 50,000 horas <em data-start=\"1328\" data-end=\"1345\">(valor de ejemplo)<\/em><\/td>\n<\/tr>\n<tr data-start=\"1367\" data-end=\"1475\">\n<td><strong data-start=\"1369\" data-end=\"1392\">Caracter\u00edsticas adicionales<\/strong><\/td>\n<td>Umbral ajustable, integraci\u00f3n inteligente, respuesta r\u00e1pida, detecci\u00f3n de doble modo<\/td>\n<\/tr>\n<\/tbody>\n<\/table>\n<p data-start=\"655\" data-end=\"1075\"><strong data-start=\"659\" data-end=\"694\">Sensor inteligente de doble modo MG-SN027<\/strong> es una soluci\u00f3n de control avanzada dise\u00f1ada para <strong data-start=\"740\" data-end=\"780\">inteligente <strong><a href=\"https:\/\/ledsteplight.com\/es\/soluciones-efectivas-de-iluminacion-de-paisaje-de-bajo-voltaje-para-exteriores\/\" class=\"waam-auto-link\" title=\"iluminaci\u00f3n exterior\">iluminaci\u00f3n exterior<\/a><\/strong> sistemas<\/strong>. Con ambas <strong data-start=\"797\" data-end=\"838\">detecci\u00f3n de luz ambiental y ocupaci\u00f3n<\/strong>, ofrece una respuesta r\u00e1pida y eficiente en consumo de energ\u00eda <strong><a href=\"https:\/\/ledsteplight.com\/es\/las-principales-ventajas-de-la-luz-de-pasos-con-sensor-pir-para-la-seguridad\/\" class=\"waam-auto-link\" title=\"iluminaci\u00f3n\">iluminaci\u00f3n<\/a><\/strong> para caminos, jardines y espacios arquitect\u00f3nicos. Con su <strong data-start=\"955\" data-end=\"995\">dise\u00f1o a prueba de agua y polvo IP67<\/strong>, el sensor garantiza un funcionamiento confiable incluso en condiciones clim\u00e1ticas extremas.<\/p>\n<p data-start=\"1077\" data-end=\"1509\">Como fabricante profesional <strong data-start=\"1095\" data-end=\"1124\">Fabricante de iluminaci\u00f3n LED<\/strong>, ofrecemos <strong data-start=\"1137\" data-end=\"1178\">Soluciones OEM y personalizadas de sensores inteligentes<\/strong> para diversos proyectos de iluminaci\u00f3n. El MG-SN027 funciona con energ\u00eda de 12V DC, consume menos de 0.45W y reacciona en 0.2 segundos para un rendimiento instant\u00e1neo. Dise\u00f1ado para una estabilidad a largo plazo con una <strong data-start=\"1367\" data-end=\"1398\">vida \u00fatil de hasta 50,000 horas<\/strong>, es ideal para paisajismo moderno y <strong><a href=\"https:\/\/ledsteplight.com\/es\/cree-bridgelux-chip-ip65-led-fixture-for-garden-facade-lighting\/\" class=\"waam-auto-link\" title=\"iluminaci\u00f3n arquitect\u00f3nica\">iluminaci\u00f3n arquitect\u00f3nica<\/a><\/strong> aplicaciones que requieren precisi\u00f3n y durabilidad.<\/p>","protected":false},"excerpt":{"rendered":"<p data-start=\"4046\" data-end=\"4490\">Sensor inteligente de modo dual MG-SN027 para iluminaci\u00f3n LED. Resistente al agua IP67, detecci\u00f3n de movimiento y ambiente, 12V DC, fabricante OEM\/personalizado para sistemas de control inteligentes para exteriores.<\/p>","protected":false},"featured_media":37322,"comment_status":"open","ping_status":"closed","template":"","meta":[],"product_brand":[],"product_cat":[100,426,427,428,439,429,440,430,441,431,442,443,432,433,444,112,464,445,446,434,435,436,437],"product_tag":[103,76,110,109,113,78,115],"class_list":{"0":"post-38073","1":"product","2":"type-product","3":"status-publish","4":"has-post-thumbnail","6":"product_cat-aluminum-ground-light","7":"product_cat-ceiling-recessed","8":"product_cat-ceiling-surface","9":"product_cat-ceiling-suspended","10":"product_cat-commercial","11":"product_cat-drivers","12":"product_cat-education","13":"product_cat-freestanding-light","14":"product_cat-hospitality","15":"product_cat-industrial","16":"product_cat-infrastructure","17":"product_cat-landscape","18":"product_cat-landscaping","19":"product_cat-linear","20":"product_cat-office","21":"product_cat-outdoor-ground-light","22":"product_cat-c-outdoor-lighting","23":"product_cat-residential","24":"product_cat-retail","25":"product_cat-table-lamp","26":"product_cat-track","27":"product_cat-wall-recessed","28":"product_cat-wall-surface","29":"product_tag-aluminum-ground-light","30":"product_tag-aluminum-housing","31":"product_tag-landscape-light","32":"product_tag-led-fixture","33":"product_tag-outdoor-ground-light","34":"product_tag-outdoor-lighting","35":"product_tag-recessed-light","37":"first","38":"instock","39":"shipping-taxable","40":"product-type-simple"},"_links":{"self":[{"href":"https:\/\/ledsteplight.com\/es\/wp-json\/wp\/v2\/product\/38073","targetHints":{"allow":["GET"]}}],"collection":[{"href":"https:\/\/ledsteplight.com\/es\/wp-json\/wp\/v2\/product"}],"about":[{"href":"https:\/\/ledsteplight.com\/es\/wp-json\/wp\/v2\/types\/product"}],"replies":[{"embeddable":true,"href":"https:\/\/ledsteplight.com\/es\/wp-json\/wp\/v2\/comments?post=38073"}],"version-history":[{"count":3,"href":"https:\/\/ledsteplight.com\/es\/wp-json\/wp\/v2\/product\/38073\/revisions"}],"predecessor-version":[{"id":38616,"href":"https:\/\/ledsteplight.com\/es\/wp-json\/wp\/v2\/product\/38073\/revisions\/38616"}],"wp:featuredmedia":[{"embeddable":true,"href":"https:\/\/ledsteplight.com\/es\/wp-json\/wp\/v2\/media\/37322"}],"wp:attachment":[{"href":"https:\/\/ledsteplight.com\/es\/wp-json\/wp\/v2\/media?parent=38073"}],"wp:term":[{"taxonomy":"product_brand","embeddable":true,"href":"https:\/\/ledsteplight.com\/es\/wp-json\/wp\/v2\/product_brand?post=38073"},{"taxonomy":"product_cat","embeddable":true,"href":"https:\/\/ledsteplight.com\/es\/wp-json\/wp\/v2\/product_cat?post=38073"},{"taxonomy":"product_tag","embeddable":true,"href":"https:\/\/ledsteplight.com\/es\/wp-json\/wp\/v2\/product_tag?post=38073"}],"curies":[{"name":"wp","href":"https:\/\/api.w.org\/{rel}","templated":true}]}}