{"id":38074,"date":"2025-09-08T13:04:26","date_gmt":"2025-09-08T13:04:26","guid":{"rendered":"https:\/\/ledsteplight.com\/import-placeholder-for-37225\/"},"modified":"2026-01-19T02:14:19","modified_gmt":"2026-01-19T02:14:19","slug":"sensor-de-movimiento-exterior-gyd027-luz-de-suelo-86-fabrica-oem","status":"publish","type":"product","link":"https:\/\/ledsteplight.com\/es\/sensor-de-movimiento-exterior-gyd027-luz-de-suelo-86-fabrica-oem\/","title":{"rendered":"Sensor de movimiento exterior GYD027 Luz de suelo 86 | F\u00e1brica OEM"},"content":{"rendered":"<table data-start=\"132\" data-end=\"1461\">\n<thead data-start=\"132\" data-end=\"219\">\n<tr data-start=\"132\" data-end=\"219\">\n<th data-start=\"132\" data-end=\"161\"><strong data-start=\"134\" data-end=\"147\">Par\u00e1metro<\/strong><\/th>\n<th data-start=\"161\" data-end=\"219\"><strong data-start=\"163\" data-end=\"192\">Especificaci\u00f3n\/Descripci\u00f3n<\/strong><\/th>\n<\/tr>\n<\/thead>\n<tbody data-start=\"308\" data-end=\"1461\">\n<tr data-start=\"308\" data-end=\"395\">\n<td><strong data-start=\"310\" data-end=\"327\">Modelo del producto<\/strong><\/td>\n<td>MG-GYD027<\/td>\n<\/tr>\n<tr data-start=\"396\" data-end=\"483\">\n<td><strong data-start=\"398\" data-end=\"418\">Categor\u00eda de Producto<\/strong><\/td>\n<td>Aplique de suelo con LED<\/td>\n<\/tr>\n<tr data-start=\"484\" data-end=\"571\">\n<td><strong data-start=\"486\" data-end=\"507\"><strong><a href=\"https:\/\/ledsteplight.com\/es\/dm36b-pro-honeycomb-anti-glare-led-in-ground-light-ip67-24v-dc\/\" class=\"waam-auto-link\" title=\"Voltaje de funcionamiento\">Voltaje de funcionamiento<\/a><\/strong><\/strong><\/td>\n<td>24V DC <em data-start=\"522\" data-end=\"539\">(valor de ejemplo)<\/em><\/td>\n<\/tr>\n<tr data-start=\"572\" data-end=\"659\">\n<td><strong data-start=\"574\" data-end=\"595\">Corriente de funcionamiento<\/strong><\/td>\n<td>\u2014 (No especificado)<\/td>\n<\/tr>\n<tr data-start=\"660\" data-end=\"747\">\n<td><strong data-start=\"662\" data-end=\"683\">Consumo de energ\u00eda<\/strong><\/td>\n<td>&lt;35W <em data-start=\"696\" data-end=\"713\">(valor de ejemplo)<\/em><\/td>\n<\/tr>\n<tr data-start=\"748\" data-end=\"835\">\n<td><strong data-start=\"750\" data-end=\"766\">Salida de l\u00famenes<\/strong><\/td>\n<td>2700 lm <em data-start=\"787\" data-end=\"804\">(valor de ejemplo)<\/em><\/td>\n<\/tr>\n<tr data-start=\"836\" data-end=\"921\">\n<td><strong data-start=\"838\" data-end=\"859\">Temperatura de Color<\/strong><\/td>\n<td>4000K<\/td>\n<\/tr>\n<tr data-start=\"922\" data-end=\"1009\">\n<td><strong data-start=\"924\" data-end=\"937\">Clasificaci\u00f3n IP<\/strong><\/td>\n<td>IP67 (Resistente al agua y al polvo)<\/td>\n<\/tr>\n<tr data-start=\"1010\" data-end=\"1097\">\n<td><strong data-start=\"1012\" data-end=\"1037\">Temperatura de Funcionamiento<\/strong><\/td>\n<td>-20\u00b0C a +60\u00b0C<\/td>\n<\/tr>\n<tr data-start=\"1098\" data-end=\"1185\">\n<td><strong data-start=\"1100\" data-end=\"1114\">Dimensiones<\/strong><\/td>\n<td>\u2014 (No especificado)<\/td>\n<\/tr>\n<tr data-start=\"1186\" data-end=\"1273\">\n<td><strong data-start=\"1188\" data-end=\"1198\">Peso<\/strong><\/td>\n<td>\u2014 (No especificado)<\/td>\n<\/tr>\n<tr data-start=\"1274\" data-end=\"1361\">\n<td><strong data-start=\"1276\" data-end=\"1288\">Vida \u00fatil<\/strong><\/td>\n<td>Hasta 50,000 horas <em data-start=\"1324\" data-end=\"1341\">(valor de ejemplo)<\/em><\/td>\n<\/tr>\n<tr data-start=\"1362\" data-end=\"1461\">\n<td><strong data-start=\"1364\" data-end=\"1387\">Caracter\u00edsticas adicionales<\/strong><\/td>\n<td>Control inteligente, dise\u00f1o modular, eficiencia energ\u00e9tica, f\u00e1cil instalaci\u00f3n<\/td>\n<\/tr>\n<\/tbody>\n<\/table>\n<p data-start=\"712\" data-end=\"1176\"><strong data-start=\"716\" data-end=\"764\">GYD027 Exterior <strong><a href=\"https:\/\/ledsteplight.com\/es\/las-principales-ventajas-de-la-luz-de-pasos-con-sensor-pir-para-la-seguridad\/\" class=\"waam-auto-link\" title=\"Sensor de movimiento\">Sensor de movimiento<\/a><\/strong> 86 <strong><a href=\"https:\/\/ledsteplight.com\/es\/5w-led-in-ground-lights-ip65-waterproof-outdoor-driveway-garden-floor-lighting\/\" class=\"waam-auto-link\" title=\"Luz de suelo\">Luz de suelo<\/a><\/strong><\/strong> combina un dise\u00f1o elegante con una funcionalidad inteligente, lo que lo hace ideal para la iluminaci\u00f3n moderna <strong data-start=\"848\" data-end=\"882\">de paisajes y caminos<\/strong>. Equipado con un <strong data-start=\"900\" data-end=\"934\">sensor de movimiento de alta sensibilidad<\/strong>, este accesorio activa autom\u00e1ticamente la iluminaci\u00f3n cuando se detecta movimiento, proporcionando una iluminaci\u00f3n de bajo consumo y una mayor seguridad en exteriores. Su <strong data-start=\"1082\" data-end=\"1111\">estructura impermeable IP67<\/strong> garantiza un rendimiento duradero en todas las condiciones clim\u00e1ticas.<\/p>\n<p data-start=\"1178\" data-end=\"1550\">Como fabricante profesional <strong data-start=\"1196\" data-end=\"1229\">de luces LED de suelo<\/strong>, nos especializamos en <strong data-start=\"1248\" data-end=\"1285\">soluciones de iluminaci\u00f3n OEM y personalizadas<\/strong> dise\u00f1ado para proyectos arquitect\u00f3nicos y paisaj\u00edsticos. La <strong data-start=\"1341\" data-end=\"1371\">luz de suelo con sensor GYD027<\/strong> soporta instalaci\u00f3n de tipo 86, presenta una construcci\u00f3n duradera y ofrece un funcionamiento estable y de bajo consumo\u2014perfecto para jardines, entradas de veh\u00edculos, patios y hogares inteligentes <strong><a href=\"https:\/\/ledsteplight.com\/es\/cree-bridgelux-chip-ip65-led-fixture-for-garden-facade-lighting\/\" class=\"waam-auto-link\" title=\"iluminaci\u00f3n exterior\">iluminaci\u00f3n exterior<\/a><\/strong> <strong><a href=\"https:\/\/ledsteplight.com\/es\/guia-definitiva-de-soluciones-de-iluminacion-de-paisaje-empotrada\/\" class=\"waam-auto-link\" title=\"sistemas\">sistemas<\/a><\/strong>.<\/p>","protected":false},"excerpt":{"rendered":"<p data-start=\"4123\" data-end=\"4584\">Luz de suelo con sensor de movimiento, luz de suelo LED para exteriores, luz de suelo tipo 86, iluminaci\u00f3n exterior inteligente, LED impermeable IP67, iluminaci\u00f3n de senderos, fabricante de luces para paisajes, iluminaci\u00f3n LED OEM, luz de suelo personalizada, LED activada por movimiento<\/p>","protected":false},"featured_media":37324,"comment_status":"open","ping_status":"closed","template":"","meta":[],"product_brand":[],"product_cat":[100,426,427,428,439,429,440,430,441,431,442,443,432,433,444,112,464,445,446,434,435,436,437],"product_tag":[103,76,77,113,78],"class_list":{"0":"post-38074","1":"product","2":"type-product","3":"status-publish","4":"has-post-thumbnail","6":"product_cat-aluminum-ground-light","7":"product_cat-ceiling-recessed","8":"product_cat-ceiling-surface","9":"product_cat-ceiling-suspended","10":"product_cat-commercial","11":"product_cat-drivers","12":"product_cat-education","13":"product_cat-freestanding-light","14":"product_cat-hospitality","15":"product_cat-industrial","16":"product_cat-infrastructure","17":"product_cat-landscape","18":"product_cat-landscaping","19":"product_cat-linear","20":"product_cat-office","21":"product_cat-outdoor-ground-light","22":"product_cat-c-outdoor-lighting","23":"product_cat-residential","24":"product_cat-retail","25":"product_cat-table-lamp","26":"product_cat-track","27":"product_cat-wall-recessed","28":"product_cat-wall-surface","29":"product_tag-aluminum-ground-light","30":"product_tag-aluminum-housing","31":"product_tag-ground-light","32":"product_tag-outdoor-ground-light","33":"product_tag-outdoor-lighting","35":"first","36":"instock","37":"shipping-taxable","38":"product-type-simple"},"_links":{"self":[{"href":"https:\/\/ledsteplight.com\/es\/wp-json\/wp\/v2\/product\/38074","targetHints":{"allow":["GET"]}}],"collection":[{"href":"https:\/\/ledsteplight.com\/es\/wp-json\/wp\/v2\/product"}],"about":[{"href":"https:\/\/ledsteplight.com\/es\/wp-json\/wp\/v2\/types\/product"}],"replies":[{"embeddable":true,"href":"https:\/\/ledsteplight.com\/es\/wp-json\/wp\/v2\/comments?post=38074"}],"version-history":[{"count":3,"href":"https:\/\/ledsteplight.com\/es\/wp-json\/wp\/v2\/product\/38074\/revisions"}],"predecessor-version":[{"id":38617,"href":"https:\/\/ledsteplight.com\/es\/wp-json\/wp\/v2\/product\/38074\/revisions\/38617"}],"wp:featuredmedia":[{"embeddable":true,"href":"https:\/\/ledsteplight.com\/es\/wp-json\/wp\/v2\/media\/37324"}],"wp:attachment":[{"href":"https:\/\/ledsteplight.com\/es\/wp-json\/wp\/v2\/media?parent=38074"}],"wp:term":[{"taxonomy":"product_brand","embeddable":true,"href":"https:\/\/ledsteplight.com\/es\/wp-json\/wp\/v2\/product_brand?post=38074"},{"taxonomy":"product_cat","embeddable":true,"href":"https:\/\/ledsteplight.com\/es\/wp-json\/wp\/v2\/product_cat?post=38074"},{"taxonomy":"product_tag","embeddable":true,"href":"https:\/\/ledsteplight.com\/es\/wp-json\/wp\/v2\/product_tag?post=38074"}],"curies":[{"name":"wp","href":"https:\/\/api.w.org\/{rel}","templated":true}]}}