{"id":38079,"date":"2025-09-08T13:04:27","date_gmt":"2025-09-08T13:04:27","guid":{"rendered":"https:\/\/ledsteplight.com\/import-placeholder-for-37240\/"},"modified":"2026-01-19T02:14:18","modified_gmt":"2026-01-19T02:14:18","slug":"zb17070-luz-led-empotrada-en-suelo-ip65-para-paisajismo","status":"publish","type":"product","link":"https:\/\/ledsteplight.com\/es\/zb17070-luz-led-empotrada-en-suelo-ip65-para-paisajismo\/","title":{"rendered":"Luz de suelo empotrada LED IP65 ZB17070-A \u2014 OEM y Muestras"},"content":{"rendered":"<table class=\"OxEWNITQ\">\n<thead>\n<tr>\n<th><strong>Modelo del producto<\/strong><\/th>\n<th>MG-ZB17070-A<\/th>\n<\/tr>\n<\/thead>\n<tbody>\n<tr>\n<td><strong>Tama\u00f1o del producto<\/strong><\/td>\n<td>170mm (Longitud) x 70mm (Ancho) x 48mm (Alto)<\/td>\n<\/tr>\n<tr>\n<td><strong>Tama\u00f1o de Corte<\/strong><\/td>\n<td>Consulte el diagrama de instalaci\u00f3n en las especificaciones<\/td>\n<\/tr>\n<tr>\n<td><strong>Control de Funciones<\/strong><\/td>\n<td>Control de interruptor<\/td>\n<\/tr>\n<tr>\n<td><strong>Fuente de Luz<\/strong><\/td>\n<td>LED OSRAM \/ CREE<\/td>\n<\/tr>\n<tr>\n<td><strong>Potencia<\/strong><\/td>\n<td>3W a 700mA<\/td>\n<\/tr>\n<tr>\n<td><strong>Peso<\/strong><\/td>\n<td>0,7 Kilogramos<\/td>\n<\/tr>\n<tr>\n<td><strong>Entrada de CA<\/strong><\/td>\n<td>AC220V \/ DC24V<\/td>\n<\/tr>\n<tr>\n<td><strong>Driver<\/strong><\/td>\n<td>Proporcionado (Fabricante: KeGu \/ SHIKI)<\/td>\n<\/tr>\n<tr>\n<td><strong>\u00c1ngulo del Reflector<\/strong><\/td>\n<td>No especificado<\/td>\n<\/tr>\n<tr>\n<td><strong><strong><a href=\"https:\/\/ledsteplight.com\/es\/dm36b-pro-honeycomb-anti-glare-led-in-ground-light-ip67-24v-dc\/\" class=\"waam-auto-link\" title=\"Temperatura de Color\">Temperatura de Color<\/a><\/strong><\/strong><\/td>\n<td>2700K, 3000K, 3500K<\/td>\n<\/tr>\n<tr>\n<td><strong>Conexi\u00f3n (Cables\/Longitud\/Conectores)<\/strong><\/td>\n<td>No especificado<\/td>\n<\/tr>\n<tr>\n<td><strong>Material<\/strong><\/td>\n<td>Hierro con aluminio<\/td>\n<\/tr>\n<tr>\n<td><strong>Color\/Acabado<\/strong><\/td>\n<td>Blanco, Negro<\/td>\n<\/tr>\n<tr>\n<td><strong>Clasificaci\u00f3n IP<\/strong><\/td>\n<td>IP20 (Protegido contra objetos s\u00f3lidos mayores de 12,5mm)<\/td>\n<\/tr>\n<tr>\n<td><strong>M\u00e9todo de Instalaci\u00f3n<\/strong><\/td>\n<td>Empotrado en superficie<\/td>\n<\/tr>\n<\/tbody>\n<\/table>\n<p>&nbsp;<\/p>\n<p data-start=\"34\" data-end=\"448\"><strong data-start=\"38\" data-end=\"54\">MG-ZB17070-A<\/strong> es una empotrada compacta en-<strong><a href=\"https:\/\/ledsteplight.com\/es\/cree-bridgelux-chip-ip65-led-fixture-for-garden-facade-lighting\/\" class=\"waam-auto-link\" title=\"luz de suelo\">luz de suelo<\/a><\/strong> (170 \u00d7 70 \u00d7 48 mm, 0.7 kg) dise\u00f1ada para instalaciones de paisaje y arquitect\u00f3nicas ordenadas y confiables. Utiliza <strong data-start=\"191\" data-end=\"219\">OSRAM o CREE 3W (700mA)<\/strong> LEDs con opciones de color c\u00e1lido (2700K\/3000K\/3500K), se entrega con un <strong data-start=\"283\" data-end=\"297\">KeGu\/SHIKI<\/strong> driver y soporta <strong data-start=\"318\" data-end=\"337\">AC220V o DC24V<\/strong>. La carcasa es de hierro + aluminio en blanco o negro; el modelo est\u00e1ndar es <strong data-start=\"403\" data-end=\"411\">IP20<\/strong> para aplicaciones empotradas protegidas.<\/p>\n<p data-start=\"450\" data-end=\"731\" data-is-last-node=\"\" data-is-only-node=\"\">Fabricado en f\u00e1brica y listo para OEM \u2014 todos los lotes reciben controles el\u00e9ctricos y pruebas de envejecimiento antes del env\u00edo. Ofrecemos muestras, drivers personalizados, opciones de protecci\u00f3n contra condiciones clim\u00e1ticas m\u00e1s altas y embalaje de marca. Env\u00ede cantidad y cualquier requisito especial y le proporcionaremos una cotizaci\u00f3n de f\u00e1brica y tiempo de entrega.<\/p>","protected":false},"excerpt":{"rendered":"<p>Luz empotrada en suelo MG-ZB17070-A \u2014 3W con opciones OSRAM\/CREE, 2700\u20133500K. Se env\u00eda con driver KeGu\/SHIKI. Est\u00e1ndar IP20; versiones resistentes a la intemperie de mayor IP disponibles bajo petici\u00f3n<\/p>","protected":false},"featured_media":37342,"comment_status":"open","ping_status":"closed","template":"","meta":[],"product_brand":[],"product_cat":[100,426,427,428,439,429,440,430,441,431,442,443,432,433,136,444,464,445,446,434,435,436,437],"product_tag":[103,76,77,137,83],"class_list":{"0":"post-38079","1":"product","2":"type-product","3":"status-publish","4":"has-post-thumbnail","6":"product_cat-aluminum-ground-light","7":"product_cat-ceiling-recessed","8":"product_cat-ceiling-surface","9":"product_cat-ceiling-suspended","10":"product_cat-commercial","11":"product_cat-drivers","12":"product_cat-education","13":"product_cat-freestanding-light","14":"product_cat-hospitality","15":"product_cat-industrial","16":"product_cat-infrastructure","17":"product_cat-landscape","18":"product_cat-landscaping","19":"product_cat-linear","20":"product_cat-narrow-border-ground-light","21":"product_cat-office","22":"product_cat-c-outdoor-lighting","23":"product_cat-residential","24":"product_cat-retail","25":"product_cat-table-lamp","26":"product_cat-track","27":"product_cat-wall-recessed","28":"product_cat-wall-surface","29":"product_tag-aluminum-ground-light","30":"product_tag-aluminum-housing","31":"product_tag-ground-light","32":"product_tag-narrow-border-ground-light","33":"product_tag-waterproof-fixture","35":"first","36":"instock","37":"shipping-taxable","38":"product-type-simple"},"_links":{"self":[{"href":"https:\/\/ledsteplight.com\/es\/wp-json\/wp\/v2\/product\/38079","targetHints":{"allow":["GET"]}}],"collection":[{"href":"https:\/\/ledsteplight.com\/es\/wp-json\/wp\/v2\/product"}],"about":[{"href":"https:\/\/ledsteplight.com\/es\/wp-json\/wp\/v2\/types\/product"}],"replies":[{"embeddable":true,"href":"https:\/\/ledsteplight.com\/es\/wp-json\/wp\/v2\/comments?post=38079"}],"version-history":[{"count":3,"href":"https:\/\/ledsteplight.com\/es\/wp-json\/wp\/v2\/product\/38079\/revisions"}],"predecessor-version":[{"id":38605,"href":"https:\/\/ledsteplight.com\/es\/wp-json\/wp\/v2\/product\/38079\/revisions\/38605"}],"wp:featuredmedia":[{"embeddable":true,"href":"https:\/\/ledsteplight.com\/es\/wp-json\/wp\/v2\/media\/37342"}],"wp:attachment":[{"href":"https:\/\/ledsteplight.com\/es\/wp-json\/wp\/v2\/media?parent=38079"}],"wp:term":[{"taxonomy":"product_brand","embeddable":true,"href":"https:\/\/ledsteplight.com\/es\/wp-json\/wp\/v2\/product_brand?post=38079"},{"taxonomy":"product_cat","embeddable":true,"href":"https:\/\/ledsteplight.com\/es\/wp-json\/wp\/v2\/product_cat?post=38079"},{"taxonomy":"product_tag","embeddable":true,"href":"https:\/\/ledsteplight.com\/es\/wp-json\/wp\/v2\/product_tag?post=38079"}],"curies":[{"name":"wp","href":"https:\/\/api.w.org\/{rel}","templated":true}]}}