{"id":38080,"date":"2025-09-08T13:04:27","date_gmt":"2025-09-08T13:04:27","guid":{"rendered":"https:\/\/ledsteplight.com\/import-placeholder-for-37241\/"},"modified":"2026-01-19T02:14:17","modified_gmt":"2026-01-19T02:14:17","slug":"mg-zb17070-b-luz-led-empotrada-en-suelo-luz-de-paisaje-exterior","status":"publish","type":"product","link":"https:\/\/ledsteplight.com\/es\/mg-zb17070-b-luz-led-empotrada-en-suelo-luz-de-paisaje-exterior\/","title":{"rendered":"Luz de suelo de bajo voltaje MG-ZB17070-B \u2014 \u00c1ngulos de haz de 10\u00b0 a 60\u00b0"},"content":{"rendered":"<p>&nbsp;<\/p>\n<table class=\"OxEWNITQ\">\n<thead>\n<tr>\n<th><strong>Modelo del producto<\/strong><\/th>\n<th>MG-ZB17070-B<\/th>\n<\/tr>\n<\/thead>\n<tbody>\n<tr>\n<td><strong>Tama\u00f1o del producto<\/strong><\/td>\n<td>170mm (Longitud) x 70mm (Ancho) x 48mm (Alto)<\/td>\n<\/tr>\n<tr>\n<td><strong>Tama\u00f1o de Corte<\/strong><\/td>\n<td>Consulte el diagrama de instalaci\u00f3n en las especificaciones<\/td>\n<\/tr>\n<tr>\n<td><strong>Control de Funciones<\/strong><\/td>\n<td>Control de interruptor<\/td>\n<\/tr>\n<tr>\n<td><strong>Fuente de Luz<\/strong><\/td>\n<td>OSRAM \/ <strong><a href=\"https:\/\/ledsteplight.com\/es\/cree-bridgelux-chip-ip65-led-fixture-for-garden-facade-lighting\/\" class=\"waam-auto-link\" title=\"LED CREE\">LED CREE<\/a><\/strong><\/td>\n<\/tr>\n<tr>\n<td><strong>Potencia<\/strong><\/td>\n<td>3W a 700mA<\/td>\n<\/tr>\n<tr>\n<td><strong>Peso<\/strong><\/td>\n<td>0,7 Kilogramos<\/td>\n<\/tr>\n<tr>\n<td><strong>Entrada de CA<\/strong><\/td>\n<td>AC220V \/ DC24V<\/td>\n<\/tr>\n<tr>\n<td><strong>Driver<\/strong><\/td>\n<td>Proporcionado (Fabricante: KeGu \/ SHIKI)<\/td>\n<\/tr>\n<tr>\n<td><strong>\u00c1ngulo del Reflector<\/strong><\/td>\n<td>No especificado<\/td>\n<\/tr>\n<tr>\n<td><strong>Temperatura de Color<\/strong><\/td>\n<td>2700K, 3000K, 3500K<\/td>\n<\/tr>\n<tr>\n<td><strong>Conexi\u00f3n (Cables\/Longitud\/Conectores)<\/strong><\/td>\n<td>No especificado<\/td>\n<\/tr>\n<tr>\n<td><strong>Material<\/strong><\/td>\n<td>Hierro con aluminio<\/td>\n<\/tr>\n<tr>\n<td><strong>Color\/Acabado<\/strong><\/td>\n<td>Blanco, Negro<\/td>\n<\/tr>\n<tr>\n<td><strong>Clasificaci\u00f3n IP<\/strong><\/td>\n<td>IP20 (Protegido contra objetos s\u00f3lidos mayores de 12,5mm)<\/td>\n<\/tr>\n<tr>\n<td><strong>M\u00e9todo de Instalaci\u00f3n<\/strong><\/td>\n<td>Empotrado en superficie<\/td>\n<\/tr>\n<\/tbody>\n<\/table>\n<p>&nbsp;<\/p>\n<p data-start=\"422\" data-end=\"686\"><strong data-start=\"426\" data-end=\"442\">MG-ZB17070-B<\/strong> es un compacto <strong><a href=\"https:\/\/ledsteplight.com\/es\/dm36b-pro-honeycomb-anti-glare-led-in-ground-light-ip67-24v-dc\/\" class=\"waam-auto-link\" title=\"luz empotrada en el suelo\">luz empotrada en el suelo<\/a><\/strong> construido para proyectos donde la fiabilidad y el rendimiento repetible son importantes. Los fabricamos en nuestra f\u00e1brica y los enviamos como unidades listas para producci\u00f3n o como muestras de marca OEM, lo que se ajuste a su proceso de adquisici\u00f3n.<\/p>\n<p data-start=\"688\" data-end=\"1096\">Este accesorio mide <strong data-start=\"710\" data-end=\"730\">170 \u00d7 70 \u00d7 48 mm<\/strong> y pesa <strong data-start=\"742\" data-end=\"752\">0,7 kg<\/strong>, por lo que se instala f\u00e1cilmente en bolsillos empotrados est\u00e1ndar y queda fuera de camino una vez instalado. Est\u00e1 disponible con <strong data-start=\"865\" data-end=\"887\">LEDs OSRAM o CREE<\/strong> at <strong data-start=\"891\" data-end=\"905\">3W (700mA)<\/strong> y viene en tres temperaturas de color c\u00e1lidas: <strong data-start=\"950\" data-end=\"977\">2700K, 3000K y 3500K<\/strong> \u2014 ideal para acentos en paisajes, caminos de hoteles y iluminaci\u00f3n ascendente arquitect\u00f3nica donde se prefiere una luz c\u00e1lida y favorecedora.<\/p>","protected":false},"excerpt":{"rendered":"<p>OEM de f\u00e1brica: Luz empotrada en suelo MG-ZB17070-B \u2014 3W con opciones OSRAM\/CREE, 2700\u20133500K. Se env\u00eda con driver KeGu\/SHIKI. Cuerpo de hierro + aluminio. Est\u00e1ndar IP20; versiones de mayor IP disponibles bajo petici\u00f3n<\/p>","protected":false},"featured_media":37344,"comment_status":"open","ping_status":"closed","template":"","meta":[],"product_brand":[],"product_cat":[100,426,427,428,439,429,440,430,441,431,442,443,432,433,136,444,464,445,446,434,435,436,437],"product_tag":[103,76,77,137,78],"class_list":{"0":"post-38080","1":"product","2":"type-product","3":"status-publish","4":"has-post-thumbnail","6":"product_cat-aluminum-ground-light","7":"product_cat-ceiling-recessed","8":"product_cat-ceiling-surface","9":"product_cat-ceiling-suspended","10":"product_cat-commercial","11":"product_cat-drivers","12":"product_cat-education","13":"product_cat-freestanding-light","14":"product_cat-hospitality","15":"product_cat-industrial","16":"product_cat-infrastructure","17":"product_cat-landscape","18":"product_cat-landscaping","19":"product_cat-linear","20":"product_cat-narrow-border-ground-light","21":"product_cat-office","22":"product_cat-c-outdoor-lighting","23":"product_cat-residential","24":"product_cat-retail","25":"product_cat-table-lamp","26":"product_cat-track","27":"product_cat-wall-recessed","28":"product_cat-wall-surface","29":"product_tag-aluminum-ground-light","30":"product_tag-aluminum-housing","31":"product_tag-ground-light","32":"product_tag-narrow-border-ground-light","33":"product_tag-outdoor-lighting","35":"first","36":"instock","37":"shipping-taxable","38":"product-type-simple"},"_links":{"self":[{"href":"https:\/\/ledsteplight.com\/es\/wp-json\/wp\/v2\/product\/38080","targetHints":{"allow":["GET"]}}],"collection":[{"href":"https:\/\/ledsteplight.com\/es\/wp-json\/wp\/v2\/product"}],"about":[{"href":"https:\/\/ledsteplight.com\/es\/wp-json\/wp\/v2\/types\/product"}],"replies":[{"embeddable":true,"href":"https:\/\/ledsteplight.com\/es\/wp-json\/wp\/v2\/comments?post=38080"}],"version-history":[{"count":3,"href":"https:\/\/ledsteplight.com\/es\/wp-json\/wp\/v2\/product\/38080\/revisions"}],"predecessor-version":[{"id":38606,"href":"https:\/\/ledsteplight.com\/es\/wp-json\/wp\/v2\/product\/38080\/revisions\/38606"}],"wp:featuredmedia":[{"embeddable":true,"href":"https:\/\/ledsteplight.com\/es\/wp-json\/wp\/v2\/media\/37344"}],"wp:attachment":[{"href":"https:\/\/ledsteplight.com\/es\/wp-json\/wp\/v2\/media?parent=38080"}],"wp:term":[{"taxonomy":"product_brand","embeddable":true,"href":"https:\/\/ledsteplight.com\/es\/wp-json\/wp\/v2\/product_brand?post=38080"},{"taxonomy":"product_cat","embeddable":true,"href":"https:\/\/ledsteplight.com\/es\/wp-json\/wp\/v2\/product_cat?post=38080"},{"taxonomy":"product_tag","embeddable":true,"href":"https:\/\/ledsteplight.com\/es\/wp-json\/wp\/v2\/product_tag?post=38080"}],"curies":[{"name":"wp","href":"https:\/\/api.w.org\/{rel}","templated":true}]}}