{"id":38083,"date":"2025-09-08T13:04:27","date_gmt":"2025-09-08T13:04:27","guid":{"rendered":"https:\/\/ledsteplight.com\/import-placeholder-for-37253\/"},"modified":"2026-01-19T02:14:16","modified_gmt":"2026-01-19T02:14:16","slug":"mayorista-de-luz-en-tierra-led-3w-dm36-ss-ip67-de-acero-inoxidable-fabricante-personalizado","status":"publish","type":"product","link":"https:\/\/ledsteplight.com\/es\/mayorista-de-luz-en-tierra-led-3w-dm36-ss-ip67-de-acero-inoxidable-fabricante-personalizado\/","title":{"rendered":"Luz LED empotrada en el suelo de 3W al por mayor (DM36-SS) | Acero inoxidable IP67 | Fabricante personalizado"},"content":{"rendered":"<div class=\"flex max-w-full flex-col flex-grow\">\n<div class=\"min-h-8 text-message relative flex w-full flex-col items-end gap-2 whitespace-normal break-words text-start [.text-message+&amp;]:mt-5\" dir=\"auto\" data-message-author-role=\"assistant\" data-message-id=\"086f7924-0a83-450b-804e-18a4a3bc035e\" data-message-model-slug=\"gpt-4o\">\n<div class=\"flex w-full flex-col gap-1 empty:hidden first:pt-[3px]\">\n<div class=\"markdown prose w-full break-words dark:prose-invert light\">\n<div class=\"overflow-x-auto contain-inline-size\">\n<table data-start=\"35\" data-end=\"690\" data-is-last-node=\"\" data-is-only-node=\"\">\n<thead data-start=\"35\" data-end=\"76\">\n<tr data-start=\"35\" data-end=\"76\">\n<th data-start=\"35\" data-end=\"56\"><strong data-start=\"37\" data-end=\"54\">Modelo del producto<\/strong><\/th>\n<th data-start=\"56\" data-end=\"76\"><strong data-start=\"58\" data-end=\"72\">MG-DM36-SS<\/strong><\/th>\n<\/tr>\n<\/thead>\n<tbody data-start=\"118\" data-end=\"690\" data-is-last-node=\"\">\n<tr data-start=\"118\" data-end=\"168\">\n<td><strong data-start=\"120\" data-end=\"136\">Tama\u00f1o del producto<\/strong><\/td>\n<td>\u00d850mm \u00d7 H50mm (Circular)<\/td>\n<\/tr>\n<tr data-start=\"169\" data-end=\"215\">\n<td><strong data-start=\"171\" data-end=\"183\">Tama\u00f1o de Corte<\/strong><\/td>\n<td>\u00d839mm \u00d7 H65mm (Circular)<\/td>\n<\/tr>\n<tr data-start=\"216\" data-end=\"247\">\n<td><strong data-start=\"218\" data-end=\"238\">Control de Funciones<\/strong><\/td>\n<td>&#8211;<\/td>\n<\/tr>\n<tr data-start=\"248\" data-end=\"286\">\n<td><strong data-start=\"250\" data-end=\"266\">Fuente de Luz<\/strong><\/td>\n<td>OSRAM \/ CREE<\/td>\n<\/tr>\n<tr data-start=\"287\" data-end=\"316\">\n<td><strong data-start=\"289\" data-end=\"298\">Vatios<\/strong><\/td>\n<td>3W (300mA)<\/td>\n<\/tr>\n<tr data-start=\"317\" data-end=\"343\">\n<td><strong data-start=\"319\" data-end=\"329\">Peso<\/strong><\/td>\n<td>0.45kg<\/td>\n<\/tr>\n<tr data-start=\"344\" data-end=\"374\">\n<td><strong data-start=\"346\" data-end=\"358\">Entrada de CA<\/strong><\/td>\n<td>DC12\/24V<\/td>\n<\/tr>\n<tr data-start=\"375\" data-end=\"396\">\n<td><strong data-start=\"377\" data-end=\"387\">Driver<\/strong><\/td>\n<td>&#8211;<\/td>\n<\/tr>\n<tr data-start=\"397\" data-end=\"447\">\n<td><strong data-start=\"399\" data-end=\"418\">\u00c1ngulo del Reflector<\/strong><\/td>\n<td>15\u00b0 \/ 30\u00b0 \/ 45\u00b0 \/ 60\u00b0<\/td>\n<\/tr>\n<tr data-start=\"448\" data-end=\"492\">\n<td><strong data-start=\"450\" data-end=\"471\"><strong><a href=\"https:\/\/ledsteplight.com\/es\/dm36b-pro-honeycomb-anti-glare-led-in-ground-light-ip67-24v-dc\/\" class=\"waam-auto-link\" title=\"Temperatura de Color\">Temperatura de Color<\/a><\/strong><\/strong><\/td>\n<td>3000K \/ 4000K<\/td>\n<\/tr>\n<tr data-start=\"493\" data-end=\"518\">\n<td><strong data-start=\"495\" data-end=\"509\">Conexi\u00f3n<\/strong><\/td>\n<td>&#8211;<\/td>\n<\/tr>\n<tr data-start=\"519\" data-end=\"567\">\n<td><strong data-start=\"521\" data-end=\"533\">Material<\/strong><\/td>\n<td>Aluminio \/ Acero inoxidable<\/td>\n<\/tr>\n<tr data-start=\"568\" data-end=\"602\">\n<td><strong data-start=\"570\" data-end=\"579\">Color<\/strong><\/td>\n<td>Acero inoxidable<\/td>\n<\/tr>\n<tr data-start=\"603\" data-end=\"630\">\n<td><strong data-start=\"605\" data-end=\"618\">Clasificaci\u00f3n IP<\/strong><\/td>\n<td>IP67<\/td>\n<\/tr>\n<tr data-start=\"631\" data-end=\"690\" data-is-last-node=\"\">\n<td><strong data-start=\"633\" data-end=\"649\">Instalaci\u00f3n<\/strong><\/td>\n<td>Empotrado (con componentes embebidos)<\/td>\n<\/tr>\n<\/tbody>\n<\/table>\n<\/div>\n<\/div>\n<\/div>\n<\/div>\n<\/div>\n<div class=\"mb-2 flex gap-3 -ml-2\">\n<div class=\"flex items-center justify-start rounded-xl p-1\">\n<div class=\"flex items-center transition-opacity group-hover\/turn:opacity-100 opacity-100\"><\/div>\n<\/div>\n<\/div>\n<ul>\n<li><b>Construcci\u00f3n robusta en acero inoxidable:<\/b> Todo el accesorio est\u00e1 construido en acero inoxidable de alta calidad, garantizando un rendimiento duradero en entornos exteriores adversos.<\/li>\n<li><b>Clasificaci\u00f3n de impermeabilidad IP67:<\/b> Totalmente sellado y con junta, el DM36-SS est\u00e1 completamente protegido contra la entrada de polvo y chorros de agua potentes, lo que lo hace ideal para su instalaci\u00f3n en cualquier condici\u00f3n clim\u00e1tica.<\/li>\n<li><b>Fuente de luz de nivel premium Tier-1:<\/b> Alimentado por un LED de alta eficacia de 3W de <b>OSRAM<\/b> or <b>CREE<\/b>, que proporciona una luz confiable y de alta calidad (3000K o 4000K).<\/li>\n<li><b>Operaci\u00f3n segura de bajo voltaje:<\/b> Dise\u00f1ado para <b>DC12V\/24V<\/b> <strong><a href=\"https:\/\/ledsteplight.com\/es\/guia-definitiva-de-soluciones-de-iluminacion-de-paisaje-empotrada\/\" class=\"waam-auto-link\" title=\"sistemas\">sistemas<\/a><\/strong>, garantizando seguridad y facilidad de integraci\u00f3n en profesionales <strong><a href=\"https:\/\/ledsteplight.com\/es\/mistakes-to-avoid-when-installing-in-ground-driveway-lights\/\" class=\"waam-auto-link\" title=\"iluminaci\u00f3n de paisaje\">iluminaci\u00f3n de paisaje<\/a><\/strong> .<\/li>\n<li><b>\u00d3ptica de Precisi\u00f3n:<\/b> Disponible en \u00e1ngulos de haz de 15\u00b0, 30\u00b0, 45\u00b0 o 60\u00b0 para crear desde acentos precisos hasta caminos amplios <strong><a href=\"https:\/\/ledsteplight.com\/es\/las-principales-ventajas-de-la-luz-de-pasos-con-sensor-pir-para-la-seguridad\/\" class=\"waam-auto-link\" title=\"iluminaci\u00f3n\">iluminaci\u00f3n<\/a><\/strong>.<\/li>\n<\/ul>\n<p><b>Su Socio de Fabricaci\u00f3n B2B: Venta al por mayor y Personalizaci\u00f3n<\/b><\/p>\n<p>Somos un <b>fabricante directo<\/b> del DM36-SS y una l\u00ednea completa de iluminaci\u00f3n de grado arquitect\u00f3nico. Nos especializamos en colaborar con distribuidores, contratistas el\u00e9ctricos y dise\u00f1adores de paisajes.<\/p>\n<ul>\n<li><b>Precios al por mayor:<\/b> Ofrecemos precios competitivos y escalonados <b>mayorista<\/b> para pedidos en volumen. Contacte con nuestro equipo para una cotizaci\u00f3n B2B.<\/li>\n<li><b>Soluciones Personalizadas (OEM\/ODM):<\/b> \u00bfNecesita modificaciones? Ofrecemos <b>personalizado<\/b> servicios de fabricaci\u00f3n. Ya sea una temperatura de color espec\u00edfica, \u00e1ngulo de haz, longitud de cable o marca, nuestro equipo de ingenier\u00eda puede adaptar este producto a las especificaciones exactas de su proyecto.<\/li>\n<\/ul>","protected":false},"excerpt":{"rendered":"<p>Encuentre la luz empotrada DM36-SS de 3W IP67 directamente desde el <b>fabricante directo<\/b>. Nos especializamos en <b>mayorista<\/b> &amp; <b>personalizado<\/b> iluminaci\u00f3n de paisaje en acero inoxidable. 12V\/24V, chips CREE\/OSRAM.<\/p>","protected":false},"featured_media":37356,"comment_status":"open","ping_status":"closed","template":"","meta":[],"product_brand":[],"product_cat":[100,426,427,428,439,429,440,430,441,126,431,442,443,432,433,444,112,464,445,446,106,434,435,436,437],"product_tag":[103,76,77,127,113,78,108],"class_list":{"0":"post-38083","1":"product","2":"type-product","3":"status-publish","4":"has-post-thumbnail","6":"product_cat-aluminum-ground-light","7":"product_cat-ceiling-recessed","8":"product_cat-ceiling-surface","9":"product_cat-ceiling-suspended","10":"product_cat-commercial","11":"product_cat-drivers","12":"product_cat-education","13":"product_cat-freestanding-light","14":"product_cat-hospitality","15":"product_cat-in-ground-light","16":"product_cat-industrial","17":"product_cat-infrastructure","18":"product_cat-landscape","19":"product_cat-landscaping","20":"product_cat-linear","21":"product_cat-office","22":"product_cat-outdoor-ground-light","23":"product_cat-c-outdoor-lighting","24":"product_cat-residential","25":"product_cat-retail","26":"product_cat-round-ground-light","27":"product_cat-table-lamp","28":"product_cat-track","29":"product_cat-wall-recessed","30":"product_cat-wall-surface","31":"product_tag-aluminum-ground-light","32":"product_tag-aluminum-housing","33":"product_tag-ground-light","34":"product_tag-in-ground-light","35":"product_tag-outdoor-ground-light","36":"product_tag-outdoor-lighting","37":"product_tag-round-ground-light","39":"first","40":"instock","41":"shipping-taxable","42":"product-type-simple"},"_links":{"self":[{"href":"https:\/\/ledsteplight.com\/es\/wp-json\/wp\/v2\/product\/38083","targetHints":{"allow":["GET"]}}],"collection":[{"href":"https:\/\/ledsteplight.com\/es\/wp-json\/wp\/v2\/product"}],"about":[{"href":"https:\/\/ledsteplight.com\/es\/wp-json\/wp\/v2\/types\/product"}],"replies":[{"embeddable":true,"href":"https:\/\/ledsteplight.com\/es\/wp-json\/wp\/v2\/comments?post=38083"}],"version-history":[{"count":3,"href":"https:\/\/ledsteplight.com\/es\/wp-json\/wp\/v2\/product\/38083\/revisions"}],"predecessor-version":[{"id":38609,"href":"https:\/\/ledsteplight.com\/es\/wp-json\/wp\/v2\/product\/38083\/revisions\/38609"}],"wp:featuredmedia":[{"embeddable":true,"href":"https:\/\/ledsteplight.com\/es\/wp-json\/wp\/v2\/media\/37356"}],"wp:attachment":[{"href":"https:\/\/ledsteplight.com\/es\/wp-json\/wp\/v2\/media?parent=38083"}],"wp:term":[{"taxonomy":"product_brand","embeddable":true,"href":"https:\/\/ledsteplight.com\/es\/wp-json\/wp\/v2\/product_brand?post=38083"},{"taxonomy":"product_cat","embeddable":true,"href":"https:\/\/ledsteplight.com\/es\/wp-json\/wp\/v2\/product_cat?post=38083"},{"taxonomy":"product_tag","embeddable":true,"href":"https:\/\/ledsteplight.com\/es\/wp-json\/wp\/v2\/product_tag?post=38083"}],"curies":[{"name":"wp","href":"https:\/\/api.w.org\/{rel}","templated":true}]}}