{"id":38085,"date":"2025-09-08T13:04:27","date_gmt":"2025-09-08T13:04:27","guid":{"rendered":"https:\/\/ledsteplight.com\/import-placeholder-for-37255\/"},"modified":"2025-12-11T15:29:42","modified_gmt":"2025-12-11T15:29:42","slug":"fabricante-de-iluminacion-empotrada-de-8w-mg-dm80c-al-por-mayor-para-proyectos-personalizados-b2b","status":"publish","type":"product","link":"https:\/\/ledsteplight.com\/es\/fabricante-de-iluminacion-empotrada-de-8w-mg-dm80c-al-por-mayor-para-proyectos-personalizados-b2b\/","title":{"rendered":"Fabricante de iluminaci\u00f3n empotrada de 8W | MG-DM80c | Venta al por mayor B2B y proyectos personalizados"},"content":{"rendered":"<table class=\"OxEWNITQ\">\n<thead>\n<tr>\n<th>Par\u00e1metro<\/th>\n<th>Detalles<\/th>\n<\/tr>\n<\/thead>\n<tbody>\n<tr>\n<td><strong>Modelo del producto<\/strong><\/td>\n<td>MG-DM80c<\/td>\n<\/tr>\n<tr>\n<td><strong>Tama\u00f1o del producto<\/strong><\/td>\n<td>\u00d880mm Di\u00e1metro, 40mm Altura<\/td>\n<\/tr>\n<tr>\n<td><strong>Tama\u00f1o de Recorte<\/strong><\/td>\n<td>\u00d866mm Di\u00e1metro, 50mm Altura<\/td>\n<\/tr>\n<tr>\n<td><strong>Control de Funciones<\/strong><\/td>\n<td>N\/A (No especificado)<\/td>\n<\/tr>\n<tr>\n<td><strong>Fuente de Luz<\/strong><\/td>\n<td>LED COB, RA90<\/td>\n<\/tr>\n<tr>\n<td><strong>Potencia<\/strong><\/td>\n<td>5W a 10W<\/td>\n<\/tr>\n<tr>\n<td><strong>Peso del Producto<\/strong><\/td>\n<td>1kg<\/td>\n<\/tr>\n<tr>\n<td><strong>Par\u00e1metros de Entrada de Energ\u00eda<\/strong><\/td>\n<td>DC24V<\/td>\n<\/tr>\n<tr>\n<td><strong>Driver<\/strong><\/td>\n<td>N\/A (Normalmente incluido)<\/td>\n<\/tr>\n<tr>\n<td><strong>\u00c1ngulo del Reflector<\/strong><\/td>\n<td>15\u00b0\/24\u00b0\/36\u00b0\/45\u00b0 \/ Asim\u00e9trico 30\u00b0X40\u00b0<\/td>\n<\/tr>\n<tr>\n<td><strong><strong><a href=\"https:\/\/ledsteplight.com\/es\/dm36b-pro-honeycomb-anti-glare-led-in-ground-light-ip67-24v-dc\/\" class=\"waam-auto-link\" title=\"Temperatura de Color\">Temperatura de Color<\/a><\/strong><\/strong><\/td>\n<td>3000K (Blanco c\u00e1lido)<\/td>\n<\/tr>\n<tr>\n<td><strong>Cableado\/Longitud\/Conector<\/strong><\/td>\n<td>N\/A (No especificado)<\/td>\n<\/tr>\n<tr>\n<td><strong>Material<\/strong><\/td>\n<td>Aluminio<\/td>\n<\/tr>\n<tr>\n<td><strong>Color\/Acabado de Superficie<\/strong><\/td>\n<td>N\/A (No especificado, pero normalmente disponible en varias opciones)<\/td>\n<\/tr>\n<tr>\n<td><strong>Clasificaci\u00f3n IP<\/strong><\/td>\n<td>N\/A (No especificado, pero a menudo indicado para productos similares)<\/td>\n<\/tr>\n<tr>\n<td><strong>M\u00e9todo de Instalaci\u00f3n<\/strong><\/td>\n<td>Montaje Empotrado ( Embebido con caja pre-incrustada opcional)<\/td>\n<\/tr>\n<\/tbody>\n<\/table>\n<p>MG-DM80c es una luminaria empotrada de grado profesional dise\u00f1ada para aplicaciones donde la precisi\u00f3n del color es fundamental. Su LED COB de alto rendimiento ofrece un \u00cdndice de Reproducci\u00f3n Crom\u00e1tica (IRC) excepcional de RA90, lo que la convierte en la opci\u00f3n perfecta para exhibiciones minoristas de alta gama, galer\u00edas de arte, hosteler\u00eda y proyectos residenciales modernos.<\/p>\n<p>Construido con un cuerpo de aluminio duradero, este accesorio de 8W proporciona una gesti\u00f3n t\u00e9rmica \u00f3ptima en un dise\u00f1o compacto (\u00d880mm). Funciona con una entrada de corriente continua DC24V segura y eficiente, integr\u00e1ndose f\u00e1cilmente en sistemas de iluminaci\u00f3n sofisticados. <strong><a href=\"https:\/\/ledsteplight.com\/es\/guia-definitiva-de-soluciones-de-iluminacion-de-paisaje-empotrada\/\" class=\"waam-auto-link\" title=\"sistemas\">sistemas<\/a><\/strong>.<\/p>\n<p><b>Caracter\u00edsticas clave:<\/b><\/p>\n<ul>\n<li><b>Fidelidad de color excepcional:<\/b> Presenta un LED COB (Chip-on-Board) de alta calidad con <b>CRI RA90<\/b>, asegurando que los acabados interiores, obras de arte y mercanc\u00edas se muestren en sus colores verdaderos y vibrantes.<\/li>\n<li><b>Control \u00f3ptico de precisi\u00f3n:<\/b> Disponible con m\u00faltiples \u00e1ngulos de haz (15\u00b0\/24\u00b0\/36\u00b0\/45\u00b0) para una precisi\u00f3n <strong><a href=\"https:\/\/ledsteplight.com\/es\/decoration\/\" class=\"waam-auto-link\" title=\"iluminaci\u00f3n de acento\">iluminaci\u00f3n de acento<\/a><\/strong>.<\/li>\n<li><b>Opci\u00f3n avanzada asim\u00e9trica:<\/b> El <b>Lente asim\u00e9trica 30\u00b0X40\u00b0<\/b> dise\u00f1ada espec\u00edficamente para lavar paredes de manera efectiva, empujando la luz lateralmente para iluminar uniformemente superficies verticales.<\/li>\n<li><b>Entrada de bajo voltaje segura:<\/b> El funcionamiento est\u00e1ndar <b>DC24V<\/b> es ideal para sistemas de alimentaci\u00f3n centralizados y garantiza seguridad.<\/li>\n<li><b>Luz c\u00e1lida y acogedora:<\/b> La temperatura de color est\u00e1ndar de 3000K (Blanco c\u00e1lido) crea un ambiente c\u00f3modo y acogedor.<\/li>\n<li><b>Instalaci\u00f3n elegante:<\/b> Dise\u00f1ada para un aspecto limpio y sin moldura con una apertura de \u00d866mm.<\/li>\n<\/ul>\n<p><b>Su socio de fabricaci\u00f3n B2B<\/b><\/p>\n<p>Somos un <b>fabricante directo<\/b> especializ\u00e1ndose en productos de alta gama <strong><a href=\"https:\/\/ledsteplight.com\/es\/cree-bridgelux-chip-ip65-led-fixture-for-garden-facade-lighting\/\" class=\"waam-auto-link\" title=\"iluminaci\u00f3n arquitect\u00f3nica\">iluminaci\u00f3n arquitect\u00f3nica<\/a><\/strong> para el mercado internacional.<\/p>\n<ul>\n<li><b>Suministro Mayorista:<\/b> Ofrecemos precios competitivos <b>mayorista<\/b> para distribuidores de iluminaci\u00f3n, contratistas el\u00e9ctricos y adquisiciones de proyectos a gran escala.<\/li>\n<li><b>Soluciones Personalizadas y OEM:<\/b> Como f\u00e1brica, proporcionamos un servicio completo <b>personalizado<\/b> (OEM\/ODM). Podemos personalizar acabados, temperaturas de color o conectores para cumplir con las especificaciones exactas de su proyecto. Cont\u00e1ctenos para discutir sus requisitos.<\/li>\n<\/ul>","protected":false},"excerpt":{"rendered":"<p>Directo <b>fabricante directo<\/b> del Downlight COB de 8W (MG-DM80c). Alto CRI (RA90), DC24V, y opciones de lentes asim\u00e9tricas. Ofrecemos precios B2B <b>mayorista<\/b> y <b>personalizado<\/b> soluciones.<\/p>","protected":false},"featured_media":37362,"comment_status":"open","ping_status":"closed","template":"","meta":[],"product_brand":[],"product_cat":[100,426,427,428,439,429,440,430,441,126,431,442,443,432,433,444,112,445,446,106,434,435,436,437],"product_tag":[103,76,127,113,78,114,115,108],"class_list":{"0":"post-38085","1":"product","2":"type-product","3":"status-publish","4":"has-post-thumbnail","6":"product_cat-aluminum-ground-light","7":"product_cat-ceiling-recessed","8":"product_cat-ceiling-surface","9":"product_cat-ceiling-suspended","10":"product_cat-commercial","11":"product_cat-drivers","12":"product_cat-education","13":"product_cat-freestanding-light","14":"product_cat-hospitality","15":"product_cat-in-ground-light","16":"product_cat-industrial","17":"product_cat-infrastructure","18":"product_cat-landscape","19":"product_cat-landscaping","20":"product_cat-linear","21":"product_cat-office","22":"product_cat-outdoor-ground-light","23":"product_cat-residential","24":"product_cat-retail","25":"product_cat-round-ground-light","26":"product_cat-table-lamp","27":"product_cat-track","28":"product_cat-wall-recessed","29":"product_cat-wall-surface","30":"product_tag-aluminum-ground-light","31":"product_tag-aluminum-housing","32":"product_tag-in-ground-light","33":"product_tag-outdoor-ground-light","34":"product_tag-outdoor-lighting","35":"product_tag-pathway-light","36":"product_tag-recessed-light","37":"product_tag-round-ground-light","39":"first","40":"instock","41":"shipping-taxable","42":"product-type-simple"},"_links":{"self":[{"href":"https:\/\/ledsteplight.com\/es\/wp-json\/wp\/v2\/product\/38085","targetHints":{"allow":["GET"]}}],"collection":[{"href":"https:\/\/ledsteplight.com\/es\/wp-json\/wp\/v2\/product"}],"about":[{"href":"https:\/\/ledsteplight.com\/es\/wp-json\/wp\/v2\/types\/product"}],"replies":[{"embeddable":true,"href":"https:\/\/ledsteplight.com\/es\/wp-json\/wp\/v2\/comments?post=38085"}],"version-history":[{"count":3,"href":"https:\/\/ledsteplight.com\/es\/wp-json\/wp\/v2\/product\/38085\/revisions"}],"predecessor-version":[{"id":38611,"href":"https:\/\/ledsteplight.com\/es\/wp-json\/wp\/v2\/product\/38085\/revisions\/38611"}],"wp:featuredmedia":[{"embeddable":true,"href":"https:\/\/ledsteplight.com\/es\/wp-json\/wp\/v2\/media\/37362"}],"wp:attachment":[{"href":"https:\/\/ledsteplight.com\/es\/wp-json\/wp\/v2\/media?parent=38085"}],"wp:term":[{"taxonomy":"product_brand","embeddable":true,"href":"https:\/\/ledsteplight.com\/es\/wp-json\/wp\/v2\/product_brand?post=38085"},{"taxonomy":"product_cat","embeddable":true,"href":"https:\/\/ledsteplight.com\/es\/wp-json\/wp\/v2\/product_cat?post=38085"},{"taxonomy":"product_tag","embeddable":true,"href":"https:\/\/ledsteplight.com\/es\/wp-json\/wp\/v2\/product_tag?post=38085"}],"curies":[{"name":"wp","href":"https:\/\/api.w.org\/{rel}","templated":true}]}}