{"id":38086,"date":"2025-09-08T13:04:27","date_gmt":"2025-09-08T13:04:27","guid":{"rendered":"https:\/\/ledsteplight.com\/import-placeholder-for-37256\/"},"modified":"2025-12-11T15:30:06","modified_gmt":"2025-12-11T15:30:06","slug":"iluminacion-de-paso-con-caja-de-2w-led-86-gyd038-plus-ip65-con-sensor-de-movimiento","status":"publish","type":"product","link":"https:\/\/ledsteplight.com\/es\/iluminacion-de-paso-con-caja-de-2w-led-86-gyd038-plus-ip65-con-sensor-de-movimiento\/","title":{"rendered":"Luz de escalera empotrada LED de 2W en caja de 86 unidades (GYD038-PLUS) | IP65 y sensor de movimiento"},"content":{"rendered":"<table class=\"OxEWNITQ\" style=\"font-family: var(--global-body-font-family)\">\n<thead>\n<tr>\n<th><strong>Par\u00e1metro<\/strong><\/th>\n<th><strong>Detalles<\/strong><\/th>\n<\/tr>\n<\/thead>\n<tbody>\n<tr>\n<td><strong>Modelo del producto<\/strong><\/td>\n<td>Serie MG-GYD038-PLUS<\/td>\n<\/tr>\n<tr>\n<td><strong>Tama\u00f1o del producto<\/strong><\/td>\n<td>L87 \u00d7 Ancho87 \u00d7 Alto30mm<\/td>\n<\/tr>\n<tr>\n<td><strong>Tama\u00f1o de Corte<\/strong><\/td>\n<td>Caja empotrada de 86mm (corte est\u00e1ndar de tipo 86)<\/td>\n<\/tr>\n<tr>\n<td><strong>Control de Funciones<\/strong><\/td>\n<td><strong><a href=\"https:\/\/ledsteplight.com\/es\/las-principales-ventajas-de-la-luz-de-pasos-con-sensor-pir-para-la-seguridad\/\" class=\"waam-auto-link\" title=\"Sensor de movimiento\">Sensor de movimiento<\/a><\/strong> \/ Control de Movimiento + Luz (Modo Dual)<\/td>\n<\/tr>\n<tr>\n<td><strong>Fuente de Luz<\/strong><\/td>\n<td>LED OSRAM \/ CRI &gt;90<\/td>\n<\/tr>\n<tr>\n<td><strong>Potencia<\/strong><\/td>\n<td>2W (Driver de 600mA)<\/td>\n<\/tr>\n<tr>\n<td><strong>Peso<\/strong><\/td>\n<td>0.5kg<\/td>\n<\/tr>\n<tr>\n<td><strong>Entrada de CA<\/strong><\/td>\n<td>100-240V, 50\/60Hz<\/td>\n<\/tr>\n<tr>\n<td><strong>Driver<\/strong><\/td>\n<td>Driver de corriente constante incorporado<\/td>\n<\/tr>\n<tr>\n<td><strong>\u00c1ngulo del Reflector<\/strong><\/td>\n<td>[Dejar en blanco en los datos originales]<\/td>\n<\/tr>\n<tr>\n<td><strong><strong><a href=\"https:\/\/ledsteplight.com\/es\/dm36b-pro-honeycomb-anti-glare-led-in-ground-light-ip67-24v-dc\/\" class=\"waam-auto-link\" title=\"Temperatura de Color\">Temperatura de Color<\/a><\/strong> (CCT)<\/strong><\/td>\n<td>3000K (Blanco c\u00e1lido), 4000K (Blanco neutro), 5700K (Blanco fr\u00edo)<\/td>\n<\/tr>\n<tr>\n<td><strong>M\u00e9todo de conexi\u00f3n<\/strong><\/td>\n<td>[Dejar en blanco en los datos originales]<\/td>\n<\/tr>\n<tr>\n<td><strong>Material<\/strong><\/td>\n<td>Aleaci\u00f3n de aluminio<\/td>\n<\/tr>\n<tr>\n<td><strong>Opciones de color<\/strong><\/td>\n<td>Blanco mate, Negro cepillado, Plata cepillada (<em>Dorado\/gris cepillado personalizable<\/em>)<\/td>\n<\/tr>\n<tr>\n<td><strong>Clasificaci\u00f3n IP<\/strong><\/td>\n<td><strong><a href=\"https:\/\/ledsteplight.com\/es\/cree-bridgelux-chip-ip65-led-fixture-for-garden-facade-lighting\/\" class=\"waam-auto-link\" title=\"IP65\">IP65<\/a><\/strong> (Impermeable y a prueba de polvo)<\/td>\n<\/tr>\n<tr>\n<td><strong>Instalaci\u00f3n<\/strong><\/td>\n<td>Instalaci\u00f3n empotrada (Compatible con caja empotrada est\u00e1ndar de 86mm)<\/td>\n<\/tr>\n<\/tbody>\n<\/table>\n<p>Conoce el MG-GYD038-PLUS. Esto no es solo otra luz exterior peque\u00f1a; es un trabajo inteligente de 2W dise\u00f1ado para profesionales. Lo dise\u00f1amos en torno a una caja empotrada est\u00e1ndar de 86mm, lo que facilita una instalaci\u00f3n r\u00e1pida y limpia para cualquier aplicaci\u00f3n empotrada\u2014sin cortes personalizados, sin trabajo adicional. El cuerpo es de aleaci\u00f3n de aluminio s\u00f3lida con una clasificaci\u00f3n IP65 verdadera a prueba de agua, lista para cualquier clima. En su interior, un chip OSRAM de alta calidad (CRI &gt;90) proporciona una luz limpia y precisa, alimentada por un controlador confiable integrado de 100-240V.<\/p>\n<p>El verdadero valor para sus clientes es la inteligencia incorporada. Este modelo cuenta con un sensor de movimiento y luz de doble modo, que proporciona seguridad y ahorro de energ\u00eda sin necesidad de cableado adicional. Es la luminaria perfecta, sin complicaciones, para caminos comerciales, escaleras de hoteles o terrazas residenciales. Como f\u00e1brica, lo almacenamos en blanco mate, negro cepillado y plata cepillada, y ofrecemos personalizaci\u00f3n completa, incluyendo colores personalizados (como oro cepillado) y servicios de marca privada para sus pedidos mayoristas en volumen.<\/p>","protected":false},"excerpt":{"rendered":"<p>Adquiera la luz de sensor exterior 2W IP65 directamente de la **f\u00e1brica**. El GYD038-PLUS encaja en cajas de 86. Ofrecemos soluciones al por mayor y **personalizadas** (OEM) para socios B2B.<\/p>","protected":false},"featured_media":37370,"comment_status":"open","ping_status":"closed","template":"","meta":[],"product_brand":[],"product_cat":[116,99,100,426,427,428,439,429,440,430,441,431,442,443,432,433,444,112,445,446,101,434,435,436,437],"product_tag":[117,102,103,76,113,78,104,83],"class_list":{"0":"post-38086","1":"product","2":"type-product","3":"status-publish","4":"has-post-thumbnail","6":"product_cat-038-series","7":"product_cat-039-series","8":"product_cat-aluminum-ground-light","9":"product_cat-ceiling-recessed","10":"product_cat-ceiling-surface","11":"product_cat-ceiling-suspended","12":"product_cat-commercial","13":"product_cat-drivers","14":"product_cat-education","15":"product_cat-freestanding-light","16":"product_cat-hospitality","17":"product_cat-industrial","18":"product_cat-infrastructure","19":"product_cat-landscape","20":"product_cat-landscaping","21":"product_cat-linear","22":"product_cat-office","23":"product_cat-outdoor-ground-light","24":"product_cat-residential","25":"product_cat-retail","26":"product_cat-sensor-ground-light","27":"product_cat-table-lamp","28":"product_cat-track","29":"product_cat-wall-recessed","30":"product_cat-wall-surface","31":"product_tag-038-series","32":"product_tag-039-series","33":"product_tag-aluminum-ground-light","34":"product_tag-aluminum-housing","35":"product_tag-outdoor-ground-light","36":"product_tag-outdoor-lighting","37":"product_tag-sensor-ground-light","38":"product_tag-waterproof-fixture","40":"first","41":"instock","42":"shipping-taxable","43":"product-type-simple"},"_links":{"self":[{"href":"https:\/\/ledsteplight.com\/es\/wp-json\/wp\/v2\/product\/38086","targetHints":{"allow":["GET"]}}],"collection":[{"href":"https:\/\/ledsteplight.com\/es\/wp-json\/wp\/v2\/product"}],"about":[{"href":"https:\/\/ledsteplight.com\/es\/wp-json\/wp\/v2\/types\/product"}],"replies":[{"embeddable":true,"href":"https:\/\/ledsteplight.com\/es\/wp-json\/wp\/v2\/comments?post=38086"}],"version-history":[{"count":3,"href":"https:\/\/ledsteplight.com\/es\/wp-json\/wp\/v2\/product\/38086\/revisions"}],"predecessor-version":[{"id":38612,"href":"https:\/\/ledsteplight.com\/es\/wp-json\/wp\/v2\/product\/38086\/revisions\/38612"}],"wp:featuredmedia":[{"embeddable":true,"href":"https:\/\/ledsteplight.com\/es\/wp-json\/wp\/v2\/media\/37370"}],"wp:attachment":[{"href":"https:\/\/ledsteplight.com\/es\/wp-json\/wp\/v2\/media?parent=38086"}],"wp:term":[{"taxonomy":"product_brand","embeddable":true,"href":"https:\/\/ledsteplight.com\/es\/wp-json\/wp\/v2\/product_brand?post=38086"},{"taxonomy":"product_cat","embeddable":true,"href":"https:\/\/ledsteplight.com\/es\/wp-json\/wp\/v2\/product_cat?post=38086"},{"taxonomy":"product_tag","embeddable":true,"href":"https:\/\/ledsteplight.com\/es\/wp-json\/wp\/v2\/product_tag?post=38086"}],"curies":[{"name":"wp","href":"https:\/\/api.w.org\/{rel}","templated":true}]}}