{"id":38087,"date":"2025-09-08T13:04:27","date_gmt":"2025-09-08T13:04:27","guid":{"rendered":"https:\/\/ledsteplight.com\/import-placeholder-for-37257\/"},"modified":"2026-01-19T02:13:17","modified_gmt":"2026-01-19T02:13:17","slug":"la-eleccion-del-profesional-para-instalaciones-estandar-en-caja-86","status":"publish","type":"product","link":"https:\/\/ledsteplight.com\/es\/la-eleccion-del-profesional-para-instalaciones-estandar-en-caja-86\/","title":{"rendered":"La elecci\u00f3n del profesional para instalaciones est\u00e1ndar en caja 86"},"content":{"rendered":"<table class=\"OxEWNITQ\">\n<thead>\n<tr>\n<th><strong>Serie de Producto<\/strong><\/th>\n<th>Serie MG-SN038-PLUS<\/th>\n<\/tr>\n<\/thead>\n<tbody>\n<tr>\n<td><strong>Tama\u00f1o del producto<\/strong><\/td>\n<td>L87mm (Longitud) x W87mm (Ancho) x H30mm (Altura)<\/td>\n<\/tr>\n<tr>\n<td><strong>Tama\u00f1o de Corte<\/strong><\/td>\n<td>Caja pre-enterrada de 86mm (Compatible)<\/td>\n<\/tr>\n<tr>\n<td><strong>Control de Funciones<\/strong><\/td>\n<td>ENCENDIDO\/APAGADO<\/td>\n<\/tr>\n<tr>\n<td><strong>Fuente de Luz<\/strong><\/td>\n<td>OSRAM \/ <strong><a href=\"https:\/\/ledsteplight.com\/es\/cree-bridgelux-chip-ip65-led-fixture-for-garden-facade-lighting\/\" class=\"waam-auto-link\" title=\"LED CREE\">LED CREE<\/a><\/strong> (RA&gt;90)<\/td>\n<\/tr>\n<tr>\n<td><strong>Potencia<\/strong><\/td>\n<td>2W a 600mA<\/td>\n<\/tr>\n<tr>\n<td><strong>Peso<\/strong><\/td>\n<td>0.5 Kilogramos<\/td>\n<\/tr>\n<tr>\n<td><strong>Entrada de CA<\/strong><\/td>\n<td>100-240V, 50-60Hz<\/td>\n<\/tr>\n<tr>\n<td><strong>Driver<\/strong><\/td>\n<td>Integrado<\/td>\n<\/tr>\n<tr>\n<td><strong>\u00c1ngulo del Reflector<\/strong><\/td>\n<td>No especificado<\/td>\n<\/tr>\n<tr>\n<td><strong><strong><a href=\"https:\/\/ledsteplight.com\/es\/dm36b-pro-honeycomb-anti-glare-led-in-ground-light-ip67-24v-dc\/\" class=\"waam-auto-link\" title=\"Temperatura de Color\">Temperatura de Color<\/a><\/strong><\/strong><\/td>\n<td>3000K, 4000K, 5700K<\/td>\n<\/tr>\n<tr>\n<td><strong>Conexi\u00f3n (Cables\/Longitud\/Conectores)<\/strong><\/td>\n<td>No especificado<\/td>\n<\/tr>\n<tr>\n<td><strong>Material<\/strong><\/td>\n<td>Aluminio<\/td>\n<\/tr>\n<tr>\n<td><strong>Color\/Acabado<\/strong><\/td>\n<td>Blanco Arena, Negro Cepillado, Plata Cepillada (Personalizable en Oro Cepillado\/Gris Cepillado)<\/td>\n<\/tr>\n<tr>\n<td><strong>Clasificaci\u00f3n IP<\/strong><\/td>\n<td>IP65 (Protegido contra polvo y chorros de agua)<\/td>\n<\/tr>\n<tr>\n<td><strong>M\u00e9todo de Instalaci\u00f3n<\/strong><\/td>\n<td>Empotrado Recesado (Compatible con caja de empalme de 86mm)<\/td>\n<\/tr>\n<\/tbody>\n<\/table>\n<p>El MG-SN038-PLUS es el accesorio de trabajo que necesita tu inventario B2B. Lo dise\u00f1amos para instaladores: est\u00e1 pensado para encajar perfectamente en cualquier caja de empalmes preinstalada est\u00e1ndar de 86 mm (L87xW87mm). Esto significa sin conjeturas, sin trabajo adicional y sin cortes personalizados, solo una instalaci\u00f3n limpia, r\u00e1pida y profesional en cada ocasi\u00f3n. Este es el modelo simple de ON\/OFF, dise\u00f1ado para la fiabilidad. Su cuerpo de aleaci\u00f3n de aluminio s\u00f3lido y su clasificaci\u00f3n de impermeabilidad IP65 significan que est\u00e1 listo para cualquier camino exterior, escaleras o terraza.<\/p>\n<p>En su interior, cada unidad cuenta con un chip LED premium OSRAM\/CREE (CRI&gt;90) y un controlador integrado de 100-240V, que proporciona una luz constante y de alta calidad. Como tu socio directo de f\u00e1brica, ofrecemos personalizaci\u00f3n completa y precios mayoristas para pedidos en volumen. Aunque disponemos de colores Arena Blanco, Negro Cepillado y Plata Cepillada, podemos producir f\u00e1cilmente acabados personalizados como Oro Cepillado o Gris para coincidir con el hardware de tu proyecto. Este es el accesorio simple, fiable y de alta especificaci\u00f3n que mantiene a tus clientes satisfechos y tus costos bajos.<\/p>","protected":false},"excerpt":{"rendered":"<p>Obt\u00e9n precios al por mayor en la l\u00e1mpara LED IP65 de 2W (SN038-PLUS). Se ajusta a cajas est\u00e1ndar de 86 para una instalaci\u00f3n sencilla. Somos una **f\u00e1brica** que ofrece servicios completos de **personalizaci\u00f3n** y marca privada<\/p>","protected":false},"featured_media":37372,"comment_status":"open","ping_status":"closed","template":"","meta":[],"product_brand":[],"product_cat":[116,99,100,426,427,428,439,429,440,430,441,431,442,443,432,433,444,112,464,445,446,434,435,436,437],"product_tag":[117,102,103,76,77,113,78],"class_list":{"0":"post-38087","1":"product","2":"type-product","3":"status-publish","4":"has-post-thumbnail","6":"product_cat-038-series","7":"product_cat-039-series","8":"product_cat-aluminum-ground-light","9":"product_cat-ceiling-recessed","10":"product_cat-ceiling-surface","11":"product_cat-ceiling-suspended","12":"product_cat-commercial","13":"product_cat-drivers","14":"product_cat-education","15":"product_cat-freestanding-light","16":"product_cat-hospitality","17":"product_cat-industrial","18":"product_cat-infrastructure","19":"product_cat-landscape","20":"product_cat-landscaping","21":"product_cat-linear","22":"product_cat-office","23":"product_cat-outdoor-ground-light","24":"product_cat-c-outdoor-lighting","25":"product_cat-residential","26":"product_cat-retail","27":"product_cat-table-lamp","28":"product_cat-track","29":"product_cat-wall-recessed","30":"product_cat-wall-surface","31":"product_tag-038-series","32":"product_tag-039-series","33":"product_tag-aluminum-ground-light","34":"product_tag-aluminum-housing","35":"product_tag-ground-light","36":"product_tag-outdoor-ground-light","37":"product_tag-outdoor-lighting","39":"first","40":"instock","41":"shipping-taxable","42":"product-type-simple"},"_links":{"self":[{"href":"https:\/\/ledsteplight.com\/es\/wp-json\/wp\/v2\/product\/38087","targetHints":{"allow":["GET"]}}],"collection":[{"href":"https:\/\/ledsteplight.com\/es\/wp-json\/wp\/v2\/product"}],"about":[{"href":"https:\/\/ledsteplight.com\/es\/wp-json\/wp\/v2\/types\/product"}],"replies":[{"embeddable":true,"href":"https:\/\/ledsteplight.com\/es\/wp-json\/wp\/v2\/comments?post=38087"}],"version-history":[{"count":3,"href":"https:\/\/ledsteplight.com\/es\/wp-json\/wp\/v2\/product\/38087\/revisions"}],"predecessor-version":[{"id":38600,"href":"https:\/\/ledsteplight.com\/es\/wp-json\/wp\/v2\/product\/38087\/revisions\/38600"}],"wp:featuredmedia":[{"embeddable":true,"href":"https:\/\/ledsteplight.com\/es\/wp-json\/wp\/v2\/media\/37372"}],"wp:attachment":[{"href":"https:\/\/ledsteplight.com\/es\/wp-json\/wp\/v2\/media?parent=38087"}],"wp:term":[{"taxonomy":"product_brand","embeddable":true,"href":"https:\/\/ledsteplight.com\/es\/wp-json\/wp\/v2\/product_brand?post=38087"},{"taxonomy":"product_cat","embeddable":true,"href":"https:\/\/ledsteplight.com\/es\/wp-json\/wp\/v2\/product_cat?post=38087"},{"taxonomy":"product_tag","embeddable":true,"href":"https:\/\/ledsteplight.com\/es\/wp-json\/wp\/v2\/product_tag?post=38087"}],"curies":[{"name":"wp","href":"https:\/\/api.w.org\/{rel}","templated":true}]}}