{"id":38088,"date":"2025-09-08T13:04:27","date_gmt":"2025-09-08T13:04:27","guid":{"rendered":"https:\/\/ledsteplight.com\/import-placeholder-for-37262\/"},"modified":"2026-01-19T02:13:17","modified_gmt":"2026-01-19T02:13:17","slug":"luz-de-alta-bahia-led-empotrada-industrial-zb27070-cree-osram-precio-de-fabrica-personalizado","status":"publish","type":"product","link":"https:\/\/ledsteplight.com\/es\/luz-de-alta-bahia-led-empotrada-industrial-zb27070-cree-osram-precio-de-fabrica-personalizado\/","title":{"rendered":"Luz de alta bah\u00eda LED empotrada industrial ZB27070 | CREE\/OSRAM | Precio de f\u00e1brica personalizado"},"content":{"rendered":"<table class=\"OxEWNITQ\">\n<thead>\n<tr>\n<th><strong>Modelo del producto<\/strong><\/th>\n<th><strong>MG-ZB27070<\/strong><\/th>\n<\/tr>\n<\/thead>\n<tbody>\n<tr>\n<td><strong>Tama\u00f1o<\/strong><\/td>\n<td>L270<em>W70<\/em>H48mm<\/td>\n<\/tr>\n<tr>\n<td><strong>Tama\u00f1o de Corte<\/strong><\/td>\n<td>Diagrama de instalaci\u00f3n consulte la hoja de especificaciones<\/td>\n<\/tr>\n<tr>\n<td><strong>Control de Funciones<\/strong><\/td>\n<td>Control de interruptor<\/td>\n<\/tr>\n<tr>\n<td><strong>Fuente de Luz<\/strong><\/td>\n<td>OSRAM \/ CREE<\/td>\n<\/tr>\n<tr>\n<td><strong>Vatios<\/strong><\/td>\n<td>5W<\/td>\n<\/tr>\n<tr>\n<td><strong>Peso<\/strong><\/td>\n<td>0.7kg<\/td>\n<\/tr>\n<tr>\n<td><strong>Voltaje de entrada<\/strong><\/td>\n<td>AC220\/DC24V<\/td>\n<\/tr>\n<tr>\n<td><strong>Driver<\/strong><\/td>\n<td>KGP\/SHIKI\/<\/td>\n<\/tr>\n<tr>\n<td><strong>\u00c1ngulo del Reflector<\/strong><\/td>\n<td>No especificado<\/td>\n<\/tr>\n<tr>\n<td><strong><strong><a href=\"https:\/\/ledsteplight.com\/es\/dm36b-pro-honeycomb-anti-glare-led-in-ground-light-ip67-24v-dc\/\" class=\"waam-auto-link\" title=\"Temperatura de Color\">Temperatura de Color<\/a><\/strong><\/strong><\/td>\n<td>No especificado<\/td>\n<\/tr>\n<tr>\n<td><strong>Material<\/strong><\/td>\n<td>No especificado<\/td>\n<\/tr>\n<tr>\n<td><strong>Color\/Acabado<\/strong><\/td>\n<td>No especificado<\/td>\n<\/tr>\n<tr>\n<td><strong>Clasificaci\u00f3n IP<\/strong><\/td>\n<td>No especificado<\/td>\n<\/tr>\n<tr>\n<td><strong>Instalaci\u00f3n<\/strong><\/td>\n<td>Empotrado<\/td>\n<\/tr>\n<\/tbody>\n<\/table>\n<p>&nbsp;<\/p>\n<p data-start=\"472\" data-end=\"849\">La luz de alta bah\u00eda LED MG-ZB27070 est\u00e1 dise\u00f1ada para personas que desean una iluminaci\u00f3n confiable y sin complicaciones en espacios industriales o comerciales. Utilizando LEDs OSRAM o CREE, ofrece un rendimiento brillante y estable de 5W mientras mantiene bajos los costos energ\u00e9ticos. El dise\u00f1o empotrado encaja perfectamente en techos, creando una apariencia limpia que funciona bien en almacenes, \u00e1reas comerciales o salas de exposici\u00f3n.<\/p>\n<p data-start=\"851\" data-end=\"1231\">Est\u00e1 dise\u00f1ada para uso a gran escala \u2014 perfecta para contratistas de iluminaci\u00f3n, constructores o revendedores que necesitan calidad constante en pedidos al por mayor. Compatible con AC220V\/DC24V y alimentada por controladores confiables KGP o SHIKI, este modelo puede ser personalizado para proyectos espec\u00edficos o etiquetado para suministro OEM. Duradera, eficiente y f\u00e1cil de instalar \u2014 una opci\u00f3n inteligente para cualquier configuraci\u00f3n de iluminaci\u00f3n moderna.<\/p>","protected":false},"excerpt":{"rendered":"<p>Luz de alta bah\u00eda LED ZB27070 de 5W con chips OSRAM\/CREE. Empotrada, duradera y eficiente en energ\u00eda. Iluminaci\u00f3n OEM\/ODM personalizada para proyectos industriales.<\/p>","protected":false},"featured_media":37375,"comment_status":"open","ping_status":"closed","template":"","meta":[],"product_brand":[],"product_cat":[100,426,427,428,439,429,440,430,441,431,442,443,432,433,136,444,464,445,446,434,435,436,437],"product_tag":[103,76,111,109,137,114,115],"class_list":{"0":"post-38088","1":"product","2":"type-product","3":"status-publish","4":"has-post-thumbnail","6":"product_cat-aluminum-ground-light","7":"product_cat-ceiling-recessed","8":"product_cat-ceiling-surface","9":"product_cat-ceiling-suspended","10":"product_cat-commercial","11":"product_cat-drivers","12":"product_cat-education","13":"product_cat-freestanding-light","14":"product_cat-hospitality","15":"product_cat-industrial","16":"product_cat-infrastructure","17":"product_cat-landscape","18":"product_cat-landscaping","19":"product_cat-linear","20":"product_cat-narrow-border-ground-light","21":"product_cat-office","22":"product_cat-c-outdoor-lighting","23":"product_cat-residential","24":"product_cat-retail","25":"product_cat-table-lamp","26":"product_cat-track","27":"product_cat-wall-recessed","28":"product_cat-wall-surface","29":"product_tag-aluminum-ground-light","30":"product_tag-aluminum-housing","31":"product_tag-garden-lighting","32":"product_tag-led-fixture","33":"product_tag-narrow-border-ground-light","34":"product_tag-pathway-light","35":"product_tag-recessed-light","37":"first","38":"instock","39":"shipping-taxable","40":"product-type-simple"},"_links":{"self":[{"href":"https:\/\/ledsteplight.com\/es\/wp-json\/wp\/v2\/product\/38088","targetHints":{"allow":["GET"]}}],"collection":[{"href":"https:\/\/ledsteplight.com\/es\/wp-json\/wp\/v2\/product"}],"about":[{"href":"https:\/\/ledsteplight.com\/es\/wp-json\/wp\/v2\/types\/product"}],"replies":[{"embeddable":true,"href":"https:\/\/ledsteplight.com\/es\/wp-json\/wp\/v2\/comments?post=38088"}],"version-history":[{"count":3,"href":"https:\/\/ledsteplight.com\/es\/wp-json\/wp\/v2\/product\/38088\/revisions"}],"predecessor-version":[{"id":38601,"href":"https:\/\/ledsteplight.com\/es\/wp-json\/wp\/v2\/product\/38088\/revisions\/38601"}],"wp:featuredmedia":[{"embeddable":true,"href":"https:\/\/ledsteplight.com\/es\/wp-json\/wp\/v2\/media\/37375"}],"wp:attachment":[{"href":"https:\/\/ledsteplight.com\/es\/wp-json\/wp\/v2\/media?parent=38088"}],"wp:term":[{"taxonomy":"product_brand","embeddable":true,"href":"https:\/\/ledsteplight.com\/es\/wp-json\/wp\/v2\/product_brand?post=38088"},{"taxonomy":"product_cat","embeddable":true,"href":"https:\/\/ledsteplight.com\/es\/wp-json\/wp\/v2\/product_cat?post=38088"},{"taxonomy":"product_tag","embeddable":true,"href":"https:\/\/ledsteplight.com\/es\/wp-json\/wp\/v2\/product_tag?post=38088"}],"curies":[{"name":"wp","href":"https:\/\/api.w.org\/{rel}","templated":true}]}}