{"id":38089,"date":"2025-09-08T13:04:27","date_gmt":"2025-09-08T13:04:27","guid":{"rendered":"https:\/\/ledsteplight.com\/import-placeholder-for-37281\/"},"modified":"2026-01-19T02:13:18","modified_gmt":"2026-01-19T02:13:18","slug":"mg-gyd039-150-luz-empotrada-led-personalizada-suministro-de-fabrica","status":"publish","type":"product","link":"https:\/\/ledsteplight.com\/es\/mg-gyd039-150-luz-empotrada-led-personalizada-suministro-de-fabrica\/","title":{"rendered":"Luz empotrada LED personalizada MG-GYD039-150 | Suministro de f\u00e1brica"},"content":{"rendered":"<h3 data-start=\"94\" data-end=\"120\"><\/h3>\n<table data-start=\"122\" data-end=\"1446\">\n<thead data-start=\"122\" data-end=\"209\">\n<tr data-start=\"122\" data-end=\"209\">\n<th data-start=\"122\" data-end=\"151\"><strong data-start=\"124\" data-end=\"137\">Par\u00e1metro<\/strong><\/th>\n<th data-start=\"151\" data-end=\"209\"><strong data-start=\"153\" data-end=\"182\">Especificaci\u00f3n\/Descripci\u00f3n<\/strong><\/th>\n<\/tr>\n<\/thead>\n<tbody data-start=\"298\" data-end=\"1446\">\n<tr data-start=\"298\" data-end=\"385\">\n<td><strong data-start=\"300\" data-end=\"317\">Modelo del producto<\/strong><\/td>\n<td>MG-GYD039-150<\/td>\n<\/tr>\n<tr data-start=\"386\" data-end=\"473\">\n<td><strong data-start=\"388\" data-end=\"408\">Categor\u00eda de Producto<\/strong><\/td>\n<td>Aplique de suelo con LED<\/td>\n<\/tr>\n<tr data-start=\"474\" data-end=\"561\">\n<td><strong data-start=\"476\" data-end=\"497\">Voltaje de funcionamiento<\/strong><\/td>\n<td>24V DC <em data-start=\"512\" data-end=\"529\">(valor de ejemplo)<\/em><\/td>\n<\/tr>\n<tr data-start=\"562\" data-end=\"649\">\n<td><strong data-start=\"564\" data-end=\"585\">Corriente de funcionamiento<\/strong><\/td>\n<td>\u2014 (No especificado)<\/td>\n<\/tr>\n<tr data-start=\"650\" data-end=\"737\">\n<td><strong data-start=\"652\" data-end=\"673\">Consumo de energ\u00eda<\/strong><\/td>\n<td>&lt; 45W <em data-start=\"687\" data-end=\"704\">(valor de ejemplo)<\/em><\/td>\n<\/tr>\n<tr data-start=\"738\" data-end=\"825\">\n<td><strong data-start=\"740\" data-end=\"756\">Salida de l\u00famenes<\/strong><\/td>\n<td>1500 lm <em data-start=\"777\" data-end=\"794\">(valor de ejemplo)<\/em><\/td>\n<\/tr>\n<tr data-start=\"826\" data-end=\"911\">\n<td><strong data-start=\"828\" data-end=\"849\">Temperatura de Color<\/strong><\/td>\n<td>5000K<\/td>\n<\/tr>\n<tr data-start=\"912\" data-end=\"999\">\n<td><strong data-start=\"914\" data-end=\"927\">Clasificaci\u00f3n IP<\/strong><\/td>\n<td>IP67 (Resistente al agua y al polvo)<\/td>\n<\/tr>\n<tr data-start=\"1000\" data-end=\"1087\">\n<td><strong data-start=\"1002\" data-end=\"1027\">Temperatura de Funcionamiento<\/strong><\/td>\n<td>-20\u00b0C a +60\u00b0C<\/td>\n<\/tr>\n<tr data-start=\"1088\" data-end=\"1175\">\n<td><strong data-start=\"1090\" data-end=\"1104\">Dimensiones<\/strong><\/td>\n<td>\u2014 (No especificado)<\/td>\n<\/tr>\n<tr data-start=\"1176\" data-end=\"1263\">\n<td><strong data-start=\"1178\" data-end=\"1188\">Peso<\/strong><\/td>\n<td>\u2014 (No especificado)<\/td>\n<\/tr>\n<tr data-start=\"1264\" data-end=\"1351\">\n<td><strong data-start=\"1266\" data-end=\"1278\">Vida \u00fatil<\/strong><\/td>\n<td>Hasta 50,000 horas <em data-start=\"1314\" data-end=\"1331\">(valor de ejemplo)<\/em><\/td>\n<\/tr>\n<tr data-start=\"1352\" data-end=\"1446\">\n<td><strong data-start=\"1354\" data-end=\"1377\">Caracter\u00edsticas adicionales<\/strong><\/td>\n<td>Control inteligente, dise\u00f1o modular, eficiente en energ\u00eda, construcci\u00f3n robusta<\/td>\n<\/tr>\n<\/tbody>\n<\/table>\n<p data-start=\"393\" data-end=\"841\"><strong data-start=\"397\" data-end=\"434\">MG-GYD039-150 <strong><a href=\"https:\/\/ledsteplight.com\/es\/dm36b-pro-honeycomb-anti-glare-led-in-ground-light-ip67-24v-dc\/\" class=\"waam-auto-link\" title=\"Luz empotrada LED\">Luz empotrada LED<\/a><\/strong><\/strong> es una soluci\u00f3n premium <strong><a href=\"https:\/\/ledsteplight.com\/es\/soluciones-efectivas-de-iluminacion-de-paisaje-de-bajo-voltaje-para-exteriores\/\" class=\"waam-auto-link\" title=\"iluminaci\u00f3n exterior\">iluminaci\u00f3n exterior<\/a><\/strong> dise\u00f1ada para durabilidad y rendimiento. Fabricada con precisi\u00f3n en nuestra f\u00e1brica, esta luminaria de 24V DC de alta potencia ofrece hasta 1500 l\u00famenes con una temperatura de color de 5000K, asegurando una iluminaci\u00f3n brillante y uniforme <strong><a href=\"https:\/\/ledsteplight.com\/es\/las-principales-ventajas-de-la-luz-de-pasos-con-sensor-pir-para-la-seguridad\/\" class=\"waam-auto-link\" title=\"iluminaci\u00f3n\">iluminaci\u00f3n<\/a><\/strong> para caminos, entradas de veh\u00edculos y paisajes arquitect\u00f3nicos. Su <strong data-start=\"749\" data-end=\"775\">dise\u00f1o impermeable IP67<\/strong> garantiza un funcionamiento fiable incluso en condiciones exteriores adversas.<\/p>\n<p data-start=\"843\" data-end=\"1208\">Nos especializamos en <strong data-start=\"860\" data-end=\"904\">LED OEM y ODM <strong><a href=\"https:\/\/ledsteplight.com\/es\/5w-led-in-ground-lights-ip65-waterproof-outdoor-driveway-garden-floor-lighting\/\" class=\"waam-auto-link\" title=\"luz de suelo\">luz de suelo<\/a><\/strong> proceso de fabricaci\u00f3n<\/strong>, ofreciendo diferentes potencias, \u00e1ngulos de haz y materiales de carcasa para satisfacer diversos requisitos de proyectos. Construida con componentes de bajo consumo energ\u00e9tico y una estructura modular, la MG-GYD039-150 proporciona una larga vida \u00fatil de hasta 50,000 horas\u2014ideal para aplicaciones profesionales de paisajismo y <strong><a href=\"https:\/\/ledsteplight.com\/es\/cree-bridgelux-chip-ip65-led-fixture-for-garden-facade-lighting\/\" class=\"waam-auto-link\" title=\"iluminaci\u00f3n arquitect\u00f3nica\">iluminaci\u00f3n arquitect\u00f3nica<\/a><\/strong> arquitectura.<\/p>","protected":false},"excerpt":{"rendered":"<p>Fabricante de luces empotradas LED MG-GYD039-150. Dise\u00f1os personalizados, opciones OEM\/ODM, resistente al agua IP67, potencia m\u00e1xima de 45W, brillo de 1500 lm, suministro directo de f\u00e1brica.<\/p>","protected":false},"featured_media":37378,"comment_status":"open","ping_status":"closed","template":"","meta":[],"product_brand":[],"product_cat":[99,100,426,427,428,439,429,440,430,441,431,442,443,432,433,444,464,445,446,101,434,435,436,437],"product_tag":[102,103,76,111,77,114,115,104],"class_list":{"0":"post-38089","1":"product","2":"type-product","3":"status-publish","4":"has-post-thumbnail","6":"product_cat-039-series","7":"product_cat-aluminum-ground-light","8":"product_cat-ceiling-recessed","9":"product_cat-ceiling-surface","10":"product_cat-ceiling-suspended","11":"product_cat-commercial","12":"product_cat-drivers","13":"product_cat-education","14":"product_cat-freestanding-light","15":"product_cat-hospitality","16":"product_cat-industrial","17":"product_cat-infrastructure","18":"product_cat-landscape","19":"product_cat-landscaping","20":"product_cat-linear","21":"product_cat-office","22":"product_cat-c-outdoor-lighting","23":"product_cat-residential","24":"product_cat-retail","25":"product_cat-sensor-ground-light","26":"product_cat-table-lamp","27":"product_cat-track","28":"product_cat-wall-recessed","29":"product_cat-wall-surface","30":"product_tag-039-series","31":"product_tag-aluminum-ground-light","32":"product_tag-aluminum-housing","33":"product_tag-garden-lighting","34":"product_tag-ground-light","35":"product_tag-pathway-light","36":"product_tag-recessed-light","37":"product_tag-sensor-ground-light","39":"first","40":"instock","41":"shipping-taxable","42":"product-type-simple"},"_links":{"self":[{"href":"https:\/\/ledsteplight.com\/es\/wp-json\/wp\/v2\/product\/38089","targetHints":{"allow":["GET"]}}],"collection":[{"href":"https:\/\/ledsteplight.com\/es\/wp-json\/wp\/v2\/product"}],"about":[{"href":"https:\/\/ledsteplight.com\/es\/wp-json\/wp\/v2\/types\/product"}],"replies":[{"embeddable":true,"href":"https:\/\/ledsteplight.com\/es\/wp-json\/wp\/v2\/comments?post=38089"}],"version-history":[{"count":3,"href":"https:\/\/ledsteplight.com\/es\/wp-json\/wp\/v2\/product\/38089\/revisions"}],"predecessor-version":[{"id":38602,"href":"https:\/\/ledsteplight.com\/es\/wp-json\/wp\/v2\/product\/38089\/revisions\/38602"}],"wp:featuredmedia":[{"embeddable":true,"href":"https:\/\/ledsteplight.com\/es\/wp-json\/wp\/v2\/media\/37378"}],"wp:attachment":[{"href":"https:\/\/ledsteplight.com\/es\/wp-json\/wp\/v2\/media?parent=38089"}],"wp:term":[{"taxonomy":"product_brand","embeddable":true,"href":"https:\/\/ledsteplight.com\/es\/wp-json\/wp\/v2\/product_brand?post=38089"},{"taxonomy":"product_cat","embeddable":true,"href":"https:\/\/ledsteplight.com\/es\/wp-json\/wp\/v2\/product_cat?post=38089"},{"taxonomy":"product_tag","embeddable":true,"href":"https:\/\/ledsteplight.com\/es\/wp-json\/wp\/v2\/product_tag?post=38089"}],"curies":[{"name":"wp","href":"https:\/\/api.w.org\/{rel}","templated":true}]}}