{"id":38091,"date":"2025-09-08T13:04:28","date_gmt":"2025-09-08T13:04:28","guid":{"rendered":"https:\/\/ledsteplight.com\/import-placeholder-for-37283\/"},"modified":"2026-01-19T02:13:12","modified_gmt":"2026-01-19T02:13:12","slug":"luz-de-acento-exterior-impermeable-con-led-de-20-o-22-mm-en-suelo","status":"publish","type":"product","link":"https:\/\/ledsteplight.com\/es\/luz-de-acento-exterior-impermeable-con-led-de-20-o-22-mm-en-suelo\/","title":{"rendered":"Luz LED empotrada en suelo DM20 \u00d822mm \u2013 Iluminaci\u00f3n de acento exterior impermeable"},"content":{"rendered":"<p>&nbsp;<\/p>\n<table class=\"OxEWNITQ\">\n<thead>\n<tr>\n<th><strong>Modelo del producto<\/strong><\/th>\n<th>LED DM20<\/th>\n<\/tr>\n<\/thead>\n<tbody>\n<tr>\n<td><strong>Tama\u00f1o del producto<\/strong><\/td>\n<td>\u00d822mm (Di\u00e1metro) x 45mm (Altura)<\/td>\n<\/tr>\n<tr>\n<td><strong>Tama\u00f1o de Corte<\/strong><\/td>\n<td>Apertura de parte pre-embalada: \u00d821mm (Di\u00e1metro) x 75mm (Altura) o apertura directa: \u00d819mm (Di\u00e1metro) x 75mm (Altura)<\/td>\n<\/tr>\n<tr>\n<td><strong>Control de Funciones<\/strong><\/td>\n<td>N\/A (No se menciona control de funci\u00f3n espec\u00edfico)<\/td>\n<\/tr>\n<tr>\n<td><strong>Fuente de Luz<\/strong><\/td>\n<td>LED SMD (RA90)<\/td>\n<\/tr>\n<tr>\n<td><strong>Potencia<\/strong><\/td>\n<td>1W a 300mA<\/td>\n<\/tr>\n<tr>\n<td><strong>Peso<\/strong><\/td>\n<td>No especificado<\/td>\n<\/tr>\n<tr>\n<td><strong>Entrada de CA<\/strong><\/td>\n<td>DC24V<\/td>\n<\/tr>\n<tr>\n<td><strong>Driver<\/strong><\/td>\n<td>No especificado (Puede ser integrado o externo)<\/td>\n<\/tr>\n<tr>\n<td><strong>\u00c1ngulo del Reflector<\/strong><\/td>\n<td>Ajustable a 15, 24, 36 o 60 grados<\/td>\n<\/tr>\n<tr>\n<td><strong><strong><a href=\"https:\/\/ledsteplight.com\/es\/dm36b-pro-honeycomb-anti-glare-led-in-ground-light-ip67-24v-dc\/\" class=\"waam-auto-link\" title=\"Temperatura de Color\">Temperatura de Color<\/a><\/strong><\/strong><\/td>\n<td>3000K<\/td>\n<\/tr>\n<tr>\n<td><strong>Conexi\u00f3n (Cables\/Longitud\/Conectores)<\/strong><\/td>\n<td>No especificado<\/td>\n<\/tr>\n<tr>\n<td><strong>Material<\/strong><\/td>\n<td>Aluminio o Acero Inoxidable<\/td>\n<\/tr>\n<tr>\n<td><strong>Color\/Acabado<\/strong><\/td>\n<td>Acabado en acero inoxidable<\/td>\n<\/tr>\n<tr>\n<td><strong>Clasificaci\u00f3n IP<\/strong><\/td>\n<td>IP67 (Protegido contra polvo y inmersi\u00f3n en agua hasta 1 metro de profundidad)<\/td>\n<\/tr>\n<tr>\n<td><strong>M\u00e9todo de Instalaci\u00f3n<\/strong><\/td>\n<td>Empotrado con partes pre-embaladas opcionales<\/td>\n<\/tr>\n<tr>\n<td><strong>Accesorios opcionales<\/strong><\/td>\n<td>Rejilla de panal disponible<\/td>\n<\/tr>\n<\/tbody>\n<\/table>\n<p data-start=\"572\" data-end=\"937\"><strong data-start=\"576\" data-end=\"601\">LED DM20 <strong><a href=\"https:\/\/ledsteplight.com\/es\/5w-led-in-ground-lights-ip65-waterproof-outdoor-driveway-garden-floor-lighting\/\" class=\"waam-auto-link\" title=\"Luz de suelo\">Luz de suelo<\/a><\/strong><\/strong> es una soluci\u00f3n de iluminaci\u00f3n empotrada compacta pero potente dise\u00f1ada para uso exterior. Con un di\u00e1metro de solo 22mm, se integra perfectamente en caminos, jardines y elementos arquitect\u00f3nicos. Construido con un <strong data-start=\"797\" data-end=\"850\">acabado en acero inoxidable y clasificaci\u00f3n de impermeabilidad IP67<\/strong>, este accesorio garantiza durabilidad contra la lluvia, el polvo e incluso inmersi\u00f3n temporal.<\/p>\n<p data-start=\"939\" data-end=\"1351\">Alimentado por un <strong data-start=\"952\" data-end=\"973\">LED SMD de 1W (RA90)<\/strong>, el DM20 ofrece una iluminaci\u00f3n c\u00e1lida de 3000K con \u00e1ngulos de reflector ajustables (15\u00b0, 24\u00b0, 36\u00b0 o 60\u00b0), brind\u00e1ndole control sobre la dispersi\u00f3n del haz. Instalaci\u00f3n empotrada f\u00e1cil con partes pre-embutidas opcionales, lo que lo hace adecuado para proyectos residenciales y comerciales. Los accesorios opcionales de rejilla de panal reducen a\u00fan m\u00e1s el deslumbramiento, ofreciendo un rendimiento de iluminaci\u00f3n exterior de nivel profesional. <strong><a href=\"https:\/\/ledsteplight.com\/es\/cree-bridgelux-chip-ip65-led-fixture-for-garden-facade-lighting\/\" class=\"waam-auto-link\" title=\"iluminaci\u00f3n exterior\">iluminaci\u00f3n exterior<\/a><\/strong> rendimiento.<\/p>","protected":false},"excerpt":{"rendered":"<p><strong data-start=\"1388\" data-end=\"1413\">Luz de suelo LED DM20<\/strong> \u2013 Fijaci\u00f3n empotrada exterior \u00d822mm con <strong data-start=\"1452\" data-end=\"1546\">LED SMD de 1W, luz c\u00e1lida de 3000K, dise\u00f1o impermeable IP67 y \u00e1ngulos de haz ajustables (15\u00b0\u201360\u00b0)<\/strong>. Construido en acero inoxidable para mayor durabilidad, ideal para <strong data-start=\"1599\" data-end=\"1653\">senderos, jardines y proyectos de iluminaci\u00f3n paisaj\u00edstica<\/strong>.<\/p>","protected":false},"featured_media":37383,"comment_status":"open","ping_status":"closed","template":"","meta":[],"product_brand":[],"product_cat":[100,426,427,428,439,429,440,430,441,126,431,442,443,432,433,444,112,464,445,446,106,434,435,436,437],"product_tag":[103,76,77,127,113,78,108,83],"class_list":{"0":"post-38091","1":"product","2":"type-product","3":"status-publish","4":"has-post-thumbnail","6":"product_cat-aluminum-ground-light","7":"product_cat-ceiling-recessed","8":"product_cat-ceiling-surface","9":"product_cat-ceiling-suspended","10":"product_cat-commercial","11":"product_cat-drivers","12":"product_cat-education","13":"product_cat-freestanding-light","14":"product_cat-hospitality","15":"product_cat-in-ground-light","16":"product_cat-industrial","17":"product_cat-infrastructure","18":"product_cat-landscape","19":"product_cat-landscaping","20":"product_cat-linear","21":"product_cat-office","22":"product_cat-outdoor-ground-light","23":"product_cat-c-outdoor-lighting","24":"product_cat-residential","25":"product_cat-retail","26":"product_cat-round-ground-light","27":"product_cat-table-lamp","28":"product_cat-track","29":"product_cat-wall-recessed","30":"product_cat-wall-surface","31":"product_tag-aluminum-ground-light","32":"product_tag-aluminum-housing","33":"product_tag-ground-light","34":"product_tag-in-ground-light","35":"product_tag-outdoor-ground-light","36":"product_tag-outdoor-lighting","37":"product_tag-round-ground-light","38":"product_tag-waterproof-fixture","40":"first","41":"instock","42":"shipping-taxable","43":"product-type-simple"},"_links":{"self":[{"href":"https:\/\/ledsteplight.com\/es\/wp-json\/wp\/v2\/product\/38091","targetHints":{"allow":["GET"]}}],"collection":[{"href":"https:\/\/ledsteplight.com\/es\/wp-json\/wp\/v2\/product"}],"about":[{"href":"https:\/\/ledsteplight.com\/es\/wp-json\/wp\/v2\/types\/product"}],"replies":[{"embeddable":true,"href":"https:\/\/ledsteplight.com\/es\/wp-json\/wp\/v2\/comments?post=38091"}],"version-history":[{"count":3,"href":"https:\/\/ledsteplight.com\/es\/wp-json\/wp\/v2\/product\/38091\/revisions"}],"predecessor-version":[{"id":38592,"href":"https:\/\/ledsteplight.com\/es\/wp-json\/wp\/v2\/product\/38091\/revisions\/38592"}],"wp:featuredmedia":[{"embeddable":true,"href":"https:\/\/ledsteplight.com\/es\/wp-json\/wp\/v2\/media\/37383"}],"wp:attachment":[{"href":"https:\/\/ledsteplight.com\/es\/wp-json\/wp\/v2\/media?parent=38091"}],"wp:term":[{"taxonomy":"product_brand","embeddable":true,"href":"https:\/\/ledsteplight.com\/es\/wp-json\/wp\/v2\/product_brand?post=38091"},{"taxonomy":"product_cat","embeddable":true,"href":"https:\/\/ledsteplight.com\/es\/wp-json\/wp\/v2\/product_cat?post=38091"},{"taxonomy":"product_tag","embeddable":true,"href":"https:\/\/ledsteplight.com\/es\/wp-json\/wp\/v2\/product_tag?post=38091"}],"curies":[{"name":"wp","href":"https:\/\/api.w.org\/{rel}","templated":true}]}}