{"id":38092,"date":"2025-09-08T13:04:28","date_gmt":"2025-09-08T13:04:28","guid":{"rendered":"https:\/\/ledsteplight.com\/import-placeholder-for-37284\/"},"modified":"2026-01-19T02:13:12","modified_gmt":"2026-01-19T02:13:12","slug":"sensor-de-movimiento-led-a-granel-en-luz-de-suelo-gyd039-18525-3w-carcasa-de-aluminio","status":"publish","type":"product","link":"https:\/\/ledsteplight.com\/es\/sensor-de-movimiento-led-a-granel-en-luz-de-suelo-gyd039-18525-3w-carcasa-de-aluminio\/","title":{"rendered":"Luz LED empotrada con sensor de movimiento al por mayor \u2013 GYD039-18525, 3W, Carcasa de aluminio"},"content":{"rendered":"<p id=\"\">caracteres:<\/p>\n<table class=\"OxEWNITQ\">\n<thead>\n<tr>\n<th><strong>Modelo del producto<\/strong><\/th>\n<th>MG-GYD039-18525<\/th>\n<\/tr>\n<\/thead>\n<tbody>\n<tr>\n<td><strong>Tama\u00f1o del producto<\/strong><\/td>\n<td>L185mm<em>W25mm<\/em>H60mm<\/td>\n<\/tr>\n<tr>\n<td><strong>Tama\u00f1o de Corte<\/strong><\/td>\n<td>Consulte el diagrama de instalaci\u00f3n en las especificaciones<\/td>\n<\/tr>\n<tr>\n<td><strong>Control de Funciones<\/strong><\/td>\n<td>Humano <strong><a href=\"https:\/\/ledsteplight.com\/es\/las-principales-ventajas-de-la-luz-de-pasos-con-sensor-pir-para-la-seguridad\/\" class=\"waam-auto-link\" title=\"Sensor de movimiento\">Sensor de movimiento<\/a><\/strong><\/td>\n<\/tr>\n<tr>\n<td><strong>Fuente de Luz<\/strong><\/td>\n<td>LED OSRAM \/ CREE<\/td>\n<\/tr>\n<tr>\n<td><strong>Vatios<\/strong><\/td>\n<td>3W (300mA)<\/td>\n<\/tr>\n<tr>\n<td><strong>Peso<\/strong><\/td>\n<td>0.7KG<\/td>\n<\/tr>\n<tr>\n<td><strong>Entrada de CA<\/strong><\/td>\n<td>100-240V, 50-60Hz<\/td>\n<\/tr>\n<tr>\n<td><strong>Driver<\/strong><\/td>\n<td>N\/A (No especificado)<\/td>\n<\/tr>\n<tr>\n<td><strong>\u00c1ngulo del Reflector<\/strong><\/td>\n<td>N\/A (No especificado)<\/td>\n<\/tr>\n<tr>\n<td><strong><strong><a href=\"https:\/\/ledsteplight.com\/es\/dm36b-pro-honeycomb-anti-glare-led-in-ground-light-ip67-24v-dc\/\" class=\"waam-auto-link\" title=\"Temperatura de Color\">Temperatura de Color<\/a><\/strong><\/strong><\/td>\n<td>2700K, 3000K, 4000K, 6000K<\/td>\n<\/tr>\n<tr>\n<td><strong>Conexi\u00f3n (Cables\/Longitud\/Conectores)<\/strong><\/td>\n<td>N\/A (No especificado)<\/td>\n<\/tr>\n<tr>\n<td><strong>Material<\/strong><\/td>\n<td>Aluminio<\/td>\n<\/tr>\n<tr>\n<td><strong>Color\/Acabado<\/strong><\/td>\n<td>Blanco arena, Negro arena<\/td>\n<\/tr>\n<tr>\n<td><strong>Clasificaci\u00f3n IP<\/strong><\/td>\n<td>IP20<\/td>\n<\/tr>\n<tr>\n<td><strong>M\u00e9todo de Instalaci\u00f3n<\/strong><\/td>\n<td>Empotrado (con partes pre-embutidas opcionales)<\/td>\n<\/tr>\n<\/tbody>\n<\/table>\n<p id=\"\">\n<p data-start=\"595\" data-end=\"962\"><strong data-start=\"599\" data-end=\"651\">Sensor de movimiento MG-GYD039-18525 Luz de suelo ultra-empotrada<\/strong> combina eficiencia energ\u00e9tica con control inteligente, haciendo de \u00e9l una excelente opci\u00f3n para proyectos exteriores y arquitect\u00f3nicos a gran escala. Con un <strong data-start=\"799\" data-end=\"820\">LED OSRAM\/CREE de 3W<\/strong> y m\u00faltiples opciones de temperatura de color (2700K, 3000K, 4000K, 6000K), ofrece un rendimiento de iluminaci\u00f3n vers\u00e1til para diferentes entornos.<\/p>\n<p data-start=\"964\" data-end=\"1329\">Construido con una carcasa <strong data-start=\"985\" data-end=\"1005\">de aluminio duradera<\/strong> en acabados blanco arena o negro arena, este accesorio empotrado se integra perfectamente en dise\u00f1os modernos. El <strong data-start=\"1113\" data-end=\"1136\">sensor de movimiento humano<\/strong> mejora la seguridad y el ahorro de energ\u00eda, mientras que el suministro mayorista directo de f\u00e1brica garantiza soluciones rentables para distribuidores, contratistas y compradores de proyectos que buscan iluminaci\u00f3n de suelo LED en volumen. <strong><a href=\"https:\/\/ledsteplight.com\/es\/guia-definitiva-de-soluciones-de-iluminacion-de-paisaje-empotrada\/\" class=\"waam-auto-link\" title=\"iluminaci\u00f3n del suelo\">iluminaci\u00f3n del suelo<\/a><\/strong>.<\/p>","protected":false},"excerpt":{"rendered":"<p><strong data-start=\"1373\" data-end=\"1430\">Luz de suelo LED con sensor de movimiento mayorista GYD039-18525<\/strong> \u2013 Suministro de f\u00e1brica, <strong data-start=\"1449\" data-end=\"1526\">LED 3W OSRAM\/CREE, dise\u00f1o empotrado, opciones de 2700K\u20136000K, carcasa de aluminio<\/strong>, ideal para proyectos de iluminaci\u00f3n exterior a granel.<\/p>","protected":false},"featured_media":37386,"comment_status":"open","ping_status":"closed","template":"","meta":[],"product_brand":[],"product_cat":[99,100,426,427,428,439,429,440,430,441,431,442,443,432,433,444,464,445,446,434,435,436,437],"product_tag":[102,103,76,77,110,109,114],"class_list":{"0":"post-38092","1":"product","2":"type-product","3":"status-publish","4":"has-post-thumbnail","6":"product_cat-039-series","7":"product_cat-aluminum-ground-light","8":"product_cat-ceiling-recessed","9":"product_cat-ceiling-surface","10":"product_cat-ceiling-suspended","11":"product_cat-commercial","12":"product_cat-drivers","13":"product_cat-education","14":"product_cat-freestanding-light","15":"product_cat-hospitality","16":"product_cat-industrial","17":"product_cat-infrastructure","18":"product_cat-landscape","19":"product_cat-landscaping","20":"product_cat-linear","21":"product_cat-office","22":"product_cat-c-outdoor-lighting","23":"product_cat-residential","24":"product_cat-retail","25":"product_cat-table-lamp","26":"product_cat-track","27":"product_cat-wall-recessed","28":"product_cat-wall-surface","29":"product_tag-039-series","30":"product_tag-aluminum-ground-light","31":"product_tag-aluminum-housing","32":"product_tag-ground-light","33":"product_tag-landscape-light","34":"product_tag-led-fixture","35":"product_tag-pathway-light","37":"first","38":"instock","39":"shipping-taxable","40":"product-type-simple"},"_links":{"self":[{"href":"https:\/\/ledsteplight.com\/es\/wp-json\/wp\/v2\/product\/38092","targetHints":{"allow":["GET"]}}],"collection":[{"href":"https:\/\/ledsteplight.com\/es\/wp-json\/wp\/v2\/product"}],"about":[{"href":"https:\/\/ledsteplight.com\/es\/wp-json\/wp\/v2\/types\/product"}],"replies":[{"embeddable":true,"href":"https:\/\/ledsteplight.com\/es\/wp-json\/wp\/v2\/comments?post=38092"}],"version-history":[{"count":3,"href":"https:\/\/ledsteplight.com\/es\/wp-json\/wp\/v2\/product\/38092\/revisions"}],"predecessor-version":[{"id":38593,"href":"https:\/\/ledsteplight.com\/es\/wp-json\/wp\/v2\/product\/38092\/revisions\/38593"}],"wp:featuredmedia":[{"embeddable":true,"href":"https:\/\/ledsteplight.com\/es\/wp-json\/wp\/v2\/media\/37386"}],"wp:attachment":[{"href":"https:\/\/ledsteplight.com\/es\/wp-json\/wp\/v2\/media?parent=38092"}],"wp:term":[{"taxonomy":"product_brand","embeddable":true,"href":"https:\/\/ledsteplight.com\/es\/wp-json\/wp\/v2\/product_brand?post=38092"},{"taxonomy":"product_cat","embeddable":true,"href":"https:\/\/ledsteplight.com\/es\/wp-json\/wp\/v2\/product_cat?post=38092"},{"taxonomy":"product_tag","embeddable":true,"href":"https:\/\/ledsteplight.com\/es\/wp-json\/wp\/v2\/product_tag?post=38092"}],"curies":[{"name":"wp","href":"https:\/\/api.w.org\/{rel}","templated":true}]}}