{"id":38093,"date":"2025-09-08T13:04:28","date_gmt":"2025-09-08T13:04:28","guid":{"rendered":"https:\/\/ledsteplight.com\/import-placeholder-for-37294\/"},"modified":"2026-01-19T02:13:13","modified_gmt":"2026-01-19T02:13:13","slug":"ts50-01b-luz-de-suelo-led-ip67-a-prueba-de-agua-iluminacion-exterior-fabrica-al-por-mayor","status":"publish","type":"product","link":"https:\/\/ledsteplight.com\/es\/ts50-01b-luz-de-suelo-led-ip67-a-prueba-de-agua-iluminacion-exterior-fabrica-al-por-mayor\/","title":{"rendered":"TS50-01B Luz de suelo LED \u2013 Iluminaci\u00f3n exterior impermeable IP67 | Venta al por mayor en f\u00e1brica"},"content":{"rendered":"<p>&nbsp;<\/p>\n<table class=\"OxEWNITQ\">\n<thead>\n<tr>\n<th><strong>Modelo del producto<\/strong><\/th>\n<th>MG-TS50-01B<\/th>\n<\/tr>\n<\/thead>\n<tbody>\n<tr>\n<td><strong>Tama\u00f1o del producto<\/strong><\/td>\n<td>\u00d850mm*H87<\/td>\n<\/tr>\n<tr>\n<td><strong>Tama\u00f1o de Corte<\/strong><\/td>\n<td>N\/A (No especificado)<\/td>\n<\/tr>\n<tr>\n<td><strong>Control de Funciones<\/strong><\/td>\n<td>Dali, 0-10V, Encendido-Apagado<\/td>\n<\/tr>\n<tr>\n<td><strong>Fuente de Luz<\/strong><\/td>\n<td>DSP LED<\/td>\n<\/tr>\n<tr>\n<td><strong>Vatios<\/strong><\/td>\n<td>3-10W<\/td>\n<\/tr>\n<tr>\n<td><strong>Peso<\/strong><\/td>\n<td>0.6KG<\/td>\n<\/tr>\n<tr>\n<td><strong>Entrada de CA<\/strong><\/td>\n<td>DC24V<\/td>\n<\/tr>\n<tr>\n<td><strong>Driver<\/strong><\/td>\n<td>Integrado<\/td>\n<\/tr>\n<tr>\n<td><strong>\u00c1ngulo del Reflector<\/strong><\/td>\n<td>15\/30\/45\/60 grados<\/td>\n<\/tr>\n<tr>\n<td><strong><strong><a href=\"https:\/\/ledsteplight.com\/es\/dm36b-pro-honeycomb-anti-glare-led-in-ground-light-ip67-24v-dc\/\" class=\"waam-auto-link\" title=\"Temperatura de Color\">Temperatura de Color<\/a><\/strong><\/strong><\/td>\n<td>2700K, 3000K, 4000K<\/td>\n<\/tr>\n<tr>\n<td><strong>Conexi\u00f3n (Cables\/Longitud\/Conectores)<\/strong><\/td>\n<td>N\/A (No especificado)<\/td>\n<\/tr>\n<tr>\n<td><strong>Material<\/strong><\/td>\n<td>Aluminio<\/td>\n<\/tr>\n<tr>\n<td><strong>Color\/Tratamiento de Superficie<\/strong><\/td>\n<td>Pintado (disponible en negro, plata, gris)<\/td>\n<\/tr>\n<tr>\n<td><strong>Clasificaci\u00f3n IP<\/strong><\/td>\n<td>IP67<\/td>\n<\/tr>\n<tr>\n<td><strong>M\u00e9todo de Instalaci\u00f3n<\/strong><\/td>\n<td>Enchufado, Montaje en superficie, Montaje con correa<\/td>\n<\/tr>\n<\/tbody>\n<\/table>\n<p><strong data-start=\"132\" data-end=\"161\" data-is-only-node=\"\">TS50-01B LED <strong><a href=\"https:\/\/ledsteplight.com\/es\/cree-bridgelux-chip-ip65-led-fixture-for-garden-facade-lighting\/\" class=\"waam-auto-link\" title=\"Luz de suelo\">Luz de suelo<\/a><\/strong><\/strong> est\u00e1 dise\u00f1ado para fiabilidad exterior y precisi\u00f3n arquitect\u00f3nica. Con un dise\u00f1o compacto de \u00d850mm y m\u00faltiples \u00e1ngulos de reflector (15\u00b0, 30\u00b0, 45\u00b0, 60\u00b0), ofrece una iluminaci\u00f3n enfocada <strong><a href=\"https:\/\/ledsteplight.com\/es\/las-principales-ventajas-de-la-luz-de-pasos-con-sensor-pir-para-la-seguridad\/\" class=\"waam-auto-link\" title=\"iluminaci\u00f3n\">iluminaci\u00f3n<\/a><\/strong> para caminos, paredes y paisajismo. Construido con <strong data-start=\"397\" data-end=\"417\">aluminio duradero<\/strong> con un <strong data-start=\"425\" data-end=\"451\">acabado de superficie pintado<\/strong> (negro, plata o gris), este accesorio garantiza un rendimiento duradero en entornos adversos.<br data-start=\"549\" data-end=\"552\" \/>Equipado con <strong data-start=\"566\" data-end=\"588\">tecnolog\u00eda DSP LED<\/strong> y <strong data-start=\"593\" data-end=\"612\">driver integrado<\/strong>, funciona eficientemente con <strong data-start=\"641\" data-end=\"650\">DC24V<\/strong> potencia y soporta <strong data-start=\"670\" data-end=\"704\">control DALI, 0\u201310V, o Encendido-Apagado<\/strong> opciones para sistemas de iluminaci\u00f3n vers\u00e1tiles. Calificado <strong data-start=\"751\" data-end=\"759\">IP67<\/strong>, garantiza protecci\u00f3n total contra agua y polvo, haciendo que sea ideal para <strong data-start=\"839\" data-end=\"912\">arquitectura exterior, proyectos comerciales y paisajismo residencial<\/strong>.<br data-start=\"913\" data-end=\"916\" \/>Disponible en <strong data-start=\"929\" data-end=\"939\">3W\u201310W<\/strong> configuraciones con <strong data-start=\"960\" data-end=\"1009\">temperaturas de color de 2700K, 3000K y 4000K<\/strong>, el TS50-01B combina estilo, durabilidad y flexibilidad para aplicaciones de iluminaci\u00f3n profesional.<\/p>","protected":false},"excerpt":{"rendered":"<p>Mayorista <strong data-start=\"1144\" data-end=\"1173\" data-is-only-node=\"\">Luz de suelo LED TS50-01B<\/strong> \u2013 luminaria exterior impermeable IP67 con control DALI\/0\u201310V, fuente LED DSP y carcasa de aluminio. Ideal para iluminaci\u00f3n arquitect\u00f3nica y paisaj\u00edstica. Suministro directo de f\u00e1brica para distribuidores y contratistas de iluminaci\u00f3n en todo el mundo.<\/p>","protected":false},"featured_media":37387,"comment_status":"open","ping_status":"closed","template":"","meta":[],"product_brand":[],"product_cat":[100,426,427,428,439,429,440,430,73,441,431,442,443,432,433,444,112,464,445,446,106,434,435,436,437],"product_tag":[103,76,140,77,113,78,108,141],"class_list":{"0":"post-38093","1":"product","2":"type-product","3":"status-publish","4":"has-post-thumbnail","6":"product_cat-aluminum-ground-light","7":"product_cat-ceiling-recessed","8":"product_cat-ceiling-surface","9":"product_cat-ceiling-suspended","10":"product_cat-commercial","11":"product_cat-drivers","12":"product_cat-education","13":"product_cat-freestanding-light","14":"product_cat-ground-light","15":"product_cat-hospitality","16":"product_cat-industrial","17":"product_cat-infrastructure","18":"product_cat-landscape","19":"product_cat-landscaping","20":"product_cat-linear","21":"product_cat-office","22":"product_cat-outdoor-ground-light","23":"product_cat-c-outdoor-lighting","24":"product_cat-residential","25":"product_cat-retail","26":"product_cat-round-ground-light","27":"product_cat-table-lamp","28":"product_cat-track","29":"product_cat-wall-recessed","30":"product_cat-wall-surface","31":"product_tag-aluminum-ground-light","32":"product_tag-aluminum-housing","33":"product_tag-flood-light","34":"product_tag-ground-light","35":"product_tag-outdoor-ground-light","36":"product_tag-outdoor-lighting","37":"product_tag-round-ground-light","38":"product_tag-tree-spot-light","40":"first","41":"instock","42":"shipping-taxable","43":"product-type-simple"},"_links":{"self":[{"href":"https:\/\/ledsteplight.com\/es\/wp-json\/wp\/v2\/product\/38093","targetHints":{"allow":["GET"]}}],"collection":[{"href":"https:\/\/ledsteplight.com\/es\/wp-json\/wp\/v2\/product"}],"about":[{"href":"https:\/\/ledsteplight.com\/es\/wp-json\/wp\/v2\/types\/product"}],"replies":[{"embeddable":true,"href":"https:\/\/ledsteplight.com\/es\/wp-json\/wp\/v2\/comments?post=38093"}],"version-history":[{"count":3,"href":"https:\/\/ledsteplight.com\/es\/wp-json\/wp\/v2\/product\/38093\/revisions"}],"predecessor-version":[{"id":38594,"href":"https:\/\/ledsteplight.com\/es\/wp-json\/wp\/v2\/product\/38093\/revisions\/38594"}],"wp:featuredmedia":[{"embeddable":true,"href":"https:\/\/ledsteplight.com\/es\/wp-json\/wp\/v2\/media\/37387"}],"wp:attachment":[{"href":"https:\/\/ledsteplight.com\/es\/wp-json\/wp\/v2\/media?parent=38093"}],"wp:term":[{"taxonomy":"product_brand","embeddable":true,"href":"https:\/\/ledsteplight.com\/es\/wp-json\/wp\/v2\/product_brand?post=38093"},{"taxonomy":"product_cat","embeddable":true,"href":"https:\/\/ledsteplight.com\/es\/wp-json\/wp\/v2\/product_cat?post=38093"},{"taxonomy":"product_tag","embeddable":true,"href":"https:\/\/ledsteplight.com\/es\/wp-json\/wp\/v2\/product_tag?post=38093"}],"curies":[{"name":"wp","href":"https:\/\/api.w.org\/{rel}","templated":true}]}}