{"id":38094,"date":"2025-09-08T13:04:28","date_gmt":"2025-09-08T13:04:28","guid":{"rendered":"https:\/\/ledsteplight.com\/import-placeholder-for-37295\/"},"modified":"2026-01-19T02:13:13","modified_gmt":"2026-01-19T02:13:13","slug":"venta-al-por-mayor-ts50-01-a-5w-luces-de-suelo-led-en-masa-iluminacion-exterior-de-jardin-ip65","status":"publish","type":"product","link":"https:\/\/ledsteplight.com\/es\/venta-al-por-mayor-ts50-01-a-5w-luces-de-suelo-led-en-masa-iluminacion-exterior-de-jardin-ip65\/","title":{"rendered":"Luces de suelo LED de 5W TS50-01-A al por mayor | Iluminaci\u00f3n exterior de jard\u00edn IP65 en volumen"},"content":{"rendered":"<table data-start=\"144\" data-end=\"1550\">\n<thead data-start=\"144\" data-end=\"226\">\n<tr data-start=\"144\" data-end=\"226\">\n<th data-start=\"144\" data-end=\"174\"><strong data-start=\"146\" data-end=\"159\">Par\u00e1metro<\/strong><\/th>\n<th data-start=\"174\" data-end=\"226\"><strong data-start=\"176\" data-end=\"187\">Detalles<\/strong><\/th>\n<\/tr>\n<\/thead>\n<tbody data-start=\"310\" data-end=\"1550\">\n<tr data-start=\"310\" data-end=\"392\">\n<td><strong data-start=\"312\" data-end=\"321\">Modelo<\/strong><\/td>\n<td>TS50-01-A<\/td>\n<\/tr>\n<tr data-start=\"393\" data-end=\"475\">\n<td><strong data-start=\"395\" data-end=\"404\">Potencia<\/strong><\/td>\n<td>5W<\/td>\n<\/tr>\n<tr data-start=\"476\" data-end=\"558\">\n<td><strong data-start=\"478\" data-end=\"490\">Tipo de LED<\/strong><\/td>\n<td>LED COB<\/td>\n<\/tr>\n<tr data-start=\"559\" data-end=\"641\">\n<td><strong data-start=\"561\" data-end=\"578\">Voltaje de entrada<\/strong><\/td>\n<td>AC85-265V<\/td>\n<\/tr>\n<tr data-start=\"642\" data-end=\"723\">\n<td><strong data-start=\"644\" data-end=\"665\"><strong><a href=\"https:\/\/ledsteplight.com\/es\/dm36b-pro-honeycomb-anti-glare-led-in-ground-light-ip67-24v-dc\/\" class=\"waam-auto-link\" title=\"Temperatura de Color\">Temperatura de Color<\/a><\/strong><\/strong><\/td>\n<td>3000K \/ 6000K (Blanco c\u00e1lido \/ Blanco fr\u00edo)<\/td>\n<\/tr>\n<tr data-start=\"724\" data-end=\"806\">\n<td><strong data-start=\"726\" data-end=\"738\">Vida \u00fatil<\/strong><\/td>\n<td>40.000 horas<\/td>\n<\/tr>\n<tr data-start=\"807\" data-end=\"888\">\n<td><strong data-start=\"809\" data-end=\"822\">Clasificaci\u00f3n IP<\/strong><\/td>\n<td>IP65 (Resistente al agua, a prueba de polvo)<\/td>\n<\/tr>\n<tr data-start=\"889\" data-end=\"971\">\n<td><strong data-start=\"891\" data-end=\"905\">\u00c1ngulo de Haz<\/strong><\/td>\n<td>120\u00b0<\/td>\n<\/tr>\n<tr data-start=\"972\" data-end=\"1054\">\n<td><strong data-start=\"974\" data-end=\"999\">Temperatura de Funcionamiento<\/strong><\/td>\n<td>-20\u00b0C a +40\u00b0C<\/td>\n<\/tr>\n<tr data-start=\"1055\" data-end=\"1137\">\n<td><strong data-start=\"1057\" data-end=\"1078\">Tipo de Instalaci\u00f3n<\/strong><\/td>\n<td>Empotrado \/ Montaje en superficie<\/td>\n<\/tr>\n<tr data-start=\"1138\" data-end=\"1220\">\n<td><strong data-start=\"1140\" data-end=\"1152\">Garant\u00eda<\/strong><\/td>\n<td>3 a\u00f1os<\/td>\n<\/tr>\n<tr data-start=\"1221\" data-end=\"1303\">\n<td><strong data-start=\"1223\" data-end=\"1240\">Certificaci\u00f3n<\/strong><\/td>\n<td>CE, RoHS<\/td>\n<\/tr>\n<tr data-start=\"1304\" data-end=\"1385\">\n<td><strong data-start=\"1306\" data-end=\"1321\">Aplicaci\u00f3n<\/strong><\/td>\n<td>Exterior (Jard\u00edn, Camino, Pasarela, Cubierta)<\/td>\n<\/tr>\n<tr data-start=\"1386\" data-end=\"1467\">\n<td><strong data-start=\"1388\" data-end=\"1397\">Color<\/strong><\/td>\n<td>Plata \/ Plata Cepillada<\/td>\n<\/tr>\n<tr data-start=\"1468\" data-end=\"1550\">\n<td><strong data-start=\"1470\" data-end=\"1480\">Peso<\/strong><\/td>\n<td>0,45 kg<\/td>\n<\/tr>\n<\/tbody>\n<\/table>\n<p>&nbsp;<\/p>\n<p>TS50-01-A, el <strong><a href=\"https:\/\/ledsteplight.com\/es\/5w-led-in-ground-lights-ip65-waterproof-outdoor-driveway-garden-floor-lighting\/\" class=\"waam-auto-link\" title=\"LED COB de 5W\">LED COB de 5W<\/a><\/strong> <strong><a href=\"https:\/\/ledsteplight.com\/es\/cree-bridgelux-chip-ip65-led-fixture-for-garden-facade-lighting\/\" class=\"waam-auto-link\" title=\"luz de suelo\">luz de suelo<\/a><\/strong> dise\u00f1ado para un rendimiento serio. Esto no es solo otra luz de jard\u00edn; es un caballo de batalla. Construido con un sellado resistente, a prueba de agua y polvo con clasificaci\u00f3n IP65, est\u00e1 dise\u00f1ado para soportar condiciones exteriores dif\u00edciles, desde congelaciones de -20\u00b0C hasta calor de +40\u00b0C. La entrada de corriente de rango amplio AC85-265V y el chip COB de alta eficiencia ofrecen un rendimiento constante y fiable <strong><a href=\"https:\/\/ledsteplight.com\/es\/las-principales-ventajas-de-la-luz-de-pasos-con-sensor-pir-para-la-seguridad\/\" class=\"waam-auto-link\" title=\"iluminaci\u00f3n\">iluminaci\u00f3n<\/a><\/strong> (Blanco c\u00e1lido o fr\u00edo) en el que tus clientes profesionales pueden confiar.<\/p>\n<p>Respaldamos este producto con una garant\u00eda de 3 a\u00f1os y una vida \u00fatil de 40,000 horas, asegurando menos llamadas de devoluci\u00f3n para tus clientes. Su dise\u00f1o vers\u00e1til permite tanto montaje en superficie como en tierra <strong><a href=\"https:\/\/ledsteplight.com\/es\/guia-definitiva-de-soluciones-de-iluminacion-de-paisaje-empotrada\/\" class=\"waam-auto-link\" title=\"dif\u00edciles de trabajar\">dif\u00edciles de trabajar<\/a><\/strong>, lo que la convierte en una soluci\u00f3n flexible para cualquier proyecto de camino, jard\u00edn o terraza. Disponible en un acabado plateado cepillado limpio y totalmente certificado por CE\/RoHS, el TS50-01-A es el <strong><a href=\"https:\/\/ledsteplight.com\/es\/design-trends\/\" class=\"waam-auto-link\" title=\"accesorio de iluminaci\u00f3n\">accesorio de iluminaci\u00f3n<\/a><\/strong> que su negocio mayorista necesita.<\/p>","protected":false},"excerpt":{"rendered":"<p>Luces de suelo LED COB 5W confiables (TS50-01-A) para venta al por mayor. Resistente al agua IP65, garant\u00eda de 3 a\u00f1os y fabricadas para soportar cualquier proyecto paisaj\u00edstico. Abastece para tus clientes<\/p>","protected":false},"featured_media":37389,"comment_status":"open","ping_status":"closed","template":"","meta":[],"product_brand":[],"product_cat":[100,426,427,428,439,429,440,430,441,431,442,443,432,433,444,112,464,445,446,106,434,435,436,437],"product_tag":[103,76,140,77,113,78,108,141],"class_list":{"0":"post-38094","1":"product","2":"type-product","3":"status-publish","4":"has-post-thumbnail","6":"product_cat-aluminum-ground-light","7":"product_cat-ceiling-recessed","8":"product_cat-ceiling-surface","9":"product_cat-ceiling-suspended","10":"product_cat-commercial","11":"product_cat-drivers","12":"product_cat-education","13":"product_cat-freestanding-light","14":"product_cat-hospitality","15":"product_cat-industrial","16":"product_cat-infrastructure","17":"product_cat-landscape","18":"product_cat-landscaping","19":"product_cat-linear","20":"product_cat-office","21":"product_cat-outdoor-ground-light","22":"product_cat-c-outdoor-lighting","23":"product_cat-residential","24":"product_cat-retail","25":"product_cat-round-ground-light","26":"product_cat-table-lamp","27":"product_cat-track","28":"product_cat-wall-recessed","29":"product_cat-wall-surface","30":"product_tag-aluminum-ground-light","31":"product_tag-aluminum-housing","32":"product_tag-flood-light","33":"product_tag-ground-light","34":"product_tag-outdoor-ground-light","35":"product_tag-outdoor-lighting","36":"product_tag-round-ground-light","37":"product_tag-tree-spot-light","39":"first","40":"instock","41":"shipping-taxable","42":"product-type-simple"},"_links":{"self":[{"href":"https:\/\/ledsteplight.com\/es\/wp-json\/wp\/v2\/product\/38094","targetHints":{"allow":["GET"]}}],"collection":[{"href":"https:\/\/ledsteplight.com\/es\/wp-json\/wp\/v2\/product"}],"about":[{"href":"https:\/\/ledsteplight.com\/es\/wp-json\/wp\/v2\/types\/product"}],"replies":[{"embeddable":true,"href":"https:\/\/ledsteplight.com\/es\/wp-json\/wp\/v2\/comments?post=38094"}],"version-history":[{"count":3,"href":"https:\/\/ledsteplight.com\/es\/wp-json\/wp\/v2\/product\/38094\/revisions"}],"predecessor-version":[{"id":38595,"href":"https:\/\/ledsteplight.com\/es\/wp-json\/wp\/v2\/product\/38094\/revisions\/38595"}],"wp:featuredmedia":[{"embeddable":true,"href":"https:\/\/ledsteplight.com\/es\/wp-json\/wp\/v2\/media\/37389"}],"wp:attachment":[{"href":"https:\/\/ledsteplight.com\/es\/wp-json\/wp\/v2\/media?parent=38094"}],"wp:term":[{"taxonomy":"product_brand","embeddable":true,"href":"https:\/\/ledsteplight.com\/es\/wp-json\/wp\/v2\/product_brand?post=38094"},{"taxonomy":"product_cat","embeddable":true,"href":"https:\/\/ledsteplight.com\/es\/wp-json\/wp\/v2\/product_cat?post=38094"},{"taxonomy":"product_tag","embeddable":true,"href":"https:\/\/ledsteplight.com\/es\/wp-json\/wp\/v2\/product_tag?post=38094"}],"curies":[{"name":"wp","href":"https:\/\/api.w.org\/{rel}","templated":true}]}}