{"id":38096,"date":"2025-09-08T13:04:28","date_gmt":"2025-09-08T13:04:28","guid":{"rendered":"https:\/\/ledsteplight.com\/import-placeholder-for-37300\/"},"modified":"2026-01-19T02:13:14","modified_gmt":"2026-01-19T02:13:14","slug":"luz-de-suelo-led-ts50-zt-ip67-al-por-mayor-duradera-dc24v-iluminacion-exterior-con-dali-0-10v","status":"publish","type":"product","link":"https:\/\/ledsteplight.com\/es\/luz-de-suelo-led-ts50-zt-ip67-al-por-mayor-duradera-dc24v-iluminacion-exterior-con-dali-0-10v\/","title":{"rendered":"Luz empotrada LED IP67 TS50-ZT al por mayor | Iluminaci\u00f3n exterior duradera DC24V con DALI\/0-10V"},"content":{"rendered":"<table class=\"OxEWNITQ\">\n<thead>\n<tr>\n<th><strong>Modelo del producto<\/strong><\/th>\n<th>MG-TS50-ZT<\/th>\n<\/tr>\n<\/thead>\n<tbody>\n<tr>\n<td><strong>Tama\u00f1o del producto<\/strong><\/td>\n<td>\u00d850mm*H75<\/td>\n<\/tr>\n<tr>\n<td><strong>Tama\u00f1o de Corte<\/strong><\/td>\n<td>\/ (No especificado)<\/td>\n<\/tr>\n<tr>\n<td><strong>Control de Funciones<\/strong><\/td>\n<td>Dali\/0-10V\/Encendido-Apagado<\/td>\n<\/tr>\n<tr>\n<td><strong>Fuente de Luz<\/strong><\/td>\n<td>DSP LED<\/td>\n<\/tr>\n<tr>\n<td><strong>Vatios<\/strong><\/td>\n<td>3-7W<\/td>\n<\/tr>\n<tr>\n<td><strong>Peso<\/strong><\/td>\n<td>0.6KG<\/td>\n<\/tr>\n<tr>\n<td><strong>Entrada de CA<\/strong><\/td>\n<td>DC24V<\/td>\n<\/tr>\n<tr>\n<td><strong>Driver<\/strong><\/td>\n<td>Integrado<\/td>\n<\/tr>\n<tr>\n<td><strong>\u00c1ngulo del Reflector<\/strong><\/td>\n<td>15\/30\/45\/60 grados<\/td>\n<\/tr>\n<tr>\n<td><strong><strong><a href=\"https:\/\/ledsteplight.com\/es\/dm36b-pro-honeycomb-anti-glare-led-in-ground-light-ip67-24v-dc\/\" class=\"waam-auto-link\" title=\"Temperatura de Color\">Temperatura de Color<\/a><\/strong><\/strong><\/td>\n<td>2700K\/3000K\/4000K<\/td>\n<\/tr>\n<tr>\n<td><strong>Conexi\u00f3n (Cables\/Longitud\/Conectores)<\/strong><\/td>\n<td>\/ (No especificado)<\/td>\n<\/tr>\n<tr>\n<td><strong>Material<\/strong><\/td>\n<td>Aluminio<\/td>\n<\/tr>\n<tr>\n<td><strong>Color\/Tratamiento de Superficie<\/strong><\/td>\n<td>Pintado\/Negro\/Plata\/Gris<\/td>\n<\/tr>\n<tr>\n<td><strong>Clasificaci\u00f3n IP<\/strong><\/td>\n<td>IP67<\/td>\n<\/tr>\n<tr>\n<td><strong>M\u00e9todo de Instalaci\u00f3n<\/strong><\/td>\n<td>Enchufable\/Montaje en superficie\/Montaje con correa<\/td>\n<\/tr>\n<\/tbody>\n<\/table>\n<p id=\"\">\n<p>Cuando tu proyecto exige un exterior <strong><a href=\"https:\/\/ledsteplight.com\/es\/5w-led-in-ground-lights-ip65-waterproof-outdoor-driveway-garden-floor-lighting\/\" class=\"waam-auto-link\" title=\"luz de suelo\">luz de suelo<\/a><\/strong> que est\u00e9 construido para durar, el TS50-ZT es tu soluci\u00f3n. Este accesorio es un verdadero caballo de batalla, dise\u00f1ado con aluminio resistente con una clasificaci\u00f3n IP67 para garantizar el rendimiento en condiciones h\u00famedas y polvorientas. Est\u00e1 dise\u00f1ado para sistemas profesionales de bajo voltaje (DC24V) <strong><a href=\"https:\/\/ledsteplight.com\/es\/guia-definitiva-de-soluciones-de-iluminacion-de-paisaje-empotrada\/\" class=\"waam-auto-link\" title=\"sistemas\">sistemas<\/a><\/strong> y ofrece compatibilidad total con m\u00e9todos de control avanzados, incluyendo DALI y 0-10V, convirti\u00e9ndolo en una opci\u00f3n inteligente para dise\u00f1os de paisajismo y arquitectura sofisticados. Con m\u00faltiples \u00e1ngulos de haz y temperaturas de color (2700K-4000K) disponibles, obtienes el efecto de iluminaci\u00f3n exacto que necesitas.<\/p>\n<p>Como un directo <b>fabricante directo<\/b>, supervisamos todo el <b>proceso de fabricaci\u00f3n<\/b> proceso, lo que nos permite ofrecer precios <b>mayorista<\/b> precios genuinos a nuestros socios B2B. No solo vendemos; construimos. Si su proyecto requiere modificaciones espec\u00edficas, nuestro <b>f\u00e1brica<\/b> equipo se especializa en <b>personalizaci\u00f3n<\/b>, trabajando contigo para entregar un producto que cumpla con tus especificaciones precisas. As\u00f3ciate con nosotros para obtener un suministro confiable y a granel de alto rendimiento <strong><a href=\"https:\/\/ledsteplight.com\/es\/cree-bridgelux-chip-ip65-led-fixture-for-garden-facade-lighting\/\" class=\"waam-auto-link\" title=\"iluminaci\u00f3n exterior\">iluminaci\u00f3n exterior<\/a><\/strong>.<\/p>","protected":false},"excerpt":{"rendered":"<p>Venta al por mayor directa de f\u00e1brica para la luz de suelo LED IP67 TS50-ZT. Duradera DC24V, DALI\/0-10V. Como fabricante, ofrecemos personalizaci\u00f3n completa. Obt\u00e9n tu presupuesto B2B<\/p>","protected":false},"featured_media":37393,"comment_status":"open","ping_status":"closed","template":"","meta":[],"product_brand":[],"product_cat":[100,426,427,428,439,429,440,430,441,431,442,443,432,433,444,112,464,445,446,106,434,435,436,437],"product_tag":[103,76,140,77,113,78,108,141],"class_list":{"0":"post-38096","1":"product","2":"type-product","3":"status-publish","4":"has-post-thumbnail","6":"product_cat-aluminum-ground-light","7":"product_cat-ceiling-recessed","8":"product_cat-ceiling-surface","9":"product_cat-ceiling-suspended","10":"product_cat-commercial","11":"product_cat-drivers","12":"product_cat-education","13":"product_cat-freestanding-light","14":"product_cat-hospitality","15":"product_cat-industrial","16":"product_cat-infrastructure","17":"product_cat-landscape","18":"product_cat-landscaping","19":"product_cat-linear","20":"product_cat-office","21":"product_cat-outdoor-ground-light","22":"product_cat-c-outdoor-lighting","23":"product_cat-residential","24":"product_cat-retail","25":"product_cat-round-ground-light","26":"product_cat-table-lamp","27":"product_cat-track","28":"product_cat-wall-recessed","29":"product_cat-wall-surface","30":"product_tag-aluminum-ground-light","31":"product_tag-aluminum-housing","32":"product_tag-flood-light","33":"product_tag-ground-light","34":"product_tag-outdoor-ground-light","35":"product_tag-outdoor-lighting","36":"product_tag-round-ground-light","37":"product_tag-tree-spot-light","39":"first","40":"instock","41":"shipping-taxable","42":"product-type-simple"},"_links":{"self":[{"href":"https:\/\/ledsteplight.com\/es\/wp-json\/wp\/v2\/product\/38096","targetHints":{"allow":["GET"]}}],"collection":[{"href":"https:\/\/ledsteplight.com\/es\/wp-json\/wp\/v2\/product"}],"about":[{"href":"https:\/\/ledsteplight.com\/es\/wp-json\/wp\/v2\/types\/product"}],"replies":[{"embeddable":true,"href":"https:\/\/ledsteplight.com\/es\/wp-json\/wp\/v2\/comments?post=38096"}],"version-history":[{"count":3,"href":"https:\/\/ledsteplight.com\/es\/wp-json\/wp\/v2\/product\/38096\/revisions"}],"predecessor-version":[{"id":38597,"href":"https:\/\/ledsteplight.com\/es\/wp-json\/wp\/v2\/product\/38096\/revisions\/38597"}],"wp:featuredmedia":[{"embeddable":true,"href":"https:\/\/ledsteplight.com\/es\/wp-json\/wp\/v2\/media\/37393"}],"wp:attachment":[{"href":"https:\/\/ledsteplight.com\/es\/wp-json\/wp\/v2\/media?parent=38096"}],"wp:term":[{"taxonomy":"product_brand","embeddable":true,"href":"https:\/\/ledsteplight.com\/es\/wp-json\/wp\/v2\/product_brand?post=38096"},{"taxonomy":"product_cat","embeddable":true,"href":"https:\/\/ledsteplight.com\/es\/wp-json\/wp\/v2\/product_cat?post=38096"},{"taxonomy":"product_tag","embeddable":true,"href":"https:\/\/ledsteplight.com\/es\/wp-json\/wp\/v2\/product_tag?post=38096"}],"curies":[{"name":"wp","href":"https:\/\/api.w.org\/{rel}","templated":true}]}}