{"id":38097,"date":"2025-09-08T13:04:28","date_gmt":"2025-09-08T13:04:28","guid":{"rendered":"https:\/\/ledsteplight.com\/import-placeholder-for-37305\/"},"modified":"2026-01-19T02:13:15","modified_gmt":"2026-01-19T02:13:15","slug":"venta-al-por-mayor-bd035-50sd-1w-luz-de-senalizacion-led-ip65-haz-polarizado-fabrica-directa","status":"publish","type":"product","link":"https:\/\/ledsteplight.com\/es\/venta-al-por-mayor-bd035-50sd-1w-luz-de-senalizacion-led-ip65-haz-polarizado-fabrica-directa\/","title":{"rendered":"Luz de marcador LED BD035-50SD de 1W al por mayor | IP65, haz polarizado | Directo de f\u00e1brica"},"content":{"rendered":"<table class=\"OxEWNITQ\" style=\"font-family: var(--global-body-font-family)\">\n<thead>\n<tr>\n<th>Par\u00e1metro<\/th>\n<th>Valor\/Descripci\u00f3n<\/th>\n<\/tr>\n<\/thead>\n<tbody>\n<tr>\n<td><strong>Modelo<\/strong><\/td>\n<td>MG-BD035-50SD<\/td>\n<\/tr>\n<tr>\n<td><strong>Tama\u00f1o del producto<\/strong><\/td>\n<td>\u03c650*H35mm (Redondo)<\/td>\n<\/tr>\n<tr>\n<td><strong>Tama\u00f1o de Corte<\/strong><\/td>\n<td>\u03c646*H75mm (Con caja preembutida)<\/td>\n<\/tr>\n<tr>\n<td><strong>Control de Funciones<\/strong><\/td>\n<td>No Especificado<\/td>\n<\/tr>\n<tr>\n<td><strong>Fuente de Luz<\/strong><\/td>\n<td>OSRAM \/ CREE \/ LED SMD 3014<\/td>\n<\/tr>\n<tr>\n<td><strong>Vatios<\/strong><\/td>\n<td>1W (350mA)<\/td>\n<\/tr>\n<tr>\n<td><strong>Peso<\/strong><\/td>\n<td>0.45kg<\/td>\n<\/tr>\n<tr>\n<td><strong>Entrada de CA<\/strong><\/td>\n<td>100-240V, 50~60HZ \/ DC12\/24V<\/td>\n<\/tr>\n<tr>\n<td><strong>Driver<\/strong><\/td>\n<td>No especificado<\/td>\n<\/tr>\n<tr>\n<td><strong>\u00c1ngulo del Reflector<\/strong><\/td>\n<td>Luz polarizada en P<\/td>\n<\/tr>\n<tr>\n<td><strong><strong><a href=\"https:\/\/ledsteplight.com\/es\/dm36b-pro-honeycomb-anti-glare-led-in-ground-light-ip67-24v-dc\/\" class=\"waam-auto-link\" title=\"Temperatura de Color\">Temperatura de Color<\/a><\/strong><\/strong><\/td>\n<td>3000K, 4000K, 5700K<\/td>\n<\/tr>\n<tr>\n<td><strong>Material<\/strong><\/td>\n<td>Aluminio<\/td>\n<\/tr>\n<tr>\n<td><strong>Color\/Acabado<\/strong><\/td>\n<td>Blanco, Negro<\/td>\n<\/tr>\n<tr>\n<td><strong>Clasificaci\u00f3n IP<\/strong><\/td>\n<td>IP65<\/td>\n<\/tr>\n<tr>\n<td><strong>Instalaci\u00f3n<\/strong><\/td>\n<td>Empotrado (Opcional Caja Pre-embutida)<\/td>\n<\/tr>\n<\/tbody>\n<\/table>\n<p>El BD035-50SD no es tu luz de marcador LED promedio <strong><a href=\"https:\/\/ledsteplight.com\/es\/cree-bridgelux-chip-ip65-led-fixture-for-garden-facade-lighting\/\" class=\"waam-auto-link\" title=\"luz de suelo\">luz de suelo<\/a><\/strong>; es una luz de marcador LED de 1W de construcci\u00f3n de precisi\u00f3n dise\u00f1ada para espacios arquitect\u00f3nicos modernos. Su caracter\u00edstica principal es el \u00e1ngulo de luz polarizada P, que est\u00e1 dise\u00f1ado para dirigir <strong><a href=\"https:\/\/ledsteplight.com\/es\/las-principales-ventajas-de-la-luz-de-pasos-con-sensor-pir-para-la-seguridad\/\" class=\"waam-auto-link\" title=\"iluminaci\u00f3n\">iluminaci\u00f3n<\/a><\/strong> exactamente donde se necesita\u2014perfecto para caminos, escaleras y resaltar paredes sin deslumbramiento fuerte. Construido con LEDs OSRAM o CREE de primera calidad, este compacto accesorio de aluminio ofrece un rendimiento confiable y de bajo consumo energ\u00e9tico. La clasificaci\u00f3n IP65 garantiza que est\u00e9 listo para instalaci\u00f3n empotrada en cualquier proyecto interior o exterior.<\/p>\n<p>No somos solo un proveedor; somos el <b>fabricante directo<\/b>. Al controlar todo <b>proceso de fabricaci\u00f3n<\/b> proceso en nuestro propio <b>f\u00e1brica<\/b>, podemos garantizar calidad y ofrecer precios agresivos <b>mayorista<\/b> precios para nuestros socios B2B. Este modelo directo de f\u00e1brica tambi\u00e9n significa que destacamos en <b>personalizaci\u00f3n<\/b>Ya sea que necesite un acabado espec\u00edfico para que combine con su dise\u00f1o o una CCT diferente (3000K-5700K), nuestro equipo puede fabricar la luminaria exacta que su proyecto requiere.<\/p>","protected":false},"excerpt":{"rendered":"<p data-start=\"4178\" data-end=\"4601\">Luz de marcador LED BD035-50SD 1W al por mayor. IP65, haz polarizado para control de deslumbramiento. Fabricaci\u00f3n directa en f\u00e1brica y personalizaci\u00f3n. Obt\u00e9n tu presupuesto B2B.<\/p>","protected":false},"featured_media":37395,"comment_status":"open","ping_status":"closed","template":"","meta":[],"product_brand":[],"product_cat":[100,426,427,428,439,429,440,430,441,431,442,443,432,433,444,112,464,445,446,106,434,435,128,436,437],"product_tag":[103,76,110,109,113,78,108,129],"class_list":{"0":"post-38097","1":"product","2":"type-product","3":"status-publish","4":"has-post-thumbnail","6":"product_cat-aluminum-ground-light","7":"product_cat-ceiling-recessed","8":"product_cat-ceiling-surface","9":"product_cat-ceiling-suspended","10":"product_cat-commercial","11":"product_cat-drivers","12":"product_cat-education","13":"product_cat-freestanding-light","14":"product_cat-hospitality","15":"product_cat-industrial","16":"product_cat-infrastructure","17":"product_cat-landscape","18":"product_cat-landscaping","19":"product_cat-linear","20":"product_cat-office","21":"product_cat-outdoor-ground-light","22":"product_cat-c-outdoor-lighting","23":"product_cat-residential","24":"product_cat-retail","25":"product_cat-round-ground-light","26":"product_cat-table-lamp","27":"product_cat-track","28":"product_cat-wall-light-series","29":"product_cat-wall-recessed","30":"product_cat-wall-surface","31":"product_tag-aluminum-ground-light","32":"product_tag-aluminum-housing","33":"product_tag-landscape-light","34":"product_tag-led-fixture","35":"product_tag-outdoor-ground-light","36":"product_tag-outdoor-lighting","37":"product_tag-round-ground-light","38":"product_tag-wall-light-series","40":"first","41":"instock","42":"featured","43":"downloadable","44":"shipping-taxable","45":"product-type-simple"},"_links":{"self":[{"href":"https:\/\/ledsteplight.com\/es\/wp-json\/wp\/v2\/product\/38097","targetHints":{"allow":["GET"]}}],"collection":[{"href":"https:\/\/ledsteplight.com\/es\/wp-json\/wp\/v2\/product"}],"about":[{"href":"https:\/\/ledsteplight.com\/es\/wp-json\/wp\/v2\/types\/product"}],"replies":[{"embeddable":true,"href":"https:\/\/ledsteplight.com\/es\/wp-json\/wp\/v2\/comments?post=38097"}],"version-history":[{"count":3,"href":"https:\/\/ledsteplight.com\/es\/wp-json\/wp\/v2\/product\/38097\/revisions"}],"predecessor-version":[{"id":38598,"href":"https:\/\/ledsteplight.com\/es\/wp-json\/wp\/v2\/product\/38097\/revisions\/38598"}],"wp:featuredmedia":[{"embeddable":true,"href":"https:\/\/ledsteplight.com\/es\/wp-json\/wp\/v2\/media\/37395"}],"wp:attachment":[{"href":"https:\/\/ledsteplight.com\/es\/wp-json\/wp\/v2\/media?parent=38097"}],"wp:term":[{"taxonomy":"product_brand","embeddable":true,"href":"https:\/\/ledsteplight.com\/es\/wp-json\/wp\/v2\/product_brand?post=38097"},{"taxonomy":"product_cat","embeddable":true,"href":"https:\/\/ledsteplight.com\/es\/wp-json\/wp\/v2\/product_cat?post=38097"},{"taxonomy":"product_tag","embeddable":true,"href":"https:\/\/ledsteplight.com\/es\/wp-json\/wp\/v2\/product_tag?post=38097"}],"curies":[{"name":"wp","href":"https:\/\/api.w.org\/{rel}","templated":true}]}}