{"id":38098,"date":"2025-09-08T13:04:28","date_gmt":"2025-09-08T13:04:28","guid":{"rendered":"https:\/\/ledsteplight.com\/import-placeholder-for-37316\/"},"modified":"2026-01-19T02:13:15","modified_gmt":"2026-01-19T02:13:15","slug":"fabricante-mayorista-de-luces-de-escalera-led-ts50-zt-sq-iluminacion-de-suelo-personalizada","status":"publish","type":"product","link":"https:\/\/ledsteplight.com\/es\/fabricante-mayorista-de-luces-de-escalera-led-ts50-zt-sq-iluminacion-de-suelo-personalizada\/","title":{"rendered":"TS50-ZT-SQ Luz de escal\u00f3n LED | Fabricante y proveedor mayorista de iluminaci\u00f3n de suelo personalizada"},"content":{"rendered":"<table class=\"OxEWNITQ\">\n<thead>\n<tr>\n<th><strong>Modelo del producto<\/strong><\/th>\n<th><strong>TS50-ZT-SQ<\/strong><\/th>\n<\/tr>\n<\/thead>\n<tbody>\n<tr>\n<td><strong>Tama\u00f1o<\/strong><\/td>\n<td>L50*W50MM<\/td>\n<\/tr>\n<tr>\n<td><strong>Tama\u00f1o de Corte<\/strong><\/td>\n<td>\/<\/td>\n<\/tr>\n<tr>\n<td><strong>Control de Funciones<\/strong><\/td>\n<td>dali\/0-10v\/encendido\/apagado<\/td>\n<\/tr>\n<tr>\n<td><strong>Fuente de Luz<\/strong><\/td>\n<td>DSP LED<\/td>\n<\/tr>\n<tr>\n<td><strong>Vatios<\/strong><\/td>\n<td>3-7W<\/td>\n<\/tr>\n<tr>\n<td><strong>Peso<\/strong><\/td>\n<td>0.6KG<\/td>\n<\/tr>\n<tr>\n<td><strong>Voltaje de entrada<\/strong><\/td>\n<td>DC24V<\/td>\n<\/tr>\n<tr>\n<td><strong>Driver<\/strong><\/td>\n<td>Integrado<\/td>\n<\/tr>\n<tr>\n<td><strong>\u00c1ngulo del Reflector<\/strong><\/td>\n<td>15\/30\/45\/60<\/td>\n<\/tr>\n<tr>\n<td><strong><strong><a href=\"https:\/\/ledsteplight.com\/es\/dm36b-pro-honeycomb-anti-glare-led-in-ground-light-ip67-24v-dc\/\" class=\"waam-auto-link\" title=\"Temperatura de Color\">Temperatura de Color<\/a><\/strong><\/strong><\/td>\n<td>No especificado<\/td>\n<\/tr>\n<tr>\n<td><strong>Material<\/strong><\/td>\n<td>No especificado<\/td>\n<\/tr>\n<tr>\n<td><strong>Color\/Acabado<\/strong><\/td>\n<td>No especificado<\/td>\n<\/tr>\n<tr>\n<td><strong>Clasificaci\u00f3n IP<\/strong><\/td>\n<td>No especificado<\/td>\n<\/tr>\n<tr>\n<td><strong>Instalaci\u00f3n<\/strong><\/td>\n<td>No especificado<\/td>\n<\/tr>\n<\/tbody>\n<\/table>\n<p data-start=\"113\" data-end=\"537\">Ilumina tu camino con confianza \u2014 el <strong data-start=\"184\" data-end=\"213\">TS50-ZT-SQ Luz de escalera LED<\/strong> entrega brillo, eficiencia <strong><a href=\"https:\/\/ledsteplight.com\/es\/guia-definitiva-de-soluciones-de-iluminacion-de-paisaje-empotrada\/\" class=\"waam-auto-link\" title=\"iluminaci\u00f3n del suelo\">iluminaci\u00f3n del suelo<\/a><\/strong> en un cuerpo compacto de 50\u00d750mm. Dise\u00f1ado para caminos, jardines y escalones arquitect\u00f3nicos, combina un aspecto elegante con un rendimiento pr\u00e1ctico. Utilizando <strong data-start=\"399\" data-end=\"421\">tecnolog\u00eda DSP LED<\/strong>, ofrece una iluminaci\u00f3n limpia y estable <strong><a href=\"https:\/\/ledsteplight.com\/es\/las-principales-ventajas-de-la-luz-de-pasos-con-sensor-pir-para-la-seguridad\/\" class=\"waam-auto-link\" title=\"iluminaci\u00f3n\">iluminaci\u00f3n<\/a><\/strong> con m\u00faltiples <strong data-start=\"474\" data-end=\"507\">\u00e1ngulos de haz (15\u00b0\/30\u00b0\/45\u00b0\/60\u00b0)<\/strong> para adaptarse al dise\u00f1o de tu espacio.<\/p>\n<p data-start=\"539\" data-end=\"755\">Alimentado por un <strong data-start=\"552\" data-end=\"571\">driver integrado<\/strong> y <strong data-start=\"576\" data-end=\"591\">entrada DC24V<\/strong>, esta luz de escalera funciona perfectamente con <strong data-start=\"631\" data-end=\"673\">sistemas de control DALI, 0-10V o encendido\/apagado<\/strong>, proporcionando un control de iluminaci\u00f3n flexible para proyectos residenciales y comerciales.<\/p>\n<p data-start=\"757\" data-end=\"1068\">Como un <strong data-start=\"762\" data-end=\"785\">fabricante directo<\/strong>, apoyamos <strong data-start=\"798\" data-end=\"854\">dise\u00f1o personalizado, pedidos al por mayor y servicios OEM\/ODM<\/strong>. Ya sea que necesite un acabado espec\u00edfico, clasificaci\u00f3n de impermeabilidad o m\u00e9todo de instalaci\u00f3n, le ayudamos a adaptar la luz a las necesidades de su proyecto \u2014 <strong data-start=\"990\" data-end=\"1066\">calidad directa de f\u00e1brica, precios al por mayor y env\u00edo global incluidos.<\/strong><\/p>","protected":false},"excerpt":{"rendered":"<p>\u00bfBusca luces de escalera LED confiables? La <strong data-start=\"1148\" data-end=\"1162\">TS50-ZT-SQ<\/strong> es una luz de suelo compacta y personalizable ideal para caminos y arquitectura. Fabricante de iluminaci\u00f3n LED directo de f\u00e1brica que ofrece OEM\/ODM, suministro al por mayor y env\u00edo global.<\/p>","protected":false},"featured_media":37397,"comment_status":"open","ping_status":"closed","template":"","meta":[],"product_brand":[],"product_cat":[100,426,427,428,439,429,440,430,441,431,442,443,432,433,444,112,464,445,446,106,434,435,436,437],"product_tag":[103,76,140,77,113,78,108,141],"class_list":{"0":"post-38098","1":"product","2":"type-product","3":"status-publish","4":"has-post-thumbnail","6":"product_cat-aluminum-ground-light","7":"product_cat-ceiling-recessed","8":"product_cat-ceiling-surface","9":"product_cat-ceiling-suspended","10":"product_cat-commercial","11":"product_cat-drivers","12":"product_cat-education","13":"product_cat-freestanding-light","14":"product_cat-hospitality","15":"product_cat-industrial","16":"product_cat-infrastructure","17":"product_cat-landscape","18":"product_cat-landscaping","19":"product_cat-linear","20":"product_cat-office","21":"product_cat-outdoor-ground-light","22":"product_cat-c-outdoor-lighting","23":"product_cat-residential","24":"product_cat-retail","25":"product_cat-round-ground-light","26":"product_cat-table-lamp","27":"product_cat-track","28":"product_cat-wall-recessed","29":"product_cat-wall-surface","30":"product_tag-aluminum-ground-light","31":"product_tag-aluminum-housing","32":"product_tag-flood-light","33":"product_tag-ground-light","34":"product_tag-outdoor-ground-light","35":"product_tag-outdoor-lighting","36":"product_tag-round-ground-light","37":"product_tag-tree-spot-light","39":"first","40":"instock","41":"shipping-taxable","42":"product-type-simple"},"_links":{"self":[{"href":"https:\/\/ledsteplight.com\/es\/wp-json\/wp\/v2\/product\/38098","targetHints":{"allow":["GET"]}}],"collection":[{"href":"https:\/\/ledsteplight.com\/es\/wp-json\/wp\/v2\/product"}],"about":[{"href":"https:\/\/ledsteplight.com\/es\/wp-json\/wp\/v2\/types\/product"}],"replies":[{"embeddable":true,"href":"https:\/\/ledsteplight.com\/es\/wp-json\/wp\/v2\/comments?post=38098"}],"version-history":[{"count":3,"href":"https:\/\/ledsteplight.com\/es\/wp-json\/wp\/v2\/product\/38098\/revisions"}],"predecessor-version":[{"id":38599,"href":"https:\/\/ledsteplight.com\/es\/wp-json\/wp\/v2\/product\/38098\/revisions\/38599"}],"wp:featuredmedia":[{"embeddable":true,"href":"https:\/\/ledsteplight.com\/es\/wp-json\/wp\/v2\/media\/37397"}],"wp:attachment":[{"href":"https:\/\/ledsteplight.com\/es\/wp-json\/wp\/v2\/media?parent=38098"}],"wp:term":[{"taxonomy":"product_brand","embeddable":true,"href":"https:\/\/ledsteplight.com\/es\/wp-json\/wp\/v2\/product_brand?post=38098"},{"taxonomy":"product_cat","embeddable":true,"href":"https:\/\/ledsteplight.com\/es\/wp-json\/wp\/v2\/product_cat?post=38098"},{"taxonomy":"product_tag","embeddable":true,"href":"https:\/\/ledsteplight.com\/es\/wp-json\/wp\/v2\/product_tag?post=38098"}],"curies":[{"name":"wp","href":"https:\/\/api.w.org\/{rel}","templated":true}]}}