{"id":38130,"date":"2025-09-08T13:04:35","date_gmt":"2025-09-08T13:04:35","guid":{"rendered":"https:\/\/ledsteplight.com\/import-placeholder-for-37318\/"},"modified":"2026-01-19T02:13:11","modified_gmt":"2026-01-19T02:13:11","slug":"bd035-luz-de-suelo-con-42-led-de-5w-ip65-proveedor-mayorista","status":"publish","type":"product","link":"https:\/\/ledsteplight.com\/es\/bd035-luz-de-suelo-con-42-led-de-5w-ip65-proveedor-mayorista\/","title":{"rendered":"Luz LED empotrada en suelo BD035-42 5W, IP65 | Proveedor mayorista"},"content":{"rendered":"<table class=\"OxEWNITQ\">\n<thead>\n<tr>\n<th>Par\u00e1metro<\/th>\n<th>Valor\/Descripci\u00f3n<\/th>\n<\/tr>\n<\/thead>\n<tbody>\n<tr>\n<td><strong>Modelo<\/strong><\/td>\n<td>MG-BD035-42<\/td>\n<\/tr>\n<tr>\n<td><strong>Tama\u00f1o<\/strong><\/td>\n<td>\u03c642*H405mm<\/td>\n<\/tr>\n<tr>\n<td><strong>Tama\u00f1o de Corte<\/strong><\/td>\n<td>(\u03c640*H75mm)<\/td>\n<\/tr>\n<tr>\n<td><strong>Control de Funciones<\/strong><\/td>\n<td>No Especificado<\/td>\n<\/tr>\n<tr>\n<td><strong>Fuente de Luz<\/strong><\/td>\n<td>OSRAM \/ CREE \/ 3014 SMD<\/td>\n<\/tr>\n<tr>\n<td><strong>Vatios<\/strong><\/td>\n<td>1W (350mA)<\/td>\n<\/tr>\n<tr>\n<td><strong>Peso<\/strong><\/td>\n<td>0.45kg<\/td>\n<\/tr>\n<tr>\n<td><strong>Entrada de CA<\/strong><\/td>\n<td>100-240V, 50~60HZ \/ DC12\/24V<\/td>\n<\/tr>\n<tr>\n<td><strong>Driver<\/strong><\/td>\n<td>No Especificado<\/td>\n<\/tr>\n<tr>\n<td><strong>\u00c1ngulo del Reflector<\/strong><\/td>\n<td>No Especificado<\/td>\n<\/tr>\n<tr>\n<td><strong><strong><a href=\"https:\/\/ledsteplight.com\/es\/dm36b-pro-honeycomb-anti-glare-led-in-ground-light-ip67-24v-dc\/\" class=\"waam-auto-link\" title=\"Temperatura de Color\">Temperatura de Color<\/a><\/strong><\/strong><\/td>\n<td>3000K, 4000K, 5700K<\/td>\n<\/tr>\n<tr>\n<td><strong>Conexi\u00f3n (Cable\/Longitud\/Conector)<\/strong><\/td>\n<td>No Especificado<\/td>\n<\/tr>\n<tr>\n<td><strong>Material<\/strong><\/td>\n<td>Aluminio<\/td>\n<\/tr>\n<tr>\n<td><strong>Color\/Tratamiento de Superficie<\/strong><\/td>\n<td>Blanco, Negro<\/td>\n<\/tr>\n<tr>\n<td><strong>Clasificaci\u00f3n IP<\/strong><\/td>\n<td><strong><a href=\"https:\/\/ledsteplight.com\/es\/cree-bridgelux-chip-ip65-led-fixture-for-garden-facade-lighting\/\" class=\"waam-auto-link\" title=\"IP65\">IP65<\/a><\/strong><\/td>\n<\/tr>\n<tr>\n<td><strong>Instalaci\u00f3n<\/strong><\/td>\n<td>Empotrado (Opcional Caja Pre-embutida)<\/td>\n<\/tr>\n<\/tbody>\n<\/table>\n<p data-start=\"1089\" data-end=\"1452\"><strong data-start=\"1093\" data-end=\"1105\">BD035-42<\/strong> es un peque\u00f1o y resistente caballo de batalla: un LED empotrado de 5W dise\u00f1ado para mantenerse confiable en condiciones h\u00famedas y exteriores gracias a su <strong data-start=\"1222\" data-end=\"1241\">clasificaci\u00f3n impermeable IP65<\/strong> valoraci\u00f3n. Ofrece una iluminaci\u00f3n limpia y coherente <strong><a href=\"https:\/\/ledsteplight.com\/es\/las-principales-ventajas-de-la-luz-de-pasos-con-sensor-pir-para-la-seguridad\/\" class=\"waam-auto-link\" title=\"iluminaci\u00f3n\">iluminaci\u00f3n<\/a><\/strong> para caminos, acentos en paisajismo y iluminaci\u00f3n ascendente de bajo perfil, manteniendo una huella peque\u00f1a que se oculta discretamente en el suelo y permite que la escena hable por s\u00ed misma.<\/p>\n<p data-start=\"1454\" data-end=\"1758\">Creado para contratistas y compradores que valoran un suministro predecible, esta unidad se env\u00eda lista para usar y es compatible con OEM \u2014 muestras, acabados personalizados y precios al por mayor est\u00e1n disponibles. Cu\u00e9ntenos el tama\u00f1o y las necesidades de especificaci\u00f3n de su proyecto y le proporcionaremos una cotizaci\u00f3n de f\u00e1brica, tiempo de entrega y cualquier documentaci\u00f3n de prueba que necesite.<\/p>","protected":false},"excerpt":{"rendered":"<p>Compra la luz de suelo LED IP65 BD035-42 de 5W en la f\u00e1brica. Muestras, marca personalizada y precios para proyectos disponibles. Contacta con ventas para cotizaciones r\u00e1pidas al por mayor.<\/p>","protected":false},"featured_media":37403,"comment_status":"open","ping_status":"closed","template":"","meta":[],"product_brand":[],"product_cat":[69,100,426,427,428,439,429,440,430,441,431,442,443,432,433,444,112,464,445,446,106,434,435,128,436,437],"product_tag":[74,103,76,77,113,78,108,129],"class_list":{"0":"post-38130","1":"product","2":"type-product","3":"status-publish","4":"has-post-thumbnail","6":"product_cat-5w","7":"product_cat-aluminum-ground-light","8":"product_cat-ceiling-recessed","9":"product_cat-ceiling-surface","10":"product_cat-ceiling-suspended","11":"product_cat-commercial","12":"product_cat-drivers","13":"product_cat-education","14":"product_cat-freestanding-light","15":"product_cat-hospitality","16":"product_cat-industrial","17":"product_cat-infrastructure","18":"product_cat-landscape","19":"product_cat-landscaping","20":"product_cat-linear","21":"product_cat-office","22":"product_cat-outdoor-ground-light","23":"product_cat-c-outdoor-lighting","24":"product_cat-residential","25":"product_cat-retail","26":"product_cat-round-ground-light","27":"product_cat-table-lamp","28":"product_cat-track","29":"product_cat-wall-light-series","30":"product_cat-wall-recessed","31":"product_cat-wall-surface","32":"product_tag-5w-led","33":"product_tag-aluminum-ground-light","34":"product_tag-aluminum-housing","35":"product_tag-ground-light","36":"product_tag-outdoor-ground-light","37":"product_tag-outdoor-lighting","38":"product_tag-round-ground-light","39":"product_tag-wall-light-series","41":"first","42":"instock","43":"featured","44":"downloadable","45":"shipping-taxable","46":"product-type-simple"},"_links":{"self":[{"href":"https:\/\/ledsteplight.com\/es\/wp-json\/wp\/v2\/product\/38130","targetHints":{"allow":["GET"]}}],"collection":[{"href":"https:\/\/ledsteplight.com\/es\/wp-json\/wp\/v2\/product"}],"about":[{"href":"https:\/\/ledsteplight.com\/es\/wp-json\/wp\/v2\/types\/product"}],"replies":[{"embeddable":true,"href":"https:\/\/ledsteplight.com\/es\/wp-json\/wp\/v2\/comments?post=38130"}],"version-history":[{"count":3,"href":"https:\/\/ledsteplight.com\/es\/wp-json\/wp\/v2\/product\/38130\/revisions"}],"predecessor-version":[{"id":38589,"href":"https:\/\/ledsteplight.com\/es\/wp-json\/wp\/v2\/product\/38130\/revisions\/38589"}],"wp:featuredmedia":[{"embeddable":true,"href":"https:\/\/ledsteplight.com\/es\/wp-json\/wp\/v2\/media\/37403"}],"wp:attachment":[{"href":"https:\/\/ledsteplight.com\/es\/wp-json\/wp\/v2\/media?parent=38130"}],"wp:term":[{"taxonomy":"product_brand","embeddable":true,"href":"https:\/\/ledsteplight.com\/es\/wp-json\/wp\/v2\/product_brand?post=38130"},{"taxonomy":"product_cat","embeddable":true,"href":"https:\/\/ledsteplight.com\/es\/wp-json\/wp\/v2\/product_cat?post=38130"},{"taxonomy":"product_tag","embeddable":true,"href":"https:\/\/ledsteplight.com\/es\/wp-json\/wp\/v2\/product_tag?post=38130"}],"curies":[{"name":"wp","href":"https:\/\/api.w.org\/{rel}","templated":true}]}}