{"id":38132,"date":"2025-09-08T13:04:35","date_gmt":"2025-09-08T13:04:35","guid":{"rendered":"https:\/\/ledsteplight.com\/import-placeholder-for-37335\/"},"modified":"2026-01-19T02:13:12","modified_gmt":"2026-01-19T02:13:12","slug":"proveedor-de-luces-de-suelo-led-mg-sn015-s-clasificado-ip65-iluminacion-empotrada-de-3w-para-caminos","status":"publish","type":"product","link":"https:\/\/ledsteplight.com\/es\/proveedor-de-luces-de-suelo-led-mg-sn015-s-clasificado-ip65-iluminacion-empotrada-de-3w-para-caminos\/","title":{"rendered":"Proveedor de luz de suelo LED MG-SN015-S \u2013 Clasificaci\u00f3n IP65, iluminaci\u00f3n empotrada de 3W para caminos"},"content":{"rendered":"<table class=\"OxEWNITQ\">\n<thead>\n<tr>\n<th>Par\u00e1metro<\/th>\n<th>Valor\/Descripci\u00f3n<\/th>\n<\/tr>\n<\/thead>\n<tbody>\n<tr>\n<td><strong>Modelo<\/strong><\/td>\n<td>MG-SN015-S<\/td>\n<\/tr>\n<tr>\n<td><strong>Tama\u00f1o del producto<\/strong><\/td>\n<td>\u00d870mm*H42mm (Redondo)<\/td>\n<\/tr>\n<tr>\n<td><strong>Tama\u00f1o de Corte<\/strong><\/td>\n<td>\u00d865mm*H65mm (Redondo)<\/td>\n<\/tr>\n<tr>\n<td><strong>Control de Funciones<\/strong><\/td>\n<td>No Especificado<\/td>\n<\/tr>\n<tr>\n<td><strong>Fuente de Luz<\/strong><\/td>\n<td><strong><a href=\"https:\/\/ledsteplight.com\/es\/cree-bridgelux-chip-ip65-led-fixture-for-garden-facade-lighting\/\" class=\"waam-auto-link\" title=\"LED Bridgelux\">LED Bridgelux<\/a><\/strong><\/td>\n<\/tr>\n<tr>\n<td><strong>Vatios<\/strong><\/td>\n<td>3W (700mA)<\/td>\n<\/tr>\n<tr>\n<td><strong>Peso<\/strong><\/td>\n<td>0.45kg<\/td>\n<\/tr>\n<tr>\n<td><strong>Entrada de CA<\/strong><\/td>\n<td>100-240V, 50~60HZ \/ DC24V<\/td>\n<\/tr>\n<tr>\n<td><strong>Driver<\/strong><\/td>\n<td>No especificado<\/td>\n<\/tr>\n<tr>\n<td><strong>\u00c1ngulo del Reflector<\/strong><\/td>\n<td>No especificado<\/td>\n<\/tr>\n<tr>\n<td><strong><strong><a href=\"https:\/\/ledsteplight.com\/es\/dm36b-pro-honeycomb-anti-glare-led-in-ground-light-ip67-24v-dc\/\" class=\"waam-auto-link\" title=\"Temperatura de Color\">Temperatura de Color<\/a><\/strong><\/strong><\/td>\n<td>3000K, 4000K, 5700K<\/td>\n<\/tr>\n<tr>\n<td><strong>Material<\/strong><\/td>\n<td>Aluminio<\/td>\n<\/tr>\n<tr>\n<td><strong>Color\/Acabado<\/strong><\/td>\n<td>Blanco, Negro, Plata<\/td>\n<\/tr>\n<tr>\n<td><strong>Clasificaci\u00f3n IP<\/strong><\/td>\n<td>IP54\/IP65<\/td>\n<\/tr>\n<tr>\n<td><strong>Instalaci\u00f3n<\/strong><\/td>\n<td>Empotrado (Opcional Caja Pre-embutida)<\/td>\n<\/tr>\n<\/tbody>\n<\/table>\n<p data-start=\"574\" data-end=\"890\"><strong data-start=\"578\" data-end=\"622\">SN015-S 3W LED <strong><a href=\"https:\/\/ledsteplight.com\/es\/5w-led-in-ground-lights-ip65-waterproof-outdoor-driveway-garden-floor-lighting\/\" class=\"waam-auto-link\" title=\"Luz de suelo\">Luz de suelo<\/a><\/strong> (MG-SN015-S)<\/strong> est\u00e1 dise\u00f1ado para durabilidad y rendimiento en proyectos exteriores. Dise\u00f1ado con un <strong data-start=\"700\" data-end=\"726\">carcasa de aluminio \u00d870mm<\/strong> y disponible en acabados en blanco, negro o plateado, este accesorio empotrado ofrece un aspecto elegante mientras mantiene una protecci\u00f3n robusta con <strong data-start=\"861\" data-end=\"887\">clasificaci\u00f3n de impermeabilidad IP65<\/strong>.<\/p>\n<p data-start=\"892\" data-end=\"1307\">Alimentado por un <strong data-start=\"905\" data-end=\"925\">LED Bridgelux de 3W<\/strong>, el SN015-S proporciona una iluminaci\u00f3n confiable en <strong data-start=\"971\" data-end=\"1024\">m\u00faltiples temperaturas de color (3000K, 4000K, 5700K)<\/strong>, lo que lo convierte en una opci\u00f3n vers\u00e1til tanto para aplicaciones de iluminaci\u00f3n residencial como comercial. Con suministro directo de f\u00e1brica y opciones de pedido en volumen, es una excelente soluci\u00f3n para distribuidores, contratistas y mayoristas que buscan productos de alta calidad <strong><a href=\"https:\/\/ledsteplight.com\/es\/mistakes-to-avoid-when-installing-in-ground-driveway-lights\/\" class=\"waam-auto-link\" title=\"luces empotradas en el suelo\">luces empotradas en el suelo<\/a><\/strong> a precios competitivos.<\/p>","protected":false},"excerpt":{"rendered":"<p id=\"\"><strong data-start=\"1351\" data-end=\"1392\">Venta al por mayor de Luz de suelo LED SN015-S<\/strong> \u2013 Suministro directo de f\u00e1brica con <strong data-start=\"1422\" data-end=\"1483\">LED Bridgelux, impermeabilidad IP65, opciones de 3000K\/4000K\/5700K<\/strong>, ideal para <strong data-start=\"1495\" data-end=\"1520\">proyectos de exteriores a granel<\/strong>.<\/p>","protected":false},"featured_media":37410,"comment_status":"open","ping_status":"closed","template":"","meta":[],"product_brand":[],"product_cat":[105,100,426,427,428,439,429,440,430,73,441,431,442,443,432,433,444,112,464,445,446,106,434,435,436,437],"product_tag":[107,82,103,76,77,113,78,108],"class_list":{"0":"post-38132","1":"product","2":"type-product","3":"status-publish","4":"has-post-thumbnail","6":"product_cat-015-series","7":"product_cat-aluminum-ground-light","8":"product_cat-ceiling-recessed","9":"product_cat-ceiling-surface","10":"product_cat-ceiling-suspended","11":"product_cat-commercial","12":"product_cat-drivers","13":"product_cat-education","14":"product_cat-freestanding-light","15":"product_cat-ground-light","16":"product_cat-hospitality","17":"product_cat-industrial","18":"product_cat-infrastructure","19":"product_cat-landscape","20":"product_cat-landscaping","21":"product_cat-linear","22":"product_cat-office","23":"product_cat-outdoor-ground-light","24":"product_cat-c-outdoor-lighting","25":"product_cat-residential","26":"product_cat-retail","27":"product_cat-round-ground-light","28":"product_cat-table-lamp","29":"product_cat-track","30":"product_cat-wall-recessed","31":"product_cat-wall-surface","32":"product_tag-015-series","33":"product_tag-3w-led","34":"product_tag-aluminum-ground-light","35":"product_tag-aluminum-housing","36":"product_tag-ground-light","37":"product_tag-outdoor-ground-light","38":"product_tag-outdoor-lighting","39":"product_tag-round-ground-light","41":"first","42":"instock","43":"featured","44":"downloadable","45":"shipping-taxable","46":"product-type-simple"},"_links":{"self":[{"href":"https:\/\/ledsteplight.com\/es\/wp-json\/wp\/v2\/product\/38132","targetHints":{"allow":["GET"]}}],"collection":[{"href":"https:\/\/ledsteplight.com\/es\/wp-json\/wp\/v2\/product"}],"about":[{"href":"https:\/\/ledsteplight.com\/es\/wp-json\/wp\/v2\/types\/product"}],"replies":[{"embeddable":true,"href":"https:\/\/ledsteplight.com\/es\/wp-json\/wp\/v2\/comments?post=38132"}],"version-history":[{"count":3,"href":"https:\/\/ledsteplight.com\/es\/wp-json\/wp\/v2\/product\/38132\/revisions"}],"predecessor-version":[{"id":38591,"href":"https:\/\/ledsteplight.com\/es\/wp-json\/wp\/v2\/product\/38132\/revisions\/38591"}],"wp:featuredmedia":[{"embeddable":true,"href":"https:\/\/ledsteplight.com\/es\/wp-json\/wp\/v2\/media\/37410"}],"wp:attachment":[{"href":"https:\/\/ledsteplight.com\/es\/wp-json\/wp\/v2\/media?parent=38132"}],"wp:term":[{"taxonomy":"product_brand","embeddable":true,"href":"https:\/\/ledsteplight.com\/es\/wp-json\/wp\/v2\/product_brand?post=38132"},{"taxonomy":"product_cat","embeddable":true,"href":"https:\/\/ledsteplight.com\/es\/wp-json\/wp\/v2\/product_cat?post=38132"},{"taxonomy":"product_tag","embeddable":true,"href":"https:\/\/ledsteplight.com\/es\/wp-json\/wp\/v2\/product_tag?post=38132"}],"curies":[{"name":"wp","href":"https:\/\/api.w.org\/{rel}","templated":true}]}}