{"id":37890,"date":"2025-09-08T13:04:01","date_gmt":"2025-09-08T13:04:01","guid":{"rendered":"https:\/\/ledsteplight.com\/import-placeholder-for-36900\/"},"modified":"2025-12-11T23:35:34","modified_gmt":"2025-12-11T23:35:34","slug":"sn195-5w-cob-led-ground-light-waterproof-ip65-40000h","status":"publish","type":"product","link":"https:\/\/ledsteplight.com\/fi\/sn195-5w-cob-led-ground-light-waterproof-ip65-40000h\/","title":{"rendered":"SN195 \u2014 IP65 5W COB LED maanalainen valo | 40 000 tunnin vesitiivis valaisin"},"content":{"rendered":"<p>&nbsp;<\/p>\n<table>\n<thead>\n<tr>\n<th><strong>Ominaisuus<\/strong><\/th>\n<th><strong>Kuvaus<\/strong><\/th>\n<\/tr>\n<\/thead>\n<tbody>\n<tr>\n<td><strong>Tuotemalli<\/strong><\/td>\n<td>MG-SN195<\/td>\n<\/tr>\n<tr>\n<td><strong>Teho<\/strong><\/td>\n<td>5W COB LED<\/td>\n<\/tr>\n<tr>\n<td><strong>Vedenkest\u00e4vyysluokitus<\/strong><\/td>\n<td>IP65 (Korkeasti p\u00f6ly- ja vesitiivis, sopii ulkok\u00e4ytt\u00f6\u00f6n)<\/td>\n<\/tr>\n<tr>\n<td><strong>Materiaali<\/strong><\/td>\n<td>Valualumiini<\/td>\n<\/tr>\n<tr>\n<td><strong><strong><a href=\"https:\/\/ledsteplight.com\/fi\/dm36b-pro-honeycomb-anti-glare-led-in-ground-light-ip67-24v-dc\/\" class=\"waam-auto-link\" title=\"V\u00e4ril\u00e4mp\u00f6tila\">V\u00e4ril\u00e4mp\u00f6tila<\/a><\/strong><\/strong><\/td>\n<td>S\u00e4\u00e4dett\u00e4viss\u00e4 3000K:sta 6000K:iin (L\u00e4mmin valkoinen kylm\u00e4 valkoinen)<\/td>\n<\/tr>\n<tr>\n<td><strong>J\u00e4nnite<\/strong><\/td>\n<td>110-265V<\/td>\n<\/tr>\n<tr>\n<td><strong>Mitat<\/strong><\/td>\n<td>Pituus: 195mm, Korkeus: 88mm, Paksuus: 30mm<\/td>\n<\/tr>\n<tr>\n<td><strong>Kestoik\u00e4<\/strong><\/td>\n<td>40 000 tuntia<\/td>\n<\/tr>\n<tr>\n<td><strong>Takuu<\/strong><\/td>\n<td>3 vuotta<\/td>\n<\/tr>\n<tr>\n<td><strong>Sovellus<\/strong><\/td>\n<td><strong><a href=\"https:\/\/ledsteplight.com\/fi\/cree-bridgelux-chip-ip65-led-fixture-for-garden-facade-lighting\/\" class=\"waam-auto-link\" title=\"Ulkovalaistus\">Ulkovalaistus<\/a><\/strong>, <strong><a href=\"https:\/\/ledsteplight.com\/fi\/ip67-waterproof-led-ground-lights-easy-garden-lighting-solutions\/\" class=\"waam-auto-link\" title=\"puutarhalamput\">puutarhalamput<\/a><\/strong>, <strong><a href=\"https:\/\/ledsteplight.com\/fi\/pir-sensor-step-light-top-advantages-for-safety\/\" class=\"waam-auto-link\" title=\"polkuvalaisimia\">polkuvalaisimia<\/a><\/strong>, <strong><a href=\"https:\/\/ledsteplight.com\/fi\/mistakes-to-avoid-when-installing-in-ground-driveway-lights\/\" class=\"waam-auto-link\" title=\"maisemavalaisimet\">maisemavalaisimet<\/a><\/strong>, ajovalaistus<\/td>\n<\/tr>\n<tr>\n<td><strong>Keskeiset ominaisuudet<\/strong><\/td>\n<td>Vesitiivis ja s\u00e4\u00e4nkest\u00e4v\u00e4 ulkok\u00e4ytt\u00f6\u00f6n \u2013 Korkea energiatehokkuus \u2013 S\u00e4\u00e4dett\u00e4v\u00e4 v\u00e4ril\u00e4mp\u00f6tila eri valaistusmielialoihin \u2013 Kest\u00e4v\u00e4 alumiinikuori \u2013 Pitk\u00e4 k\u00e4ytt\u00f6ik\u00e4, 40 000 tuntia \u2013 Helppo asentaa maahan upotettava valaistus<strong><a href=\"https:\/\/ledsteplight.com\/fi\/ultimate-guide-to-landscape-inground-lighting-solutions\/\" class=\"waam-auto-link\" title=\"maa-valaistus\">maa-valaistus<\/a><\/strong><\/td>\n<\/tr>\n<tr>\n<td><strong>K\u00e4ytt\u00f6tarkoitukset<\/strong><\/td>\n<td>T\u00e4ydellinen ulkoisten polkujen, ajoteiden, puutarhojen ja maisemien valaisuun. Ihanteellinen sek\u00e4 asuin- ett\u00e4 kaupallisiin ulkotiloihin, tarjoten tyylik\u00e4st\u00e4 ja luotettavaa valaistusta turvallisuuden ja koristeen vuoksi.<\/td>\n<\/tr>\n<\/tbody>\n<\/table>\n<p data-start=\"0\" data-end=\"451\"><strong data-start=\"4\" data-end=\"16\">MG-SN195<\/strong> on kest\u00e4v\u00e4 5W COB-maahan upotettava valaisin, joka on suunniteltu kest\u00e4m\u00e4\u00e4n ulkok\u00e4yt\u00f6n vaatimukset. Valualumiininen kotelo, <strong data-start=\"120\" data-end=\"128\">IP65<\/strong> vedenpit\u00e4vyysluokitus ja s\u00e4\u00e4dett\u00e4v\u00e4 v\u00e4ril\u00e4mp\u00f6tila v\u00e4lill\u00e4 <strong data-start=\"189\" data-end=\"204\">3000K\u20136000K<\/strong> tekee siit\u00e4 erinomaisen valinnan polkujen, ajoteiden, puutarhojen ja kaupallisten julkisivujen valaistukseen. Se hyv\u00e4ksyy <strong data-start=\"293\" data-end=\"305\">110\u2013265V<\/strong>, mittaa <strong data-start=\"316\" data-end=\"336\">195 \u00d7 88 \u00d7 30 mm<\/strong>, ja tarjoaa jopa <strong data-start=\"357\" data-end=\"373\">40 000 tuntia<\/strong> palveluaikaa\u2014matala profiili, energiatehokas ja suunniteltu kest\u00e4m\u00e4\u00e4n s\u00e4\u00e4t\u00e4.<\/p>\n<p data-start=\"453\" data-end=\"792\" data-is-last-node=\"\" data-is-only-node=\"\">Tehdasvalmisteinen ja OEM-yst\u00e4v\u00e4llinen: jokainen er\u00e4 on s\u00e4hk\u00f6isesti testattu ja takaa <strong data-start=\"535\" data-end=\"554\">3 vuoden takuun<\/strong>. Voimme toimittaa n\u00e4ytteit\u00e4, volyymihintoja, r\u00e4\u00e4t\u00e4l\u00f6ityj\u00e4 viimeistelyj\u00e4 tai ohjainvaihtoehtoja sek\u00e4 br\u00e4nd\u00e4tty\u00e4 pakkauksia projektitilauksiin. Jaa m\u00e4\u00e4r\u00e4nne ja mahdolliset erityisvaatimukset, ja palautamme tehdaslainan ajan ja testidokumentaation kanssa.<\/p>","protected":false},"excerpt":{"rendered":"<p>MG-SN195 5W COB LED maastovalo \u2014 IP65 painoalumiinia, 3000\u20136000K. Tehdas OEM: n\u00e4ytteet ja er\u00e4n hinnat<\/p>","protected":false},"featured_media":36930,"comment_status":"open","ping_status":"closed","template":"","meta":[],"product_brand":[],"product_cat":[69,426,427,428,71,439,429,440,430,441,431,442,443,432,433,444,84,445,446,434,435,436,437],"product_tag":[74,76,75,77,78],"class_list":{"0":"post-37890","1":"product","2":"type-product","3":"status-publish","4":"has-post-thumbnail","6":"product_cat-5w","7":"product_cat-ceiling-recessed","8":"product_cat-ceiling-surface","9":"product_cat-ceiling-suspended","10":"product_cat-cob","11":"product_cat-commercial","12":"product_cat-drivers","13":"product_cat-education","14":"product_cat-freestanding-light","15":"product_cat-hospitality","16":"product_cat-industrial","17":"product_cat-infrastructure","18":"product_cat-landscape","19":"product_cat-landscaping","20":"product_cat-linear","21":"product_cat-office","22":"product_cat-outdoor-waterproof-aluminum-shop-2","23":"product_cat-residential","24":"product_cat-retail","25":"product_cat-table-lamp","26":"product_cat-track","27":"product_cat-wall-recessed","28":"product_cat-wall-surface","29":"product_tag-5w-led","30":"product_tag-aluminum-housing","31":"product_tag-cob-light","32":"product_tag-ground-light","33":"product_tag-outdoor-lighting","35":"first","36":"instock","37":"shipping-taxable","38":"product-type-simple"},"_links":{"self":[{"href":"https:\/\/ledsteplight.com\/fi\/wp-json\/wp\/v2\/product\/37890","targetHints":{"allow":["GET"]}}],"collection":[{"href":"https:\/\/ledsteplight.com\/fi\/wp-json\/wp\/v2\/product"}],"about":[{"href":"https:\/\/ledsteplight.com\/fi\/wp-json\/wp\/v2\/types\/product"}],"replies":[{"embeddable":true,"href":"https:\/\/ledsteplight.com\/fi\/wp-json\/wp\/v2\/comments?post=37890"}],"version-history":[{"count":3,"href":"https:\/\/ledsteplight.com\/fi\/wp-json\/wp\/v2\/product\/37890\/revisions"}],"predecessor-version":[{"id":38648,"href":"https:\/\/ledsteplight.com\/fi\/wp-json\/wp\/v2\/product\/37890\/revisions\/38648"}],"wp:featuredmedia":[{"embeddable":true,"href":"https:\/\/ledsteplight.com\/fi\/wp-json\/wp\/v2\/media\/36930"}],"wp:attachment":[{"href":"https:\/\/ledsteplight.com\/fi\/wp-json\/wp\/v2\/media?parent=37890"}],"wp:term":[{"taxonomy":"product_brand","embeddable":true,"href":"https:\/\/ledsteplight.com\/fi\/wp-json\/wp\/v2\/product_brand?post=37890"},{"taxonomy":"product_cat","embeddable":true,"href":"https:\/\/ledsteplight.com\/fi\/wp-json\/wp\/v2\/product_cat?post=37890"},{"taxonomy":"product_tag","embeddable":true,"href":"https:\/\/ledsteplight.com\/fi\/wp-json\/wp\/v2\/product_tag?post=37890"}],"curies":[{"name":"wp","href":"https:\/\/api.w.org\/{rel}","templated":true}]}}