{"id":37891,"date":"2025-09-08T13:04:01","date_gmt":"2025-09-08T13:04:01","guid":{"rendered":"https:\/\/ledsteplight.com\/import-placeholder-for-36901\/"},"modified":"2025-12-12T00:29:14","modified_gmt":"2025-12-12T00:29:14","slug":"sn039xl-3w-led-ground-light-waterproof-ip65-40000h","status":"publish","type":"product","link":"https:\/\/ledsteplight.com\/fi\/sn039xl-3w-led-ground-light-waterproof-ip65-40000h\/","title":{"rendered":"SN039XL \u2014 3W IP65 LED maanalainen valo hotelleihin, polkuihin ja julkisivuihin"},"content":{"rendered":"<p>&nbsp;<\/p>\n<table>\n<thead>\n<tr>\n<th><strong>Ominaisuus<\/strong><\/th>\n<th><strong>Yksityiskohdat<\/strong><\/th>\n<\/tr>\n<\/thead>\n<tbody>\n<tr>\n<td><strong>Teho<\/strong><\/td>\n<td>3W<\/td>\n<\/tr>\n<tr>\n<td><strong>Valonl\u00e4hde<\/strong><\/td>\n<td>LED CREE<\/td>\n<\/tr>\n<tr>\n<td><strong>Materiaali<\/strong><\/td>\n<td>Alumiini<\/td>\n<\/tr>\n<tr>\n<td><strong>Vedenkest\u00e4vyysluokitus<\/strong><\/td>\n<td>IP40 \/ IP65<\/td>\n<\/tr>\n<tr>\n<td><strong><strong><a href=\"https:\/\/ledsteplight.com\/fi\/dm36b-pro-honeycomb-anti-glare-led-in-ground-light-ip67-24v-dc\/\" class=\"waam-auto-link\" title=\"V\u00e4ril\u00e4mp\u00f6tila\">V\u00e4ril\u00e4mp\u00f6tila<\/a><\/strong><\/strong><\/td>\n<td>2700K to 6000K<\/td>\n<\/tr>\n<tr>\n<td><strong>J\u00e4nnite<\/strong><\/td>\n<td>85-265V<\/td>\n<\/tr>\n<tr>\n<td><strong>Mitat<\/strong><\/td>\n<td>35*185mm (Korkeus 38mm)<\/td>\n<\/tr>\n<tr>\n<td><strong>Reik\u00e4koko<\/strong><\/td>\n<td>32*155mm (Korkeus 45mm)<\/td>\n<\/tr>\n<tr>\n<td><strong>Kestoik\u00e4<\/strong><\/td>\n<td>40 000 tuntia<\/td>\n<\/tr>\n<tr>\n<td><strong>Takuu<\/strong><\/td>\n<td>3 vuotta<\/td>\n<\/tr>\n<\/tbody>\n<\/table>\n<p data-start=\"0\" data-end=\"396\"><strong data-start=\"4\" data-end=\"15\">SN039XL<\/strong> on matala profiili 3W CREE LED <strong><a href=\"https:\/\/ledsteplight.com\/fi\/cree-bridgelux-chip-ip65-led-fixture-for-garden-facade-lighting\/\" class=\"waam-auto-link\" title=\"maavalaisin\">maavalaisin<\/a><\/strong> rakennettu luotettavaan maisema- ja polkuvalaistukseen. Sen ohut alumiininen runko (35 \u00d7 185 mm; rei\u00e4n koko 32 \u00d7 155 mm) hyv\u00e4ksyy 85\u2013265V sy\u00f6tteen ja tarjoaa valittavissa olevan IP40 tai IP65 suojauksen, v\u00e4ril\u00e4mp\u00f6tilat alkaen <strong data-start=\"259\" data-end=\"274\">2700K\u20136000K<\/strong>, nimellinen k\u00e4ytt\u00f6ik\u00e4 <strong data-start=\"292\" data-end=\"308\">40 000 tuntia<\/strong>, ja <strong data-start=\"316\" data-end=\"335\">3 vuoden takuun<\/strong> \u2014 kompakti, kest\u00e4v\u00e4 ja suunniteltu kest\u00e4m\u00e4\u00e4n kaupallisilla ty\u00f6mailla.<\/p>\n<p data-start=\"398\" data-end=\"701\" data-is-last-node=\"\" data-is-only-node=\"\">Valmistamme n\u00e4m\u00e4 tehtaallamme ja suoritamme eriss\u00e4 s\u00e4hk\u00f6- ja ik\u00e4\u00e4ntymistestit ennen toimitusta. OEM-er\u00e4t, r\u00e4\u00e4t\u00e4l\u00f6idyt viimeistelyt, ohjainvalinnat ja br\u00e4nd\u00e4tyt pakkaukset ovat saatavilla; n\u00e4ytteit\u00e4, testiraportteja ja volyymitarjouksia voidaan toimittaa nopeasti \u2014 kerro projektisi koko ja l\u00e4het\u00e4mme toimitusajat ja hinnat.<\/p>","protected":false},"excerpt":{"rendered":"<p>SN039XL 3W CREE LED maastovalo \u2014 alumiininen kotelo, IP40\/IP65-vaihtoehdot, 85\u2013265V, 40 000 tuntia. Tehdas OEM: n\u00e4ytteet ja er\u00e4koot.<\/p>","protected":false},"featured_media":36935,"comment_status":"open","ping_status":"closed","template":"","meta":[],"product_brand":[],"product_cat":[426,427,428,439,429,440,430,73,441,431,442,443,432,433,444,84,445,446,434,435,436,437],"product_tag":[82,76,77,78,83],"class_list":{"0":"post-37891","1":"product","2":"type-product","3":"status-publish","4":"has-post-thumbnail","6":"product_cat-ceiling-recessed","7":"product_cat-ceiling-surface","8":"product_cat-ceiling-suspended","9":"product_cat-commercial","10":"product_cat-drivers","11":"product_cat-education","12":"product_cat-freestanding-light","13":"product_cat-ground-light","14":"product_cat-hospitality","15":"product_cat-industrial","16":"product_cat-infrastructure","17":"product_cat-landscape","18":"product_cat-landscaping","19":"product_cat-linear","20":"product_cat-office","21":"product_cat-outdoor-waterproof-aluminum-shop-2","22":"product_cat-residential","23":"product_cat-retail","24":"product_cat-table-lamp","25":"product_cat-track","26":"product_cat-wall-recessed","27":"product_cat-wall-surface","28":"product_tag-3w-led","29":"product_tag-aluminum-housing","30":"product_tag-ground-light","31":"product_tag-outdoor-lighting","32":"product_tag-waterproof-fixture","34":"first","35":"instock","36":"shipping-taxable","37":"product-type-simple"},"_links":{"self":[{"href":"https:\/\/ledsteplight.com\/fi\/wp-json\/wp\/v2\/product\/37891","targetHints":{"allow":["GET"]}}],"collection":[{"href":"https:\/\/ledsteplight.com\/fi\/wp-json\/wp\/v2\/product"}],"about":[{"href":"https:\/\/ledsteplight.com\/fi\/wp-json\/wp\/v2\/types\/product"}],"replies":[{"embeddable":true,"href":"https:\/\/ledsteplight.com\/fi\/wp-json\/wp\/v2\/comments?post=37891"}],"version-history":[{"count":4,"href":"https:\/\/ledsteplight.com\/fi\/wp-json\/wp\/v2\/product\/37891\/revisions"}],"predecessor-version":[{"id":38649,"href":"https:\/\/ledsteplight.com\/fi\/wp-json\/wp\/v2\/product\/37891\/revisions\/38649"}],"wp:featuredmedia":[{"embeddable":true,"href":"https:\/\/ledsteplight.com\/fi\/wp-json\/wp\/v2\/media\/36935"}],"wp:attachment":[{"href":"https:\/\/ledsteplight.com\/fi\/wp-json\/wp\/v2\/media?parent=37891"}],"wp:term":[{"taxonomy":"product_brand","embeddable":true,"href":"https:\/\/ledsteplight.com\/fi\/wp-json\/wp\/v2\/product_brand?post=37891"},{"taxonomy":"product_cat","embeddable":true,"href":"https:\/\/ledsteplight.com\/fi\/wp-json\/wp\/v2\/product_cat?post=37891"},{"taxonomy":"product_tag","embeddable":true,"href":"https:\/\/ledsteplight.com\/fi\/wp-json\/wp\/v2\/product_tag?post=37891"}],"curies":[{"name":"wp","href":"https:\/\/api.w.org\/{rel}","templated":true}]}}