{"id":37971,"date":"2025-09-08T13:04:10","date_gmt":"2025-09-08T13:04:10","guid":{"rendered":"https:\/\/ledsteplight.com\/import-placeholder-for-37062\/"},"modified":"2025-12-25T04:29:32","modified_gmt":"2025-12-25T04:29:32","slug":"3w-led-in-ground-light-ip65-waterproof-landscape-path-lamp","status":"publish","type":"product","link":"https:\/\/ledsteplight.com\/fi\/3w-led-in-ground-light-ip65-waterproof-landscape-path-lamp\/","title":{"rendered":"3W LED maahan upotettava valo | IP65 vedenkest\u00e4v\u00e4 maisematievalo"},"content":{"rendered":"<h3 data-start=\"193\" data-end=\"233\"><\/h3>\n<table data-start=\"235\" data-end=\"1228\">\n<thead data-start=\"235\" data-end=\"305\">\n<tr data-start=\"235\" data-end=\"305\">\n<th data-start=\"235\" data-end=\"262\"><strong data-start=\"237\" data-end=\"250\">Parametri<\/strong><\/th>\n<th data-start=\"262\" data-end=\"305\"><strong data-start=\"264\" data-end=\"275\">Yksityiskohdat<\/strong><\/th>\n<\/tr>\n<\/thead>\n<tbody data-start=\"377\" data-end=\"1228\">\n<tr data-start=\"377\" data-end=\"447\">\n<td><strong data-start=\"379\" data-end=\"388\">Malli<\/strong><\/td>\n<td>MG-SN037<\/td>\n<\/tr>\n<tr data-start=\"448\" data-end=\"518\">\n<td><strong data-start=\"450\" data-end=\"461\">Teho<\/strong><\/td>\n<td>3W<\/td>\n<\/tr>\n<tr data-start=\"519\" data-end=\"589\">\n<td><strong data-start=\"521\" data-end=\"533\">LED-tyyppi<\/strong><\/td>\n<td>COB LED<\/td>\n<\/tr>\n<tr data-start=\"590\" data-end=\"660\">\n<td><strong data-start=\"592\" data-end=\"613\"><strong><a href=\"https:\/\/ledsteplight.com\/fi\/dm36b-pro-honeycomb-anti-glare-led-in-ground-light-ip67-24v-dc\/\" class=\"waam-auto-link\" title=\"V\u00e4ril\u00e4mp\u00f6tila\">V\u00e4ril\u00e4mp\u00f6tila<\/a><\/strong><\/strong><\/td>\n<td>3000K\/6000K<\/td>\n<\/tr>\n<tr data-start=\"661\" data-end=\"731\">\n<td><strong data-start=\"663\" data-end=\"684\">Suojausluokka<\/strong><\/td>\n<td><strong><a href=\"https:\/\/ledsteplight.com\/fi\/cree-bridgelux-chip-ip65-led-fixture-for-garden-facade-lighting\/\" class=\"waam-auto-link\" title=\"IP65\">IP65<\/a><\/strong><\/td>\n<\/tr>\n<tr data-start=\"732\" data-end=\"802\">\n<td><strong data-start=\"734\" data-end=\"746\">Kestoik\u00e4<\/strong><\/td>\n<td>40 000 tuntia<\/td>\n<\/tr>\n<tr data-start=\"803\" data-end=\"873\">\n<td><strong data-start=\"805\" data-end=\"817\">Materiaali<\/strong><\/td>\n<td>Valualumiini<\/td>\n<\/tr>\n<tr data-start=\"874\" data-end=\"944\">\n<td><strong data-start=\"876\" data-end=\"888\">Takuu<\/strong><\/td>\n<td>3 vuotta<\/td>\n<\/tr>\n<tr data-start=\"945\" data-end=\"1015\">\n<td><strong data-start=\"947\" data-end=\"961\">S\u00e4teen kulma<\/strong><\/td>\n<td>120\u00b0<\/td>\n<\/tr>\n<tr data-start=\"1016\" data-end=\"1086\">\n<td><strong data-start=\"1018\" data-end=\"1029\">J\u00e4nnite<\/strong><\/td>\n<td>AC85-265V<\/td>\n<\/tr>\n<tr data-start=\"1087\" data-end=\"1157\">\n<td><strong data-start=\"1089\" data-end=\"1105\">Asennus<\/strong><\/td>\n<td>Upotettu tai pinta-asennus<\/td>\n<\/tr>\n<tr data-start=\"1158\" data-end=\"1228\">\n<td><strong data-start=\"1160\" data-end=\"1178\">Sertifikaatit<\/strong><\/td>\n<td>CE, RoHS<\/td>\n<\/tr>\n<\/tbody>\n<\/table>\n<hr data-start=\"1230\" data-end=\"1233\" \/>\n<p data-path-to-node=\"13\"><b data-path-to-node=\"13\" data-index-in-node=\"4\">SN037 <strong><a href=\"https:\/\/ledsteplight.com\/fi\/mg-gyd025-3w-led-ground-light-ip65-motion-sensor-garden-lamp\/\" class=\"waam-auto-link\" title=\"3W LED-pohjavalaisin\">3W LED-pohjavalaisin<\/a><\/strong><\/b> on korkeasuorituskyvyn ratkaisu <b data-path-to-node=\"13\" data-index-in-node=\"65\"><strong><a href=\"https:\/\/ledsteplight.com\/fi\/wholesale-3w-cob-led-in-ground-light-ac85-265v-aluminum-pathway-light\/\" class=\"waam-auto-link\" title=\"ulkotason maavalaisuun\">ulkotason maavalaisuun<\/a><\/strong><\/b>. Suunniteltu kest\u00e4v\u00e4st\u00e4 valuraudasta valmistetulla rungolla ja <b data-path-to-node=\"13\" data-index-in-node=\"144\">IP65 vedenpit\u00e4v\u00e4<\/b> arvostelulla, t\u00e4m\u00e4 valaisin on t\u00e4ydellinen ajoteiden, puutarhapolkujen ja arkkitehtonisten ominaisuuksien valaisemiseen ammattimaisesti <b data-path-to-node=\"13\" data-index-in-node=\"279\"><strong><a href=\"https:\/\/ledsteplight.com\/fi\/design-trends\/\" class=\"waam-auto-link\" title=\"uplight\">uplight<\/a><\/strong> <strong><a href=\"https:\/\/ledsteplight.com\/fi\/mistakes-to-avoid-when-installing-in-ground-driveway-lights\/\" class=\"waam-auto-link\" title=\"maisemavalaisimet\">maisemavalaisimet<\/a><\/strong><\/b>.<\/p>\n<p data-path-to-node=\"15,3,0\">","protected":false},"excerpt":{"rendered":"<p data-start=\"4631\" data-end=\"5090\">Kauppa SN037 3W LED maanalaiset valot. IP65-vesitiivis ja kest\u00e4v\u00e4 ajoteille tai maisemareittien valaistukseen. 3 vuoden takuu. Ihanteellinen upotettuun tai pinta-asennukseen.<\/p>","protected":false},"featured_media":37169,"comment_status":"open","ping_status":"closed","template":"","meta":[],"product_brand":[],"product_cat":[100,426,427,428,439,429,440,430,441,431,442,443,432,433,444,112,445,446,434,435,436,437],"product_tag":[82,103,76,77,113,78,83],"class_list":{"0":"post-37971","1":"product","2":"type-product","3":"status-publish","4":"has-post-thumbnail","6":"product_cat-aluminum-ground-light","7":"product_cat-ceiling-recessed","8":"product_cat-ceiling-surface","9":"product_cat-ceiling-suspended","10":"product_cat-commercial","11":"product_cat-drivers","12":"product_cat-education","13":"product_cat-freestanding-light","14":"product_cat-hospitality","15":"product_cat-industrial","16":"product_cat-infrastructure","17":"product_cat-landscape","18":"product_cat-landscaping","19":"product_cat-linear","20":"product_cat-office","21":"product_cat-outdoor-ground-light","22":"product_cat-residential","23":"product_cat-retail","24":"product_cat-table-lamp","25":"product_cat-track","26":"product_cat-wall-recessed","27":"product_cat-wall-surface","28":"product_tag-3w-led","29":"product_tag-aluminum-ground-light","30":"product_tag-aluminum-housing","31":"product_tag-ground-light","32":"product_tag-outdoor-ground-light","33":"product_tag-outdoor-lighting","34":"product_tag-waterproof-fixture","36":"first","37":"instock","38":"shipping-taxable","39":"product-type-simple"},"_links":{"self":[{"href":"https:\/\/ledsteplight.com\/fi\/wp-json\/wp\/v2\/product\/37971","targetHints":{"allow":["GET"]}}],"collection":[{"href":"https:\/\/ledsteplight.com\/fi\/wp-json\/wp\/v2\/product"}],"about":[{"href":"https:\/\/ledsteplight.com\/fi\/wp-json\/wp\/v2\/types\/product"}],"replies":[{"embeddable":true,"href":"https:\/\/ledsteplight.com\/fi\/wp-json\/wp\/v2\/comments?post=37971"}],"version-history":[{"count":3,"href":"https:\/\/ledsteplight.com\/fi\/wp-json\/wp\/v2\/product\/37971\/revisions"}],"predecessor-version":[{"id":38708,"href":"https:\/\/ledsteplight.com\/fi\/wp-json\/wp\/v2\/product\/37971\/revisions\/38708"}],"wp:featuredmedia":[{"embeddable":true,"href":"https:\/\/ledsteplight.com\/fi\/wp-json\/wp\/v2\/media\/37169"}],"wp:attachment":[{"href":"https:\/\/ledsteplight.com\/fi\/wp-json\/wp\/v2\/media?parent=37971"}],"wp:term":[{"taxonomy":"product_brand","embeddable":true,"href":"https:\/\/ledsteplight.com\/fi\/wp-json\/wp\/v2\/product_brand?post=37971"},{"taxonomy":"product_cat","embeddable":true,"href":"https:\/\/ledsteplight.com\/fi\/wp-json\/wp\/v2\/product_cat?post=37971"},{"taxonomy":"product_tag","embeddable":true,"href":"https:\/\/ledsteplight.com\/fi\/wp-json\/wp\/v2\/product_tag?post=37971"}],"curies":[{"name":"wp","href":"https:\/\/api.w.org\/{rel}","templated":true}]}}