{"id":37974,"date":"2025-09-08T13:04:10","date_gmt":"2025-09-08T13:04:10","guid":{"rendered":"https:\/\/ledsteplight.com\/import-placeholder-for-37088\/"},"modified":"2025-12-15T09:28:45","modified_gmt":"2025-12-15T09:28:45","slug":"outdoor-3w-cob-well-light-ip65-die-cast-aluminum-landscape-lighting-fixture","status":"publish","type":"product","link":"https:\/\/ledsteplight.com\/fi\/outdoor-3w-cob-well-light-ip65-die-cast-aluminum-landscape-lighting-fixture\/","title":{"rendered":"Ulkok\u00e4ytt\u00f6\u00f6n 3W COB kaivon valo IP65 | Valumuotin muotoiltu alumiininen maisemavalaisin"},"content":{"rendered":"<h3 data-start=\"120\" data-end=\"155\"><strong data-start=\"124\" data-end=\"155\">Tuotteen tekninen taulukko<\/strong><\/h3>\n<table data-start=\"157\" data-end=\"1345\">\n<thead data-start=\"157\" data-end=\"228\">\n<tr data-start=\"157\" data-end=\"228\">\n<th data-start=\"157\" data-end=\"179\"><strong data-start=\"159\" data-end=\"176\">M\u00e4\u00e4ritys<\/strong><\/th>\n<th data-start=\"179\" data-end=\"228\">**Tiedot<\/th>\n<\/tr>\n<\/thead>\n<tbody data-start=\"303\" data-end=\"1345\">\n<tr data-start=\"303\" data-end=\"376\">\n<td><strong data-start=\"305\" data-end=\"314\">Malli<\/strong><\/td>\n<td>MG-SN030<\/td>\n<\/tr>\n<tr data-start=\"377\" data-end=\"449\">\n<td><strong data-start=\"379\" data-end=\"391\">LED-tyyppi<\/strong><\/td>\n<td>3W COB LED<\/td>\n<\/tr>\n<tr data-start=\"450\" data-end=\"524\">\n<td><strong data-start=\"452\" data-end=\"463\">J\u00e4nnite<\/strong><\/td>\n<td>85-265V<\/td>\n<\/tr>\n<tr data-start=\"525\" data-end=\"599\">\n<td><strong data-start=\"527\" data-end=\"548\"><strong><a href=\"https:\/\/ledsteplight.com\/fi\/dm36b-pro-honeycomb-anti-glare-led-in-ground-light-ip67-24v-dc\/\" class=\"waam-auto-link\" title=\"V\u00e4ril\u00e4mp\u00f6tila\">V\u00e4ril\u00e4mp\u00f6tila<\/a><\/strong><\/strong><\/td>\n<td>3000K \/ 6000K<\/td>\n<\/tr>\n<tr data-start=\"600\" data-end=\"674\">\n<td><strong data-start=\"602\" data-end=\"615\">IP-luokitus<\/strong><\/td>\n<td><strong><a href=\"https:\/\/ledsteplight.com\/fi\/cree-bridgelux-chip-ip65-led-fixture-for-garden-facade-lighting\/\" class=\"waam-auto-link\" title=\"IP65\">IP65<\/a><\/strong><\/td>\n<\/tr>\n<tr data-start=\"675\" data-end=\"749\">\n<td><strong data-start=\"677\" data-end=\"694\">Luminanssi<\/strong><\/td>\n<td>(Valinnainen)<\/td>\n<\/tr>\n<tr data-start=\"750\" data-end=\"824\">\n<td><strong data-start=\"752\" data-end=\"761\">Teho<\/strong><\/td>\n<td>3W<\/td>\n<\/tr>\n<tr data-start=\"825\" data-end=\"899\">\n<td><strong data-start=\"827\" data-end=\"839\">Kestoik\u00e4<\/strong><\/td>\n<td>40 000 tuntia<\/td>\n<\/tr>\n<tr data-start=\"900\" data-end=\"972\">\n<td><strong data-start=\"902\" data-end=\"918\">Asennus<\/strong><\/td>\n<td>Pinta-asennus tai <strong><a href=\"https:\/\/ledsteplight.com\/fi\/5w-led-in-ground-lights-ip65-waterproof-outdoor-driveway-garden-floor-lighting\/\" class=\"waam-auto-link\" title=\"upotettu asennus\">upotettu asennus<\/a><\/strong><\/td>\n<\/tr>\n<tr data-start=\"973\" data-end=\"1046\">\n<td><strong data-start=\"975\" data-end=\"987\">Materiaali<\/strong><\/td>\n<td>Valurautapuhallettu<\/td>\n<\/tr>\n<tr data-start=\"1047\" data-end=\"1121\">\n<td><strong data-start=\"1049\" data-end=\"1063\">Mitat<\/strong><\/td>\n<td>(Valinnainen)<\/td>\n<\/tr>\n<tr data-start=\"1122\" data-end=\"1196\">\n<td><strong data-start=\"1124\" data-end=\"1136\">Takuu<\/strong><\/td>\n<td>3 vuotta<\/td>\n<\/tr>\n<tr data-start=\"1197\" data-end=\"1271\">\n<td><strong data-start=\"1199\" data-end=\"1209\">Paino<\/strong><\/td>\n<td>(Valinnainen)<\/td>\n<\/tr>\n<tr data-start=\"1272\" data-end=\"1345\">\n<td><strong data-start=\"1274\" data-end=\"1289\">Ymp\u00e4rist\u00f6<\/strong><\/td>\n<td>Ulkoinen \/ Kostea ymp\u00e4rist\u00f6<\/td>\n<\/tr>\n<\/tbody>\n<\/table>\n<p>&nbsp;<\/p>\n<ul data-path-to-node=\"15\">\n<li>\n<p data-path-to-node=\"15,0,0\"><b>Tarkkuus COB -tekniikka:<\/b> Ominaisuutena korkealaatuinen <b>3W COB LED -sirukko<\/b> joka tarjoaa tasaisen, yhten\u00e4isen s\u00e4teen ilman h\u00e4ik\u00e4isy\u00e4, joka liittyy usein perinteisiin lamppuihin. Saatavilla <b>3000K l\u00e4mmin valkoinen<\/b> miellytt\u00e4v\u00e4\u00e4n tunnelmaan tai <b>6000K viile\u00e4 valkoinen<\/b> selkeytt\u00e4 varten.<\/p>\n<\/li>\n<li>\n<p data-path-to-node=\"15,1,0\"><b>IP65-s\u00e4\u00e4nkest\u00e4vyysluokitus:<\/b> Rakennettu kest\u00e4m\u00e4\u00e4n sadetta, lunta ja kasteluk\u00e4rryj\u00e4. Tiiviisti suljettu kotelo est\u00e4\u00e4 kosteuden p\u00e4\u00e4syn sis\u00e4\u00e4n, mik\u00e4 tekee siit\u00e4 luotettavan valinnan <b>kostea ulkotila<\/b>.<\/p>\n<\/li>\n<li>\n<p data-path-to-node=\"15,2,0\"><b>Helppo asennus (85-265V):<\/b> Suunniteltu sis\u00e4isen ajurin kanssa, joka hyv\u00e4ksyy <b>AC 85-265V<\/b>, poistaen tarpeen suurille ulkoisille muuntajille. Sopii sek\u00e4 <b>upotettuun (uppoasennus)<\/b> ja <b>pintamonttaukseen<\/b> sovelluksiin.<\/p>\n<\/li>\n<li>\n<p data-path-to-node=\"15,3,0\"><b>Raskas rakennustarvike:<\/b> Kest\u00e4v\u00e4 <b>painevaletusta alumiinirungosta<\/b> on ruostetta ja korroosiota vastaan, tarjoten pitk\u00e4n k\u00e4ytt\u00f6i\u00e4n yli <b>40 000 tuntia<\/b>. Takuuna luotettava <b>3 vuoden takuun<\/b>.<\/p>\n<\/li>\n<\/ul>\n<p>&nbsp;<\/p>","protected":false},"excerpt":{"rendered":"<p>MG-SN030 on monipuolinen 3W COB LED hautautuvalaisin, joka on suunniteltu sulautumaan saumattomasti moderneihin maisemaprojekteihin. Olipa kyseess\u00e4 puiset terassit, kivipolut tai puutarhan reunukset, t\u00e4m\u00e4 valaisin tarjoaa tehokkaan valaistuksen v\u00e4h\u00e4isell\u00e4 tilantarpeella. Sen valumuottipuhallettu alumiinikotelo tarjoaa erinomaisen l\u00e4mm\u00f6nhallinnan, varmistaen vakaan suorituskyvyn kaikissa s\u00e4\u00e4olosuhteissa.<\/p>","protected":false},"featured_media":37184,"comment_status":"open","ping_status":"closed","template":"","meta":[],"product_brand":[],"product_cat":[99,86,100,426,427,428,71,439,429,440,430,441,431,442,443,432,433,444,445,446,434,435,436,437],"product_tag":[102,82,103,76,75,77,83],"class_list":{"0":"post-37974","1":"product","2":"type-product","3":"status-publish","4":"has-post-thumbnail","6":"product_cat-039-series","7":"product_cat-3w-power","8":"product_cat-aluminum-ground-light","9":"product_cat-ceiling-recessed","10":"product_cat-ceiling-surface","11":"product_cat-ceiling-suspended","12":"product_cat-cob","13":"product_cat-commercial","14":"product_cat-drivers","15":"product_cat-education","16":"product_cat-freestanding-light","17":"product_cat-hospitality","18":"product_cat-industrial","19":"product_cat-infrastructure","20":"product_cat-landscape","21":"product_cat-landscaping","22":"product_cat-linear","23":"product_cat-office","24":"product_cat-residential","25":"product_cat-retail","26":"product_cat-table-lamp","27":"product_cat-track","28":"product_cat-wall-recessed","29":"product_cat-wall-surface","30":"product_tag-039-series","31":"product_tag-3w-led","32":"product_tag-aluminum-ground-light","33":"product_tag-aluminum-housing","34":"product_tag-cob-light","35":"product_tag-ground-light","36":"product_tag-waterproof-fixture","38":"first","39":"instock","40":"shipping-taxable","41":"product-type-simple"},"_links":{"self":[{"href":"https:\/\/ledsteplight.com\/fi\/wp-json\/wp\/v2\/product\/37974","targetHints":{"allow":["GET"]}}],"collection":[{"href":"https:\/\/ledsteplight.com\/fi\/wp-json\/wp\/v2\/product"}],"about":[{"href":"https:\/\/ledsteplight.com\/fi\/wp-json\/wp\/v2\/types\/product"}],"replies":[{"embeddable":true,"href":"https:\/\/ledsteplight.com\/fi\/wp-json\/wp\/v2\/comments?post=37974"}],"version-history":[{"count":3,"href":"https:\/\/ledsteplight.com\/fi\/wp-json\/wp\/v2\/product\/37974\/revisions"}],"predecessor-version":[{"id":38679,"href":"https:\/\/ledsteplight.com\/fi\/wp-json\/wp\/v2\/product\/37974\/revisions\/38679"}],"wp:featuredmedia":[{"embeddable":true,"href":"https:\/\/ledsteplight.com\/fi\/wp-json\/wp\/v2\/media\/37184"}],"wp:attachment":[{"href":"https:\/\/ledsteplight.com\/fi\/wp-json\/wp\/v2\/media?parent=37974"}],"wp:term":[{"taxonomy":"product_brand","embeddable":true,"href":"https:\/\/ledsteplight.com\/fi\/wp-json\/wp\/v2\/product_brand?post=37974"},{"taxonomy":"product_cat","embeddable":true,"href":"https:\/\/ledsteplight.com\/fi\/wp-json\/wp\/v2\/product_cat?post=37974"},{"taxonomy":"product_tag","embeddable":true,"href":"https:\/\/ledsteplight.com\/fi\/wp-json\/wp\/v2\/product_tag?post=37974"}],"curies":[{"name":"wp","href":"https:\/\/api.w.org\/{rel}","templated":true}]}}