{"id":37976,"date":"2025-09-08T13:04:10","date_gmt":"2025-09-08T13:04:10","guid":{"rendered":"https:\/\/ledsteplight.com\/import-placeholder-for-37090\/"},"modified":"2025-12-16T05:29:22","modified_gmt":"2025-12-16T05:29:22","slug":"mg-sn015-48-3w-cct-adjustable-led-ground-light-3-in-1-color-temp-warm-cool-daylight-ip65","status":"publish","type":"product","link":"https:\/\/ledsteplight.com\/fi\/mg-sn015-48-3w-cct-adjustable-led-ground-light-3-in-1-color-temp-warm-cool-daylight-ip65\/","title":{"rendered":"MG-SN015-48 3W CCT s\u00e4\u00e4dett\u00e4v\u00e4 LED maavalaisin | 3-in-1 v\u00e4ril\u00e4mp\u00f6tila (L\u00e4mmin\/Kylm\u00e4\/P\u00e4iv\u00e4nvalo) IP65"},"content":{"rendered":"<table data-start=\"230\" data-end=\"1294\">\n<thead data-start=\"230\" data-end=\"300\">\n<tr data-start=\"230\" data-end=\"300\">\n<th data-start=\"230\" data-end=\"257\"><strong data-start=\"232\" data-end=\"245\">Parametri<\/strong><\/th>\n<th data-start=\"257\" data-end=\"300\"><strong data-start=\"259\" data-end=\"270\">Yksityiskohdat<\/strong><\/th>\n<\/tr>\n<\/thead>\n<tbody data-start=\"372\" data-end=\"1294\">\n<tr data-start=\"372\" data-end=\"442\">\n<td><strong data-start=\"374\" data-end=\"383\">Malli<\/strong><\/td>\n<td>MG-SN015-48<\/td>\n<\/tr>\n<tr data-start=\"443\" data-end=\"513\">\n<td><strong data-start=\"445\" data-end=\"456\">Teho<\/strong><\/td>\n<td>3W<\/td>\n<\/tr>\n<tr data-start=\"514\" data-end=\"584\">\n<td><strong data-start=\"516\" data-end=\"537\"><strong><a href=\"https:\/\/ledsteplight.com\/fi\/dm36b-pro-honeycomb-anti-glare-led-in-ground-light-ip67-24v-dc\/\" class=\"waam-auto-link\" title=\"V\u00e4ril\u00e4mp\u00f6tila\">V\u00e4ril\u00e4mp\u00f6tila<\/a><\/strong><\/strong><\/td>\n<td>S\u00e4\u00e4dett\u00e4v\u00e4<\/td>\n<\/tr>\n<tr data-start=\"585\" data-end=\"655\">\n<td><strong data-start=\"587\" data-end=\"608\">Suojausluokka<\/strong><\/td>\n<td><strong><a href=\"https:\/\/ledsteplight.com\/fi\/cree-bridgelux-chip-ip65-led-fixture-for-garden-facade-lighting\/\" class=\"waam-auto-link\" title=\"IP65\">IP65<\/a><\/strong><\/td>\n<\/tr>\n<tr data-start=\"656\" data-end=\"726\">\n<td><strong data-start=\"658\" data-end=\"670\">Kestoik\u00e4<\/strong><\/td>\n<td>40 000 tuntia<\/td>\n<\/tr>\n<tr data-start=\"727\" data-end=\"797\">\n<td><strong data-start=\"729\" data-end=\"741\">Materiaali<\/strong><\/td>\n<td>Alumiini<\/td>\n<\/tr>\n<tr data-start=\"798\" data-end=\"868\">\n<td><strong data-start=\"800\" data-end=\"812\">Takuu<\/strong><\/td>\n<td>3 vuotta<\/td>\n<\/tr>\n<tr data-start=\"869\" data-end=\"939\">\n<td><strong data-start=\"871\" data-end=\"885\">S\u00e4teen kulma<\/strong><\/td>\n<td>120\u00b0<\/td>\n<\/tr>\n<tr data-start=\"940\" data-end=\"1010\">\n<td><strong data-start=\"942\" data-end=\"953\">J\u00e4nnite<\/strong><\/td>\n<td>AC85-265V<\/td>\n<\/tr>\n<tr data-start=\"1011\" data-end=\"1081\">\n<td><strong data-start=\"1013\" data-end=\"1025\">LED-tyyppi<\/strong><\/td>\n<td>COB LED<\/td>\n<\/tr>\n<tr data-start=\"1082\" data-end=\"1152\">\n<td><strong data-start=\"1084\" data-end=\"1104\">Himmennystoiminto<\/strong><\/td>\n<td>No<\/td>\n<\/tr>\n<tr data-start=\"1153\" data-end=\"1223\">\n<td><strong data-start=\"1155\" data-end=\"1173\">Sertifikaatit<\/strong><\/td>\n<td>CE, RoHS<\/td>\n<\/tr>\n<tr data-start=\"1224\" data-end=\"1294\">\n<td><strong data-start=\"1226\" data-end=\"1242\">Asennus<\/strong><\/td>\n<td>Upotettu tai pinta-asennus<\/td>\n<\/tr>\n<\/tbody>\n<\/table>\n<p>Yksinkertaista valaistusprojektisi monipuolisella <b>MG-SN015-48 3W CCT S\u00e4\u00e4dett\u00e4v\u00e4 <strong><a href=\"https:\/\/ledsteplight.com\/fi\/heavy-duty-5w-led-driveway-light-waterproof-ip65-garden\/\" class=\"waam-auto-link\" title=\"LED-maadoitusvalo\">LED-maadoitusvalo<\/a><\/strong><\/b>. Toisin kuin perinteiset valaisimet, joissa v\u00e4rit ovat kiinteit\u00e4, t\u00e4m\u00e4 \u00e4lyk\u00e4s maisemavalaisin antaa sinun valita t\u00e4ydellinen v\u00e4ril\u00e4mp\u00f6tila sopimaan arkkitehtuuriisi. Yhdistettyn\u00e4 <b>laajaan 120\u00b0 s\u00e4teen kulmaan<\/b>, se on t\u00e4ydellinen ratkaisu seinien valaisuun, laajojen polkujen valaisuun ja puutarhan tekstuurien korostamiseen.<\/p>","protected":false},"excerpt":{"rendered":"<p data-start=\"4885\" data-end=\"5181\">Yksi valo, useita v\u00e4rej\u00e4. MG-SN015-48 on 3W CCT-s\u00e4\u00e4dett\u00e4v\u00e4 LED-pohjavalaisin (3000K\/4000K\/6000K). Varustettu laajalla 120\u00b0 s\u00e4teen kulmalla tulva-valaistukseen, IP65-vesipit\u00e4vyysluokituksella ja AC85-265V-sy\u00f6tteell\u00e4. Ihanteellinen varastotilauksien v\u00e4hent\u00e4miseen. 3 vuoden takuu<\/p>","protected":false},"featured_media":37187,"comment_status":"open","ping_status":"closed","template":"","meta":[],"product_brand":[],"product_cat":[105,100,426,427,428,439,429,440,430,441,431,442,443,432,433,444,445,446,434,435,436,437],"product_tag":[107,82,103,76,77,83],"class_list":{"0":"post-37976","1":"product","2":"type-product","3":"status-publish","4":"has-post-thumbnail","6":"product_cat-015-series","7":"product_cat-aluminum-ground-light","8":"product_cat-ceiling-recessed","9":"product_cat-ceiling-surface","10":"product_cat-ceiling-suspended","11":"product_cat-commercial","12":"product_cat-drivers","13":"product_cat-education","14":"product_cat-freestanding-light","15":"product_cat-hospitality","16":"product_cat-industrial","17":"product_cat-infrastructure","18":"product_cat-landscape","19":"product_cat-landscaping","20":"product_cat-linear","21":"product_cat-office","22":"product_cat-residential","23":"product_cat-retail","24":"product_cat-table-lamp","25":"product_cat-track","26":"product_cat-wall-recessed","27":"product_cat-wall-surface","28":"product_tag-015-series","29":"product_tag-3w-led","30":"product_tag-aluminum-ground-light","31":"product_tag-aluminum-housing","32":"product_tag-ground-light","33":"product_tag-waterproof-fixture","35":"first","36":"instock","37":"shipping-taxable","38":"product-type-simple"},"_links":{"self":[{"href":"https:\/\/ledsteplight.com\/fi\/wp-json\/wp\/v2\/product\/37976","targetHints":{"allow":["GET"]}}],"collection":[{"href":"https:\/\/ledsteplight.com\/fi\/wp-json\/wp\/v2\/product"}],"about":[{"href":"https:\/\/ledsteplight.com\/fi\/wp-json\/wp\/v2\/types\/product"}],"replies":[{"embeddable":true,"href":"https:\/\/ledsteplight.com\/fi\/wp-json\/wp\/v2\/comments?post=37976"}],"version-history":[{"count":4,"href":"https:\/\/ledsteplight.com\/fi\/wp-json\/wp\/v2\/product\/37976\/revisions"}],"predecessor-version":[{"id":38683,"href":"https:\/\/ledsteplight.com\/fi\/wp-json\/wp\/v2\/product\/37976\/revisions\/38683"}],"wp:featuredmedia":[{"embeddable":true,"href":"https:\/\/ledsteplight.com\/fi\/wp-json\/wp\/v2\/media\/37187"}],"wp:attachment":[{"href":"https:\/\/ledsteplight.com\/fi\/wp-json\/wp\/v2\/media?parent=37976"}],"wp:term":[{"taxonomy":"product_brand","embeddable":true,"href":"https:\/\/ledsteplight.com\/fi\/wp-json\/wp\/v2\/product_brand?post=37976"},{"taxonomy":"product_cat","embeddable":true,"href":"https:\/\/ledsteplight.com\/fi\/wp-json\/wp\/v2\/product_cat?post=37976"},{"taxonomy":"product_tag","embeddable":true,"href":"https:\/\/ledsteplight.com\/fi\/wp-json\/wp\/v2\/product_tag?post=37976"}],"curies":[{"name":"wp","href":"https:\/\/api.w.org\/{rel}","templated":true}]}}