{"id":37977,"date":"2025-09-08T13:04:10","date_gmt":"2025-09-08T13:04:10","guid":{"rendered":"https:\/\/ledsteplight.com\/import-placeholder-for-37091\/"},"modified":"2025-12-18T04:32:28","modified_gmt":"2025-12-18T04:32:28","slug":"wholesale-3w-cob-led-in-ground-light-ac85-265v-aluminum-pathway-light","status":"publish","type":"product","link":"https:\/\/ledsteplight.com\/fi\/wholesale-3w-cob-led-in-ground-light-ac85-265v-aluminum-pathway-light\/","title":{"rendered":"Tukkumyynti 3W COB LED maanalainen valo | AC85-265V alumiininen polkuvalo"},"content":{"rendered":"<table style=\"font-family: var(--global-body-font-family);font-size: 17px;font-weight: 400\" data-start=\"224\" data-end=\"1288\">\n<thead data-start=\"224\" data-end=\"294\">\n<tr data-start=\"224\" data-end=\"294\">\n<th data-start=\"224\" data-end=\"251\"><strong data-start=\"226\" data-end=\"239\">Parametri<\/strong><\/th>\n<th data-start=\"251\" data-end=\"294\"><strong data-start=\"253\" data-end=\"264\">Yksityiskohdat<\/strong><\/th>\n<\/tr>\n<\/thead>\n<tbody data-start=\"366\" data-end=\"1288\">\n<tr data-start=\"366\" data-end=\"436\">\n<td><strong data-start=\"368\" data-end=\"377\">Malli<\/strong><\/td>\n<td>MG-BD012<\/td>\n<\/tr>\n<tr data-start=\"437\" data-end=\"507\">\n<td><strong data-start=\"439\" data-end=\"450\">Teho<\/strong><\/td>\n<td>3W<\/td>\n<\/tr>\n<tr data-start=\"508\" data-end=\"578\">\n<td><strong data-start=\"510\" data-end=\"531\"><strong><a href=\"https:\/\/ledsteplight.com\/fi\/dm36b-pro-honeycomb-anti-glare-led-in-ground-light-ip67-24v-dc\/\" class=\"waam-auto-link\" title=\"V\u00e4ril\u00e4mp\u00f6tila\">V\u00e4ril\u00e4mp\u00f6tila<\/a><\/strong><\/strong><\/td>\n<td>S\u00e4\u00e4dett\u00e4v\u00e4<\/td>\n<\/tr>\n<tr data-start=\"579\" data-end=\"649\">\n<td><strong data-start=\"581\" data-end=\"602\">Suojausluokka<\/strong><\/td>\n<td>IP65<\/td>\n<\/tr>\n<tr data-start=\"650\" data-end=\"720\">\n<td><strong data-start=\"652\" data-end=\"664\">Kestoik\u00e4<\/strong><\/td>\n<td>40 000 tuntia<\/td>\n<\/tr>\n<tr data-start=\"721\" data-end=\"791\">\n<td><strong data-start=\"723\" data-end=\"735\">Materiaali<\/strong><\/td>\n<td>Alumiini<\/td>\n<\/tr>\n<tr data-start=\"792\" data-end=\"862\">\n<td><strong data-start=\"794\" data-end=\"806\">Takuu<\/strong><\/td>\n<td>3 vuotta<\/td>\n<\/tr>\n<tr data-start=\"863\" data-end=\"933\">\n<td><strong data-start=\"865\" data-end=\"879\">S\u00e4teen kulma<\/strong><\/td>\n<td>120\u00b0<\/td>\n<\/tr>\n<tr data-start=\"934\" data-end=\"1004\">\n<td><strong data-start=\"936\" data-end=\"947\">J\u00e4nnite<\/strong><\/td>\n<td>AC85-265V<\/td>\n<\/tr>\n<tr data-start=\"1005\" data-end=\"1075\">\n<td><strong data-start=\"1007\" data-end=\"1019\">LED-tyyppi<\/strong><\/td>\n<td>COB LED<\/td>\n<\/tr>\n<tr data-start=\"1076\" data-end=\"1146\">\n<td><strong data-start=\"1078\" data-end=\"1098\">Himmennystoiminto<\/strong><\/td>\n<td>No<\/td>\n<\/tr>\n<tr data-start=\"1147\" data-end=\"1217\">\n<td><strong data-start=\"1149\" data-end=\"1167\">Sertifikaatit<\/strong><\/td>\n<td>CE, RoHS<\/td>\n<\/tr>\n<tr data-start=\"1218\" data-end=\"1288\">\n<td><strong data-start=\"1220\" data-end=\"1236\">Asennus<\/strong><\/td>\n<td>Upotettu tai pinta-asennus<\/td>\n<\/tr>\n<\/tbody>\n<\/table>\n<p data-start=\"4772\" data-end=\"5192\"><strong data-start=\"4776\" data-end=\"4808\">MG-BD012 3W <strong><a href=\"https:\/\/ledsteplight.com\/fi\/wholesale-1w-3w-surface-mount-led-ground-light-ip65-304-stainless-steel\/\" class=\"waam-auto-link\" title=\"LED-maadoitusvalo\">LED-maadoitusvalo<\/a><\/strong><\/strong> on ihanteellinen ratkaisu sek\u00e4 asuin- ett\u00e4 <strong><a href=\"https:\/\/ledsteplight.com\/fi\/future-proof-your-garden-the-best-outdoor-floor-lights-and-trends-for-2026\/\" class=\"waam-auto-link\" title=\"liike- ja ulkovalaistuksen tarpeisiin. Sen kanssa\">liike- ja ulkovalaistuksen tarpeisiin. Sen kanssa<\/a><\/strong> sen kanssa <strong data-start=\"4899\" data-end=\"4931\">s\u00e4\u00e4dett\u00e4v\u00e4 v\u00e4ril\u00e4mp\u00f6tila<\/strong>, voit r\u00e4\u00e4t\u00e4l\u00f6id\u00e4 valaistuksen mieltymystesi mukaan, halusitpa l\u00e4mpim\u00e4n, kutsuvan hehkun tai viile\u00e4n, kirkkaan s\u00e4teen. Sen <strong data-start=\"5054\" data-end=\"5080\">IP65-vesipilarisuojaus<\/strong> varmistaa, ett\u00e4 valo kest\u00e4\u00e4 erilaisia ulko-olosuhteita, mik\u00e4 tekee siit\u00e4 sopivan k\u00e4ytett\u00e4v\u00e4ksi sateessa, lumessa ja p\u00f6lyss\u00e4.<\/p>\n<p data-start=\"5194\" data-end=\"5587\">T\u00e4m\u00e4 energiatehokas <strong data-start=\"5216\" data-end=\"5226\">3W LED<\/strong> tarjoaa kirkkaan valon samalla kun kuluttaa v\u00e4h\u00e4n energiaa, auttaen s\u00e4\u00e4st\u00e4m\u00e4\u00e4n energiakustannuksissa. Sen <strong data-start=\"5324\" data-end=\"5348\">40 000 tunnin k\u00e4ytt\u00f6i\u00e4ll\u00e4<\/strong>, valo kest\u00e4\u00e4 vuosia, v\u00e4hent\u00e4en tarvetta usein vaihtaa. Sen <strong data-start=\"5426\" data-end=\"5459\">kest\u00e4v\u00e4 alumiinirakenne<\/strong> tarjoaa erinomaisen korroosionkest\u00e4vyyden, varmistaen, ett\u00e4 valo kest\u00e4\u00e4 elementtej\u00e4 ja pysyy toiminnassa ajan my\u00f6t\u00e4.<\/p>\n<p data-start=\"5589\" data-end=\"5936\">Se <strong data-start=\"5593\" data-end=\"5605\">MG-BD012<\/strong> voi olla <strong data-start=\"5613\" data-end=\"5625\">upotettu<\/strong> maahan tai <strong data-start=\"5643\" data-end=\"5662\">pintaan asennettu<\/strong>, tarjoamalla joustavaa asennusta erilaisiin ulkoilmaolosuhteisiin. Olitpa valaistamassa a <strong data-start=\"5760\" data-end=\"5770\">puutarhaa<\/strong>, <strong data-start=\"5772\" data-end=\"5784\">ajotiet\u00e4<\/strong>, <strong data-start=\"5786\" data-end=\"5797\">polku<\/strong>, tai <strong data-start=\"5802\" data-end=\"5822\">liiketoimintatila<\/strong>, the <strong data-start=\"5828\" data-end=\"5847\">120\u00b0 s\u00e4teen kulma<\/strong> tarjoaa laajan ja tasaisen valaistuksen, varmistaen ett\u00e4 ulkotilasi ovat hyvin valaistuja ja turvallisia.<\/p>","protected":false},"excerpt":{"rendered":"<p data-start=\"5589\" data-end=\"5936\">L\u00f6yd\u00e4 MG-BD012 3W LED-maahanvalo. Varustettu kest\u00e4v\u00e4ll\u00e4 alumiinikehikolla, IP65-vesitiiviydell\u00e4 ja korkeatehokkaalla COB LED -teknologialla. Laaja j\u00e4nnitealue (AC85-265V) ja 3 vuoden takuu tekev\u00e4t siit\u00e4 ihanteellisen globaalien maisemointiprojektien tarpeisiin. <b>Pyyd\u00e4 erikoishinta suuresta m\u00e4\u00e4r\u00e4st\u00e4 jo t\u00e4n\u00e4\u00e4n<\/b><\/p>","protected":false},"featured_media":37188,"comment_status":"open","ping_status":"closed","template":"","meta":[],"product_brand":[],"product_cat":[100,426,427,428,439,429,440,430,73,441,431,442,443,432,433,444,445,446,434,435,128,436,437],"product_tag":[82,103,76,77,129,83],"class_list":{"0":"post-37977","1":"product","2":"type-product","3":"status-publish","4":"has-post-thumbnail","6":"product_cat-aluminum-ground-light","7":"product_cat-ceiling-recessed","8":"product_cat-ceiling-surface","9":"product_cat-ceiling-suspended","10":"product_cat-commercial","11":"product_cat-drivers","12":"product_cat-education","13":"product_cat-freestanding-light","14":"product_cat-ground-light","15":"product_cat-hospitality","16":"product_cat-industrial","17":"product_cat-infrastructure","18":"product_cat-landscape","19":"product_cat-landscaping","20":"product_cat-linear","21":"product_cat-office","22":"product_cat-residential","23":"product_cat-retail","24":"product_cat-table-lamp","25":"product_cat-track","26":"product_cat-wall-light-series","27":"product_cat-wall-recessed","28":"product_cat-wall-surface","29":"product_tag-3w-led","30":"product_tag-aluminum-ground-light","31":"product_tag-aluminum-housing","32":"product_tag-ground-light","33":"product_tag-wall-light-series","34":"product_tag-waterproof-fixture","36":"first","37":"instock","38":"featured","39":"downloadable","40":"shipping-taxable","41":"product-type-simple"},"_links":{"self":[{"href":"https:\/\/ledsteplight.com\/fi\/wp-json\/wp\/v2\/product\/37977","targetHints":{"allow":["GET"]}}],"collection":[{"href":"https:\/\/ledsteplight.com\/fi\/wp-json\/wp\/v2\/product"}],"about":[{"href":"https:\/\/ledsteplight.com\/fi\/wp-json\/wp\/v2\/types\/product"}],"replies":[{"embeddable":true,"href":"https:\/\/ledsteplight.com\/fi\/wp-json\/wp\/v2\/comments?post=37977"}],"version-history":[{"count":3,"href":"https:\/\/ledsteplight.com\/fi\/wp-json\/wp\/v2\/product\/37977\/revisions"}],"predecessor-version":[{"id":38698,"href":"https:\/\/ledsteplight.com\/fi\/wp-json\/wp\/v2\/product\/37977\/revisions\/38698"}],"wp:featuredmedia":[{"embeddable":true,"href":"https:\/\/ledsteplight.com\/fi\/wp-json\/wp\/v2\/media\/37188"}],"wp:attachment":[{"href":"https:\/\/ledsteplight.com\/fi\/wp-json\/wp\/v2\/media?parent=37977"}],"wp:term":[{"taxonomy":"product_brand","embeddable":true,"href":"https:\/\/ledsteplight.com\/fi\/wp-json\/wp\/v2\/product_brand?post=37977"},{"taxonomy":"product_cat","embeddable":true,"href":"https:\/\/ledsteplight.com\/fi\/wp-json\/wp\/v2\/product_cat?post=37977"},{"taxonomy":"product_tag","embeddable":true,"href":"https:\/\/ledsteplight.com\/fi\/wp-json\/wp\/v2\/product_tag?post=37977"}],"curies":[{"name":"wp","href":"https:\/\/api.w.org\/{rel}","templated":true}]}}