{"id":38012,"date":"2025-09-08T13:04:16","date_gmt":"2025-09-08T13:04:16","guid":{"rendered":"https:\/\/ledsteplight.com\/import-placeholder-for-37109\/"},"modified":"2025-12-12T05:30:20","modified_gmt":"2025-12-12T05:30:20","slug":"3w-cob-led-inground-light-outdoor-waterproof-ip65","status":"publish","type":"product","link":"https:\/\/ledsteplight.com\/fi\/3w-cob-led-inground-light-outdoor-waterproof-ip65\/","title":{"rendered":"3W COB LED maahan upotettava valaisin ulkok\u00e4ytt\u00f6\u00f6n vedenkest\u00e4v\u00e4 IP65"},"content":{"rendered":"<table data-start=\"158\" data-end=\"1357\">\n<thead data-start=\"158\" data-end=\"232\">\n<tr data-start=\"158\" data-end=\"232\">\n<th data-start=\"158\" data-end=\"180\"><strong data-start=\"160\" data-end=\"177\">M\u00e4\u00e4ritys<\/strong><\/th>\n<th data-start=\"180\" data-end=\"232\"><strong data-start=\"182\" data-end=\"193\">Yksityiskohdat<\/strong><\/th>\n<\/tr>\n<\/thead>\n<tbody data-start=\"308\" data-end=\"1357\">\n<tr data-start=\"308\" data-end=\"383\">\n<td><strong data-start=\"310\" data-end=\"319\">Malli<\/strong><\/td>\n<td>MG-SN015-40S<\/td>\n<\/tr>\n<tr data-start=\"384\" data-end=\"458\">\n<td><strong data-start=\"386\" data-end=\"398\">LED-tyyppi<\/strong><\/td>\n<td>3W COB LED<\/td>\n<\/tr>\n<tr data-start=\"459\" data-end=\"533\">\n<td><strong data-start=\"461\" data-end=\"472\">J\u00e4nnite<\/strong><\/td>\n<td>85-265V<\/td>\n<\/tr>\n<tr data-start=\"534\" data-end=\"608\">\n<td><strong data-start=\"536\" data-end=\"557\"><strong><a href=\"https:\/\/ledsteplight.com\/fi\/dm36b-pro-honeycomb-anti-glare-led-in-ground-light-ip67-24v-dc\/\" class=\"waam-auto-link\" title=\"V\u00e4ril\u00e4mp\u00f6tila\">V\u00e4ril\u00e4mp\u00f6tila<\/a><\/strong><\/strong><\/td>\n<td>3000K \/ 6000K<\/td>\n<\/tr>\n<tr data-start=\"609\" data-end=\"683\">\n<td><strong data-start=\"611\" data-end=\"624\">IP-luokitus<\/strong><\/td>\n<td><strong><a href=\"https:\/\/ledsteplight.com\/fi\/cree-bridgelux-chip-ip65-led-fixture-for-garden-facade-lighting\/\" class=\"waam-auto-link\" title=\"IP65\">IP65<\/a><\/strong><\/td>\n<\/tr>\n<tr data-start=\"684\" data-end=\"758\">\n<td><strong data-start=\"686\" data-end=\"703\">Luminanssi<\/strong><\/td>\n<td>(Valinnainen)<\/td>\n<\/tr>\n<tr data-start=\"759\" data-end=\"833\">\n<td><strong data-start=\"761\" data-end=\"770\">Teho<\/strong><\/td>\n<td>3W<\/td>\n<\/tr>\n<tr data-start=\"834\" data-end=\"908\">\n<td><strong data-start=\"836\" data-end=\"848\">Kestoik\u00e4<\/strong><\/td>\n<td>40 000 tuntia<\/td>\n<\/tr>\n<tr data-start=\"909\" data-end=\"982\">\n<td><strong data-start=\"911\" data-end=\"927\">Asennus<\/strong><\/td>\n<td>Pinta-asennus tai <strong><a href=\"https:\/\/ledsteplight.com\/fi\/5w-led-in-ground-lights-ip65-waterproof-outdoor-driveway-garden-floor-lighting\/\" class=\"waam-auto-link\" title=\"upotettu asennus\">upotettu asennus<\/a><\/strong><\/td>\n<\/tr>\n<tr data-start=\"983\" data-end=\"1057\">\n<td><strong data-start=\"985\" data-end=\"997\">Materiaali<\/strong><\/td>\n<td>Valurautapuhallettu<\/td>\n<\/tr>\n<tr data-start=\"1058\" data-end=\"1132\">\n<td><strong data-start=\"1060\" data-end=\"1074\">Mitat<\/strong><\/td>\n<td>(Valinnainen)<\/td>\n<\/tr>\n<tr data-start=\"1133\" data-end=\"1207\">\n<td><strong data-start=\"1135\" data-end=\"1147\">Takuu<\/strong><\/td>\n<td>3 vuotta<\/td>\n<\/tr>\n<tr data-start=\"1208\" data-end=\"1282\">\n<td><strong data-start=\"1210\" data-end=\"1220\">Paino<\/strong><\/td>\n<td>(Valinnainen)<\/td>\n<\/tr>\n<tr data-start=\"1283\" data-end=\"1357\">\n<td><strong data-start=\"1285\" data-end=\"1300\">Ymp\u00e4rist\u00f6<\/strong><\/td>\n<td>Ulkoinen \/ Kostea ymp\u00e4rist\u00f6<\/td>\n<\/tr>\n<\/tbody>\n<\/table>\n<p>Nosta ulkoiset maisemaprojektisi uudelle tasolle <b>MG-SN015-40S 3W COB <strong><a href=\"https:\/\/ledsteplight.com\/fi\/heavy-duty-5w-led-driveway-light-waterproof-ip65-garden\/\" class=\"waam-auto-link\" title=\"LED-maadoitusvalo\">LED-maadoitusvalo<\/a><\/strong><\/b>. Suunniteltu kest\u00e4vyyteen ja korkeaan suorituskykyyn, t\u00e4m\u00e4 maahan upotettava valaisin hy\u00f6dynt\u00e4\u00e4 edistynytt\u00e4 <b>COB (Chip-on-Board) -teknologiaa<\/b> tarjoten paremman kirkkauden ja tasaisemman valon verrattuna perinteisiin LED-lamppuihin. Rakennettu vahvasta <b>alumiinista valukotelosta<\/b>, se tarjoaa erinomaisen l\u00e4mm\u00f6nhukan ja korroosionkest\u00e4vyyden, tehden siit\u00e4 ihanteellisen valinnan haastaviin ulko-olosuhteisiin.<\/p>","protected":false},"excerpt":{"rendered":"<p>L\u00f6yd\u00e4 MG-SN015-40S 3W COB LED maavalaisin. Varustettu IP65-vesipistetodistuksella, kest\u00e4v\u00e4ll\u00e4 valumuotoillulla alumiinikuorella ja laajalla j\u00e4nnitealueella (85-265V). T\u00e4ydellinen ulko-olosuhteisiin, poluille, puutarhoihin ja ajoteille. 3 vuoden takuu sis\u00e4ltyy. Kysy erikoishinnoista.<\/p>","protected":false},"featured_media":37204,"comment_status":"open","ping_status":"closed","template":"","meta":[],"product_brand":[],"product_cat":[105,100,426,427,428,71,439,429,440,430,441,431,442,443,432,433,444,445,446,434,435,436,437],"product_tag":[107,82,103,76,75,77,83],"class_list":{"0":"post-38012","1":"product","2":"type-product","3":"status-publish","4":"has-post-thumbnail","6":"product_cat-015-series","7":"product_cat-aluminum-ground-light","8":"product_cat-ceiling-recessed","9":"product_cat-ceiling-surface","10":"product_cat-ceiling-suspended","11":"product_cat-cob","12":"product_cat-commercial","13":"product_cat-drivers","14":"product_cat-education","15":"product_cat-freestanding-light","16":"product_cat-hospitality","17":"product_cat-industrial","18":"product_cat-infrastructure","19":"product_cat-landscape","20":"product_cat-landscaping","21":"product_cat-linear","22":"product_cat-office","23":"product_cat-residential","24":"product_cat-retail","25":"product_cat-table-lamp","26":"product_cat-track","27":"product_cat-wall-recessed","28":"product_cat-wall-surface","29":"product_tag-015-series","30":"product_tag-3w-led","31":"product_tag-aluminum-ground-light","32":"product_tag-aluminum-housing","33":"product_tag-cob-light","34":"product_tag-ground-light","35":"product_tag-waterproof-fixture","37":"first","38":"instock","39":"shipping-taxable","40":"product-type-simple"},"_links":{"self":[{"href":"https:\/\/ledsteplight.com\/fi\/wp-json\/wp\/v2\/product\/38012","targetHints":{"allow":["GET"]}}],"collection":[{"href":"https:\/\/ledsteplight.com\/fi\/wp-json\/wp\/v2\/product"}],"about":[{"href":"https:\/\/ledsteplight.com\/fi\/wp-json\/wp\/v2\/types\/product"}],"replies":[{"embeddable":true,"href":"https:\/\/ledsteplight.com\/fi\/wp-json\/wp\/v2\/comments?post=38012"}],"version-history":[{"count":3,"href":"https:\/\/ledsteplight.com\/fi\/wp-json\/wp\/v2\/product\/38012\/revisions"}],"predecessor-version":[{"id":38654,"href":"https:\/\/ledsteplight.com\/fi\/wp-json\/wp\/v2\/product\/38012\/revisions\/38654"}],"wp:featuredmedia":[{"embeddable":true,"href":"https:\/\/ledsteplight.com\/fi\/wp-json\/wp\/v2\/media\/37204"}],"wp:attachment":[{"href":"https:\/\/ledsteplight.com\/fi\/wp-json\/wp\/v2\/media?parent=38012"}],"wp:term":[{"taxonomy":"product_brand","embeddable":true,"href":"https:\/\/ledsteplight.com\/fi\/wp-json\/wp\/v2\/product_brand?post=38012"},{"taxonomy":"product_cat","embeddable":true,"href":"https:\/\/ledsteplight.com\/fi\/wp-json\/wp\/v2\/product_cat?post=38012"},{"taxonomy":"product_tag","embeddable":true,"href":"https:\/\/ledsteplight.com\/fi\/wp-json\/wp\/v2\/product_tag?post=38012"}],"curies":[{"name":"wp","href":"https:\/\/api.w.org\/{rel}","templated":true}]}}