{"id":38013,"date":"2025-09-08T13:04:16","date_gmt":"2025-09-08T13:04:16","guid":{"rendered":"https:\/\/ledsteplight.com\/import-placeholder-for-37123\/"},"modified":"2026-01-19T02:15:17","modified_gmt":"2026-01-19T02:15:17","slug":"wb6565-5w-led-wall-light-ip65-outdoor-waterproof-lamp","status":"publish","type":"product","link":"https:\/\/ledsteplight.com\/fi\/wb6565-5w-led-wall-light-ip65-outdoor-waterproof-lamp\/","title":{"rendered":"WB6565 5W LED-sein\u00e4valo | IP65 S\u00e4\u00e4nkest\u00e4v\u00e4 ulkovalo"},"content":{"rendered":"<h3 data-start=\"121\" data-end=\"156\"><strong data-start=\"125\" data-end=\"156\">Tuotteen tekninen taulukko<\/strong><\/h3>\n<table data-start=\"158\" data-end=\"1358\">\n<thead data-start=\"158\" data-end=\"232\">\n<tr data-start=\"158\" data-end=\"232\">\n<th data-start=\"158\" data-end=\"180\"><strong data-start=\"160\" data-end=\"177\">M\u00e4\u00e4ritys<\/strong><\/th>\n<th data-start=\"180\" data-end=\"232\"><strong data-start=\"182\" data-end=\"193\">Yksityiskohdat<\/strong><\/th>\n<\/tr>\n<\/thead>\n<tbody data-start=\"308\" data-end=\"1358\">\n<tr data-start=\"308\" data-end=\"383\">\n<td><strong data-start=\"310\" data-end=\"319\">Malli<\/strong><\/td>\n<td>MG-WB6565<\/td>\n<\/tr>\n<tr data-start=\"384\" data-end=\"458\">\n<td><strong data-start=\"386\" data-end=\"398\">LED-tyyppi<\/strong><\/td>\n<td><strong><a href=\"https:\/\/ledsteplight.com\/fi\/5w-led-in-ground-lights-ip65-waterproof-outdoor-driveway-garden-floor-lighting\/\" class=\"waam-auto-link\" title=\"5W COB LED\">5W COB LED<\/a><\/strong><\/td>\n<\/tr>\n<tr data-start=\"459\" data-end=\"533\">\n<td><strong data-start=\"461\" data-end=\"472\">J\u00e4nnite<\/strong><\/td>\n<td>85-265V<\/td>\n<\/tr>\n<tr data-start=\"534\" data-end=\"608\">\n<td><strong data-start=\"536\" data-end=\"557\"><strong><a href=\"https:\/\/ledsteplight.com\/fi\/dm36b-pro-honeycomb-anti-glare-led-in-ground-light-ip67-24v-dc\/\" class=\"waam-auto-link\" title=\"V\u00e4ril\u00e4mp\u00f6tila\">V\u00e4ril\u00e4mp\u00f6tila<\/a><\/strong><\/strong><\/td>\n<td>3000K \/ 6000K<\/td>\n<\/tr>\n<tr data-start=\"609\" data-end=\"683\">\n<td><strong data-start=\"611\" data-end=\"624\">IP-luokitus<\/strong><\/td>\n<td><strong><a href=\"https:\/\/ledsteplight.com\/fi\/cree-bridgelux-chip-ip65-led-fixture-for-garden-facade-lighting\/\" class=\"waam-auto-link\" title=\"IP65\">IP65<\/a><\/strong><\/td>\n<\/tr>\n<tr data-start=\"684\" data-end=\"758\">\n<td><strong data-start=\"686\" data-end=\"703\">Luminanssi<\/strong><\/td>\n<td>(Valinnainen)<\/td>\n<\/tr>\n<tr data-start=\"759\" data-end=\"833\">\n<td><strong data-start=\"761\" data-end=\"770\">Teho<\/strong><\/td>\n<td>5W<\/td>\n<\/tr>\n<tr data-start=\"834\" data-end=\"908\">\n<td><strong data-start=\"836\" data-end=\"848\">Kestoik\u00e4<\/strong><\/td>\n<td>40 000 tuntia<\/td>\n<\/tr>\n<tr data-start=\"909\" data-end=\"983\">\n<td><strong data-start=\"911\" data-end=\"927\">Asennus<\/strong><\/td>\n<td>Sein\u00e4kiinnitys<\/td>\n<\/tr>\n<tr data-start=\"984\" data-end=\"1058\">\n<td><strong data-start=\"986\" data-end=\"998\">Materiaali<\/strong><\/td>\n<td>Valurautapuhallettu<\/td>\n<\/tr>\n<tr data-start=\"1059\" data-end=\"1133\">\n<td><strong data-start=\"1061\" data-end=\"1075\">Mitat<\/strong><\/td>\n<td>(Valinnainen)<\/td>\n<\/tr>\n<tr data-start=\"1134\" data-end=\"1208\">\n<td><strong data-start=\"1136\" data-end=\"1148\">Takuu<\/strong><\/td>\n<td>3 vuotta<\/td>\n<\/tr>\n<tr data-start=\"1209\" data-end=\"1283\">\n<td><strong data-start=\"1211\" data-end=\"1221\">Paino<\/strong><\/td>\n<td>(Valinnainen)<\/td>\n<\/tr>\n<tr data-start=\"1284\" data-end=\"1358\">\n<td><strong data-start=\"1286\" data-end=\"1301\">Ymp\u00e4rist\u00f6<\/strong><\/td>\n<td>Ulkoinen \/ Kostea ymp\u00e4rist\u00f6<\/td>\n<\/tr>\n<\/tbody>\n<\/table>\n<p>&nbsp;<\/p>","protected":false},"excerpt":{"rendered":"<p data-start=\"4347\" data-end=\"4710\">WB6565 5W LED-sein\u00e4valaisin on kest\u00e4v\u00e4 valumuotoiltu alumiinikuori, IP65-vesieristys ja kirkas COB-valaistus\u2014ihanteellinen ulkoseiniin ja rakennusten julkisivuihin.<\/p>","protected":false},"featured_media":37205,"comment_status":"open","ping_status":"closed","template":"","meta":[],"product_brand":[],"product_cat":[69,100,426,427,428,439,429,440,118,430,441,431,442,443,432,433,444,464,445,446,434,435,436,437],"product_tag":[74,103,76,119,83],"class_list":{"0":"post-38013","1":"product","2":"type-product","3":"status-publish","4":"has-post-thumbnail","6":"product_cat-5w","7":"product_cat-aluminum-ground-light","8":"product_cat-ceiling-recessed","9":"product_cat-ceiling-surface","10":"product_cat-ceiling-suspended","11":"product_cat-commercial","12":"product_cat-drivers","13":"product_cat-education","14":"product_cat-frameless-ground-light","15":"product_cat-freestanding-light","16":"product_cat-hospitality","17":"product_cat-industrial","18":"product_cat-infrastructure","19":"product_cat-landscape","20":"product_cat-landscaping","21":"product_cat-linear","22":"product_cat-office","23":"product_cat-c-outdoor-lighting","24":"product_cat-residential","25":"product_cat-retail","26":"product_cat-table-lamp","27":"product_cat-track","28":"product_cat-wall-recessed","29":"product_cat-wall-surface","30":"product_tag-5w-led","31":"product_tag-aluminum-ground-light","32":"product_tag-aluminum-housing","33":"product_tag-frameless-ground-light","34":"product_tag-waterproof-fixture","36":"first","37":"instock","38":"shipping-taxable","39":"product-type-simple"},"_links":{"self":[{"href":"https:\/\/ledsteplight.com\/fi\/wp-json\/wp\/v2\/product\/38013","targetHints":{"allow":["GET"]}}],"collection":[{"href":"https:\/\/ledsteplight.com\/fi\/wp-json\/wp\/v2\/product"}],"about":[{"href":"https:\/\/ledsteplight.com\/fi\/wp-json\/wp\/v2\/types\/product"}],"replies":[{"embeddable":true,"href":"https:\/\/ledsteplight.com\/fi\/wp-json\/wp\/v2\/comments?post=38013"}],"version-history":[{"count":3,"href":"https:\/\/ledsteplight.com\/fi\/wp-json\/wp\/v2\/product\/38013\/revisions"}],"predecessor-version":[{"id":38643,"href":"https:\/\/ledsteplight.com\/fi\/wp-json\/wp\/v2\/product\/38013\/revisions\/38643"}],"wp:featuredmedia":[{"embeddable":true,"href":"https:\/\/ledsteplight.com\/fi\/wp-json\/wp\/v2\/media\/37205"}],"wp:attachment":[{"href":"https:\/\/ledsteplight.com\/fi\/wp-json\/wp\/v2\/media?parent=38013"}],"wp:term":[{"taxonomy":"product_brand","embeddable":true,"href":"https:\/\/ledsteplight.com\/fi\/wp-json\/wp\/v2\/product_brand?post=38013"},{"taxonomy":"product_cat","embeddable":true,"href":"https:\/\/ledsteplight.com\/fi\/wp-json\/wp\/v2\/product_cat?post=38013"},{"taxonomy":"product_tag","embeddable":true,"href":"https:\/\/ledsteplight.com\/fi\/wp-json\/wp\/v2\/product_tag?post=38013"}],"curies":[{"name":"wp","href":"https:\/\/api.w.org\/{rel}","templated":true}]}}