{"id":38014,"date":"2025-09-08T13:04:16","date_gmt":"2025-09-08T13:04:16","guid":{"rendered":"https:\/\/ledsteplight.com\/import-placeholder-for-37124\/"},"modified":"2026-01-19T02:15:17","modified_gmt":"2026-01-19T02:15:17","slug":"cree-bridgelux-chip-ip65-led-fixture-for-garden-facade-lighting","status":"publish","type":"product","link":"https:\/\/ledsteplight.com\/fi\/cree-bridgelux-chip-ip65-led-fixture-for-garden-facade-lighting\/","title":{"rendered":"CREE\/Bridgelux-piiri IP65 LED-valaistus puutarha- ja julkisivujen valaistukseen"},"content":{"rendered":"<table data-path-to-node=\"10\">\n<thead>\n<tr>\n<td><strong>Parametri<\/strong><\/td>\n<td><strong>M\u00e4\u00e4ritys<\/strong><\/td>\n<td><strong>Huomautukset<\/strong><\/td>\n<\/tr>\n<\/thead>\n<tbody>\n<tr>\n<td><span data-path-to-node=\"10,1,0,0\"><b>Tuotemalli<\/b><\/span><\/td>\n<td><span data-path-to-node=\"10,1,1,0\"><b>MG-MZ100<\/b><\/span><\/td>\n<td><span data-path-to-node=\"10,1,2,0\">Korkean tunnistuksen ammattilaisen SKU.<\/span><\/td>\n<\/tr>\n<tr>\n<td><span data-path-to-node=\"10,2,0,0\"><b>Asennus<\/b><\/span><\/td>\n<td><span data-path-to-node=\"10,2,1,0\"><b>Pintaan asennettava<\/b><\/span><\/td>\n<td><span data-path-to-node=\"10,2,2,0\">Helppo asentaa seinille, portaikkoihin tai maahan.<\/span><\/td>\n<\/tr>\n<tr>\n<td><span data-path-to-node=\"10,3,0,0\"><b>Tuotteen koko<\/b><\/span><\/td>\n<td><span data-path-to-node=\"10,3,1,0\"><span class=\"math-inline\" data-math=\"phi 100 times H 35text{mm}\">$phi 100 kertaa H 35mm{mm}$<\/span><\/span><\/td>\n<td><span data-path-to-node=\"10,3,2,0\">Pieni, matala profiili suunnittelu.<\/span><\/td>\n<\/tr>\n<tr>\n<td><span data-path-to-node=\"10,4,0,0\"><b>Valonl\u00e4hde<\/b><\/span><\/td>\n<td><span data-path-to-node=\"10,4,1,0\">Bridgelux \/ CREE<\/span><\/td>\n<td><span data-path-to-node=\"10,4,2,0\">Kansainv\u00e4lisesti tunnetut LED-sirut korkeaan suorituskykyyn.<\/span><\/td>\n<\/tr>\n<tr>\n<td><span data-path-to-node=\"10,5,0,0\"><b>Watit<\/b><\/span><\/td>\n<td><span data-path-to-node=\"10,5,1,0\"><span class=\"math-inline\" data-math=\"text{3W (300mA)}\">$teksti{3W (300mA)}$<\/span><\/span><\/td>\n<td><span data-path-to-node=\"10,5,2,0\">Energiatehokas korkeatehoinen LED.<\/span><\/td>\n<\/tr>\n<tr>\n<td><span data-path-to-node=\"10,6,0,0\"><b>Vaihtovirta Sis\u00e4\u00e4ntulo<\/b><\/span><\/td>\n<td><span data-path-to-node=\"10,6,1,0\"><span class=\"math-inline\" data-math=\"text{100-240V, 50\/60HZ}\">$teksti{100-240V, 50\/60Hz}$<\/span> \/ <span class=\"math-inline\" data-math=\"text{DC12\/24V}\">$teksti{DC12\/24V}$<\/span><\/span><\/td>\n<td><span data-path-to-node=\"10,6,2,0\">Kaksoisj\u00e4nnitevaihtoehdot erilaisiin projekteihin.<\/span><\/td>\n<\/tr>\n<tr>\n<td><span data-path-to-node=\"10,7,0,0\"><b>Ohjain<\/b><\/span><\/td>\n<td><span data-path-to-node=\"10,7,1,0\">CAIJIE<\/span><\/td>\n<td><span data-path-to-node=\"10,7,2,0\">Luotettava virtal\u00e4hde vakaaseen virtaan.<\/span><\/td>\n<\/tr>\n<tr>\n<td><span data-path-to-node=\"10,8,0,0\"><b>Heijastimen kulma<\/b><\/span><\/td>\n<td><span data-path-to-node=\"10,8,1,0\"><i>Kiinte\u00e4 (Suora <strong><a href=\"https:\/\/ledsteplight.com\/fi\/pir-sensor-step-light-top-advantages-for-safety\/\" class=\"waam-auto-link\" title=\"Valaistus\">Valaistus<\/a><\/strong>)<\/i><\/span><\/td>\n<td><span data-path-to-node=\"10,8,2,0\">Optimaalinen korostus- ja reunavalaistukseen.<\/span><\/td>\n<\/tr>\n<tr>\n<td><span data-path-to-node=\"10,9,0,0\"><b><strong><a href=\"https:\/\/ledsteplight.com\/fi\/dm36b-pro-honeycomb-anti-glare-led-in-ground-light-ip67-24v-dc\/\" class=\"waam-auto-link\" title=\"V\u00e4ril\u00e4mp\u00f6tila\">V\u00e4ril\u00e4mp\u00f6tila<\/a><\/strong><\/b><\/span><\/td>\n<td><span data-path-to-node=\"10,9,1,0\"><span class=\"math-inline\" data-math=\"text{3000K}\">$teksti{3000K}$<\/span> (L\u00e4mmin valkoinen), <span class=\"math-inline\" data-math=\"text{4000K}\">$teksti{4000K}$<\/span> (Luonnonvalkoinen) <span class=\"math-inline\" data-math=\"text{5700K}\">$teksti{5700K}$<\/span> (Viile\u00e4 valkoinen)<\/span><\/td>\n<td><span data-path-to-node=\"10,9,2,0\">Monipuoliset CCT-vaihtoehdot.<\/span><\/td>\n<\/tr>\n<tr>\n<td><span data-path-to-node=\"10,10,0,0\"><b>Materiaali<\/b><\/span><\/td>\n<td><span data-path-to-node=\"10,10,1,0\">Alumiini<\/span><\/td>\n<td><span data-path-to-node=\"10,10,2,0\">Erinomainen l\u00e4mm\u00f6npoisto ja korroosionkest\u00e4vyys.<\/span><\/td>\n<\/tr>\n<tr>\n<td><span data-path-to-node=\"10,11,0,0\"><b>Valaisimen v\u00e4ri<\/b><\/span><\/td>\n<td><span data-path-to-node=\"10,11,1,0\">Valkoinen, Musta<\/span><\/td>\n<td><span data-path-to-node=\"10,11,2,0\">Neutraalit v\u00e4rit sopivat moderniin arkkitehtuuriin.<\/span><\/td>\n<\/tr>\n<tr>\n<td><span data-path-to-node=\"10,12,0,0\"><b>IP-luokitus<\/b><\/span><\/td>\n<td><span data-path-to-node=\"10,12,1,0\"><b>IP65<\/b><\/span><\/td>\n<td><span data-path-to-node=\"10,12,2,0\">Korkeatasoinen suojaus p\u00f6ly\u00e4 ja vesisuihkuja vastaan.<\/span><\/td>\n<\/tr>\n<tr>\n<td><span data-path-to-node=\"10,13,0,0\"><b>Paino<\/b><\/span><\/td>\n<td><span data-path-to-node=\"10,13,1,0\"><span class=\"math-inline\" data-math=\"text{0.65kg}\">$teksti{0,65kg}$<\/span><\/span><\/td>\n<td><span data-path-to-node=\"10,13,2,0\">Vankka ja kest\u00e4v\u00e4 rakenne.<\/span><\/td>\n<\/tr>\n<tr>\n<td><span data-path-to-node=\"10,14,0,0\"><b>Ohjaus<\/b><\/span><\/td>\n<td><span data-path-to-node=\"10,14,1,0\">Kytkimen hallinta<\/span><\/td>\n<td><span data-path-to-node=\"10,14,2,0\">Yksinkertainen ja luotettava toiminto.<\/span><\/p>\n<p>&nbsp;<\/td>\n<\/tr>\n<\/tbody>\n<\/table>\n<ul>\n<li>\n<p data-path-to-node=\"16,0,0\"><b>Poikkeuksellinen kest\u00e4vyys (IP65-luokitus):<\/b> Valmistettu korkealaatuisesta alumiinista, MG-MZ100 on suunniteltu <b>IP65-vesipilarisuojaus<\/b>, mik\u00e4 takaa maksimaalisen suojan rankkasadetta, p\u00f6ly\u00e4 ja ankaria s\u00e4\u00e4olosuhteita vastaan.<\/p>\n<\/li>\n<li>\n<p data-path-to-node=\"16,1,0\"><b>Br\u00e4nd\u00e4tty LED-l\u00e4hde:<\/b> K\u00e4ytt\u00e4en ensiluokkaisia <b>CREE- tai Bridgelux<\/b> sirut, t\u00e4m\u00e4 <strong><a href=\"https:\/\/ledsteplight.com\/fi\/furniture\/\" class=\"waam-auto-link\" title=\"valoallas\">valoallas<\/a><\/strong> toimittaa vakaan, korkeatuottoisen valaistuksen eritt\u00e4in tehokkaasti <span class=\"math-inline\" data-math=\"text{3W}\">$teksti{3W}$<\/span> kulutus, mik\u00e4 varmistaa pitk\u00e4aikaisen suorituskyvyn ja alentaa yll\u00e4pitokustannuksia.<\/p>\n<\/li>\n<li>\n<p data-path-to-node=\"16,2,0\"><b>Joustava virransy\u00f6tt\u00f6:<\/b> Sek\u00e4 <b><span class=\"math-inline\" data-math=\"text{100-240V AC}\">$teksti{100-240V AC}$<\/span><\/b> ett\u00e4 pienj\u00e4nnite <b><span class=\"math-inline\" data-math=\"text{DC12\/24V}\">$teksti{DC12\/24V}$<\/span><\/b> vaihtoehdoilla MG-MZ100 integroituu saumattomasti erilaisiin valaistusj\u00e4rjestelmiin, asuintarhoista suuriin liikekiinteist\u00f6ihin.<\/p>\n<\/li>\n<li>\n<p data-path-to-node=\"16,3,0\"><b>Monipuolinen v\u00e4ril\u00e4mp\u00f6tilan valinta:<\/b> Saatavana <span class=\"math-inline\" data-math=\"text{3000K}\">$teksti{3000K}$<\/span>, <span class=\"math-inline\" data-math=\"text{4000K}\">$teksti{4000K}$<\/span>, ja <span class=\"math-inline\" data-math=\"text{5700K}\">$teksti{5700K}$<\/span>voit t\u00e4ydellisesti r\u00e4\u00e4t\u00e4l\u00f6id\u00e4 valaistuksen tunnelman \u2013 l\u00e4mpim\u00e4st\u00e4, kutsuvasta hehkusta ter\u00e4v\u00e4\u00e4n, moderniin valkoiseen valoon.<\/p>\n<\/li>\n<li>\n<p data-path-to-node=\"16,4,0\"><b>Minimalistinen muotoilu:<\/b> Matalaprofiilinen <span class=\"math-inline\" data-math=\"phi 100 times H 35text{mm}\">$phi 100 kertaa H 35mm{mm}$<\/span> py\u00f6re\u00e4 runko on saatavana vakiona valkoisena ja mustana, sulautuen esteettisesti mihin tahansa nykyaikaiseen rakennusmateriaaliin.<\/p>\n<\/li>\n<\/ul>\n<p>&nbsp;<\/p>","protected":false},"excerpt":{"rendered":"<p><b>MG-MZ100<\/b> MG-MZ100 on eritt\u00e4in monipuolinen ja kest\u00e4v\u00e4 3W LED-laitteisto, suunniteltu korkeatasoisiin ulko- ja sis\u00e4valaistusprojekteihin. Pintaan asennettavana laitteena se poistaa tarpeen monimutkaisille leikauksille, tarjoten poikkeuksellista joustavuutta asennukseen terasseille, patioille, portaikkoihin, julkisivuille ja k\u00e4velytiealueille.<\/p>","protected":false},"featured_media":37214,"comment_status":"open","ping_status":"closed","template":"","meta":[],"product_brand":[],"product_cat":[100,426,427,428,439,429,440,430,441,431,442,443,432,433,444,112,464,445,446,106,434,435,128,436,437],"product_tag":[103,76,77,113,78,108,129],"class_list":{"0":"post-38014","1":"product","2":"type-product","3":"status-publish","4":"has-post-thumbnail","6":"product_cat-aluminum-ground-light","7":"product_cat-ceiling-recessed","8":"product_cat-ceiling-surface","9":"product_cat-ceiling-suspended","10":"product_cat-commercial","11":"product_cat-drivers","12":"product_cat-education","13":"product_cat-freestanding-light","14":"product_cat-hospitality","15":"product_cat-industrial","16":"product_cat-infrastructure","17":"product_cat-landscape","18":"product_cat-landscaping","19":"product_cat-linear","20":"product_cat-office","21":"product_cat-outdoor-ground-light","22":"product_cat-c-outdoor-lighting","23":"product_cat-residential","24":"product_cat-retail","25":"product_cat-round-ground-light","26":"product_cat-table-lamp","27":"product_cat-track","28":"product_cat-wall-light-series","29":"product_cat-wall-recessed","30":"product_cat-wall-surface","31":"product_tag-aluminum-ground-light","32":"product_tag-aluminum-housing","33":"product_tag-ground-light","34":"product_tag-outdoor-ground-light","35":"product_tag-outdoor-lighting","36":"product_tag-round-ground-light","37":"product_tag-wall-light-series","39":"first","40":"instock","41":"featured","42":"downloadable","43":"shipping-taxable","44":"product-type-simple"},"_links":{"self":[{"href":"https:\/\/ledsteplight.com\/fi\/wp-json\/wp\/v2\/product\/38014","targetHints":{"allow":["GET"]}}],"collection":[{"href":"https:\/\/ledsteplight.com\/fi\/wp-json\/wp\/v2\/product"}],"about":[{"href":"https:\/\/ledsteplight.com\/fi\/wp-json\/wp\/v2\/types\/product"}],"replies":[{"embeddable":true,"href":"https:\/\/ledsteplight.com\/fi\/wp-json\/wp\/v2\/comments?post=38014"}],"version-history":[{"count":3,"href":"https:\/\/ledsteplight.com\/fi\/wp-json\/wp\/v2\/product\/38014\/revisions"}],"predecessor-version":[{"id":38644,"href":"https:\/\/ledsteplight.com\/fi\/wp-json\/wp\/v2\/product\/38014\/revisions\/38644"}],"wp:featuredmedia":[{"embeddable":true,"href":"https:\/\/ledsteplight.com\/fi\/wp-json\/wp\/v2\/media\/37214"}],"wp:attachment":[{"href":"https:\/\/ledsteplight.com\/fi\/wp-json\/wp\/v2\/media?parent=38014"}],"wp:term":[{"taxonomy":"product_brand","embeddable":true,"href":"https:\/\/ledsteplight.com\/fi\/wp-json\/wp\/v2\/product_brand?post=38014"},{"taxonomy":"product_cat","embeddable":true,"href":"https:\/\/ledsteplight.com\/fi\/wp-json\/wp\/v2\/product_cat?post=38014"},{"taxonomy":"product_tag","embeddable":true,"href":"https:\/\/ledsteplight.com\/fi\/wp-json\/wp\/v2\/product_tag?post=38014"}],"curies":[{"name":"wp","href":"https:\/\/api.w.org\/{rel}","templated":true}]}}