{"id":38015,"date":"2025-09-08T13:04:16","date_gmt":"2025-09-08T13:04:16","guid":{"rendered":"https:\/\/ledsteplight.com\/import-placeholder-for-37125\/"},"modified":"2026-01-19T02:15:17","modified_gmt":"2026-01-19T02:15:17","slug":"30w-linear-in-ground-light-narrow-frame-outdoor-led-floor-lamp","status":"publish","type":"product","link":"https:\/\/ledsteplight.com\/fi\/30w-linear-in-ground-light-narrow-frame-outdoor-led-floor-lamp\/","title":{"rendered":"30W Lineaarinen maanalainen valo \u2013 kapeareunainen ulko LED-lattiavalaisin"},"content":{"rendered":"<table data-start=\"66\" data-end=\"1379\">\n<thead data-start=\"66\" data-end=\"135\">\n<tr data-start=\"66\" data-end=\"135\">\n<th data-start=\"66\" data-end=\"89\">M\u00e4\u00e4ritys<\/th>\n<th data-start=\"89\" data-end=\"135\">Yksityiskohdat<\/th>\n<\/tr>\n<\/thead>\n<tbody data-start=\"203\" data-end=\"1379\">\n<tr data-start=\"203\" data-end=\"268\">\n<td><strong data-start=\"205\" data-end=\"214\">Malli<\/strong><\/td>\n<td>MG-MH7030<\/td>\n<\/tr>\n<tr data-start=\"269\" data-end=\"334\">\n<td><strong data-start=\"271\" data-end=\"280\">Teho<\/strong><\/td>\n<td>30W<\/td>\n<\/tr>\n<tr data-start=\"335\" data-end=\"400\">\n<td><strong data-start=\"337\" data-end=\"349\">Materiaali<\/strong><\/td>\n<td>Alumiiniseos<\/td>\n<\/tr>\n<tr data-start=\"401\" data-end=\"466\">\n<td><strong data-start=\"403\" data-end=\"420\">Sy\u00f6tt\u00f6j\u00e4nnite<\/strong><\/td>\n<td>AC85-265V<\/td>\n<\/tr>\n<tr data-start=\"467\" data-end=\"532\">\n<td><strong data-start=\"469\" data-end=\"481\">LED-tyyppi<\/strong><\/td>\n<td>COB LED<\/td>\n<\/tr>\n<tr data-start=\"533\" data-end=\"598\">\n<td><strong data-start=\"535\" data-end=\"552\">Luminanssi<\/strong><\/td>\n<td>90-110LM\/W<\/td>\n<\/tr>\n<tr data-start=\"599\" data-end=\"664\">\n<td><strong data-start=\"601\" data-end=\"622\"><strong><a href=\"https:\/\/ledsteplight.com\/fi\/dm36b-pro-honeycomb-anti-glare-led-in-ground-light-ip67-24v-dc\/\" class=\"waam-auto-link\" title=\"V\u00e4ril\u00e4mp\u00f6tila\">V\u00e4ril\u00e4mp\u00f6tila<\/a><\/strong><\/strong><\/td>\n<td>3000K \/ 6000K (Valinnainen)<\/td>\n<\/tr>\n<tr data-start=\"665\" data-end=\"730\">\n<td><strong data-start=\"667\" data-end=\"681\">S\u00e4teen kulma<\/strong><\/td>\n<td>120\u00b0<\/td>\n<\/tr>\n<tr data-start=\"731\" data-end=\"795\">\n<td><strong data-start=\"733\" data-end=\"753\">Suojataso<\/strong><\/td>\n<td>IP65 (Vesitiivis ja p\u00f6lytiivis)<\/td>\n<\/tr>\n<tr data-start=\"796\" data-end=\"860\">\n<td><strong data-start=\"798\" data-end=\"810\">Kestoik\u00e4<\/strong><\/td>\n<td>40 000 tuntia<\/td>\n<\/tr>\n<tr data-start=\"861\" data-end=\"925\">\n<td><strong data-start=\"863\" data-end=\"886\">Asennustapa<\/strong><\/td>\n<td>Upotettu asennus<\/td>\n<\/tr>\n<tr data-start=\"926\" data-end=\"990\">\n<td><strong data-start=\"928\" data-end=\"942\">Runko V\u00e4ri<\/strong><\/td>\n<td>Hopea \/ Musta (Mukautettavissa)<\/td>\n<\/tr>\n<tr data-start=\"991\" data-end=\"1056\">\n<td><strong data-start=\"993\" data-end=\"1018\">K\u00e4ytt\u00f6l\u00e4mp\u00f6tila<\/strong><\/td>\n<td>-20\u00b0C to 45\u00b0C<\/td>\n<\/tr>\n<tr data-start=\"1057\" data-end=\"1121\">\n<td><strong data-start=\"1059\" data-end=\"1073\">Mitat<\/strong><\/td>\n<td>Mukautettavissa (Kysy lis\u00e4\u00e4)<\/td>\n<\/tr>\n<tr data-start=\"1122\" data-end=\"1186\">\n<td><strong data-start=\"1124\" data-end=\"1134\">Paino<\/strong><\/td>\n<td>Noin. [Lis\u00e4\u00e4 Paino] (Jos saatavilla)<\/td>\n<\/tr>\n<tr data-start=\"1187\" data-end=\"1313\">\n<td><strong data-start=\"1189\" data-end=\"1204\">Sovellus<\/strong><\/td>\n<td><strong><a href=\"https:\/\/ledsteplight.com\/fi\/ip67-waterproof-led-ground-lights-easy-garden-lighting-solutions\/\" class=\"waam-auto-link\" title=\"Ulkoilman maisemavalaisimet\">Ulkoilman maisemavalaisimet<\/a><\/strong>, polkuvalaisimet, pihavalaisimet, arkkitehtoninen <strong><a href=\"https:\/\/ledsteplight.com\/fi\/cree-bridgelux-chip-ip65-led-fixture-for-garden-facade-lighting\/\" class=\"waam-auto-link\" title=\"fasadivalaisimet\">fasadivalaisimet<\/a><\/strong><\/td>\n<\/tr>\n<tr data-start=\"1314\" data-end=\"1379\">\n<td><strong data-start=\"1316\" data-end=\"1328\">Takuu<\/strong><\/td>\n<td>3 vuotta<\/td>\n<\/tr>\n<\/tbody>\n<\/table>\n<p data-path-to-node=\"13\"><b>Tyylik\u00e4s lineaarinen muotoilu moderniin arkkitehtuuriin<\/b> MG-MH7030:ssa on hienostunut \"Kapea kehys\" -profiili, mik\u00e4 tekee siit\u00e4 ensiluokkaisen valinnan korkealaatuisiin <b>ulkok\u00e4yt\u00f6n lattialamput<\/b>. Sen minimalistinen alumiiniseosrunko mahdollistaa saumattoman integroinnin kiviin tai betoniin, luoden jatkuvan, siistin valonauhan. Ihanteellinen <b>arkkitehtoniseen julkisivuvalaistukseen<\/b> ja kaupallisten pihojen m\u00e4\u00e4ritt\u00e4miseen, t\u00e4m\u00e4 <b>lineaarinen maanalainen valo<\/b> tarjoaa laajan 120\u00b0 s\u00e4teen, tarjoten tasaisen sein\u00e4npesuvaikutuksen ja modernin <b><strong><a href=\"https:\/\/ledsteplight.com\/fi\/the-ultimate-guide-to-led-landscape-lighting-design-installation-and-costs\/\" class=\"waam-auto-link\" title=\"maisemavalaisimet\">maisemavalaisimet<\/a><\/strong><\/b> estetiikan.<\/p>\n<p data-path-to-node=\"14\"><b>Korkean tehon suorituskyky ja kest\u00e4vyys<\/b> Suunniteltu ammattilaisprojekteihin, t\u00e4m\u00e4 30W <b>maanalainen valaistus<\/b> laitteisto hy\u00f6dynt\u00e4\u00e4 kehittynytt\u00e4 COB LED -teknologiaa (90-110LM\/W) erinomaisen kirkkauden saavuttamiseksi. Yhteensopiva maailmanlaajuisten <b>AC85-265V<\/b> j\u00e4nnitesysteemien kanssa, mik\u00e4 varmistaa vakaan toiminnan vientimarkkinoilla. IP65-vedenkest\u00e4vyysluokituksella ja 40 000 tunnin k\u00e4ytt\u00f6i\u00e4ll\u00e4 n\u00e4m\u00e4 <b>maavalot<\/b> on suunniteltu kest\u00e4m\u00e4\u00e4n ankarat s\u00e4\u00e4olosuhteet ja toimimaan luotettavasti <b><strong><a href=\"https:\/\/ledsteplight.com\/fi\/mistakes-to-avoid-when-installing-in-ground-driveway-lights\/\" class=\"waam-auto-link\" title=\"ajotien maavaloiksi\">ajotien maavaloiksi<\/a><\/strong><\/b> tai turvallisuus <b>polkuvalaistus<\/b> julkisissa tiloissa.<\/p>","protected":false},"excerpt":{"rendered":"<p data-start=\"41\" data-end=\"392\">Tukkumyynti 30W kapeareunainen LED maahan upotettava valo. Korkean tehon IP65 COB lineaariset ulkoiset lattialamput arkkitehtonisiin julkisivuihin. AC85-265V upotettava polkuvalaistus.<\/p>","protected":false},"featured_media":37216,"comment_status":"open","ping_status":"closed","template":"","meta":[],"product_brand":[],"product_cat":[100,426,427,428,439,429,440,430,73,441,431,442,443,432,433,444,464,445,446,434,435,436,437],"product_tag":[103,76,77,109,114,115],"class_list":{"0":"post-38015","1":"product","2":"type-product","3":"status-publish","4":"has-post-thumbnail","6":"product_cat-aluminum-ground-light","7":"product_cat-ceiling-recessed","8":"product_cat-ceiling-surface","9":"product_cat-ceiling-suspended","10":"product_cat-commercial","11":"product_cat-drivers","12":"product_cat-education","13":"product_cat-freestanding-light","14":"product_cat-ground-light","15":"product_cat-hospitality","16":"product_cat-industrial","17":"product_cat-infrastructure","18":"product_cat-landscape","19":"product_cat-landscaping","20":"product_cat-linear","21":"product_cat-office","22":"product_cat-c-outdoor-lighting","23":"product_cat-residential","24":"product_cat-retail","25":"product_cat-table-lamp","26":"product_cat-track","27":"product_cat-wall-recessed","28":"product_cat-wall-surface","29":"product_tag-aluminum-ground-light","30":"product_tag-aluminum-housing","31":"product_tag-ground-light","32":"product_tag-led-fixture","33":"product_tag-pathway-light","34":"product_tag-recessed-light","36":"first","37":"instock","38":"shipping-taxable","39":"product-type-simple"},"_links":{"self":[{"href":"https:\/\/ledsteplight.com\/fi\/wp-json\/wp\/v2\/product\/38015","targetHints":{"allow":["GET"]}}],"collection":[{"href":"https:\/\/ledsteplight.com\/fi\/wp-json\/wp\/v2\/product"}],"about":[{"href":"https:\/\/ledsteplight.com\/fi\/wp-json\/wp\/v2\/types\/product"}],"replies":[{"embeddable":true,"href":"https:\/\/ledsteplight.com\/fi\/wp-json\/wp\/v2\/comments?post=38015"}],"version-history":[{"count":3,"href":"https:\/\/ledsteplight.com\/fi\/wp-json\/wp\/v2\/product\/38015\/revisions"}],"predecessor-version":[{"id":38645,"href":"https:\/\/ledsteplight.com\/fi\/wp-json\/wp\/v2\/product\/38015\/revisions\/38645"}],"wp:featuredmedia":[{"embeddable":true,"href":"https:\/\/ledsteplight.com\/fi\/wp-json\/wp\/v2\/media\/37216"}],"wp:attachment":[{"href":"https:\/\/ledsteplight.com\/fi\/wp-json\/wp\/v2\/media?parent=38015"}],"wp:term":[{"taxonomy":"product_brand","embeddable":true,"href":"https:\/\/ledsteplight.com\/fi\/wp-json\/wp\/v2\/product_brand?post=38015"},{"taxonomy":"product_cat","embeddable":true,"href":"https:\/\/ledsteplight.com\/fi\/wp-json\/wp\/v2\/product_cat?post=38015"},{"taxonomy":"product_tag","embeddable":true,"href":"https:\/\/ledsteplight.com\/fi\/wp-json\/wp\/v2\/product_tag?post=38015"}],"curies":[{"name":"wp","href":"https:\/\/api.w.org\/{rel}","templated":true}]}}