{"id":38017,"date":"2025-09-08T13:04:16","date_gmt":"2025-09-08T13:04:16","guid":{"rendered":"https:\/\/ledsteplight.com\/import-placeholder-for-37140\/"},"modified":"2026-01-19T02:15:16","modified_gmt":"2026-01-19T02:15:16","slug":"ip65-outdoor-recessed-led-step-ground-light-3w-landscape-lighting-fixture","status":"publish","type":"product","link":"https:\/\/ledsteplight.com\/fi\/ip65-outdoor-recessed-led-step-ground-light-3w-landscape-lighting-fixture\/","title":{"rendered":"IP65 Ulkok\u00e4ytt\u00f6\u00f6n upotettava LED-portaikko ja maavalaisin | 3W maisemavalaisinj\u00e4rjestelm\u00e4"},"content":{"rendered":"<table data-start=\"43\" data-end=\"909\">\n<thead data-start=\"43\" data-end=\"114\">\n<tr data-start=\"43\" data-end=\"114\">\n<th data-start=\"43\" data-end=\"68\"><strong data-start=\"45\" data-end=\"58\">Parametri<\/strong><\/th>\n<th data-start=\"68\" data-end=\"114\"><strong data-start=\"70\" data-end=\"81\">Yksityiskohdat<\/strong><\/th>\n<\/tr>\n<\/thead>\n<tbody data-start=\"181\" data-end=\"909\">\n<tr data-start=\"181\" data-end=\"246\">\n<td><strong data-start=\"183\" data-end=\"192\">Teho<\/strong><\/td>\n<td>3W<\/td>\n<\/tr>\n<tr data-start=\"247\" data-end=\"312\">\n<td><strong data-start=\"249\" data-end=\"265\">Valonl\u00e4hde<\/strong><\/td>\n<td>COB LED<\/td>\n<\/tr>\n<tr data-start=\"313\" data-end=\"377\">\n<td><strong data-start=\"315\" data-end=\"332\">Sy\u00f6tt\u00f6j\u00e4nnite<\/strong><\/td>\n<td>AC85-265V \/ 12V \/ 24V<\/td>\n<\/tr>\n<tr data-start=\"378\" data-end=\"447\">\n<td><strong data-start=\"380\" data-end=\"401\"><strong><a href=\"https:\/\/ledsteplight.com\/fi\/dm36b-pro-honeycomb-anti-glare-led-in-ground-light-ip67-24v-dc\/\" class=\"waam-auto-link\" title=\"V\u00e4ril\u00e4mp\u00f6tila\">V\u00e4ril\u00e4mp\u00f6tila<\/a><\/strong><\/strong><\/td>\n<td>3000K (L\u00e4mmin valkoinen) \/ 6000K (Viile\u00e4 valkoinen)<\/td>\n<\/tr>\n<tr data-start=\"448\" data-end=\"512\">\n<td><strong data-start=\"450\" data-end=\"467\">Luminanssi<\/strong><\/td>\n<td>90-110LM\/W<\/td>\n<\/tr>\n<tr data-start=\"513\" data-end=\"578\">\n<td><strong data-start=\"515\" data-end=\"529\">S\u00e4teen kulma<\/strong><\/td>\n<td>120\u00b0<\/td>\n<\/tr>\n<tr data-start=\"579\" data-end=\"644\">\n<td><strong data-start=\"581\" data-end=\"593\">Materiaali<\/strong><\/td>\n<td>Valualumiini<\/td>\n<\/tr>\n<tr data-start=\"645\" data-end=\"709\">\n<td><strong data-start=\"647\" data-end=\"660\">IP-luokitus<\/strong><\/td>\n<td>IP65 (Vesitiivis ja p\u00f6lytiivis)<\/td>\n<\/tr>\n<tr data-start=\"710\" data-end=\"774\">\n<td><strong data-start=\"712\" data-end=\"724\">Kestoik\u00e4<\/strong><\/td>\n<td>40 000 tuntia<\/td>\n<\/tr>\n<tr data-start=\"775\" data-end=\"843\">\n<td><strong data-start=\"777\" data-end=\"800\">Asennustapa<\/strong><\/td>\n<td>Upotettu kiinnitys<\/td>\n<\/tr>\n<tr data-start=\"844\" data-end=\"909\">\n<td><strong data-start=\"846\" data-end=\"858\">Takuu<\/strong><\/td>\n<td>3 vuotta<\/td>\n<\/tr>\n<\/tbody>\n<\/table>\n<p data-start=\"675\" data-end=\"1021\">SN041 upotettava LED <strong><a href=\"https:\/\/ledsteplight.com\/fi\/cree-bridgelux-chip-ip65-led-fixture-for-garden-facade-lighting\/\" class=\"waam-auto-link\" title=\"maavalaisin\">maavalaisin<\/a><\/strong> on suunniteltu puhtaaksi, kest\u00e4m\u00e4\u00e4n ulkotiloissa <strong><a href=\"https:\/\/ledsteplight.com\/fi\/pir-sensor-step-light-top-advantages-for-safety\/\" class=\"waam-auto-link\" title=\"valaistuksen luomiseksi\">valaistuksen luomiseksi<\/a><\/strong>. Kompaktin 3W COB-LED:n ja 120\u00b0 s\u00e4teenkulman ansiosta se tarjoaa tasaisen, tasaisen valaistuksen poluille, portaille ja maisemakohtauksiin. Valaisin on valmistettu valuraudasta, yhdist\u00e4en kest\u00e4v\u00e4n rakenteen tehokkaaseen l\u00e4mm\u00f6nh\u00e4vitykseen pitk\u00e4aikaista suorituskyky\u00e4 varten.<\/p>\n<p data-start=\"1023\" data-end=\"1390\">Luokiteltu IP65, t\u00e4m\u00e4 valo on t\u00e4ysin suojattu sateelta ja p\u00f6lylt\u00e4, mik\u00e4 tekee siit\u00e4 sopivan sek\u00e4 asuin- ett\u00e4 kaupalliseen k\u00e4ytt\u00f6\u00f6n. Saatavilla l\u00e4mpim\u00e4n valkoisena (3000K) ja viile\u00e4n valkoisena (6000K), yhteensopiva useiden j\u00e4nnitteiden kanssa (AC85\u2013265V \/ 12V \/ 24V), ja helppo asentaa upotetulla kiinnityksell\u00e4. Ihanteellinen hotelleihin, huviloihin, puutarhoihin, terasseihin ja arkkitehtonisiin k\u00e4velyteihin.<\/p>","protected":false},"excerpt":{"rendered":"<p data-start=\"3754\" data-end=\"4115\">3W upotettava LED-porta- ja maavalaisin IP65-vesitiivis suunnittelu. Kest\u00e4v\u00e4 alumiinikuori ulkoisiin k\u00e4yt\u00f6ihin polkujen, portaiden ja maisemavalaisimien valaisuun. Ihanteellinen arkkitehtuuri- ja puutarhaprojekteihin.<\/p>","protected":false},"featured_media":37224,"comment_status":"open","ping_status":"closed","template":"","meta":[],"product_brand":[],"product_cat":[100,426,427,428,439,429,440,430,73,441,431,442,443,432,433,444,112,464,445,446,434,435,436,437],"product_tag":[103,76,77,113,78],"class_list":{"0":"post-38017","1":"product","2":"type-product","3":"status-publish","4":"has-post-thumbnail","6":"product_cat-aluminum-ground-light","7":"product_cat-ceiling-recessed","8":"product_cat-ceiling-surface","9":"product_cat-ceiling-suspended","10":"product_cat-commercial","11":"product_cat-drivers","12":"product_cat-education","13":"product_cat-freestanding-light","14":"product_cat-ground-light","15":"product_cat-hospitality","16":"product_cat-industrial","17":"product_cat-infrastructure","18":"product_cat-landscape","19":"product_cat-landscaping","20":"product_cat-linear","21":"product_cat-office","22":"product_cat-outdoor-ground-light","23":"product_cat-c-outdoor-lighting","24":"product_cat-residential","25":"product_cat-retail","26":"product_cat-table-lamp","27":"product_cat-track","28":"product_cat-wall-recessed","29":"product_cat-wall-surface","30":"product_tag-aluminum-ground-light","31":"product_tag-aluminum-housing","32":"product_tag-ground-light","33":"product_tag-outdoor-ground-light","34":"product_tag-outdoor-lighting","36":"first","37":"instock","38":"featured","39":"downloadable","40":"shipping-taxable","41":"product-type-simple"},"_links":{"self":[{"href":"https:\/\/ledsteplight.com\/fi\/wp-json\/wp\/v2\/product\/38017","targetHints":{"allow":["GET"]}}],"collection":[{"href":"https:\/\/ledsteplight.com\/fi\/wp-json\/wp\/v2\/product"}],"about":[{"href":"https:\/\/ledsteplight.com\/fi\/wp-json\/wp\/v2\/types\/product"}],"replies":[{"embeddable":true,"href":"https:\/\/ledsteplight.com\/fi\/wp-json\/wp\/v2\/comments?post=38017"}],"version-history":[{"count":3,"href":"https:\/\/ledsteplight.com\/fi\/wp-json\/wp\/v2\/product\/38017\/revisions"}],"predecessor-version":[{"id":38647,"href":"https:\/\/ledsteplight.com\/fi\/wp-json\/wp\/v2\/product\/38017\/revisions\/38647"}],"wp:featuredmedia":[{"embeddable":true,"href":"https:\/\/ledsteplight.com\/fi\/wp-json\/wp\/v2\/media\/37224"}],"wp:attachment":[{"href":"https:\/\/ledsteplight.com\/fi\/wp-json\/wp\/v2\/media?parent=38017"}],"wp:term":[{"taxonomy":"product_brand","embeddable":true,"href":"https:\/\/ledsteplight.com\/fi\/wp-json\/wp\/v2\/product_brand?post=38017"},{"taxonomy":"product_cat","embeddable":true,"href":"https:\/\/ledsteplight.com\/fi\/wp-json\/wp\/v2\/product_cat?post=38017"},{"taxonomy":"product_tag","embeddable":true,"href":"https:\/\/ledsteplight.com\/fi\/wp-json\/wp\/v2\/product_tag?post=38017"}],"curies":[{"name":"wp","href":"https:\/\/api.w.org\/{rel}","templated":true}]}}