{"id":38018,"date":"2025-09-08T13:04:17","date_gmt":"2025-09-08T13:04:17","guid":{"rendered":"https:\/\/ledsteplight.com\/import-placeholder-for-37141\/"},"modified":"2026-01-19T02:15:15","modified_gmt":"2026-01-19T02:15:15","slug":"dm36b-pro-honeycomb-anti-glare-led-in-ground-light-ip67-24v-dc","status":"publish","type":"product","link":"https:\/\/ledsteplight.com\/fi\/dm36b-pro-honeycomb-anti-glare-led-in-ground-light-ip67-24v-dc\/","title":{"rendered":"DM36B PRO Hunajakuvioinen h\u00e4ik\u00e4isysuojaamaton LED-pihavalaisin | IP67, 24V DC"},"content":{"rendered":"<table data-path-to-node=\"0\">\n<thead>\n<tr>\n<td><strong>Parametrin m\u00e4\u00e4rittely<\/strong><\/td>\n<td><strong>Kuvaus<\/strong><\/td>\n<td><strong>Keskeinen etu<\/strong><\/td>\n<\/tr>\n<\/thead>\n<tbody>\n<tr>\n<td><span data-path-to-node=\"0,1,0,0\">Tuotemalli<\/span><\/td>\n<td><span data-path-to-node=\"0,1,1,0\"><b>MG-DM36B PRO<\/b><\/span><\/td>\n<td><span data-path-to-node=\"0,1,2,0\">Ammattilainen, erottuva mallinnusnro.<\/span><\/td>\n<\/tr>\n<tr>\n<td><span data-path-to-node=\"0,2,0,0\">Tuotekategoria<\/span><\/td>\n<td><span data-path-to-node=\"0,2,1,0\">LED In-<strong><a href=\"https:\/\/ledsteplight.com\/fi\/ultimate-guide-to-landscape-inground-lighting-solutions\/\" class=\"waam-auto-link\" title=\"Maavalaisimet\">Maavalaisimet<\/a><\/strong> J\u00e4rjestelm\u00e4<\/span><\/td>\n<td><span data-path-to-node=\"0,2,2,0\">Eritt\u00e4in erikoistunut arkkitehtoninen kiinnike.<\/span><\/td>\n<\/tr>\n<tr>\n<td><span data-path-to-node=\"0,3,0,0\">Toimintaj\u00e4nnite<\/span><\/td>\n<td><span data-path-to-node=\"0,3,1,0\"><b>24V DC<\/b><\/span><\/td>\n<td><span data-path-to-node=\"0,3,2,0\">Turvallinen, matalaj\u00e4nnitteinen k\u00e4ytt\u00f6 monimutkaisissa asennuksissa.<\/span><\/td>\n<\/tr>\n<tr>\n<td><span data-path-to-node=\"0,4,0,0\">S\u00e4hk\u00f6nkulutus<\/span><\/td>\n<td><span data-path-to-node=\"0,4,1,0\">&lt; <b>40W<\/b> (Max)<\/span><\/td>\n<td><span data-path-to-node=\"0,4,2,0\">Korkea teho erinomaisen kirkkauden saavuttamiseksi.<\/span><\/td>\n<\/tr>\n<tr>\n<td><span data-path-to-node=\"0,5,0,0\">Lumen-tuotto<\/span><\/td>\n<td><span data-path-to-node=\"0,5,1,0\"><b>3200 lm<\/b><\/span><\/td>\n<td><span data-path-to-node=\"0,5,2,0\">Poikkeuksellinen kirkkaus vaikuttavaan <strong><a href=\"https:\/\/ledsteplight.com\/fi\/pir-sensor-step-light-top-advantages-for-safety\/\" class=\"waam-auto-link\" title=\"valaistuksen luomiseksi\">valaistuksen luomiseksi<\/a><\/strong>.<\/span><\/td>\n<\/tr>\n<tr>\n<td><span data-path-to-node=\"0,6,0,0\">V\u00e4ril\u00e4mp\u00f6tila<\/span><\/td>\n<td><span data-path-to-node=\"0,6,1,0\"><b>4000K<\/b> (Neutraali Valkoinen)<\/span><\/td>\n<td><span data-path-to-node=\"0,6,2,0\">Ihanteellinen CCT tarkan v\u00e4rintoiston ja modernin estetiikan saavuttamiseksi.<\/span><\/td>\n<\/tr>\n<tr>\n<td><span data-path-to-node=\"0,7,0,0\">IP-luokitus<\/span><\/td>\n<td><span data-path-to-node=\"0,7,1,0\"><b>IP67<\/b><\/span><\/td>\n<td><span data-path-to-node=\"0,7,2,0\">Upotettava suoja kokonaiselta p\u00f6lylt\u00e4 ja tilap\u00e4iselt\u00e4 veden upotukselta.<\/span><\/td>\n<\/tr>\n<tr>\n<td><span data-path-to-node=\"0,8,0,0\">K\u00e4ytt\u00f6l\u00e4mp\u00f6tila<\/span><\/td>\n<td><span data-path-to-node=\"0,8,1,0\">-20\u00b0C to +60\u00b0C<\/span><\/td>\n<td><span data-path-to-node=\"0,8,2,0\">Luotettava toiminta \u00e4\u00e4rimm\u00e4isiss\u00e4 ymp\u00e4rist\u00f6iss\u00e4.<\/span><\/td>\n<\/tr>\n<tr>\n<td><span data-path-to-node=\"0,9,0,0\">Kestoik\u00e4<\/span><\/td>\n<td><span data-path-to-node=\"0,9,1,0\">Asti <b>50 000 tuntia<\/b><\/span><\/td>\n<td><span data-path-to-node=\"0,9,2,0\">Pitk\u00e4aikainen luotettavuus ja v\u00e4hentyneet huoltokierrokset.<\/span><\/td>\n<\/tr>\n<tr>\n<td><span data-path-to-node=\"0,10,0,0\">Keskeiset ominaisuudet<\/span><\/td>\n<td><span data-path-to-node=\"0,10,1,0\">Hunajakennomainen h\u00e4ik\u00e4isysuoja, \u00e4lyk\u00e4s ohjaus, modulaarinen muotoilu<\/span><\/td>\n<td><span data-path-to-node=\"0,10,2,0\">Keskittyminen k\u00e4ytt\u00e4j\u00e4kokemukseen ja asennuksen joustavuuteen.<\/span><\/td>\n<\/tr>\n<\/tbody>\n<\/table>","protected":false},"excerpt":{"rendered":"<p data-start=\"3981\" data-end=\"4429\"><b>MG-DM36B PRO<\/b> MG-DM36B PRO edustaa arkkitehtonisen maavalaisimen seuraavaa sukupolvea. Suunniteltu vaativiin kaupallisiin, kunnallisiin ja korkeatasoisiin asuinprojekteihin, t\u00e4m\u00e4 valaisin tarjoaa voimakkaan ja tarkan valaistuksen samalla poistaen visuaalisen ep\u00e4mukavuuden.<\/p>","protected":false},"featured_media":37229,"comment_status":"open","ping_status":"closed","template":"","meta":[],"product_brand":[],"product_cat":[100,426,427,428,439,429,440,430,441,126,431,442,443,432,433,444,112,464,445,446,106,434,435,436,437],"product_tag":[103,76,77,127,113,78,108],"class_list":{"0":"post-38018","1":"product","2":"type-product","3":"status-publish","4":"has-post-thumbnail","6":"product_cat-aluminum-ground-light","7":"product_cat-ceiling-recessed","8":"product_cat-ceiling-surface","9":"product_cat-ceiling-suspended","10":"product_cat-commercial","11":"product_cat-drivers","12":"product_cat-education","13":"product_cat-freestanding-light","14":"product_cat-hospitality","15":"product_cat-in-ground-light","16":"product_cat-industrial","17":"product_cat-infrastructure","18":"product_cat-landscape","19":"product_cat-landscaping","20":"product_cat-linear","21":"product_cat-office","22":"product_cat-outdoor-ground-light","23":"product_cat-c-outdoor-lighting","24":"product_cat-residential","25":"product_cat-retail","26":"product_cat-round-ground-light","27":"product_cat-table-lamp","28":"product_cat-track","29":"product_cat-wall-recessed","30":"product_cat-wall-surface","31":"product_tag-aluminum-ground-light","32":"product_tag-aluminum-housing","33":"product_tag-ground-light","34":"product_tag-in-ground-light","35":"product_tag-outdoor-ground-light","36":"product_tag-outdoor-lighting","37":"product_tag-round-ground-light","39":"first","40":"instock","41":"shipping-taxable","42":"product-type-simple"},"_links":{"self":[{"href":"https:\/\/ledsteplight.com\/fi\/wp-json\/wp\/v2\/product\/38018","targetHints":{"allow":["GET"]}}],"collection":[{"href":"https:\/\/ledsteplight.com\/fi\/wp-json\/wp\/v2\/product"}],"about":[{"href":"https:\/\/ledsteplight.com\/fi\/wp-json\/wp\/v2\/types\/product"}],"replies":[{"embeddable":true,"href":"https:\/\/ledsteplight.com\/fi\/wp-json\/wp\/v2\/comments?post=38018"}],"version-history":[{"count":4,"href":"https:\/\/ledsteplight.com\/fi\/wp-json\/wp\/v2\/product\/38018\/revisions"}],"predecessor-version":[{"id":38636,"href":"https:\/\/ledsteplight.com\/fi\/wp-json\/wp\/v2\/product\/38018\/revisions\/38636"}],"wp:featuredmedia":[{"embeddable":true,"href":"https:\/\/ledsteplight.com\/fi\/wp-json\/wp\/v2\/media\/37229"}],"wp:attachment":[{"href":"https:\/\/ledsteplight.com\/fi\/wp-json\/wp\/v2\/media?parent=38018"}],"wp:term":[{"taxonomy":"product_brand","embeddable":true,"href":"https:\/\/ledsteplight.com\/fi\/wp-json\/wp\/v2\/product_brand?post=38018"},{"taxonomy":"product_cat","embeddable":true,"href":"https:\/\/ledsteplight.com\/fi\/wp-json\/wp\/v2\/product_cat?post=38018"},{"taxonomy":"product_tag","embeddable":true,"href":"https:\/\/ledsteplight.com\/fi\/wp-json\/wp\/v2\/product_tag?post=38018"}],"curies":[{"name":"wp","href":"https:\/\/api.w.org\/{rel}","templated":true}]}}