{"id":38019,"date":"2025-09-08T13:04:17","date_gmt":"2025-09-08T13:04:17","guid":{"rendered":"https:\/\/ledsteplight.com\/import-placeholder-for-37142\/"},"modified":"2026-01-19T02:15:15","modified_gmt":"2026-01-19T02:15:15","slug":"commercial-grade-36w-underground-lighting-multi-voltage-led-landscape-path-lighting","status":"publish","type":"product","link":"https:\/\/ledsteplight.com\/fi\/commercial-grade-36w-underground-lighting-multi-voltage-led-landscape-path-lighting\/","title":{"rendered":"Kaupallinen luokka 36W maanalainen valaistus | Monij\u00e4nnite LED maisemointipolkuvalaistus"},"content":{"rendered":"<table data-start=\"43\" data-end=\"911\">\n<thead data-start=\"43\" data-end=\"114\">\n<tr data-start=\"43\" data-end=\"114\">\n<th data-start=\"43\" data-end=\"68\"><strong data-start=\"45\" data-end=\"58\">Parametri<\/strong><\/th>\n<th data-start=\"68\" data-end=\"114\"><strong data-start=\"70\" data-end=\"81\">Yksityiskohdat<\/strong><\/th>\n<\/tr>\n<\/thead>\n<tbody data-start=\"181\" data-end=\"911\">\n<tr data-start=\"181\" data-end=\"247\">\n<td><strong data-start=\"183\" data-end=\"192\">Teho<\/strong><\/td>\n<td>36W<\/td>\n<\/tr>\n<tr data-start=\"248\" data-end=\"313\">\n<td><strong data-start=\"250\" data-end=\"266\">Valonl\u00e4hde<\/strong><\/td>\n<td>COB LED<\/td>\n<\/tr>\n<tr data-start=\"314\" data-end=\"378\">\n<td><strong data-start=\"316\" data-end=\"333\">Sy\u00f6tt\u00f6j\u00e4nnite<\/strong><\/td>\n<td>AC85-265V \/ 12V \/ 24V<\/td>\n<\/tr>\n<tr data-start=\"379\" data-end=\"448\">\n<td><strong data-start=\"381\" data-end=\"402\"><strong><a href=\"https:\/\/ledsteplight.com\/fi\/dm36b-pro-honeycomb-anti-glare-led-in-ground-light-ip67-24v-dc\/\" class=\"waam-auto-link\" title=\"V\u00e4ril\u00e4mp\u00f6tila\">V\u00e4ril\u00e4mp\u00f6tila<\/a><\/strong><\/strong><\/td>\n<td>3000K (L\u00e4mmin valkoinen) \/ 6000K (Viile\u00e4 valkoinen)<\/td>\n<\/tr>\n<tr data-start=\"449\" data-end=\"514\">\n<td><strong data-start=\"451\" data-end=\"468\">Luminanssi<\/strong><\/td>\n<td>100-120LM\/W<\/td>\n<\/tr>\n<tr data-start=\"515\" data-end=\"580\">\n<td><strong data-start=\"517\" data-end=\"531\">S\u00e4teen kulma<\/strong><\/td>\n<td>120\u00b0<\/td>\n<\/tr>\n<tr data-start=\"581\" data-end=\"646\">\n<td><strong data-start=\"583\" data-end=\"595\">Materiaali<\/strong><\/td>\n<td>Valualumiini<\/td>\n<\/tr>\n<tr data-start=\"647\" data-end=\"711\">\n<td><strong data-start=\"649\" data-end=\"662\">IP-luokitus<\/strong><\/td>\n<td>IP65 (Vesitiivis ja p\u00f6lytiivis)<\/td>\n<\/tr>\n<tr data-start=\"712\" data-end=\"776\">\n<td><strong data-start=\"714\" data-end=\"726\">Kestoik\u00e4<\/strong><\/td>\n<td>40 000 tuntia<\/td>\n<\/tr>\n<tr data-start=\"777\" data-end=\"845\">\n<td><strong data-start=\"779\" data-end=\"802\">Asennustapa<\/strong><\/td>\n<td>Upotettu kiinnitys<\/td>\n<\/tr>\n<tr data-start=\"846\" data-end=\"911\">\n<td><strong data-start=\"848\" data-end=\"860\">Takuu<\/strong><\/td>\n<td>3 vuotta<\/td>\n<\/tr>\n<\/tbody>\n<\/table>\n<p data-path-to-node=\"15\">DM36 PRO on ammattilaistasoinen, tehokas <b>maahan asennettava valo<\/b> suunniteltu tarjoamaan tehokkaita ja s\u00e4\u00e4dett\u00e4vi\u00e4 <strong><a href=\"https:\/\/ledsteplight.com\/fi\/pir-sensor-step-light-top-advantages-for-safety\/\" class=\"waam-auto-link\" title=\"valaistuksen luomiseksi\">valaistuksen luomiseksi<\/a><\/strong> liiketoiminta- ja suurimittakaavaisia asuinrakennushankkeita varten. Edistyksellisen Semi-Glare COB LED:n ansiosta t\u00e4m\u00e4 36W valaisin heijastaa 3000K tai 6000K valoa laajasti <span class=\"math-inline\" data-math=\"120^circ\">$120^\u00b0$<\/span> valokeilakulmalla, mik\u00e4 tekee siit\u00e4 t\u00e4ydellisen dramaattisiin <b>maisemavalaisimiin<\/b> ja laajaan polkujen valaisuun.<\/p>\n<p data-path-to-node=\"16\">\n<h4><b>T\u00e4rkeimm\u00e4t ominaisuudet ja monipuolisuus:<\/b><\/h4>\n<p>&nbsp;<\/p>\n<ul data-path-to-node=\"17\">\n<li>\n<p data-path-to-node=\"17,0,0\"><b>Tehokas valaistus:<\/b> 36 W:n teholla t\u00e4m\u00e4 valaisin tuottaa 100\u2013120 LM\/W valotehokkuuden, mik\u00e4 varmistaa, ett\u00e4 ulkotilat, puut ja julkisivut ovat kirkkaasti valaistuja ja toimivat tehokkaana <b>maisemapuun valaistuksena<\/b>.<\/p>\n<\/li>\n<li>\n<p data-path-to-node=\"17,1,0\"><b>Joustava monij\u00e4nnite:<\/b> DM36 PRO on suunniteltu maailmanlaajuiseen k\u00e4ytt\u00f6\u00f6n ja tukee <b>AC85-265V<\/b> suoraa johdotusta sek\u00e4 <b>12V \/ 24V DC matala j\u00e4nnite <strong><a href=\"https:\/\/ledsteplight.com\/fi\/the-ultimate-guide-to-led-landscape-lighting-design-installation-and-costs\/\" class=\"waam-auto-link\" title=\"LED-maisemavalaisimet\">LED-maisemavalaisimet<\/a><\/strong><\/b> j\u00e4rjestelmi\u00e4, mik\u00e4 tarjoaa vertaansa vailla olevan asennusjoustavuuden.<\/p>\n<\/li>\n<li>\n<p data-path-to-node=\"17,2,0\"><b>Semi-Glare-optiikka:<\/b> Suunniteltu tuottamaan vahvaa valoa s\u00e4ilytt\u00e4en samalla mukavuuden. Semi-glare-rakenne minimoi suoran visuaalisen ep\u00e4mukavuuden jalankulkijoille <b>maisemareitin valaistusta<\/b>.<\/p>\n<\/li>\n<li>\n<p data-path-to-node=\"17,3,0\"><b>\u00c4\u00e4rimm\u00e4inen kest\u00e4vyys:<\/b> Rakennettu kest\u00e4v\u00e4st\u00e4 valuraudasta ja sertifioitu <b>IP65-vesi- ja p\u00f6lytiivis<\/b>. T\u00e4m\u00e4 tekee siit\u00e4 ihanteellisen valinnan luotettavaan <b><strong><a href=\"https:\/\/ledsteplight.com\/fi\/5w-led-in-ground-lights-ip65-waterproof-outdoor-driveway-garden-floor-lighting\/\" class=\"waam-auto-link\" title=\"ulkotason maavalaisuun\">ulkotason maavalaisuun<\/a><\/strong><\/b> kaikissa s\u00e4\u00e4olosuhteissa.<\/p>\n<\/li>\n<\/ul>","protected":false},"excerpt":{"rendered":"<p><b>DM36 PRO<\/b> 36W Suuri teho <b>Maahan upotettava valo<\/b> jolla on <b>H\u00e4ik\u00e4isysuoja<\/b> optiset. Ominaisuuksiin kuuluu monij\u00e4nnitesuppo (<b>12V\/24V<\/b> &amp; AC85-265V) ja <b>IP65 vedenpit\u00e4v\u00e4<\/b> Valuraudasta valmistettu runko. Ihanteellinen <b>maisemavalaisimiin<\/b> ja kaupallisiin <b>maanalainen valaistus<\/b>.<\/p>","protected":false},"featured_media":37233,"comment_status":"open","ping_status":"closed","template":"","meta":[],"product_brand":[],"product_cat":[100,426,427,428,439,429,440,430,441,126,431,442,443,432,433,444,112,464,445,446,106,434,435,436,437],"product_tag":[103,76,77,127,113,78,108],"class_list":{"0":"post-38019","1":"product","2":"type-product","3":"status-publish","4":"has-post-thumbnail","6":"product_cat-aluminum-ground-light","7":"product_cat-ceiling-recessed","8":"product_cat-ceiling-surface","9":"product_cat-ceiling-suspended","10":"product_cat-commercial","11":"product_cat-drivers","12":"product_cat-education","13":"product_cat-freestanding-light","14":"product_cat-hospitality","15":"product_cat-in-ground-light","16":"product_cat-industrial","17":"product_cat-infrastructure","18":"product_cat-landscape","19":"product_cat-landscaping","20":"product_cat-linear","21":"product_cat-office","22":"product_cat-outdoor-ground-light","23":"product_cat-c-outdoor-lighting","24":"product_cat-residential","25":"product_cat-retail","26":"product_cat-round-ground-light","27":"product_cat-table-lamp","28":"product_cat-track","29":"product_cat-wall-recessed","30":"product_cat-wall-surface","31":"product_tag-aluminum-ground-light","32":"product_tag-aluminum-housing","33":"product_tag-ground-light","34":"product_tag-in-ground-light","35":"product_tag-outdoor-ground-light","36":"product_tag-outdoor-lighting","37":"product_tag-round-ground-light","39":"first","40":"instock","41":"shipping-taxable","42":"product-type-simple"},"_links":{"self":[{"href":"https:\/\/ledsteplight.com\/fi\/wp-json\/wp\/v2\/product\/38019","targetHints":{"allow":["GET"]}}],"collection":[{"href":"https:\/\/ledsteplight.com\/fi\/wp-json\/wp\/v2\/product"}],"about":[{"href":"https:\/\/ledsteplight.com\/fi\/wp-json\/wp\/v2\/types\/product"}],"replies":[{"embeddable":true,"href":"https:\/\/ledsteplight.com\/fi\/wp-json\/wp\/v2\/comments?post=38019"}],"version-history":[{"count":3,"href":"https:\/\/ledsteplight.com\/fi\/wp-json\/wp\/v2\/product\/38019\/revisions"}],"predecessor-version":[{"id":38637,"href":"https:\/\/ledsteplight.com\/fi\/wp-json\/wp\/v2\/product\/38019\/revisions\/38637"}],"wp:featuredmedia":[{"embeddable":true,"href":"https:\/\/ledsteplight.com\/fi\/wp-json\/wp\/v2\/media\/37233"}],"wp:attachment":[{"href":"https:\/\/ledsteplight.com\/fi\/wp-json\/wp\/v2\/media?parent=38019"}],"wp:term":[{"taxonomy":"product_brand","embeddable":true,"href":"https:\/\/ledsteplight.com\/fi\/wp-json\/wp\/v2\/product_brand?post=38019"},{"taxonomy":"product_cat","embeddable":true,"href":"https:\/\/ledsteplight.com\/fi\/wp-json\/wp\/v2\/product_cat?post=38019"},{"taxonomy":"product_tag","embeddable":true,"href":"https:\/\/ledsteplight.com\/fi\/wp-json\/wp\/v2\/product_tag?post=38019"}],"curies":[{"name":"wp","href":"https:\/\/api.w.org\/{rel}","templated":true}]}}