{"id":38020,"date":"2025-09-08T13:04:17","date_gmt":"2025-09-08T13:04:17","guid":{"rendered":"https:\/\/ledsteplight.com\/import-placeholder-for-37143\/"},"modified":"2026-01-19T02:15:15","modified_gmt":"2026-01-19T02:15:15","slug":"mg-dm36a-pro-smart-led-in-ground-lights-24v-landscape-system","status":"publish","type":"product","link":"https:\/\/ledsteplight.com\/fi\/mg-dm36a-pro-smart-led-in-ground-lights-24v-landscape-system\/","title":{"rendered":"MG-DM36A PRO \u00c4lyk\u00e4s LED-maahan upotettava valo | 24V maisemointij\u00e4rjestelm\u00e4"},"content":{"rendered":"<h3 data-start=\"100\" data-end=\"126\">Kaikki tuotteen parametrit<\/h3>\n<table data-start=\"128\" data-end=\"1347\">\n<thead data-start=\"128\" data-end=\"208\">\n<tr data-start=\"128\" data-end=\"208\">\n<th data-start=\"128\" data-end=\"157\"><strong data-start=\"130\" data-end=\"143\">Parametri<\/strong><\/th>\n<th data-start=\"157\" data-end=\"208\"><strong data-start=\"159\" data-end=\"188\">M\u00e4\u00e4ritys\/Kuvaus<\/strong><\/th>\n<\/tr>\n<\/thead>\n<tbody data-start=\"290\" data-end=\"1347\">\n<tr data-start=\"290\" data-end=\"370\">\n<td><strong data-start=\"292\" data-end=\"309\">Tuotemalli<\/strong><\/td>\n<td>MG-DM36A PRO<\/td>\n<\/tr>\n<tr data-start=\"371\" data-end=\"451\">\n<td><strong data-start=\"373\" data-end=\"393\">Tuotekategoria<\/strong><\/td>\n<td><strong><a href=\"https:\/\/ledsteplight.com\/fi\/dm36b-pro-honeycomb-anti-glare-led-in-ground-light-ip67-24v-dc\/\" class=\"waam-auto-link\" title=\"LED-maavalaisinj\u00e4rjestelm\u00e4\">LED-maavalaisinj\u00e4rjestelm\u00e4<\/a><\/strong><\/td>\n<\/tr>\n<tr data-start=\"452\" data-end=\"532\">\n<td><strong data-start=\"454\" data-end=\"475\">Toimintaj\u00e4nnite<\/strong><\/td>\n<td>24V DC <em data-start=\"490\" data-end=\"507\">(esimerkkiarvo)<\/em><\/td>\n<\/tr>\n<tr data-start=\"533\" data-end=\"613\">\n<td><strong data-start=\"535\" data-end=\"556\">Toimintavirta<\/strong><\/td>\n<td>\u2014 (Ei m\u00e4\u00e4ritelty)<\/td>\n<\/tr>\n<tr data-start=\"614\" data-end=\"694\">\n<td><strong data-start=\"616\" data-end=\"637\">S\u00e4hk\u00f6nkulutus<\/strong><\/td>\n<td>&lt; 40W <em data-start=\"651\" data-end=\"668\">(esimerkkiarvo)<\/em><\/td>\n<\/tr>\n<tr data-start=\"695\" data-end=\"775\">\n<td><strong data-start=\"697\" data-end=\"713\">Lumen-tuotto<\/strong><\/td>\n<td>3000 lm <em data-start=\"734\" data-end=\"751\">(esimerkkiarvo)<\/em><\/td>\n<\/tr>\n<tr data-start=\"776\" data-end=\"856\">\n<td><strong data-start=\"778\" data-end=\"799\">V\u00e4ril\u00e4mp\u00f6tila<\/strong><\/td>\n<td>4000K<\/td>\n<\/tr>\n<tr data-start=\"857\" data-end=\"937\">\n<td><strong data-start=\"859\" data-end=\"872\">IP-luokitus<\/strong><\/td>\n<td>IP67 (Vesitiivis ja p\u00f6lytiivis)<\/td>\n<\/tr>\n<tr data-start=\"938\" data-end=\"1018\">\n<td><strong data-start=\"940\" data-end=\"965\">K\u00e4ytt\u00f6l\u00e4mp\u00f6tila<\/strong><\/td>\n<td>-20\u00b0C to +60\u00b0C<\/td>\n<\/tr>\n<tr data-start=\"1019\" data-end=\"1099\">\n<td><strong data-start=\"1021\" data-end=\"1035\">Mitat<\/strong><\/td>\n<td>\u2014 (Ei m\u00e4\u00e4ritelty)<\/td>\n<\/tr>\n<tr data-start=\"1100\" data-end=\"1180\">\n<td><strong data-start=\"1102\" data-end=\"1112\">Paino<\/strong><\/td>\n<td>\u2014 (Ei m\u00e4\u00e4ritelty)<\/td>\n<\/tr>\n<tr data-start=\"1181\" data-end=\"1261\">\n<td><strong data-start=\"1183\" data-end=\"1195\">Kestoik\u00e4<\/strong><\/td>\n<td>Enint\u00e4\u00e4n 50 000 tuntia <em data-start=\"1231\" data-end=\"1248\">(esimerkkiarvo)<\/em><\/td>\n<\/tr>\n<tr data-start=\"1262\" data-end=\"1347\">\n<td><strong data-start=\"1264\" data-end=\"1287\">Lis\u00e4ominaisuudet<\/strong><\/td>\n<td>\u00c4lyk\u00e4s ohjaus, s\u00e4\u00e4dett\u00e4v\u00e4 kirkkaus, modulaarinen rakenne<\/td>\n<\/tr>\n<\/tbody>\n<\/table>\n<ul>\n<li>\n<p data-path-to-node=\"18,0,0\"><b>Ammattilaistason suorituskyky:<\/b> Tuottaa vaikuttavan <b>3000lm<\/b> kirkkauden <b>4000K<\/b> neutraalilla valkoisella v\u00e4ril\u00e4mp\u00f6tilalla, mik\u00e4 takaa erinomaisen n\u00e4kyvyyden ja turvallisuuden <b><strong><a href=\"https:\/\/ledsteplight.com\/fi\/5w-led-in-ground-lights-ip65-waterproof-outdoor-driveway-garden-floor-lighting\/\" class=\"waam-auto-link\" title=\"ulkotason maavalaisuun\">ulkotason maavalaisuun<\/a><\/strong><\/b> projekteihin.<\/p>\n<\/li>\n<li>\n<p data-path-to-node=\"18,1,0\"><b>\u00c4lyk\u00e4s ja modulaarinen rakenne:<\/b> Toisin kuin perinteiset valaisimet, MG-DM36A PRO:ssa on <b>modulaarinen rakenne<\/b> helppoa huoltoa varten ja se tukee <b>\u00e4lyk\u00e4st\u00e4 ohjausta<\/b>, mahdollistaa s\u00e4\u00e4dett\u00e4v\u00e4n kirkkauden ja integroinnin nykyaikaisten valaistusj\u00e4rjestelmien kanssa <strong><a href=\"https:\/\/ledsteplight.com\/fi\/ultimate-guide-to-landscape-inground-lighting-solutions\/\" class=\"waam-auto-link\" title=\"j\u00e4rjestelm\u00e4t\">j\u00e4rjestelm\u00e4t<\/a><\/strong>.<\/p>\n<\/li>\n<li>\n<p data-path-to-node=\"18,2,0\"><b>Vahva kest\u00e4vyys (IP67):<\/b> Rakennettu kest\u00e4m\u00e4\u00e4n s\u00e4\u00e4olosuhteita, t\u00e4m\u00e4 <b>vesitiiviyden <strong><a href=\"https:\/\/ledsteplight.com\/fi\/mistakes-to-avoid-when-installing-in-ground-driveway-lights\/\" class=\"waam-auto-link\" title=\"maisemavalaisimet\">maisemavalaisimet<\/a><\/strong><\/b> j\u00e4rjestelm\u00e4 toimii t\u00e4ydellisesti -20\u00b0C - +60\u00b0C l\u00e4mp\u00f6tiloissa. Se on t\u00e4ysin tiivis p\u00f6ly\u00e4 ja veteen upotusta vastaan.<\/p>\n<\/li>\n<li>\n<p data-path-to-node=\"18,3,0\"><b>Turvallisuus Ensin:<\/b> Toimii turvallisella <b>24V DC<\/b> j\u00e4rjestelm\u00e4ll\u00e4, mik\u00e4 tekee siit\u00e4 ihanteellisen valinnan <b>matalan j\u00e4nnitteen <strong><a href=\"https:\/\/ledsteplight.com\/fi\/the-ultimate-guide-to-led-landscape-lighting-design-installation-and-costs\/\" class=\"waam-auto-link\" title=\"LED-maisemavalaistuksella\">LED-maisemavalaistuksella<\/a><\/strong><\/b> miss\u00e4 turvallisuus on ensisijainen<\/p>\n<\/li>\n<\/ul>","protected":false},"excerpt":{"rendered":"<p data-start=\"3357\" data-end=\"4242\" data-is-last-node=\"\" data-is-only-node=\"\"><b>L\u00f6yd\u00e4 MG-DM36A PRO: tehokas LED-pihavalaisinj\u00e4rjestelm\u00e4. Ominaisuuksiin kuuluu 3000lm teho, \u00e4lyk\u00e4s ohjaus ja IP67-sadevesieristys ulkoalueiden projekteihin.<\/b><\/p>","protected":false},"featured_media":37234,"comment_status":"open","ping_status":"closed","template":"","meta":[],"product_brand":[],"product_cat":[100,426,427,428,439,429,440,430,73,441,126,431,442,443,432,433,444,112,464,445,446,106,434,435,436,437],"product_tag":[103,76,77,127,113,78,108],"class_list":{"0":"post-38020","1":"product","2":"type-product","3":"status-publish","4":"has-post-thumbnail","6":"product_cat-aluminum-ground-light","7":"product_cat-ceiling-recessed","8":"product_cat-ceiling-surface","9":"product_cat-ceiling-suspended","10":"product_cat-commercial","11":"product_cat-drivers","12":"product_cat-education","13":"product_cat-freestanding-light","14":"product_cat-ground-light","15":"product_cat-hospitality","16":"product_cat-in-ground-light","17":"product_cat-industrial","18":"product_cat-infrastructure","19":"product_cat-landscape","20":"product_cat-landscaping","21":"product_cat-linear","22":"product_cat-office","23":"product_cat-outdoor-ground-light","24":"product_cat-c-outdoor-lighting","25":"product_cat-residential","26":"product_cat-retail","27":"product_cat-round-ground-light","28":"product_cat-table-lamp","29":"product_cat-track","30":"product_cat-wall-recessed","31":"product_cat-wall-surface","32":"product_tag-aluminum-ground-light","33":"product_tag-aluminum-housing","34":"product_tag-ground-light","35":"product_tag-in-ground-light","36":"product_tag-outdoor-ground-light","37":"product_tag-outdoor-lighting","38":"product_tag-round-ground-light","40":"first","41":"instock","42":"shipping-taxable","43":"product-type-simple"},"_links":{"self":[{"href":"https:\/\/ledsteplight.com\/fi\/wp-json\/wp\/v2\/product\/38020","targetHints":{"allow":["GET"]}}],"collection":[{"href":"https:\/\/ledsteplight.com\/fi\/wp-json\/wp\/v2\/product"}],"about":[{"href":"https:\/\/ledsteplight.com\/fi\/wp-json\/wp\/v2\/types\/product"}],"replies":[{"embeddable":true,"href":"https:\/\/ledsteplight.com\/fi\/wp-json\/wp\/v2\/comments?post=38020"}],"version-history":[{"count":3,"href":"https:\/\/ledsteplight.com\/fi\/wp-json\/wp\/v2\/product\/38020\/revisions"}],"predecessor-version":[{"id":38638,"href":"https:\/\/ledsteplight.com\/fi\/wp-json\/wp\/v2\/product\/38020\/revisions\/38638"}],"wp:featuredmedia":[{"embeddable":true,"href":"https:\/\/ledsteplight.com\/fi\/wp-json\/wp\/v2\/media\/37234"}],"wp:attachment":[{"href":"https:\/\/ledsteplight.com\/fi\/wp-json\/wp\/v2\/media?parent=38020"}],"wp:term":[{"taxonomy":"product_brand","embeddable":true,"href":"https:\/\/ledsteplight.com\/fi\/wp-json\/wp\/v2\/product_brand?post=38020"},{"taxonomy":"product_cat","embeddable":true,"href":"https:\/\/ledsteplight.com\/fi\/wp-json\/wp\/v2\/product_cat?post=38020"},{"taxonomy":"product_tag","embeddable":true,"href":"https:\/\/ledsteplight.com\/fi\/wp-json\/wp\/v2\/product_tag?post=38020"}],"curies":[{"name":"wp","href":"https:\/\/api.w.org\/{rel}","templated":true}]}}