{"id":38021,"date":"2025-09-08T13:04:17","date_gmt":"2025-09-08T13:04:17","guid":{"rendered":"https:\/\/ledsteplight.com\/import-placeholder-for-37155\/"},"modified":"2026-01-19T02:15:14","modified_gmt":"2026-01-19T02:15:14","slug":"sn035-70-smart-outdoor-light-sensor-ip67-led-landscape-lighting-control","status":"publish","type":"product","link":"https:\/\/ledsteplight.com\/fi\/sn035-70-smart-outdoor-light-sensor-ip67-led-landscape-lighting-control\/","title":{"rendered":"SN035-70 \u00c4lyk\u00e4s ulkoinen valosensori | IP67 LED-maisemavalaisun ohjaus"},"content":{"rendered":"<table data-start=\"114\" data-end=\"1402\">\n<thead data-start=\"114\" data-end=\"193\">\n<tr data-start=\"114\" data-end=\"193\">\n<th data-start=\"114\" data-end=\"142\"><strong data-start=\"116\" data-end=\"129\">Parametri<\/strong><\/th>\n<th data-start=\"142\" data-end=\"193\"><strong data-start=\"144\" data-end=\"173\">M\u00e4\u00e4ritys\/Kuvaus<\/strong><\/th>\n<\/tr>\n<\/thead>\n<tbody data-start=\"274\" data-end=\"1402\">\n<tr data-start=\"274\" data-end=\"353\">\n<td><strong data-start=\"276\" data-end=\"293\">Tuotemalli<\/strong><\/td>\n<td>MG-SN035-70<\/td>\n<\/tr>\n<tr data-start=\"354\" data-end=\"433\">\n<td><strong data-start=\"356\" data-end=\"376\">Tuotekategoria<\/strong><\/td>\n<td>\u00c4lyk\u00e4s valosensori<\/td>\n<\/tr>\n<tr data-start=\"434\" data-end=\"513\">\n<td><strong data-start=\"436\" data-end=\"457\"><strong><a href=\"https:\/\/ledsteplight.com\/fi\/dm36b-pro-honeycomb-anti-glare-led-in-ground-light-ip67-24v-dc\/\" class=\"waam-auto-link\" title=\"Toimintaj\u00e4nnite\">Toimintaj\u00e4nnite<\/a><\/strong><\/strong><\/td>\n<td>12V DC<\/td>\n<\/tr>\n<tr data-start=\"514\" data-end=\"593\">\n<td><strong data-start=\"516\" data-end=\"537\">Toimintavirta<\/strong><\/td>\n<td>\u2014 (Ei m\u00e4\u00e4ritelty)<\/td>\n<\/tr>\n<tr data-start=\"594\" data-end=\"673\">\n<td><strong data-start=\"596\" data-end=\"617\">S\u00e4hk\u00f6nkulutus<\/strong><\/td>\n<td>&lt; 0,4W<\/td>\n<\/tr>\n<tr data-start=\"674\" data-end=\"753\">\n<td><strong data-start=\"676\" data-end=\"701\">Havaitsemistarkkuus<\/strong><\/td>\n<td>\u00c4\u00e4rimm\u00e4isen herkk\u00e4<\/td>\n<\/tr>\n<tr data-start=\"754\" data-end=\"833\">\n<td><strong data-start=\"756\" data-end=\"769\">IP-luokitus<\/strong><\/td>\n<td>IP67 (Vesitiivis ja p\u00f6lytiivis)<\/td>\n<\/tr>\n<tr data-start=\"834\" data-end=\"913\">\n<td><strong data-start=\"836\" data-end=\"861\">K\u00e4ytt\u00f6l\u00e4mp\u00f6tila<\/strong><\/td>\n<td>-20\u00b0C to +60\u00b0C<\/td>\n<\/tr>\n<tr data-start=\"914\" data-end=\"993\">\n<td><strong data-start=\"916\" data-end=\"930\">Mitat<\/strong><\/td>\n<td>\u2014 (Ei m\u00e4\u00e4ritelty)<\/td>\n<\/tr>\n<tr data-start=\"994\" data-end=\"1073\">\n<td><strong data-start=\"996\" data-end=\"1006\">Paino<\/strong><\/td>\n<td>\u2014 (Ei m\u00e4\u00e4ritelty)<\/td>\n<\/tr>\n<tr data-start=\"1074\" data-end=\"1153\">\n<td><strong data-start=\"1076\" data-end=\"1094\">Liit\u00e4nt\u00e4tyyppi<\/strong><\/td>\n<td>\u2014 (Ei m\u00e4\u00e4ritelty)<\/td>\n<\/tr>\n<tr data-start=\"1154\" data-end=\"1233\">\n<td><strong data-start=\"1156\" data-end=\"1182\">Viestint\u00e4protokolla<\/strong><\/td>\n<td>\u2014 (Ei m\u00e4\u00e4ritelty)<\/td>\n<\/tr>\n<tr data-start=\"1234\" data-end=\"1313\">\n<td><strong data-start=\"1236\" data-end=\"1259\">Asennustapa<\/strong><\/td>\n<td>\u2014 (Ei m\u00e4\u00e4ritelty)<\/td>\n<\/tr>\n<tr data-start=\"1314\" data-end=\"1402\">\n<td><strong data-start=\"1316\" data-end=\"1339\">Lis\u00e4ominaisuudet<\/strong><\/td>\n<td>Parannettu tarkkuus, sis\u00e4\u00e4nrakennettu ajastin, s\u00e4\u00e4dett\u00e4v\u00e4 kynnysarvo<\/td>\n<\/tr>\n<\/tbody>\n<\/table>\n<p>&nbsp;<\/p>\n<p><strong data-start=\"413\" data-end=\"455\">MG-SN035-70 \u00e4lyk\u00e4s ulkovalojen valosensori<\/strong> on suunniteltu <strong data-start=\"472\" data-end=\"504\">maan sis\u00e4ll\u00e4 <strong><a href=\"https:\/\/ledsteplight.com\/fi\/the-ultimate-guide-to-led-landscape-lighting-design-installation-and-costs\/\" class=\"waam-auto-link\" title=\"maisemavalaisimet\">maisemavalaisimet<\/a><\/strong><\/strong>, <strong data-start=\"506\" data-end=\"531\"><strong><a href=\"https:\/\/ledsteplight.com\/fi\/mistakes-to-avoid-when-installing-in-ground-driveway-lights\/\" class=\"waam-auto-link\" title=\"ulkok\u00e4ytt\u00f6\u00f6n tarkoitetut maavalot\">ulkok\u00e4ytt\u00f6\u00f6n tarkoitetut maavalot<\/a><\/strong><\/strong>, ja <strong data-start=\"537\" data-end=\"573\">matala-j\u00e4nnitteen LED-valaistusj\u00e4rjestelm\u00e4t<\/strong>. Kanssa <strong data-start=\"580\" data-end=\"616\">\u00e4\u00e4rimm\u00e4isen korkea tunnistustarkkuus<\/strong>, <strong data-start=\"618\" data-end=\"648\">IP67-vesitiivis suojaus<\/strong>, ja <strong data-start=\"654\" data-end=\"691\">&lt;0,4W eritt\u00e4in alhainen virrankulutus<\/strong>, t\u00e4m\u00e4 sensori tarjoaa luotettavaa suorituskyky\u00e4 puutarhoihin, polkuihin, ajoteihin ja arkkitehtoniseen ulkovalaistukseen.<\/p>","protected":false},"excerpt":{"rendered":"<p data-start=\"2358\" data-end=\"2539\">SN035-70 \u00e4lyk\u00e4s ulkonaisten valojen sensorin ominaisuuksiin kuuluu IP67-suojaus, eritt\u00e4in korkea herkkyys ja alhainen virrankulutus\u2014ihanteellinen LED-maisema-, polku- ja maanp\u00e4\u00e4llisten valaistusj\u00e4rjestelmien k\u00e4ytt\u00f6\u00f6n.<\/p>","protected":false},"featured_media":37235,"comment_status":"open","ping_status":"closed","template":"","meta":[],"product_brand":[],"product_cat":[100,426,427,428,439,429,440,430,441,431,442,443,432,433,444,112,464,445,446,434,435,436,437],"product_tag":[103,76,111,110,113,78,114],"class_list":{"0":"post-38021","1":"product","2":"type-product","3":"status-publish","4":"has-post-thumbnail","6":"product_cat-aluminum-ground-light","7":"product_cat-ceiling-recessed","8":"product_cat-ceiling-surface","9":"product_cat-ceiling-suspended","10":"product_cat-commercial","11":"product_cat-drivers","12":"product_cat-education","13":"product_cat-freestanding-light","14":"product_cat-hospitality","15":"product_cat-industrial","16":"product_cat-infrastructure","17":"product_cat-landscape","18":"product_cat-landscaping","19":"product_cat-linear","20":"product_cat-office","21":"product_cat-outdoor-ground-light","22":"product_cat-c-outdoor-lighting","23":"product_cat-residential","24":"product_cat-retail","25":"product_cat-table-lamp","26":"product_cat-track","27":"product_cat-wall-recessed","28":"product_cat-wall-surface","29":"product_tag-aluminum-ground-light","30":"product_tag-aluminum-housing","31":"product_tag-garden-lighting","32":"product_tag-landscape-light","33":"product_tag-outdoor-ground-light","34":"product_tag-outdoor-lighting","35":"product_tag-pathway-light","37":"first","38":"instock","39":"shipping-taxable","40":"product-type-simple"},"_links":{"self":[{"href":"https:\/\/ledsteplight.com\/fi\/wp-json\/wp\/v2\/product\/38021","targetHints":{"allow":["GET"]}}],"collection":[{"href":"https:\/\/ledsteplight.com\/fi\/wp-json\/wp\/v2\/product"}],"about":[{"href":"https:\/\/ledsteplight.com\/fi\/wp-json\/wp\/v2\/types\/product"}],"replies":[{"embeddable":true,"href":"https:\/\/ledsteplight.com\/fi\/wp-json\/wp\/v2\/comments?post=38021"}],"version-history":[{"count":3,"href":"https:\/\/ledsteplight.com\/fi\/wp-json\/wp\/v2\/product\/38021\/revisions"}],"predecessor-version":[{"id":38639,"href":"https:\/\/ledsteplight.com\/fi\/wp-json\/wp\/v2\/product\/38021\/revisions\/38639"}],"wp:featuredmedia":[{"embeddable":true,"href":"https:\/\/ledsteplight.com\/fi\/wp-json\/wp\/v2\/media\/37235"}],"wp:attachment":[{"href":"https:\/\/ledsteplight.com\/fi\/wp-json\/wp\/v2\/media?parent=38021"}],"wp:term":[{"taxonomy":"product_brand","embeddable":true,"href":"https:\/\/ledsteplight.com\/fi\/wp-json\/wp\/v2\/product_brand?post=38021"},{"taxonomy":"product_cat","embeddable":true,"href":"https:\/\/ledsteplight.com\/fi\/wp-json\/wp\/v2\/product_cat?post=38021"},{"taxonomy":"product_tag","embeddable":true,"href":"https:\/\/ledsteplight.com\/fi\/wp-json\/wp\/v2\/product_tag?post=38021"}],"curies":[{"name":"wp","href":"https:\/\/api.w.org\/{rel}","templated":true}]}}